{"id":552,"date":"2017-08-18T11:35:15","date_gmt":"2017-08-18T11:35:15","guid":{"rendered":"https:\/\/lingua.designriver.co.uk\/?page_id=552"},"modified":"2024-06-10T14:38:43","modified_gmt":"2024-06-10T14:38:43","slug":"vacaciones-e-ingles-para-adultos","status":"publish","type":"page","link":"https:\/\/www.linguaholidays.com\/es\/vacaciones-londres-cursos-ingles\/vacaciones-e-ingles-para-adultos\/","title":{"rendered":"Vacaciones e ingl\u00e9s para adultos"},"content":{"rendered":"<h2>Aprende ingl\u00e9s en Londres<\/h2>\n<p>\u00bfTe gustar\u00eda mejorar tu ingl\u00e9s? Con Lingua Holidays, en vez de tener que ir a una academia, nuestros profesores son flexibles y se acomodan a tus preferencias para adaptarse de la mejor manera a tus vacaciones. Las clases pueden tener lugar en el apartamento o mientras visit\u00e1is sitios que los profesores os pueden recomendar. Pod\u00e9is aprender ingl\u00e9s mientras dais un paseo por los llamativos escaparates de Oxford Street, visit\u00e1is una galer\u00eda de arte, el Museo Brit\u00e1nico o pase\u00e1is por Hyde Park. Sin pasar por alto la opci\u00f3n de realizar la lecci\u00f3n mientras se disfruta del famoso te de las cinco.<\/p>\n<p>Todos nuestros cursos e itinerarios est\u00e1n hechos a medida para cada cliente. No dudes en comentarnos si te interesar\u00eda centrarte en un tema en concreto, ya que haremos un programa que se ajuste totalmente a t\u00fa necesidades. Sin olvidar que las clases son privadas y puedes elegir las horas que quieres dedicar y donde tienen lugar cada d\u00eda.<\/p>\n<p>Adecuado para gente de todos los niveles.<\/p>\n<p>El curso puede enfocarse en:<br \/>\nClases de conversaci\u00f3n<br \/>\nGram\u00e1tica<br \/>\nPronunciaci\u00f3n<br \/>\nVocabulario<br \/>\nTema personalizado<\/p>\n<p><span style=\"color: #ff0000;\"><strong><u>Reserva tus Lingua Holiday ahora \u2013 Comienza el dia que tu prefieras!<br \/>\n<\/u><\/strong><\/span><strong>1 persona:<\/strong> \u00a3700, 12 horas de clases de ingl\u00e9s incluidas.<br \/>\n<strong>2 personas:<\/strong> \u00a3400 por persona con 12 horas de clases de ingl\u00e9s incluidas.<\/p>\n","protected":false},"excerpt":{"rendered":"<p>Aprende ingl\u00e9s en Londres \u00bfTe gustar\u00eda mejorar tu ingl\u00e9s? Con Lingua Holidays, en vez de tener que ir a una academia, nuestros profesores son flexibles y se acomodan a tus preferencias para adaptarse de la mejor manera a tus vacaciones. Las clases pueden tener lugar en el apartamento o mientras visit\u00e1is sitios que los profesores [&hellip;]<\/p>\n","protected":false},"author":1,"featured_media":0,"parent":619,"menu_order":0,"comment_status":"closed","ping_status":"closed","template":"","meta":{"_monsterinsights_skip_tracking":false,"_monsterinsights_sitenote_active":false,"_monsterinsights_sitenote_note":"","_monsterinsights_sitenote_category":0,"footnotes":""},"class_list":["post-552","page","type-page","status-publish","hentry"],"acf":[],"yoast_head":"<!-- This site is optimized with the Yoast SEO plugin v20.6 - https:\/\/yoast.com\/wordpress\/plugins\/seo\/ -->\n<title>Aprende ingl\u00e9s con una vacacion en Londres. Lingua Holidays<\/title>\n<meta name=\"description\" content=\"Vacaciones a Londres con clases de ingl\u00e9s personalizadas en tu propio apartamento y excursiones en Londres con Lingua Holidays\" \/>\n<meta name=\"robots\" content=\"index, follow, max-snippet:-1, max-image-preview:large, max-video-preview:-1\" \/>\n<link rel=\"canonical\" href=\"https:\/\/www.linguaholidays.com\/es\/vacaciones-londres-cursos-ingles\/vacaciones-e-ingles-para-adultos\/\" \/>\n<meta property=\"og:locale\" content=\"es_ES\" \/>\n<meta property=\"og:type\" content=\"article\" \/>\n<meta property=\"og:title\" content=\"Aprende ingl\u00e9s con una vacacion en Londres. Lingua Holidays\" \/>\n<meta property=\"og:description\" content=\"Vacaciones a Londres con clases de ingl\u00e9s personalizadas en tu propio apartamento y excursiones en Londres con Lingua Holidays\" \/>\n<meta property=\"og:url\" content=\"https:\/\/www.linguaholidays.com\/es\/vacaciones-londres-cursos-ingles\/vacaciones-e-ingles-para-adultos\/\" \/>\n<meta property=\"og:site_name\" content=\"Lingua Holidays\" \/>\n<meta property=\"article:modified_time\" content=\"2024-06-10T14:38:43+00:00\" \/>\n<meta name=\"twitter:card\" content=\"summary_large_image\" \/>\n<meta name=\"twitter:label1\" content=\"Tiempo de lectura\" \/>\n\t<meta name=\"twitter:data1\" content=\"1 minuto\" \/>\n<script type=\"application\/ld+json\" class=\"yoast-schema-graph\">{\"@context\":\"https:\/\/schema.org\",\"@graph\":[{\"@type\":\"WebPage\",\"@id\":\"https:\/\/www.linguaholidays.com\/es\/vacaciones-londres-cursos-ingles\/vacaciones-e-ingles-para-adultos\/\",\"url\":\"https:\/\/www.linguaholidays.com\/es\/vacaciones-londres-cursos-ingles\/vacaciones-e-ingles-para-adultos\/\",\"name\":\"Aprende ingl\u00e9s con una vacacion en Londres. Lingua Holidays\",\"isPartOf\":{\"@id\":\"https:\/\/www.linguaholidays.com\/#website\"},\"datePublished\":\"2017-08-18T11:35:15+00:00\",\"dateModified\":\"2024-06-10T14:38:43+00:00\",\"description\":\"Vacaciones a Londres con clases de ingl\u00e9s personalizadas en tu propio apartamento y excursiones en Londres con Lingua Holidays\",\"breadcrumb\":{\"@id\":\"https:\/\/www.linguaholidays.com\/es\/vacaciones-londres-cursos-ingles\/vacaciones-e-ingles-para-adultos\/#breadcrumb\"},\"inLanguage\":\"es\",\"potentialAction\":[{\"@type\":\"ReadAction\",\"target\":[\"https:\/\/www.linguaholidays.com\/es\/vacaciones-londres-cursos-ingles\/vacaciones-e-ingles-para-adultos\/\"]}]},{\"@type\":\"BreadcrumbList\",\"@id\":\"https:\/\/www.linguaholidays.com\/es\/vacaciones-londres-cursos-ingles\/vacaciones-e-ingles-para-adultos\/#breadcrumb\",\"itemListElement\":[{\"@type\":\"ListItem\",\"position\":1,\"name\":\"Home\",\"item\":\"https:\/\/www.linguaholidays.com\/es\/\"},{\"@type\":\"ListItem\",\"position\":2,\"name\":\"Vacaciones e ingl\u00e9s\",\"item\":\"https:\/\/www.linguaholidays.com\/es\/vacaciones-londres-cursos-ingles\/\"},{\"@type\":\"ListItem\",\"position\":3,\"name\":\"Vacaciones e ingl\u00e9s para adultos\"}]},{\"@type\":\"WebSite\",\"@id\":\"https:\/\/www.linguaholidays.com\/#website\",\"url\":\"https:\/\/www.linguaholidays.com\/\",\"name\":\"Lingua Holidays\",\"description\":\"Experience London. Learn English.\",\"publisher\":{\"@id\":\"https:\/\/www.linguaholidays.com\/#organization\"},\"potentialAction\":[{\"@type\":\"SearchAction\",\"target\":{\"@type\":\"EntryPoint\",\"urlTemplate\":\"https:\/\/www.linguaholidays.com\/?s={search_term_string}\"},\"query-input\":\"required name=search_term_string\"}],\"inLanguage\":\"es\"},{\"@type\":\"Organization\",\"@id\":\"https:\/\/www.linguaholidays.com\/#organization\",\"name\":\"Lingua Holidays\",\"url\":\"https:\/\/www.linguaholidays.com\/\",\"logo\":{\"@type\":\"ImageObject\",\"inLanguage\":\"es\",\"@id\":\"https:\/\/www.linguaholidays.com\/#\/schema\/logo\/image\/\",\"url\":\"https:\/\/www.linguaholidays.com\/wp-content\/uploads\/2017\/08\/about.jpg\",\"contentUrl\":\"https:\/\/www.linguaholidays.com\/wp-content\/uploads\/2017\/08\/about.jpg\",\"width\":860,\"height\":500,\"caption\":\"Lingua Holidays\"},\"image\":{\"@id\":\"https:\/\/www.linguaholidays.com\/#\/schema\/logo\/image\/\"}}]}<\/script>\n<!-- \/ Yoast SEO plugin. -->","yoast_head_json":{"title":"Aprende ingl\u00e9s con una vacacion en Londres. Lingua Holidays","description":"Vacaciones a Londres con clases de ingl\u00e9s personalizadas en tu propio apartamento y excursiones en Londres con Lingua Holidays","robots":{"index":"index","follow":"follow","max-snippet":"max-snippet:-1","max-image-preview":"max-image-preview:large","max-video-preview":"max-video-preview:-1"},"canonical":"https:\/\/www.linguaholidays.com\/es\/vacaciones-londres-cursos-ingles\/vacaciones-e-ingles-para-adultos\/","og_locale":"es_ES","og_type":"article","og_title":"Aprende ingl\u00e9s con una vacacion en Londres. Lingua Holidays","og_description":"Vacaciones a Londres con clases de ingl\u00e9s personalizadas en tu propio apartamento y excursiones en Londres con Lingua Holidays","og_url":"https:\/\/www.linguaholidays.com\/es\/vacaciones-londres-cursos-ingles\/vacaciones-e-ingles-para-adultos\/","og_site_name":"Lingua Holidays","article_modified_time":"2024-06-10T14:38:43+00:00","twitter_card":"summary_large_image","twitter_misc":{"Tiempo de lectura":"1 minuto"},"schema":{"@context":"https:\/\/schema.org","@graph":[{"@type":"WebPage","@id":"https:\/\/www.linguaholidays.com\/es\/vacaciones-londres-cursos-ingles\/vacaciones-e-ingles-para-adultos\/","url":"https:\/\/www.linguaholidays.com\/es\/vacaciones-londres-cursos-ingles\/vacaciones-e-ingles-para-adultos\/","name":"Aprende ingl\u00e9s con una vacacion en Londres. Lingua Holidays","isPartOf":{"@id":"https:\/\/www.linguaholidays.com\/#website"},"datePublished":"2017-08-18T11:35:15+00:00","dateModified":"2024-06-10T14:38:43+00:00","description":"Vacaciones a Londres con clases de ingl\u00e9s personalizadas en tu propio apartamento y excursiones en Londres con Lingua Holidays","breadcrumb":{"@id":"https:\/\/www.linguaholidays.com\/es\/vacaciones-londres-cursos-ingles\/vacaciones-e-ingles-para-adultos\/#breadcrumb"},"inLanguage":"es","potentialAction":[{"@type":"ReadAction","target":["https:\/\/www.linguaholidays.com\/es\/vacaciones-londres-cursos-ingles\/vacaciones-e-ingles-para-adultos\/"]}]},{"@type":"BreadcrumbList","@id":"https:\/\/www.linguaholidays.com\/es\/vacaciones-londres-cursos-ingles\/vacaciones-e-ingles-para-adultos\/#breadcrumb","itemListElement":[{"@type":"ListItem","position":1,"name":"Home","item":"https:\/\/www.linguaholidays.com\/es\/"},{"@type":"ListItem","position":2,"name":"Vacaciones e ingl\u00e9s","item":"https:\/\/www.linguaholidays.com\/es\/vacaciones-londres-cursos-ingles\/"},{"@type":"ListItem","position":3,"name":"Vacaciones e ingl\u00e9s para adultos"}]},{"@type":"WebSite","@id":"https:\/\/www.linguaholidays.com\/#website","url":"https:\/\/www.linguaholidays.com\/","name":"Lingua Holidays","description":"Experience London. Learn English.","publisher":{"@id":"https:\/\/www.linguaholidays.com\/#organization"},"potentialAction":[{"@type":"SearchAction","target":{"@type":"EntryPoint","urlTemplate":"https:\/\/www.linguaholidays.com\/?s={search_term_string}"},"query-input":"required name=search_term_string"}],"inLanguage":"es"},{"@type":"Organization","@id":"https:\/\/www.linguaholidays.com\/#organization","name":"Lingua Holidays","url":"https:\/\/www.linguaholidays.com\/","logo":{"@type":"ImageObject","inLanguage":"es","@id":"https:\/\/www.linguaholidays.com\/#\/schema\/logo\/image\/","url":"https:\/\/www.linguaholidays.com\/wp-content\/uploads\/2017\/08\/about.jpg","contentUrl":"https:\/\/www.linguaholidays.com\/wp-content\/uploads\/2017\/08\/about.jpg","width":860,"height":500,"caption":"Lingua Holidays"},"image":{"@id":"https:\/\/www.linguaholidays.com\/#\/schema\/logo\/image\/"}}]}},"_links":{"self":[{"href":"https:\/\/www.linguaholidays.com\/es\/wp-json\/wp\/v2\/pages\/552","targetHints":{"allow":["GET"]}}],"collection":[{"href":"https:\/\/www.linguaholidays.com\/es\/wp-json\/wp\/v2\/pages"}],"about":[{"href":"https:\/\/www.linguaholidays.com\/es\/wp-json\/wp\/v2\/types\/page"}],"author":[{"embeddable":true,"href":"https:\/\/www.linguaholidays.com\/es\/wp-json\/wp\/v2\/users\/1"}],"replies":[{"embeddable":true,"href":"https:\/\/www.linguaholidays.com\/es\/wp-json\/wp\/v2\/comments?post=552"}],"version-history":[{"count":9,"href":"https:\/\/www.linguaholidays.com\/es\/wp-json\/wp\/v2\/pages\/552\/revisions"}],"predecessor-version":[{"id":7808,"href":"https:\/\/www.linguaholidays.com\/es\/wp-json\/wp\/v2\/pages\/552\/revisions\/7808"}],"up":[{"embeddable":true,"href":"https:\/\/www.linguaholidays.com\/es\/wp-json\/wp\/v2\/pages\/619"}],"wp:attachment":[{"href":"https:\/\/www.linguaholidays.com\/es\/wp-json\/wp\/v2\/media?parent=552"}],"curies":[{"name":"wp","href":"https:\/\/api.w.org\/{rel}","templated":true}]}}