{"id":554,"date":"2017-08-18T11:35:28","date_gmt":"2017-08-18T11:35:28","guid":{"rendered":"https:\/\/lingua.designriver.co.uk\/?page_id=554"},"modified":"2021-05-13T16:32:04","modified_gmt":"2021-05-13T16:32:04","slug":"vacaciones-e-ingles-para-familias","status":"publish","type":"page","link":"https:\/\/www.linguaholidays.com\/es\/vacaciones-londres-cursos-ingles\/vacaciones-e-ingles-para-familias\/","title":{"rendered":"Vacaciones e ingl\u00e9s para familias"},"content":{"rendered":"<h2>Aprende ingl\u00e9s con tu familia con unas vacaciones en Londres<\/h2>\n<p>Con Lingua Holidays el sue\u00f1o de disfrutar de unas verdaderas vacaciones mientras se aprende y practica ingl\u00e9s en familia est\u00e1 al alcance de vuestras manos.<\/p>\n<p>Nuestros profesores se adaptar\u00e1n totalmente a vuestras preferencias.\u00a0 Podr\u00e1n impartir las clases en vuestro apartamento o acompa\u00f1aros en vuestras expediciones familiares. Pasear por el T\u00e1mesis, disfrutar de las maravillosas vistas que ofrece la ciudad desde la famosa colina de Primrose Hill en Regent\u2019s Park, o sugeriros excursiones fuera de Londres para pasar el d\u00eda pueden ser algunas de las opciones.<\/p>\n<p>Nuestros profesores est\u00e1n acostumbrados a trabajar tanto con ni\u00f1os como adultos, por lo que os preparar\u00e1n un programa a medida y gusto de toda la familia. El curso se enfocar\u00e1 en:<\/p>\n<p>Clases de conversaci\u00f3n<br \/>\nPronunciaci\u00f3n<br \/>\nVocabulario<br \/>\nAprender sobre la cultura brit\u00e1nica<br \/>\nExplorar Londres<\/p>\n<p><span style=\"color: #ff0000;\"><strong>Reserva tus Lingua Holidad ahora! Comienza el dia que tu prefieras!<br \/>\n<\/strong><\/span><strong>Familia de 4 personas \/ 1 semana:<\/strong> \u00a3730 por persona.\u00a0 En un lujoso apartamento de 2 habitaciones en el centro de Londres con 10 horas de clases de ingl\u00e9s incluidas.<\/p>\n","protected":false},"excerpt":{"rendered":"<p>Aprende ingl\u00e9s con tu familia con unas vacaciones en Londres Con Lingua Holidays el sue\u00f1o de disfrutar de unas verdaderas vacaciones mientras se aprende y practica ingl\u00e9s en familia est\u00e1 al alcance de vuestras manos. Nuestros profesores se adaptar\u00e1n totalmente a vuestras preferencias.\u00a0 Podr\u00e1n impartir las clases en vuestro apartamento o acompa\u00f1aros en vuestras expediciones [&hellip;]<\/p>\n","protected":false},"author":1,"featured_media":0,"parent":619,"menu_order":0,"comment_status":"closed","ping_status":"closed","template":"","meta":{"_monsterinsights_skip_tracking":false,"_monsterinsights_sitenote_active":false,"_monsterinsights_sitenote_note":"","_monsterinsights_sitenote_category":0,"footnotes":""},"class_list":["post-554","page","type-page","status-publish","hentry"],"acf":[],"yoast_head":"<!-- This site is optimized with the Yoast SEO plugin v20.6 - https:\/\/yoast.com\/wordpress\/plugins\/seo\/ -->\n<title>Cursos de ingl\u00e9s | vacaciones en Londres para familias<\/title>\n<meta name=\"description\" content=\"Aprende ingl\u00e9s con unas vacaciones educativas para toda la familia en Londres. Disfruta de clases de ingl\u00e9s en tu apartamento y excursiones con tu professor\" \/>\n<meta name=\"robots\" content=\"index, follow, max-snippet:-1, max-image-preview:large, max-video-preview:-1\" \/>\n<link rel=\"canonical\" href=\"https:\/\/www.linguaholidays.com\/es\/vacaciones-londres-cursos-ingles\/vacaciones-e-ingles-para-familias\/\" \/>\n<meta property=\"og:locale\" content=\"es_ES\" \/>\n<meta property=\"og:type\" content=\"article\" \/>\n<meta property=\"og:title\" content=\"Cursos de ingl\u00e9s | vacaciones en Londres para familias\" \/>\n<meta property=\"og:description\" content=\"Aprende ingl\u00e9s con unas vacaciones educativas para toda la familia en Londres. Disfruta de clases de ingl\u00e9s en tu apartamento y excursiones con tu professor\" \/>\n<meta property=\"og:url\" content=\"https:\/\/www.linguaholidays.com\/es\/vacaciones-londres-cursos-ingles\/vacaciones-e-ingles-para-familias\/\" \/>\n<meta property=\"og:site_name\" content=\"Lingua Holidays\" \/>\n<meta property=\"article:modified_time\" content=\"2021-05-13T16:32:04+00:00\" \/>\n<meta name=\"twitter:card\" content=\"summary_large_image\" \/>\n<meta name=\"twitter:label1\" content=\"Tiempo de lectura\" \/>\n\t<meta name=\"twitter:data1\" content=\"1 minuto\" \/>\n<script type=\"application\/ld+json\" class=\"yoast-schema-graph\">{\"@context\":\"https:\/\/schema.org\",\"@graph\":[{\"@type\":\"WebPage\",\"@id\":\"https:\/\/www.linguaholidays.com\/es\/vacaciones-londres-cursos-ingles\/vacaciones-e-ingles-para-familias\/\",\"url\":\"https:\/\/www.linguaholidays.com\/es\/vacaciones-londres-cursos-ingles\/vacaciones-e-ingles-para-familias\/\",\"name\":\"Cursos de ingl\u00e9s | vacaciones en Londres para familias\",\"isPartOf\":{\"@id\":\"https:\/\/www.linguaholidays.com\/#website\"},\"datePublished\":\"2017-08-18T11:35:28+00:00\",\"dateModified\":\"2021-05-13T16:32:04+00:00\",\"description\":\"Aprende ingl\u00e9s con unas vacaciones educativas para toda la familia en Londres. Disfruta de clases de ingl\u00e9s en tu apartamento y excursiones con tu professor\",\"breadcrumb\":{\"@id\":\"https:\/\/www.linguaholidays.com\/es\/vacaciones-londres-cursos-ingles\/vacaciones-e-ingles-para-familias\/#breadcrumb\"},\"inLanguage\":\"es\",\"potentialAction\":[{\"@type\":\"ReadAction\",\"target\":[\"https:\/\/www.linguaholidays.com\/es\/vacaciones-londres-cursos-ingles\/vacaciones-e-ingles-para-familias\/\"]}]},{\"@type\":\"BreadcrumbList\",\"@id\":\"https:\/\/www.linguaholidays.com\/es\/vacaciones-londres-cursos-ingles\/vacaciones-e-ingles-para-familias\/#breadcrumb\",\"itemListElement\":[{\"@type\":\"ListItem\",\"position\":1,\"name\":\"Home\",\"item\":\"https:\/\/www.linguaholidays.com\/es\/\"},{\"@type\":\"ListItem\",\"position\":2,\"name\":\"Vacaciones e ingl\u00e9s\",\"item\":\"https:\/\/www.linguaholidays.com\/es\/vacaciones-londres-cursos-ingles\/\"},{\"@type\":\"ListItem\",\"position\":3,\"name\":\"Vacaciones e ingl\u00e9s para familias\"}]},{\"@type\":\"WebSite\",\"@id\":\"https:\/\/www.linguaholidays.com\/#website\",\"url\":\"https:\/\/www.linguaholidays.com\/\",\"name\":\"Lingua Holidays\",\"description\":\"Experience London. Learn English.\",\"publisher\":{\"@id\":\"https:\/\/www.linguaholidays.com\/#organization\"},\"potentialAction\":[{\"@type\":\"SearchAction\",\"target\":{\"@type\":\"EntryPoint\",\"urlTemplate\":\"https:\/\/www.linguaholidays.com\/?s={search_term_string}\"},\"query-input\":\"required name=search_term_string\"}],\"inLanguage\":\"es\"},{\"@type\":\"Organization\",\"@id\":\"https:\/\/www.linguaholidays.com\/#organization\",\"name\":\"Lingua Holidays\",\"url\":\"https:\/\/www.linguaholidays.com\/\",\"logo\":{\"@type\":\"ImageObject\",\"inLanguage\":\"es\",\"@id\":\"https:\/\/www.linguaholidays.com\/#\/schema\/logo\/image\/\",\"url\":\"https:\/\/www.linguaholidays.com\/wp-content\/uploads\/2017\/08\/about.jpg\",\"contentUrl\":\"https:\/\/www.linguaholidays.com\/wp-content\/uploads\/2017\/08\/about.jpg\",\"width\":860,\"height\":500,\"caption\":\"Lingua Holidays\"},\"image\":{\"@id\":\"https:\/\/www.linguaholidays.com\/#\/schema\/logo\/image\/\"}}]}<\/script>\n<!-- \/ Yoast SEO plugin. -->","yoast_head_json":{"title":"Cursos de ingl\u00e9s | vacaciones en Londres para familias","description":"Aprende ingl\u00e9s con unas vacaciones educativas para toda la familia en Londres. Disfruta de clases de ingl\u00e9s en tu apartamento y excursiones con tu professor","robots":{"index":"index","follow":"follow","max-snippet":"max-snippet:-1","max-image-preview":"max-image-preview:large","max-video-preview":"max-video-preview:-1"},"canonical":"https:\/\/www.linguaholidays.com\/es\/vacaciones-londres-cursos-ingles\/vacaciones-e-ingles-para-familias\/","og_locale":"es_ES","og_type":"article","og_title":"Cursos de ingl\u00e9s | vacaciones en Londres para familias","og_description":"Aprende ingl\u00e9s con unas vacaciones educativas para toda la familia en Londres. Disfruta de clases de ingl\u00e9s en tu apartamento y excursiones con tu professor","og_url":"https:\/\/www.linguaholidays.com\/es\/vacaciones-londres-cursos-ingles\/vacaciones-e-ingles-para-familias\/","og_site_name":"Lingua Holidays","article_modified_time":"2021-05-13T16:32:04+00:00","twitter_card":"summary_large_image","twitter_misc":{"Tiempo de lectura":"1 minuto"},"schema":{"@context":"https:\/\/schema.org","@graph":[{"@type":"WebPage","@id":"https:\/\/www.linguaholidays.com\/es\/vacaciones-londres-cursos-ingles\/vacaciones-e-ingles-para-familias\/","url":"https:\/\/www.linguaholidays.com\/es\/vacaciones-londres-cursos-ingles\/vacaciones-e-ingles-para-familias\/","name":"Cursos de ingl\u00e9s | vacaciones en Londres para familias","isPartOf":{"@id":"https:\/\/www.linguaholidays.com\/#website"},"datePublished":"2017-08-18T11:35:28+00:00","dateModified":"2021-05-13T16:32:04+00:00","description":"Aprende ingl\u00e9s con unas vacaciones educativas para toda la familia en Londres. Disfruta de clases de ingl\u00e9s en tu apartamento y excursiones con tu professor","breadcrumb":{"@id":"https:\/\/www.linguaholidays.com\/es\/vacaciones-londres-cursos-ingles\/vacaciones-e-ingles-para-familias\/#breadcrumb"},"inLanguage":"es","potentialAction":[{"@type":"ReadAction","target":["https:\/\/www.linguaholidays.com\/es\/vacaciones-londres-cursos-ingles\/vacaciones-e-ingles-para-familias\/"]}]},{"@type":"BreadcrumbList","@id":"https:\/\/www.linguaholidays.com\/es\/vacaciones-londres-cursos-ingles\/vacaciones-e-ingles-para-familias\/#breadcrumb","itemListElement":[{"@type":"ListItem","position":1,"name":"Home","item":"https:\/\/www.linguaholidays.com\/es\/"},{"@type":"ListItem","position":2,"name":"Vacaciones e ingl\u00e9s","item":"https:\/\/www.linguaholidays.com\/es\/vacaciones-londres-cursos-ingles\/"},{"@type":"ListItem","position":3,"name":"Vacaciones e ingl\u00e9s para familias"}]},{"@type":"WebSite","@id":"https:\/\/www.linguaholidays.com\/#website","url":"https:\/\/www.linguaholidays.com\/","name":"Lingua Holidays","description":"Experience London. Learn English.","publisher":{"@id":"https:\/\/www.linguaholidays.com\/#organization"},"potentialAction":[{"@type":"SearchAction","target":{"@type":"EntryPoint","urlTemplate":"https:\/\/www.linguaholidays.com\/?s={search_term_string}"},"query-input":"required name=search_term_string"}],"inLanguage":"es"},{"@type":"Organization","@id":"https:\/\/www.linguaholidays.com\/#organization","name":"Lingua Holidays","url":"https:\/\/www.linguaholidays.com\/","logo":{"@type":"ImageObject","inLanguage":"es","@id":"https:\/\/www.linguaholidays.com\/#\/schema\/logo\/image\/","url":"https:\/\/www.linguaholidays.com\/wp-content\/uploads\/2017\/08\/about.jpg","contentUrl":"https:\/\/www.linguaholidays.com\/wp-content\/uploads\/2017\/08\/about.jpg","width":860,"height":500,"caption":"Lingua Holidays"},"image":{"@id":"https:\/\/www.linguaholidays.com\/#\/schema\/logo\/image\/"}}]}},"_links":{"self":[{"href":"https:\/\/www.linguaholidays.com\/es\/wp-json\/wp\/v2\/pages\/554","targetHints":{"allow":["GET"]}}],"collection":[{"href":"https:\/\/www.linguaholidays.com\/es\/wp-json\/wp\/v2\/pages"}],"about":[{"href":"https:\/\/www.linguaholidays.com\/es\/wp-json\/wp\/v2\/types\/page"}],"author":[{"embeddable":true,"href":"https:\/\/www.linguaholidays.com\/es\/wp-json\/wp\/v2\/users\/1"}],"replies":[{"embeddable":true,"href":"https:\/\/www.linguaholidays.com\/es\/wp-json\/wp\/v2\/comments?post=554"}],"version-history":[{"count":11,"href":"https:\/\/www.linguaholidays.com\/es\/wp-json\/wp\/v2\/pages\/554\/revisions"}],"predecessor-version":[{"id":6890,"href":"https:\/\/www.linguaholidays.com\/es\/wp-json\/wp\/v2\/pages\/554\/revisions\/6890"}],"up":[{"embeddable":true,"href":"https:\/\/www.linguaholidays.com\/es\/wp-json\/wp\/v2\/pages\/619"}],"wp:attachment":[{"href":"https:\/\/www.linguaholidays.com\/es\/wp-json\/wp\/v2\/media?parent=554"}],"curies":[{"name":"wp","href":"https:\/\/api.w.org\/{rel}","templated":true}]}}