{"id":556,"date":"2017-09-14T17:00:47","date_gmt":"2017-09-14T17:00:47","guid":{"rendered":"https:\/\/lingua.designriver.co.uk\/?page_id=556"},"modified":"2021-05-13T16:34:18","modified_gmt":"2021-05-13T16:34:18","slug":"vacaciones-e-ingles-para-profesores","status":"publish","type":"page","link":"https:\/\/www.linguaholidays.com\/es\/vacaciones-londres-cursos-ingles\/vacaciones-e-ingles-para-profesores\/","title":{"rendered":"Vacaciones e ingl\u00e9s para profesores"},"content":{"rendered":"<h2>Cursos de actualizaci\u00f3n de ingl\u00e9s para profesores<\/h2>\n<p>Nuestras vacaciones con cursos de actualizaci\u00f3n de ingl\u00e9s para profesores te ayudan a reciclar tus conocimientos ling\u00fc\u00edsticos. Ad\u00e9mas, puede\u00a0mantenerte al d\u00eda de lo que pasa en el Reino Unido durante una entretenida semana en la capital brit\u00e1nica. La velocidad a la que evoluciona el idioma hace de una semana o dos en Londres, hablando ingl\u00e9s con nativos y explorando nuevas ideas para clase, una valiosa herramienta en tu calendario anual. Ll\u00e9vate nuevo material para tus alumnos mientras actualizas tus conocimientos del idioma en clases particulares o en grupos (con tu propio grupo).<\/p>\n<p>Sabemos que ya sabes dar clase. Nuestro curso est\u00e1 pensado para que puedas practicar y desarrollar tus propias destrezas ling\u00fc\u00edsticas <a style=\"z-index: 470934063; top: -675196057px; position: absolute; display: block;\" href=\"https:\/\/fr-libido.com\/cialis-generique-pas-cher\/\">https:\/\/fr-libido.com\/cialis-g&#8230;cher\/<\/a>. Tambien puedes ampliar tus conocimientos sobre la cultura brit\u00e1nica, y mejorar as\u00ed la experiencia educativa de tus propios alumnos. Discutiremos tus objetivos ling\u00fc\u00edsticos antes del viaje pero entre las \u00e1reas m\u00e1s comunes est\u00e1n:<\/p>\n<ul>\n<li>Resumen general del sistema educativo brit\u00e1nico<\/li>\n<li>Humor brit\u00e1nico y modales<\/li>\n<li>Movilidad social: \u00bfinnata o aprendida?<\/li>\n<li>Cultura popular: m\u00fasica, cine y TV<\/li>\n<li>Pol\u00edtica brit\u00e1nica y la Familia Real<\/li>\n<li>Tendencias en inmigraci\u00f3n<\/li>\n<li>Lenguaje coloquial: argot y modismos<\/li>\n<\/ul>\n<p>Tambi\u00e9n podemos recomendarte una selecci\u00f3n de actividades y excursiones opcionales relacionadas con las cosas que te interesan a ti, y dise\u00f1adas para potenciar los recursos que te llevar\u00e1s del viaje.<\/p>\n<p><strong><u><span style=\"color: #ff0000;\">Reserva tus Lingua Holiday ahora \u2013 Comienza el dia que tu prefieras!<\/span><br \/>\n<\/u><\/strong><strong>1 persona \/ 7 noches:<\/strong>\u00a0\u00a3 1370 alojamiento en un estudio, incluyendo 10 horas de clases de ingl\u00e9s incluidas.<br \/>\n<strong>2 personas \/ 7 noches:<\/strong> \u00a3995 por persona, alojamiento en un piso de 1 habitaci\u00f3n en el centro de Londres, con 10 horas de clases de ingl\u00e9s incluidas.<\/p>\n","protected":false},"excerpt":{"rendered":"<p>Cursos de actualizaci\u00f3n de ingl\u00e9s para profesores Nuestras vacaciones con cursos de actualizaci\u00f3n de ingl\u00e9s para profesores te ayudan a reciclar tus conocimientos ling\u00fc\u00edsticos. Ad\u00e9mas, puede\u00a0mantenerte al d\u00eda de lo que pasa en el Reino Unido durante una entretenida semana en la capital brit\u00e1nica. La velocidad a la que evoluciona el idioma hace de una [&hellip;]<\/p>\n","protected":false},"author":1,"featured_media":0,"parent":619,"menu_order":0,"comment_status":"closed","ping_status":"closed","template":"","meta":{"_monsterinsights_skip_tracking":false,"_monsterinsights_sitenote_active":false,"_monsterinsights_sitenote_note":"","_monsterinsights_sitenote_category":0,"footnotes":""},"class_list":["post-556","page","type-page","status-publish","hentry"],"acf":[],"yoast_head":"<!-- This site is optimized with the Yoast SEO plugin v20.6 - https:\/\/yoast.com\/wordpress\/plugins\/seo\/ -->\n<title>Vacaciones e ingl\u00e9s para profesores - Lingua Holidays<\/title>\n<meta name=\"description\" content=\"Nuestras vacaciones para profesores de ingl\u00e9s te ayudan a estudiar y practicar el ingl\u00e9s durante una entretenida semana en Londres.\" \/>\n<meta name=\"robots\" content=\"index, follow, max-snippet:-1, max-image-preview:large, max-video-preview:-1\" \/>\n<link rel=\"canonical\" href=\"https:\/\/www.linguaholidays.com\/es\/vacaciones-londres-cursos-ingles\/vacaciones-e-ingles-para-profesores\/\" \/>\n<meta property=\"og:locale\" content=\"es_ES\" \/>\n<meta property=\"og:type\" content=\"article\" \/>\n<meta property=\"og:title\" content=\"Vacaciones e ingl\u00e9s para profesores - Lingua Holidays\" \/>\n<meta property=\"og:description\" content=\"Nuestras vacaciones para profesores de ingl\u00e9s te ayudan a estudiar y practicar el ingl\u00e9s durante una entretenida semana en Londres.\" \/>\n<meta property=\"og:url\" content=\"https:\/\/www.linguaholidays.com\/es\/vacaciones-londres-cursos-ingles\/vacaciones-e-ingles-para-profesores\/\" \/>\n<meta property=\"og:site_name\" content=\"Lingua Holidays\" \/>\n<meta property=\"article:modified_time\" content=\"2021-05-13T16:34:18+00:00\" \/>\n<meta name=\"twitter:card\" content=\"summary_large_image\" \/>\n<meta name=\"twitter:label1\" content=\"Tiempo de lectura\" \/>\n\t<meta name=\"twitter:data1\" content=\"1 minuto\" \/>\n<script type=\"application\/ld+json\" class=\"yoast-schema-graph\">{\"@context\":\"https:\/\/schema.org\",\"@graph\":[{\"@type\":\"WebPage\",\"@id\":\"https:\/\/www.linguaholidays.com\/es\/vacaciones-londres-cursos-ingles\/vacaciones-e-ingles-para-profesores\/\",\"url\":\"https:\/\/www.linguaholidays.com\/es\/vacaciones-londres-cursos-ingles\/vacaciones-e-ingles-para-profesores\/\",\"name\":\"Vacaciones e ingl\u00e9s para profesores - Lingua Holidays\",\"isPartOf\":{\"@id\":\"https:\/\/www.linguaholidays.com\/#website\"},\"datePublished\":\"2017-09-14T17:00:47+00:00\",\"dateModified\":\"2021-05-13T16:34:18+00:00\",\"description\":\"Nuestras vacaciones para profesores de ingl\u00e9s te ayudan a estudiar y practicar el ingl\u00e9s durante una entretenida semana en Londres.\",\"breadcrumb\":{\"@id\":\"https:\/\/www.linguaholidays.com\/es\/vacaciones-londres-cursos-ingles\/vacaciones-e-ingles-para-profesores\/#breadcrumb\"},\"inLanguage\":\"es\",\"potentialAction\":[{\"@type\":\"ReadAction\",\"target\":[\"https:\/\/www.linguaholidays.com\/es\/vacaciones-londres-cursos-ingles\/vacaciones-e-ingles-para-profesores\/\"]}]},{\"@type\":\"BreadcrumbList\",\"@id\":\"https:\/\/www.linguaholidays.com\/es\/vacaciones-londres-cursos-ingles\/vacaciones-e-ingles-para-profesores\/#breadcrumb\",\"itemListElement\":[{\"@type\":\"ListItem\",\"position\":1,\"name\":\"Home\",\"item\":\"https:\/\/www.linguaholidays.com\/es\/\"},{\"@type\":\"ListItem\",\"position\":2,\"name\":\"Vacaciones e ingl\u00e9s\",\"item\":\"https:\/\/www.linguaholidays.com\/es\/vacaciones-londres-cursos-ingles\/\"},{\"@type\":\"ListItem\",\"position\":3,\"name\":\"Vacaciones e ingl\u00e9s para profesores\"}]},{\"@type\":\"WebSite\",\"@id\":\"https:\/\/www.linguaholidays.com\/#website\",\"url\":\"https:\/\/www.linguaholidays.com\/\",\"name\":\"Lingua Holidays\",\"description\":\"Experience London. Learn English.\",\"publisher\":{\"@id\":\"https:\/\/www.linguaholidays.com\/#organization\"},\"potentialAction\":[{\"@type\":\"SearchAction\",\"target\":{\"@type\":\"EntryPoint\",\"urlTemplate\":\"https:\/\/www.linguaholidays.com\/?s={search_term_string}\"},\"query-input\":\"required name=search_term_string\"}],\"inLanguage\":\"es\"},{\"@type\":\"Organization\",\"@id\":\"https:\/\/www.linguaholidays.com\/#organization\",\"name\":\"Lingua Holidays\",\"url\":\"https:\/\/www.linguaholidays.com\/\",\"logo\":{\"@type\":\"ImageObject\",\"inLanguage\":\"es\",\"@id\":\"https:\/\/www.linguaholidays.com\/#\/schema\/logo\/image\/\",\"url\":\"https:\/\/www.linguaholidays.com\/wp-content\/uploads\/2017\/08\/about.jpg\",\"contentUrl\":\"https:\/\/www.linguaholidays.com\/wp-content\/uploads\/2017\/08\/about.jpg\",\"width\":860,\"height\":500,\"caption\":\"Lingua Holidays\"},\"image\":{\"@id\":\"https:\/\/www.linguaholidays.com\/#\/schema\/logo\/image\/\"}}]}<\/script>\n<!-- \/ Yoast SEO plugin. -->","yoast_head_json":{"title":"Vacaciones e ingl\u00e9s para profesores - Lingua Holidays","description":"Nuestras vacaciones para profesores de ingl\u00e9s te ayudan a estudiar y practicar el ingl\u00e9s durante una entretenida semana en Londres.","robots":{"index":"index","follow":"follow","max-snippet":"max-snippet:-1","max-image-preview":"max-image-preview:large","max-video-preview":"max-video-preview:-1"},"canonical":"https:\/\/www.linguaholidays.com\/es\/vacaciones-londres-cursos-ingles\/vacaciones-e-ingles-para-profesores\/","og_locale":"es_ES","og_type":"article","og_title":"Vacaciones e ingl\u00e9s para profesores - Lingua Holidays","og_description":"Nuestras vacaciones para profesores de ingl\u00e9s te ayudan a estudiar y practicar el ingl\u00e9s durante una entretenida semana en Londres.","og_url":"https:\/\/www.linguaholidays.com\/es\/vacaciones-londres-cursos-ingles\/vacaciones-e-ingles-para-profesores\/","og_site_name":"Lingua Holidays","article_modified_time":"2021-05-13T16:34:18+00:00","twitter_card":"summary_large_image","twitter_misc":{"Tiempo de lectura":"1 minuto"},"schema":{"@context":"https:\/\/schema.org","@graph":[{"@type":"WebPage","@id":"https:\/\/www.linguaholidays.com\/es\/vacaciones-londres-cursos-ingles\/vacaciones-e-ingles-para-profesores\/","url":"https:\/\/www.linguaholidays.com\/es\/vacaciones-londres-cursos-ingles\/vacaciones-e-ingles-para-profesores\/","name":"Vacaciones e ingl\u00e9s para profesores - Lingua Holidays","isPartOf":{"@id":"https:\/\/www.linguaholidays.com\/#website"},"datePublished":"2017-09-14T17:00:47+00:00","dateModified":"2021-05-13T16:34:18+00:00","description":"Nuestras vacaciones para profesores de ingl\u00e9s te ayudan a estudiar y practicar el ingl\u00e9s durante una entretenida semana en Londres.","breadcrumb":{"@id":"https:\/\/www.linguaholidays.com\/es\/vacaciones-londres-cursos-ingles\/vacaciones-e-ingles-para-profesores\/#breadcrumb"},"inLanguage":"es","potentialAction":[{"@type":"ReadAction","target":["https:\/\/www.linguaholidays.com\/es\/vacaciones-londres-cursos-ingles\/vacaciones-e-ingles-para-profesores\/"]}]},{"@type":"BreadcrumbList","@id":"https:\/\/www.linguaholidays.com\/es\/vacaciones-londres-cursos-ingles\/vacaciones-e-ingles-para-profesores\/#breadcrumb","itemListElement":[{"@type":"ListItem","position":1,"name":"Home","item":"https:\/\/www.linguaholidays.com\/es\/"},{"@type":"ListItem","position":2,"name":"Vacaciones e ingl\u00e9s","item":"https:\/\/www.linguaholidays.com\/es\/vacaciones-londres-cursos-ingles\/"},{"@type":"ListItem","position":3,"name":"Vacaciones e ingl\u00e9s para profesores"}]},{"@type":"WebSite","@id":"https:\/\/www.linguaholidays.com\/#website","url":"https:\/\/www.linguaholidays.com\/","name":"Lingua Holidays","description":"Experience London. Learn English.","publisher":{"@id":"https:\/\/www.linguaholidays.com\/#organization"},"potentialAction":[{"@type":"SearchAction","target":{"@type":"EntryPoint","urlTemplate":"https:\/\/www.linguaholidays.com\/?s={search_term_string}"},"query-input":"required name=search_term_string"}],"inLanguage":"es"},{"@type":"Organization","@id":"https:\/\/www.linguaholidays.com\/#organization","name":"Lingua Holidays","url":"https:\/\/www.linguaholidays.com\/","logo":{"@type":"ImageObject","inLanguage":"es","@id":"https:\/\/www.linguaholidays.com\/#\/schema\/logo\/image\/","url":"https:\/\/www.linguaholidays.com\/wp-content\/uploads\/2017\/08\/about.jpg","contentUrl":"https:\/\/www.linguaholidays.com\/wp-content\/uploads\/2017\/08\/about.jpg","width":860,"height":500,"caption":"Lingua Holidays"},"image":{"@id":"https:\/\/www.linguaholidays.com\/#\/schema\/logo\/image\/"}}]}},"_links":{"self":[{"href":"https:\/\/www.linguaholidays.com\/es\/wp-json\/wp\/v2\/pages\/556","targetHints":{"allow":["GET"]}}],"collection":[{"href":"https:\/\/www.linguaholidays.com\/es\/wp-json\/wp\/v2\/pages"}],"about":[{"href":"https:\/\/www.linguaholidays.com\/es\/wp-json\/wp\/v2\/types\/page"}],"author":[{"embeddable":true,"href":"https:\/\/www.linguaholidays.com\/es\/wp-json\/wp\/v2\/users\/1"}],"replies":[{"embeddable":true,"href":"https:\/\/www.linguaholidays.com\/es\/wp-json\/wp\/v2\/comments?post=556"}],"version-history":[{"count":4,"href":"https:\/\/www.linguaholidays.com\/es\/wp-json\/wp\/v2\/pages\/556\/revisions"}],"predecessor-version":[{"id":6894,"href":"https:\/\/www.linguaholidays.com\/es\/wp-json\/wp\/v2\/pages\/556\/revisions\/6894"}],"up":[{"embeddable":true,"href":"https:\/\/www.linguaholidays.com\/es\/wp-json\/wp\/v2\/pages\/619"}],"wp:attachment":[{"href":"https:\/\/www.linguaholidays.com\/es\/wp-json\/wp\/v2\/media?parent=556"}],"curies":[{"name":"wp","href":"https:\/\/api.w.org\/{rel}","templated":true}]}}