{"id":558,"date":"2017-08-18T11:35:40","date_gmt":"2017-08-18T11:35:40","guid":{"rendered":"https:\/\/lingua.designriver.co.uk\/?page_id=558"},"modified":"2019-07-19T15:26:37","modified_gmt":"2019-07-19T15:26:37","slug":"vacaciones-e-ingles-de-negocios","status":"publish","type":"page","link":"https:\/\/www.linguaholidays.com\/es\/vacaciones-londres-cursos-ingles\/vacaciones-e-ingles-de-negocios\/","title":{"rendered":"Vacaciones e ingl\u00e9s de negocios"},"content":{"rendered":"<h2>Clases de ingl\u00e9s de negocios<\/h2>\n<p>Nuestras vacaciones con idiomas para profesionales est\u00e1n pensadas para mejorar tus destrezas de comunicaci\u00f3n en un entorno de trabajo y negocios, y para potenciar las habilidades de presentaci\u00f3n, pronunciaci\u00f3n, fluidez oral o redacci\u00f3n. Los cursos de ingl\u00e9s de negocios est\u00e1n dirigidos a todos cuantos deseen mejorar su situaci\u00f3n laboral mejorando sus conocimientos de ingl\u00e9s.<\/p>\n<p>El ingl\u00e9s es el idioma de negocios m\u00e1s utilizado en todo el mundo, y un buen nivel de ingl\u00e9s resulta imprescindible en el mundo comercial de hoy. Comunicarse c\u00f3modamente con compa\u00f1eros y clientes de habla inglesa en un entorno social es el primer paso, pero todos los cursos est\u00e1n dise\u00f1ados para responder a tus requisitos particulares.<\/p>\n<ul>\n<li>Adquiere m\u00e1s seguridad en el trabajo<\/li>\n<li>Desarrolla la destreza verbal y la comprensi\u00f3n oral<\/li>\n<li>Mejora la pronunciaci\u00f3n<\/li>\n<li>Haz presentaciones efectivas<\/li>\n<li>Practica entrevistas y negociaciones<\/li>\n<li>Conc\u00e9ntrate en el vocabulario y lenguaje espec\u00edficos de tu sector<\/li>\n<\/ul>\n<p>Correspondencia comercial y redacci\u00f3n de informes<\/p>\n<p>&nbsp;<\/p>\n<p><span style=\"color: #ff0000;\"><strong>Reserva tus Lingua Holiday ahora \u2013 Comienza el dia que tu prefieras!<br \/>\n<\/strong><\/span><strong>1 persona \/ 4 noches:<\/strong>\u00a0\u00a3 1400 alojamiento en un estudio, incluyendo 12 horas de clases de ingl\u00e9s incluidas.<br \/>\n<strong>2 personas \/ 7 noches:<\/strong>\u00a0\u00a31610 por persona, alojamiento en un piso de 1 habitaci\u00f3n en el centro de Londres, con 15 horas de clases de ingl\u00e9s incluidas.<\/p>\n","protected":false},"excerpt":{"rendered":"<p>Clases de ingl\u00e9s de negocios Nuestras vacaciones con idiomas para profesionales est\u00e1n pensadas para mejorar tus destrezas de comunicaci\u00f3n en un entorno de trabajo y negocios, y para potenciar las habilidades de presentaci\u00f3n, pronunciaci\u00f3n, fluidez oral o redacci\u00f3n. Los cursos de ingl\u00e9s de negocios est\u00e1n dirigidos a todos cuantos deseen mejorar su situaci\u00f3n laboral mejorando [&hellip;]<\/p>\n","protected":false},"author":1,"featured_media":0,"parent":619,"menu_order":0,"comment_status":"closed","ping_status":"closed","template":"","meta":{"_monsterinsights_skip_tracking":false,"_monsterinsights_sitenote_active":false,"_monsterinsights_sitenote_note":"","_monsterinsights_sitenote_category":0,"footnotes":""},"class_list":["post-558","page","type-page","status-publish","hentry"],"acf":[],"yoast_head":"<!-- This site is optimized with the Yoast SEO plugin v20.6 - https:\/\/yoast.com\/wordpress\/plugins\/seo\/ -->\n<title>Cursos de Business English para profesionales | Londres<\/title>\n<meta name=\"description\" content=\"Mejora la pronunciaci\u00f3n y practica negociaciones en ingl\u00e9s con nuestras vacaciones con idiomas en Londres para profesionales\" \/>\n<meta name=\"robots\" content=\"index, follow, max-snippet:-1, max-image-preview:large, max-video-preview:-1\" \/>\n<link rel=\"canonical\" href=\"https:\/\/www.linguaholidays.com\/es\/vacaciones-londres-cursos-ingles\/vacaciones-e-ingles-de-negocios\/\" \/>\n<meta property=\"og:locale\" content=\"es_ES\" \/>\n<meta property=\"og:type\" content=\"article\" \/>\n<meta property=\"og:title\" content=\"Cursos de Business English para profesionales | Londres\" \/>\n<meta property=\"og:description\" content=\"Mejora la pronunciaci\u00f3n y practica negociaciones en ingl\u00e9s con nuestras vacaciones con idiomas en Londres para profesionales\" \/>\n<meta property=\"og:url\" content=\"https:\/\/www.linguaholidays.com\/es\/vacaciones-londres-cursos-ingles\/vacaciones-e-ingles-de-negocios\/\" \/>\n<meta property=\"og:site_name\" content=\"Lingua Holidays\" \/>\n<meta property=\"article:modified_time\" content=\"2019-07-19T15:26:37+00:00\" \/>\n<meta name=\"twitter:card\" content=\"summary_large_image\" \/>\n<meta name=\"twitter:label1\" content=\"Tiempo de lectura\" \/>\n\t<meta name=\"twitter:data1\" content=\"1 minuto\" \/>\n<script type=\"application\/ld+json\" class=\"yoast-schema-graph\">{\"@context\":\"https:\/\/schema.org\",\"@graph\":[{\"@type\":\"WebPage\",\"@id\":\"https:\/\/www.linguaholidays.com\/es\/vacaciones-londres-cursos-ingles\/vacaciones-e-ingles-de-negocios\/\",\"url\":\"https:\/\/www.linguaholidays.com\/es\/vacaciones-londres-cursos-ingles\/vacaciones-e-ingles-de-negocios\/\",\"name\":\"Cursos de Business English para profesionales | Londres\",\"isPartOf\":{\"@id\":\"https:\/\/www.linguaholidays.com\/#website\"},\"datePublished\":\"2017-08-18T11:35:40+00:00\",\"dateModified\":\"2019-07-19T15:26:37+00:00\",\"description\":\"Mejora la pronunciaci\u00f3n y practica negociaciones en ingl\u00e9s con nuestras vacaciones con idiomas en Londres para profesionales\",\"breadcrumb\":{\"@id\":\"https:\/\/www.linguaholidays.com\/es\/vacaciones-londres-cursos-ingles\/vacaciones-e-ingles-de-negocios\/#breadcrumb\"},\"inLanguage\":\"es\",\"potentialAction\":[{\"@type\":\"ReadAction\",\"target\":[\"https:\/\/www.linguaholidays.com\/es\/vacaciones-londres-cursos-ingles\/vacaciones-e-ingles-de-negocios\/\"]}]},{\"@type\":\"BreadcrumbList\",\"@id\":\"https:\/\/www.linguaholidays.com\/es\/vacaciones-londres-cursos-ingles\/vacaciones-e-ingles-de-negocios\/#breadcrumb\",\"itemListElement\":[{\"@type\":\"ListItem\",\"position\":1,\"name\":\"Home\",\"item\":\"https:\/\/www.linguaholidays.com\/es\/\"},{\"@type\":\"ListItem\",\"position\":2,\"name\":\"Vacaciones e ingl\u00e9s\",\"item\":\"https:\/\/www.linguaholidays.com\/es\/vacaciones-londres-cursos-ingles\/\"},{\"@type\":\"ListItem\",\"position\":3,\"name\":\"Vacaciones e ingl\u00e9s de negocios\"}]},{\"@type\":\"WebSite\",\"@id\":\"https:\/\/www.linguaholidays.com\/#website\",\"url\":\"https:\/\/www.linguaholidays.com\/\",\"name\":\"Lingua Holidays\",\"description\":\"Experience London. Learn English.\",\"publisher\":{\"@id\":\"https:\/\/www.linguaholidays.com\/#organization\"},\"potentialAction\":[{\"@type\":\"SearchAction\",\"target\":{\"@type\":\"EntryPoint\",\"urlTemplate\":\"https:\/\/www.linguaholidays.com\/?s={search_term_string}\"},\"query-input\":\"required name=search_term_string\"}],\"inLanguage\":\"es\"},{\"@type\":\"Organization\",\"@id\":\"https:\/\/www.linguaholidays.com\/#organization\",\"name\":\"Lingua Holidays\",\"url\":\"https:\/\/www.linguaholidays.com\/\",\"logo\":{\"@type\":\"ImageObject\",\"inLanguage\":\"es\",\"@id\":\"https:\/\/www.linguaholidays.com\/#\/schema\/logo\/image\/\",\"url\":\"https:\/\/www.linguaholidays.com\/wp-content\/uploads\/2017\/08\/about.jpg\",\"contentUrl\":\"https:\/\/www.linguaholidays.com\/wp-content\/uploads\/2017\/08\/about.jpg\",\"width\":860,\"height\":500,\"caption\":\"Lingua Holidays\"},\"image\":{\"@id\":\"https:\/\/www.linguaholidays.com\/#\/schema\/logo\/image\/\"}}]}<\/script>\n<!-- \/ Yoast SEO plugin. -->","yoast_head_json":{"title":"Cursos de Business English para profesionales | Londres","description":"Mejora la pronunciaci\u00f3n y practica negociaciones en ingl\u00e9s con nuestras vacaciones con idiomas en Londres para profesionales","robots":{"index":"index","follow":"follow","max-snippet":"max-snippet:-1","max-image-preview":"max-image-preview:large","max-video-preview":"max-video-preview:-1"},"canonical":"https:\/\/www.linguaholidays.com\/es\/vacaciones-londres-cursos-ingles\/vacaciones-e-ingles-de-negocios\/","og_locale":"es_ES","og_type":"article","og_title":"Cursos de Business English para profesionales | Londres","og_description":"Mejora la pronunciaci\u00f3n y practica negociaciones en ingl\u00e9s con nuestras vacaciones con idiomas en Londres para profesionales","og_url":"https:\/\/www.linguaholidays.com\/es\/vacaciones-londres-cursos-ingles\/vacaciones-e-ingles-de-negocios\/","og_site_name":"Lingua Holidays","article_modified_time":"2019-07-19T15:26:37+00:00","twitter_card":"summary_large_image","twitter_misc":{"Tiempo de lectura":"1 minuto"},"schema":{"@context":"https:\/\/schema.org","@graph":[{"@type":"WebPage","@id":"https:\/\/www.linguaholidays.com\/es\/vacaciones-londres-cursos-ingles\/vacaciones-e-ingles-de-negocios\/","url":"https:\/\/www.linguaholidays.com\/es\/vacaciones-londres-cursos-ingles\/vacaciones-e-ingles-de-negocios\/","name":"Cursos de Business English para profesionales | Londres","isPartOf":{"@id":"https:\/\/www.linguaholidays.com\/#website"},"datePublished":"2017-08-18T11:35:40+00:00","dateModified":"2019-07-19T15:26:37+00:00","description":"Mejora la pronunciaci\u00f3n y practica negociaciones en ingl\u00e9s con nuestras vacaciones con idiomas en Londres para profesionales","breadcrumb":{"@id":"https:\/\/www.linguaholidays.com\/es\/vacaciones-londres-cursos-ingles\/vacaciones-e-ingles-de-negocios\/#breadcrumb"},"inLanguage":"es","potentialAction":[{"@type":"ReadAction","target":["https:\/\/www.linguaholidays.com\/es\/vacaciones-londres-cursos-ingles\/vacaciones-e-ingles-de-negocios\/"]}]},{"@type":"BreadcrumbList","@id":"https:\/\/www.linguaholidays.com\/es\/vacaciones-londres-cursos-ingles\/vacaciones-e-ingles-de-negocios\/#breadcrumb","itemListElement":[{"@type":"ListItem","position":1,"name":"Home","item":"https:\/\/www.linguaholidays.com\/es\/"},{"@type":"ListItem","position":2,"name":"Vacaciones e ingl\u00e9s","item":"https:\/\/www.linguaholidays.com\/es\/vacaciones-londres-cursos-ingles\/"},{"@type":"ListItem","position":3,"name":"Vacaciones e ingl\u00e9s de negocios"}]},{"@type":"WebSite","@id":"https:\/\/www.linguaholidays.com\/#website","url":"https:\/\/www.linguaholidays.com\/","name":"Lingua Holidays","description":"Experience London. Learn English.","publisher":{"@id":"https:\/\/www.linguaholidays.com\/#organization"},"potentialAction":[{"@type":"SearchAction","target":{"@type":"EntryPoint","urlTemplate":"https:\/\/www.linguaholidays.com\/?s={search_term_string}"},"query-input":"required name=search_term_string"}],"inLanguage":"es"},{"@type":"Organization","@id":"https:\/\/www.linguaholidays.com\/#organization","name":"Lingua Holidays","url":"https:\/\/www.linguaholidays.com\/","logo":{"@type":"ImageObject","inLanguage":"es","@id":"https:\/\/www.linguaholidays.com\/#\/schema\/logo\/image\/","url":"https:\/\/www.linguaholidays.com\/wp-content\/uploads\/2017\/08\/about.jpg","contentUrl":"https:\/\/www.linguaholidays.com\/wp-content\/uploads\/2017\/08\/about.jpg","width":860,"height":500,"caption":"Lingua Holidays"},"image":{"@id":"https:\/\/www.linguaholidays.com\/#\/schema\/logo\/image\/"}}]}},"_links":{"self":[{"href":"https:\/\/www.linguaholidays.com\/es\/wp-json\/wp\/v2\/pages\/558","targetHints":{"allow":["GET"]}}],"collection":[{"href":"https:\/\/www.linguaholidays.com\/es\/wp-json\/wp\/v2\/pages"}],"about":[{"href":"https:\/\/www.linguaholidays.com\/es\/wp-json\/wp\/v2\/types\/page"}],"author":[{"embeddable":true,"href":"https:\/\/www.linguaholidays.com\/es\/wp-json\/wp\/v2\/users\/1"}],"replies":[{"embeddable":true,"href":"https:\/\/www.linguaholidays.com\/es\/wp-json\/wp\/v2\/comments?post=558"}],"version-history":[{"count":3,"href":"https:\/\/www.linguaholidays.com\/es\/wp-json\/wp\/v2\/pages\/558\/revisions"}],"predecessor-version":[{"id":3265,"href":"https:\/\/www.linguaholidays.com\/es\/wp-json\/wp\/v2\/pages\/558\/revisions\/3265"}],"up":[{"embeddable":true,"href":"https:\/\/www.linguaholidays.com\/es\/wp-json\/wp\/v2\/pages\/619"}],"wp:attachment":[{"href":"https:\/\/www.linguaholidays.com\/es\/wp-json\/wp\/v2\/media?parent=558"}],"curies":[{"name":"wp","href":"https:\/\/api.w.org\/{rel}","templated":true}]}}