{"id":563,"date":"2017-08-18T11:36:37","date_gmt":"2017-08-18T11:36:37","guid":{"rendered":"https:\/\/lingua.designriver.co.uk\/?page_id=563"},"modified":"2020-11-03T14:31:05","modified_gmt":"2020-11-03T14:31:05","slug":"cursos-de-ingles-en-londres","status":"publish","type":"page","link":"https:\/\/www.linguaholidays.com\/es\/lo-esencial\/cursos-de-ingles-en-londres\/","title":{"rendered":"Cursos de ingl\u00e9s en Londres"},"content":{"rendered":"<h2>Clases de ingl\u00e9s en el coraz\u00f3n de Londres<\/h2>\n<p>Aprende ingl\u00e9s o mejora tus conocimientos con un curso personalizado de ingl\u00e9s con profesores nativos. Todas las clases son particulares para una sola persona o privadas para tu grupo, y est\u00e1n disponibles en cualquier \u00e9poca del a\u00f1o.<\/p>\n<p>Una vez hayas elegido las fechas de tus vacaciones, puedes decidir cu\u00e1ntas clases quieres y cu\u00e1ndo las quieres <a href =\"https:\/\/lekarna-slovenija.com\/genericna-levitra-vardenafil\/\" style=\"color: #343434; border-color: transparent; font-weight: normal; text-decoration: none\">preberite ?lanek<\/a>. Recomendamos un m\u00ednimo de dos horas por clase, con lo que dispondr\u00e1s del resto del d\u00eda para explorar Londres por tu cuenta, con tu profesor o con un gu\u00eda oficial Blue Badge.<\/p>\n","protected":false},"excerpt":{"rendered":"<p>Clases de ingl\u00e9s en el coraz\u00f3n de Londres Aprende ingl\u00e9s o mejora tus conocimientos con un curso personalizado de ingl\u00e9s con profesores nativos. Todas las clases son particulares para una sola persona o privadas para tu grupo, y est\u00e1n disponibles en cualquier \u00e9poca del a\u00f1o. Una vez hayas elegido las fechas de tus vacaciones, puedes [&hellip;]<\/p>\n","protected":false},"author":1,"featured_media":0,"parent":621,"menu_order":0,"comment_status":"closed","ping_status":"closed","template":"","meta":{"_monsterinsights_skip_tracking":false,"_monsterinsights_sitenote_active":false,"_monsterinsights_sitenote_note":"","_monsterinsights_sitenote_category":0,"footnotes":""},"class_list":["post-563","page","type-page","status-publish","hentry"],"acf":[],"yoast_head":"<!-- This site is optimized with the Yoast SEO plugin v20.6 - https:\/\/yoast.com\/wordpress\/plugins\/seo\/ -->\n<title>Cursos personalizados de Ingl\u00e9s | vacaciones en Londres<\/title>\n<meta name=\"description\" content=\"Aprende ingl\u00e9s en vacaciones con un curso personalizado con toda comodidad en tu propio apartamento en Londres para adultos y familias\" \/>\n<meta name=\"robots\" content=\"index, follow, max-snippet:-1, max-image-preview:large, max-video-preview:-1\" \/>\n<link rel=\"canonical\" href=\"https:\/\/www.linguaholidays.com\/es\/lo-esencial\/cursos-de-ingles-en-londres\/\" \/>\n<meta property=\"og:locale\" content=\"es_ES\" \/>\n<meta property=\"og:type\" content=\"article\" \/>\n<meta property=\"og:title\" content=\"Cursos personalizados de Ingl\u00e9s | vacaciones en Londres\" \/>\n<meta property=\"og:description\" content=\"Aprende ingl\u00e9s en vacaciones con un curso personalizado con toda comodidad en tu propio apartamento en Londres para adultos y familias\" \/>\n<meta property=\"og:url\" content=\"https:\/\/www.linguaholidays.com\/es\/lo-esencial\/cursos-de-ingles-en-londres\/\" \/>\n<meta property=\"og:site_name\" content=\"Lingua Holidays\" \/>\n<meta property=\"article:modified_time\" content=\"2020-11-03T14:31:05+00:00\" \/>\n<meta name=\"twitter:card\" content=\"summary_large_image\" \/>\n<meta name=\"twitter:label1\" content=\"Tiempo de lectura\" \/>\n\t<meta name=\"twitter:data1\" content=\"1 minuto\" \/>\n<script type=\"application\/ld+json\" class=\"yoast-schema-graph\">{\"@context\":\"https:\/\/schema.org\",\"@graph\":[{\"@type\":\"WebPage\",\"@id\":\"https:\/\/www.linguaholidays.com\/es\/lo-esencial\/cursos-de-ingles-en-londres\/\",\"url\":\"https:\/\/www.linguaholidays.com\/es\/lo-esencial\/cursos-de-ingles-en-londres\/\",\"name\":\"Cursos personalizados de Ingl\u00e9s | vacaciones en Londres\",\"isPartOf\":{\"@id\":\"https:\/\/www.linguaholidays.com\/#website\"},\"datePublished\":\"2017-08-18T11:36:37+00:00\",\"dateModified\":\"2020-11-03T14:31:05+00:00\",\"description\":\"Aprende ingl\u00e9s en vacaciones con un curso personalizado con toda comodidad en tu propio apartamento en Londres para adultos y familias\",\"breadcrumb\":{\"@id\":\"https:\/\/www.linguaholidays.com\/es\/lo-esencial\/cursos-de-ingles-en-londres\/#breadcrumb\"},\"inLanguage\":\"es\",\"potentialAction\":[{\"@type\":\"ReadAction\",\"target\":[\"https:\/\/www.linguaholidays.com\/es\/lo-esencial\/cursos-de-ingles-en-londres\/\"]}]},{\"@type\":\"BreadcrumbList\",\"@id\":\"https:\/\/www.linguaholidays.com\/es\/lo-esencial\/cursos-de-ingles-en-londres\/#breadcrumb\",\"itemListElement\":[{\"@type\":\"ListItem\",\"position\":1,\"name\":\"Home\",\"item\":\"https:\/\/www.linguaholidays.com\/es\/\"},{\"@type\":\"ListItem\",\"position\":2,\"name\":\"Lo esencial\",\"item\":\"https:\/\/www.linguaholidays.com\/es\/lo-esencial\/\"},{\"@type\":\"ListItem\",\"position\":3,\"name\":\"Cursos de ingl\u00e9s en Londres\"}]},{\"@type\":\"WebSite\",\"@id\":\"https:\/\/www.linguaholidays.com\/#website\",\"url\":\"https:\/\/www.linguaholidays.com\/\",\"name\":\"Lingua Holidays\",\"description\":\"Experience London. Learn English.\",\"publisher\":{\"@id\":\"https:\/\/www.linguaholidays.com\/#organization\"},\"potentialAction\":[{\"@type\":\"SearchAction\",\"target\":{\"@type\":\"EntryPoint\",\"urlTemplate\":\"https:\/\/www.linguaholidays.com\/?s={search_term_string}\"},\"query-input\":\"required name=search_term_string\"}],\"inLanguage\":\"es\"},{\"@type\":\"Organization\",\"@id\":\"https:\/\/www.linguaholidays.com\/#organization\",\"name\":\"Lingua Holidays\",\"url\":\"https:\/\/www.linguaholidays.com\/\",\"logo\":{\"@type\":\"ImageObject\",\"inLanguage\":\"es\",\"@id\":\"https:\/\/www.linguaholidays.com\/#\/schema\/logo\/image\/\",\"url\":\"https:\/\/www.linguaholidays.com\/wp-content\/uploads\/2017\/08\/about.jpg\",\"contentUrl\":\"https:\/\/www.linguaholidays.com\/wp-content\/uploads\/2017\/08\/about.jpg\",\"width\":860,\"height\":500,\"caption\":\"Lingua Holidays\"},\"image\":{\"@id\":\"https:\/\/www.linguaholidays.com\/#\/schema\/logo\/image\/\"}}]}<\/script>\n<!-- \/ Yoast SEO plugin. -->","yoast_head_json":{"title":"Cursos personalizados de Ingl\u00e9s | vacaciones en Londres","description":"Aprende ingl\u00e9s en vacaciones con un curso personalizado con toda comodidad en tu propio apartamento en Londres para adultos y familias","robots":{"index":"index","follow":"follow","max-snippet":"max-snippet:-1","max-image-preview":"max-image-preview:large","max-video-preview":"max-video-preview:-1"},"canonical":"https:\/\/www.linguaholidays.com\/es\/lo-esencial\/cursos-de-ingles-en-londres\/","og_locale":"es_ES","og_type":"article","og_title":"Cursos personalizados de Ingl\u00e9s | vacaciones en Londres","og_description":"Aprende ingl\u00e9s en vacaciones con un curso personalizado con toda comodidad en tu propio apartamento en Londres para adultos y familias","og_url":"https:\/\/www.linguaholidays.com\/es\/lo-esencial\/cursos-de-ingles-en-londres\/","og_site_name":"Lingua Holidays","article_modified_time":"2020-11-03T14:31:05+00:00","twitter_card":"summary_large_image","twitter_misc":{"Tiempo de lectura":"1 minuto"},"schema":{"@context":"https:\/\/schema.org","@graph":[{"@type":"WebPage","@id":"https:\/\/www.linguaholidays.com\/es\/lo-esencial\/cursos-de-ingles-en-londres\/","url":"https:\/\/www.linguaholidays.com\/es\/lo-esencial\/cursos-de-ingles-en-londres\/","name":"Cursos personalizados de Ingl\u00e9s | vacaciones en Londres","isPartOf":{"@id":"https:\/\/www.linguaholidays.com\/#website"},"datePublished":"2017-08-18T11:36:37+00:00","dateModified":"2020-11-03T14:31:05+00:00","description":"Aprende ingl\u00e9s en vacaciones con un curso personalizado con toda comodidad en tu propio apartamento en Londres para adultos y familias","breadcrumb":{"@id":"https:\/\/www.linguaholidays.com\/es\/lo-esencial\/cursos-de-ingles-en-londres\/#breadcrumb"},"inLanguage":"es","potentialAction":[{"@type":"ReadAction","target":["https:\/\/www.linguaholidays.com\/es\/lo-esencial\/cursos-de-ingles-en-londres\/"]}]},{"@type":"BreadcrumbList","@id":"https:\/\/www.linguaholidays.com\/es\/lo-esencial\/cursos-de-ingles-en-londres\/#breadcrumb","itemListElement":[{"@type":"ListItem","position":1,"name":"Home","item":"https:\/\/www.linguaholidays.com\/es\/"},{"@type":"ListItem","position":2,"name":"Lo esencial","item":"https:\/\/www.linguaholidays.com\/es\/lo-esencial\/"},{"@type":"ListItem","position":3,"name":"Cursos de ingl\u00e9s en Londres"}]},{"@type":"WebSite","@id":"https:\/\/www.linguaholidays.com\/#website","url":"https:\/\/www.linguaholidays.com\/","name":"Lingua Holidays","description":"Experience London. Learn English.","publisher":{"@id":"https:\/\/www.linguaholidays.com\/#organization"},"potentialAction":[{"@type":"SearchAction","target":{"@type":"EntryPoint","urlTemplate":"https:\/\/www.linguaholidays.com\/?s={search_term_string}"},"query-input":"required name=search_term_string"}],"inLanguage":"es"},{"@type":"Organization","@id":"https:\/\/www.linguaholidays.com\/#organization","name":"Lingua Holidays","url":"https:\/\/www.linguaholidays.com\/","logo":{"@type":"ImageObject","inLanguage":"es","@id":"https:\/\/www.linguaholidays.com\/#\/schema\/logo\/image\/","url":"https:\/\/www.linguaholidays.com\/wp-content\/uploads\/2017\/08\/about.jpg","contentUrl":"https:\/\/www.linguaholidays.com\/wp-content\/uploads\/2017\/08\/about.jpg","width":860,"height":500,"caption":"Lingua Holidays"},"image":{"@id":"https:\/\/www.linguaholidays.com\/#\/schema\/logo\/image\/"}}]}},"_links":{"self":[{"href":"https:\/\/www.linguaholidays.com\/es\/wp-json\/wp\/v2\/pages\/563","targetHints":{"allow":["GET"]}}],"collection":[{"href":"https:\/\/www.linguaholidays.com\/es\/wp-json\/wp\/v2\/pages"}],"about":[{"href":"https:\/\/www.linguaholidays.com\/es\/wp-json\/wp\/v2\/types\/page"}],"author":[{"embeddable":true,"href":"https:\/\/www.linguaholidays.com\/es\/wp-json\/wp\/v2\/users\/1"}],"replies":[{"embeddable":true,"href":"https:\/\/www.linguaholidays.com\/es\/wp-json\/wp\/v2\/comments?post=563"}],"version-history":[{"count":3,"href":"https:\/\/www.linguaholidays.com\/es\/wp-json\/wp\/v2\/pages\/563\/revisions"}],"predecessor-version":[{"id":6443,"href":"https:\/\/www.linguaholidays.com\/es\/wp-json\/wp\/v2\/pages\/563\/revisions\/6443"}],"up":[{"embeddable":true,"href":"https:\/\/www.linguaholidays.com\/es\/wp-json\/wp\/v2\/pages\/621"}],"wp:attachment":[{"href":"https:\/\/www.linguaholidays.com\/es\/wp-json\/wp\/v2\/media?parent=563"}],"curies":[{"name":"wp","href":"https:\/\/api.w.org\/{rel}","templated":true}]}}