{"id":565,"date":"2017-09-14T17:26:43","date_gmt":"2017-09-14T17:26:43","guid":{"rendered":"https:\/\/lingua.designriver.co.uk\/?page_id=565"},"modified":"2019-07-19T14:56:33","modified_gmt":"2019-07-19T14:56:33","slug":"alojate-en-el-mismo-corazon-de-londres","status":"publish","type":"page","link":"https:\/\/www.linguaholidays.com\/es\/lo-esencial\/alojate-en-el-mismo-corazon-de-londres\/","title":{"rendered":"Al\u00f3jate en el mismo coraz\u00f3n de Londres"},"content":{"rendered":"<h2>Apartamentos de lujo en pleno centro de Londres<\/h2>\n<p>Al\u00f3jate en un estudio o apartamento atendido para ver c\u00f3mo es vivir en Londres. Tenemos tres categor\u00edas de alojamiento: est\u00e1ndar, superior y de lujo. Todos los apartamentos est\u00e1n cerca de las principales atracciones del centro de Londres.<\/p>\n<p>Todos los apartamentos de uno y dos dormitorios tienen cocina y sal\u00f3n-comedor, donde tendr\u00e1n lugar las clases de ingl\u00e9s. Los estudios tienen forma de \u00abL\u00bb, con cocina y un sal\u00f3n con mesa de comedor.<\/p>\n","protected":false},"excerpt":{"rendered":"<p>Apartamentos de lujo en pleno centro de Londres Al\u00f3jate en un estudio o apartamento atendido para ver c\u00f3mo es vivir en Londres. Tenemos tres categor\u00edas de alojamiento: est\u00e1ndar, superior y de lujo. Todos los apartamentos est\u00e1n cerca de las principales atracciones del centro de Londres. Todos los apartamentos de uno y dos dormitorios tienen cocina [&hellip;]<\/p>\n","protected":false},"author":1,"featured_media":0,"parent":621,"menu_order":0,"comment_status":"closed","ping_status":"closed","template":"","meta":{"_monsterinsights_skip_tracking":false,"_monsterinsights_sitenote_active":false,"_monsterinsights_sitenote_note":"","_monsterinsights_sitenote_category":0,"footnotes":""},"class_list":["post-565","page","type-page","status-publish","hentry"],"acf":[],"yoast_head":"<!-- This site is optimized with the Yoast SEO plugin v20.6 - https:\/\/yoast.com\/wordpress\/plugins\/seo\/ -->\n<title>Cursos de ingl\u00e9s en Londres | Apartamentos de lujo<\/title>\n<meta name=\"description\" content=\"Estudia con toda comodidad con clases personalizadas en tu proprio apartamento cerca de las principales atracciones del centro de Londres.\" \/>\n<meta name=\"robots\" content=\"index, follow, max-snippet:-1, max-image-preview:large, max-video-preview:-1\" \/>\n<link rel=\"canonical\" href=\"https:\/\/www.linguaholidays.com\/es\/lo-esencial\/alojate-en-el-mismo-corazon-de-londres\/\" \/>\n<meta property=\"og:locale\" content=\"es_ES\" \/>\n<meta property=\"og:type\" content=\"article\" \/>\n<meta property=\"og:title\" content=\"Cursos de ingl\u00e9s en Londres | Apartamentos de lujo\" \/>\n<meta property=\"og:description\" content=\"Estudia con toda comodidad con clases personalizadas en tu proprio apartamento cerca de las principales atracciones del centro de Londres.\" \/>\n<meta property=\"og:url\" content=\"https:\/\/www.linguaholidays.com\/es\/lo-esencial\/alojate-en-el-mismo-corazon-de-londres\/\" \/>\n<meta property=\"og:site_name\" content=\"Lingua Holidays\" \/>\n<meta property=\"article:modified_time\" content=\"2019-07-19T14:56:33+00:00\" \/>\n<meta name=\"twitter:card\" content=\"summary_large_image\" \/>\n<script type=\"application\/ld+json\" class=\"yoast-schema-graph\">{\"@context\":\"https:\/\/schema.org\",\"@graph\":[{\"@type\":\"WebPage\",\"@id\":\"https:\/\/www.linguaholidays.com\/es\/lo-esencial\/alojate-en-el-mismo-corazon-de-londres\/\",\"url\":\"https:\/\/www.linguaholidays.com\/es\/lo-esencial\/alojate-en-el-mismo-corazon-de-londres\/\",\"name\":\"Cursos de ingl\u00e9s en Londres | Apartamentos de lujo\",\"isPartOf\":{\"@id\":\"https:\/\/www.linguaholidays.com\/#website\"},\"datePublished\":\"2017-09-14T17:26:43+00:00\",\"dateModified\":\"2019-07-19T14:56:33+00:00\",\"description\":\"Estudia con toda comodidad con clases personalizadas en tu proprio apartamento cerca de las principales atracciones del centro de Londres.\",\"breadcrumb\":{\"@id\":\"https:\/\/www.linguaholidays.com\/es\/lo-esencial\/alojate-en-el-mismo-corazon-de-londres\/#breadcrumb\"},\"inLanguage\":\"es\",\"potentialAction\":[{\"@type\":\"ReadAction\",\"target\":[\"https:\/\/www.linguaholidays.com\/es\/lo-esencial\/alojate-en-el-mismo-corazon-de-londres\/\"]}]},{\"@type\":\"BreadcrumbList\",\"@id\":\"https:\/\/www.linguaholidays.com\/es\/lo-esencial\/alojate-en-el-mismo-corazon-de-londres\/#breadcrumb\",\"itemListElement\":[{\"@type\":\"ListItem\",\"position\":1,\"name\":\"Home\",\"item\":\"https:\/\/www.linguaholidays.com\/es\/\"},{\"@type\":\"ListItem\",\"position\":2,\"name\":\"Lo esencial\",\"item\":\"https:\/\/www.linguaholidays.com\/es\/lo-esencial\/\"},{\"@type\":\"ListItem\",\"position\":3,\"name\":\"Al\u00f3jate en el mismo coraz\u00f3n de Londres\"}]},{\"@type\":\"WebSite\",\"@id\":\"https:\/\/www.linguaholidays.com\/#website\",\"url\":\"https:\/\/www.linguaholidays.com\/\",\"name\":\"Lingua Holidays\",\"description\":\"Experience London. Learn English.\",\"publisher\":{\"@id\":\"https:\/\/www.linguaholidays.com\/#organization\"},\"potentialAction\":[{\"@type\":\"SearchAction\",\"target\":{\"@type\":\"EntryPoint\",\"urlTemplate\":\"https:\/\/www.linguaholidays.com\/?s={search_term_string}\"},\"query-input\":\"required name=search_term_string\"}],\"inLanguage\":\"es\"},{\"@type\":\"Organization\",\"@id\":\"https:\/\/www.linguaholidays.com\/#organization\",\"name\":\"Lingua Holidays\",\"url\":\"https:\/\/www.linguaholidays.com\/\",\"logo\":{\"@type\":\"ImageObject\",\"inLanguage\":\"es\",\"@id\":\"https:\/\/www.linguaholidays.com\/#\/schema\/logo\/image\/\",\"url\":\"https:\/\/www.linguaholidays.com\/wp-content\/uploads\/2017\/08\/about.jpg\",\"contentUrl\":\"https:\/\/www.linguaholidays.com\/wp-content\/uploads\/2017\/08\/about.jpg\",\"width\":860,\"height\":500,\"caption\":\"Lingua Holidays\"},\"image\":{\"@id\":\"https:\/\/www.linguaholidays.com\/#\/schema\/logo\/image\/\"}}]}<\/script>\n<!-- \/ Yoast SEO plugin. -->","yoast_head_json":{"title":"Cursos de ingl\u00e9s en Londres | Apartamentos de lujo","description":"Estudia con toda comodidad con clases personalizadas en tu proprio apartamento cerca de las principales atracciones del centro de Londres.","robots":{"index":"index","follow":"follow","max-snippet":"max-snippet:-1","max-image-preview":"max-image-preview:large","max-video-preview":"max-video-preview:-1"},"canonical":"https:\/\/www.linguaholidays.com\/es\/lo-esencial\/alojate-en-el-mismo-corazon-de-londres\/","og_locale":"es_ES","og_type":"article","og_title":"Cursos de ingl\u00e9s en Londres | Apartamentos de lujo","og_description":"Estudia con toda comodidad con clases personalizadas en tu proprio apartamento cerca de las principales atracciones del centro de Londres.","og_url":"https:\/\/www.linguaholidays.com\/es\/lo-esencial\/alojate-en-el-mismo-corazon-de-londres\/","og_site_name":"Lingua Holidays","article_modified_time":"2019-07-19T14:56:33+00:00","twitter_card":"summary_large_image","schema":{"@context":"https:\/\/schema.org","@graph":[{"@type":"WebPage","@id":"https:\/\/www.linguaholidays.com\/es\/lo-esencial\/alojate-en-el-mismo-corazon-de-londres\/","url":"https:\/\/www.linguaholidays.com\/es\/lo-esencial\/alojate-en-el-mismo-corazon-de-londres\/","name":"Cursos de ingl\u00e9s en Londres | Apartamentos de lujo","isPartOf":{"@id":"https:\/\/www.linguaholidays.com\/#website"},"datePublished":"2017-09-14T17:26:43+00:00","dateModified":"2019-07-19T14:56:33+00:00","description":"Estudia con toda comodidad con clases personalizadas en tu proprio apartamento cerca de las principales atracciones del centro de Londres.","breadcrumb":{"@id":"https:\/\/www.linguaholidays.com\/es\/lo-esencial\/alojate-en-el-mismo-corazon-de-londres\/#breadcrumb"},"inLanguage":"es","potentialAction":[{"@type":"ReadAction","target":["https:\/\/www.linguaholidays.com\/es\/lo-esencial\/alojate-en-el-mismo-corazon-de-londres\/"]}]},{"@type":"BreadcrumbList","@id":"https:\/\/www.linguaholidays.com\/es\/lo-esencial\/alojate-en-el-mismo-corazon-de-londres\/#breadcrumb","itemListElement":[{"@type":"ListItem","position":1,"name":"Home","item":"https:\/\/www.linguaholidays.com\/es\/"},{"@type":"ListItem","position":2,"name":"Lo esencial","item":"https:\/\/www.linguaholidays.com\/es\/lo-esencial\/"},{"@type":"ListItem","position":3,"name":"Al\u00f3jate en el mismo coraz\u00f3n de Londres"}]},{"@type":"WebSite","@id":"https:\/\/www.linguaholidays.com\/#website","url":"https:\/\/www.linguaholidays.com\/","name":"Lingua Holidays","description":"Experience London. Learn English.","publisher":{"@id":"https:\/\/www.linguaholidays.com\/#organization"},"potentialAction":[{"@type":"SearchAction","target":{"@type":"EntryPoint","urlTemplate":"https:\/\/www.linguaholidays.com\/?s={search_term_string}"},"query-input":"required name=search_term_string"}],"inLanguage":"es"},{"@type":"Organization","@id":"https:\/\/www.linguaholidays.com\/#organization","name":"Lingua Holidays","url":"https:\/\/www.linguaholidays.com\/","logo":{"@type":"ImageObject","inLanguage":"es","@id":"https:\/\/www.linguaholidays.com\/#\/schema\/logo\/image\/","url":"https:\/\/www.linguaholidays.com\/wp-content\/uploads\/2017\/08\/about.jpg","contentUrl":"https:\/\/www.linguaholidays.com\/wp-content\/uploads\/2017\/08\/about.jpg","width":860,"height":500,"caption":"Lingua Holidays"},"image":{"@id":"https:\/\/www.linguaholidays.com\/#\/schema\/logo\/image\/"}}]}},"_links":{"self":[{"href":"https:\/\/www.linguaholidays.com\/es\/wp-json\/wp\/v2\/pages\/565","targetHints":{"allow":["GET"]}}],"collection":[{"href":"https:\/\/www.linguaholidays.com\/es\/wp-json\/wp\/v2\/pages"}],"about":[{"href":"https:\/\/www.linguaholidays.com\/es\/wp-json\/wp\/v2\/types\/page"}],"author":[{"embeddable":true,"href":"https:\/\/www.linguaholidays.com\/es\/wp-json\/wp\/v2\/users\/1"}],"replies":[{"embeddable":true,"href":"https:\/\/www.linguaholidays.com\/es\/wp-json\/wp\/v2\/comments?post=565"}],"version-history":[{"count":3,"href":"https:\/\/www.linguaholidays.com\/es\/wp-json\/wp\/v2\/pages\/565\/revisions"}],"predecessor-version":[{"id":1762,"href":"https:\/\/www.linguaholidays.com\/es\/wp-json\/wp\/v2\/pages\/565\/revisions\/1762"}],"up":[{"embeddable":true,"href":"https:\/\/www.linguaholidays.com\/es\/wp-json\/wp\/v2\/pages\/621"}],"wp:attachment":[{"href":"https:\/\/www.linguaholidays.com\/es\/wp-json\/wp\/v2\/media?parent=565"}],"curies":[{"name":"wp","href":"https:\/\/api.w.org\/{rel}","templated":true}]}}