{"id":570,"date":"2017-08-18T11:37:11","date_gmt":"2017-08-18T11:37:11","guid":{"rendered":"https:\/\/lingua.designriver.co.uk\/?page_id=570"},"modified":"2022-09-13T16:15:31","modified_gmt":"2022-09-13T16:15:31","slug":"actividades-y-excursiones","status":"publish","type":"page","link":"https:\/\/www.linguaholidays.com\/es\/lo-esencial\/actividades-y-excursiones\/","title":{"rendered":"Actividades y excursiones"},"content":{"rendered":"<h2>Explora Londres y el sureste de Inglaterra.<\/h2>\n<p>Ve los lugares m\u00e1s famosos de una de las ciudades m\u00e1s emocionantes del mundo.&nbsp; Explora sus obras arte cl\u00e1sicas y contempor\u00e1neas y disfruta de tiendas y restaurantes de categor\u00eda internacional. Y no nos olvidemos de los parques y las zonas verdes, su largu\u00edsima lista de exposiciones, festivales y conciertos, y su floreciente panorama art\u00edstico. Organizamos visitas a las principales atracciones tur\u00edsticas de Londres.&nbsp; Pero tambi\u00e9n nos gusta ense\u00f1arte los secretos mejor guardados: los sitios y eventos a los que acuden los propios londinenses.<\/p>\n","protected":false},"excerpt":{"rendered":"<p>Explora Londres y el sureste de Inglaterra. Ve los lugares m\u00e1s famosos de una de las ciudades m\u00e1s emocionantes del mundo.&nbsp; Explora sus obras arte cl\u00e1sicas y contempor\u00e1neas y disfruta de tiendas y restaurantes de categor\u00eda internacional. Y no nos olvidemos de los parques y las zonas verdes, su largu\u00edsima lista de exposiciones, festivales y [&hellip;]<\/p>\n","protected":false},"author":1,"featured_media":0,"parent":621,"menu_order":0,"comment_status":"closed","ping_status":"closed","template":"","meta":{"_monsterinsights_skip_tracking":false,"_monsterinsights_sitenote_active":false,"_monsterinsights_sitenote_note":"","_monsterinsights_sitenote_category":0,"footnotes":""},"class_list":["post-570","page","type-page","status-publish","hentry"],"acf":[],"yoast_head":"<!-- This site is optimized with the Yoast SEO plugin v20.6 - https:\/\/yoast.com\/wordpress\/plugins\/seo\/ -->\n<title>Cursos de ingl\u00e9s | actividades y escursiones en Londres<\/title>\n<meta name=\"description\" content=\"Visita las principales atracciones tur\u00edsticas de Londres y el sureste de Inglaterra con tu profesor de ingl\u00e9s o un gu\u00eda oficial Blue Bladge\" \/>\n<meta name=\"robots\" content=\"index, follow, max-snippet:-1, max-image-preview:large, max-video-preview:-1\" \/>\n<link rel=\"canonical\" href=\"https:\/\/www.linguaholidays.com\/es\/lo-esencial\/actividades-y-excursiones\/\" \/>\n<meta property=\"og:locale\" content=\"es_ES\" \/>\n<meta property=\"og:type\" content=\"article\" \/>\n<meta property=\"og:title\" content=\"Cursos de ingl\u00e9s | actividades y escursiones en Londres\" \/>\n<meta property=\"og:description\" content=\"Visita las principales atracciones tur\u00edsticas de Londres y el sureste de Inglaterra con tu profesor de ingl\u00e9s o un gu\u00eda oficial Blue Bladge\" \/>\n<meta property=\"og:url\" content=\"https:\/\/www.linguaholidays.com\/es\/lo-esencial\/actividades-y-excursiones\/\" \/>\n<meta property=\"og:site_name\" content=\"Lingua Holidays\" \/>\n<meta property=\"article:modified_time\" content=\"2022-09-13T16:15:31+00:00\" \/>\n<meta name=\"twitter:card\" content=\"summary_large_image\" \/>\n<meta name=\"twitter:label1\" content=\"Tiempo de lectura\" \/>\n\t<meta name=\"twitter:data1\" content=\"1 minuto\" \/>\n<script type=\"application\/ld+json\" class=\"yoast-schema-graph\">{\"@context\":\"https:\/\/schema.org\",\"@graph\":[{\"@type\":\"WebPage\",\"@id\":\"https:\/\/www.linguaholidays.com\/es\/lo-esencial\/actividades-y-excursiones\/\",\"url\":\"https:\/\/www.linguaholidays.com\/es\/lo-esencial\/actividades-y-excursiones\/\",\"name\":\"Cursos de ingl\u00e9s | actividades y escursiones en Londres\",\"isPartOf\":{\"@id\":\"https:\/\/www.linguaholidays.com\/#website\"},\"datePublished\":\"2017-08-18T11:37:11+00:00\",\"dateModified\":\"2022-09-13T16:15:31+00:00\",\"description\":\"Visita las principales atracciones tur\u00edsticas de Londres y el sureste de Inglaterra con tu profesor de ingl\u00e9s o un gu\u00eda oficial Blue Bladge\",\"breadcrumb\":{\"@id\":\"https:\/\/www.linguaholidays.com\/es\/lo-esencial\/actividades-y-excursiones\/#breadcrumb\"},\"inLanguage\":\"es\",\"potentialAction\":[{\"@type\":\"ReadAction\",\"target\":[\"https:\/\/www.linguaholidays.com\/es\/lo-esencial\/actividades-y-excursiones\/\"]}]},{\"@type\":\"BreadcrumbList\",\"@id\":\"https:\/\/www.linguaholidays.com\/es\/lo-esencial\/actividades-y-excursiones\/#breadcrumb\",\"itemListElement\":[{\"@type\":\"ListItem\",\"position\":1,\"name\":\"Home\",\"item\":\"https:\/\/www.linguaholidays.com\/es\/\"},{\"@type\":\"ListItem\",\"position\":2,\"name\":\"Lo esencial\",\"item\":\"https:\/\/www.linguaholidays.com\/es\/lo-esencial\/\"},{\"@type\":\"ListItem\",\"position\":3,\"name\":\"Actividades y excursiones\"}]},{\"@type\":\"WebSite\",\"@id\":\"https:\/\/www.linguaholidays.com\/#website\",\"url\":\"https:\/\/www.linguaholidays.com\/\",\"name\":\"Lingua Holidays\",\"description\":\"Experience London. Learn English.\",\"publisher\":{\"@id\":\"https:\/\/www.linguaholidays.com\/#organization\"},\"potentialAction\":[{\"@type\":\"SearchAction\",\"target\":{\"@type\":\"EntryPoint\",\"urlTemplate\":\"https:\/\/www.linguaholidays.com\/?s={search_term_string}\"},\"query-input\":\"required name=search_term_string\"}],\"inLanguage\":\"es\"},{\"@type\":\"Organization\",\"@id\":\"https:\/\/www.linguaholidays.com\/#organization\",\"name\":\"Lingua Holidays\",\"url\":\"https:\/\/www.linguaholidays.com\/\",\"logo\":{\"@type\":\"ImageObject\",\"inLanguage\":\"es\",\"@id\":\"https:\/\/www.linguaholidays.com\/#\/schema\/logo\/image\/\",\"url\":\"https:\/\/www.linguaholidays.com\/wp-content\/uploads\/2017\/08\/about.jpg\",\"contentUrl\":\"https:\/\/www.linguaholidays.com\/wp-content\/uploads\/2017\/08\/about.jpg\",\"width\":860,\"height\":500,\"caption\":\"Lingua Holidays\"},\"image\":{\"@id\":\"https:\/\/www.linguaholidays.com\/#\/schema\/logo\/image\/\"}}]}<\/script>\n<!-- \/ Yoast SEO plugin. -->","yoast_head_json":{"title":"Cursos de ingl\u00e9s | actividades y escursiones en Londres","description":"Visita las principales atracciones tur\u00edsticas de Londres y el sureste de Inglaterra con tu profesor de ingl\u00e9s o un gu\u00eda oficial Blue Bladge","robots":{"index":"index","follow":"follow","max-snippet":"max-snippet:-1","max-image-preview":"max-image-preview:large","max-video-preview":"max-video-preview:-1"},"canonical":"https:\/\/www.linguaholidays.com\/es\/lo-esencial\/actividades-y-excursiones\/","og_locale":"es_ES","og_type":"article","og_title":"Cursos de ingl\u00e9s | actividades y escursiones en Londres","og_description":"Visita las principales atracciones tur\u00edsticas de Londres y el sureste de Inglaterra con tu profesor de ingl\u00e9s o un gu\u00eda oficial Blue Bladge","og_url":"https:\/\/www.linguaholidays.com\/es\/lo-esencial\/actividades-y-excursiones\/","og_site_name":"Lingua Holidays","article_modified_time":"2022-09-13T16:15:31+00:00","twitter_card":"summary_large_image","twitter_misc":{"Tiempo de lectura":"1 minuto"},"schema":{"@context":"https:\/\/schema.org","@graph":[{"@type":"WebPage","@id":"https:\/\/www.linguaholidays.com\/es\/lo-esencial\/actividades-y-excursiones\/","url":"https:\/\/www.linguaholidays.com\/es\/lo-esencial\/actividades-y-excursiones\/","name":"Cursos de ingl\u00e9s | actividades y escursiones en Londres","isPartOf":{"@id":"https:\/\/www.linguaholidays.com\/#website"},"datePublished":"2017-08-18T11:37:11+00:00","dateModified":"2022-09-13T16:15:31+00:00","description":"Visita las principales atracciones tur\u00edsticas de Londres y el sureste de Inglaterra con tu profesor de ingl\u00e9s o un gu\u00eda oficial Blue Bladge","breadcrumb":{"@id":"https:\/\/www.linguaholidays.com\/es\/lo-esencial\/actividades-y-excursiones\/#breadcrumb"},"inLanguage":"es","potentialAction":[{"@type":"ReadAction","target":["https:\/\/www.linguaholidays.com\/es\/lo-esencial\/actividades-y-excursiones\/"]}]},{"@type":"BreadcrumbList","@id":"https:\/\/www.linguaholidays.com\/es\/lo-esencial\/actividades-y-excursiones\/#breadcrumb","itemListElement":[{"@type":"ListItem","position":1,"name":"Home","item":"https:\/\/www.linguaholidays.com\/es\/"},{"@type":"ListItem","position":2,"name":"Lo esencial","item":"https:\/\/www.linguaholidays.com\/es\/lo-esencial\/"},{"@type":"ListItem","position":3,"name":"Actividades y excursiones"}]},{"@type":"WebSite","@id":"https:\/\/www.linguaholidays.com\/#website","url":"https:\/\/www.linguaholidays.com\/","name":"Lingua Holidays","description":"Experience London. Learn English.","publisher":{"@id":"https:\/\/www.linguaholidays.com\/#organization"},"potentialAction":[{"@type":"SearchAction","target":{"@type":"EntryPoint","urlTemplate":"https:\/\/www.linguaholidays.com\/?s={search_term_string}"},"query-input":"required name=search_term_string"}],"inLanguage":"es"},{"@type":"Organization","@id":"https:\/\/www.linguaholidays.com\/#organization","name":"Lingua Holidays","url":"https:\/\/www.linguaholidays.com\/","logo":{"@type":"ImageObject","inLanguage":"es","@id":"https:\/\/www.linguaholidays.com\/#\/schema\/logo\/image\/","url":"https:\/\/www.linguaholidays.com\/wp-content\/uploads\/2017\/08\/about.jpg","contentUrl":"https:\/\/www.linguaholidays.com\/wp-content\/uploads\/2017\/08\/about.jpg","width":860,"height":500,"caption":"Lingua Holidays"},"image":{"@id":"https:\/\/www.linguaholidays.com\/#\/schema\/logo\/image\/"}}]}},"_links":{"self":[{"href":"https:\/\/www.linguaholidays.com\/es\/wp-json\/wp\/v2\/pages\/570","targetHints":{"allow":["GET"]}}],"collection":[{"href":"https:\/\/www.linguaholidays.com\/es\/wp-json\/wp\/v2\/pages"}],"about":[{"href":"https:\/\/www.linguaholidays.com\/es\/wp-json\/wp\/v2\/types\/page"}],"author":[{"embeddable":true,"href":"https:\/\/www.linguaholidays.com\/es\/wp-json\/wp\/v2\/users\/1"}],"replies":[{"embeddable":true,"href":"https:\/\/www.linguaholidays.com\/es\/wp-json\/wp\/v2\/comments?post=570"}],"version-history":[{"count":8,"href":"https:\/\/www.linguaholidays.com\/es\/wp-json\/wp\/v2\/pages\/570\/revisions"}],"predecessor-version":[{"id":7345,"href":"https:\/\/www.linguaholidays.com\/es\/wp-json\/wp\/v2\/pages\/570\/revisions\/7345"}],"up":[{"embeddable":true,"href":"https:\/\/www.linguaholidays.com\/es\/wp-json\/wp\/v2\/pages\/621"}],"wp:attachment":[{"href":"https:\/\/www.linguaholidays.com\/es\/wp-json\/wp\/v2\/media?parent=570"}],"curies":[{"name":"wp","href":"https:\/\/api.w.org\/{rel}","templated":true}]}}