{"id":574,"date":"2017-09-14T18:02:15","date_gmt":"2017-09-14T18:02:15","guid":{"rendered":"https:\/\/lingua.designriver.co.uk\/?page_id=574"},"modified":"2024-06-04T11:24:18","modified_gmt":"2024-06-04T11:24:18","slug":"como-reservar-tu-viaje","status":"publish","type":"page","link":"https:\/\/www.linguaholidays.com\/es\/lo-esencial\/como-reservar-tu-viaje\/","title":{"rendered":"C\u00f3mo <span>reservar tu viaje<\/span>"},"content":{"rendered":"<h2>Planea tu viaje<\/h2>\n<p>El coste de tus vacaciones depender\u00e1 del alojamiento que elijas y del n\u00famero de clases y excursiones que quieras.<\/p>\n<p>Para hacernos una consulta inicial, llama a uno de nuestros expertos al <strong>+44 (0)20 8444 1010<\/strong>, env\u00edanos un mensaje o completa un formulario de reserva en l\u00ednea.<\/p>\n<p>Te haremos sugerencias sobre alojamiento y actividades adecuados, y hablaremos de las clases que necesitas. Una vez hayas acordado tu itinerario ideal con uno de nuestros comerciales, te pediremos tus datos y un dep\u00f3sito para garantizar tu reserva.<\/p>\n<p>Nuestras vacaciones son totalmente flexibles para que puedas adaptar cada uno de los siguientes elementos a tu gusto:<\/p>\n","protected":false},"excerpt":{"rendered":"<p>Planea tu viaje El coste de tus vacaciones depender\u00e1 del alojamiento que elijas y del n\u00famero de clases y excursiones que quieras. Para hacernos una consulta inicial, llama a uno de nuestros expertos al +44 (0)20 8444 1010, env\u00edanos un mensaje o completa un formulario de reserva en l\u00ednea. Te haremos sugerencias sobre alojamiento y [&hellip;]<\/p>\n","protected":false},"author":1,"featured_media":0,"parent":621,"menu_order":0,"comment_status":"closed","ping_status":"closed","template":"","meta":{"_monsterinsights_skip_tracking":false,"_monsterinsights_sitenote_active":false,"_monsterinsights_sitenote_note":"","_monsterinsights_sitenote_category":0,"footnotes":""},"class_list":["post-574","page","type-page","status-publish","hentry"],"acf":[],"yoast_head":"<!-- This site is optimized with the Yoast SEO plugin v20.6 - https:\/\/yoast.com\/wordpress\/plugins\/seo\/ -->\n<title>Reserva | Cursos de Ingl\u00e9s y alojamiento en Londres<\/title>\n<meta name=\"description\" content=\"Elige el n\u00famero de clases que deseas dar y a\u00f1ade excursiones en Londres para crear un itinerario ideal con Lingua Holidays\" \/>\n<meta name=\"robots\" content=\"index, follow, max-snippet:-1, max-image-preview:large, max-video-preview:-1\" \/>\n<link rel=\"canonical\" href=\"https:\/\/www.linguaholidays.com\/es\/lo-esencial\/como-reservar-tu-viaje\/\" \/>\n<meta property=\"og:locale\" content=\"es_ES\" \/>\n<meta property=\"og:type\" content=\"article\" \/>\n<meta property=\"og:title\" content=\"Reserva | Cursos de Ingl\u00e9s y alojamiento en Londres\" \/>\n<meta property=\"og:description\" content=\"Elige el n\u00famero de clases que deseas dar y a\u00f1ade excursiones en Londres para crear un itinerario ideal con Lingua Holidays\" \/>\n<meta property=\"og:url\" content=\"https:\/\/www.linguaholidays.com\/es\/lo-esencial\/como-reservar-tu-viaje\/\" \/>\n<meta property=\"og:site_name\" content=\"Lingua Holidays\" \/>\n<meta property=\"article:modified_time\" content=\"2024-06-04T11:24:18+00:00\" \/>\n<meta name=\"twitter:card\" content=\"summary_large_image\" \/>\n<meta name=\"twitter:label1\" content=\"Tiempo de lectura\" \/>\n\t<meta name=\"twitter:data1\" content=\"1 minuto\" \/>\n<script type=\"application\/ld+json\" class=\"yoast-schema-graph\">{\"@context\":\"https:\/\/schema.org\",\"@graph\":[{\"@type\":\"WebPage\",\"@id\":\"https:\/\/www.linguaholidays.com\/es\/lo-esencial\/como-reservar-tu-viaje\/\",\"url\":\"https:\/\/www.linguaholidays.com\/es\/lo-esencial\/como-reservar-tu-viaje\/\",\"name\":\"Reserva | Cursos de Ingl\u00e9s y alojamiento en Londres\",\"isPartOf\":{\"@id\":\"https:\/\/www.linguaholidays.com\/#website\"},\"datePublished\":\"2017-09-14T18:02:15+00:00\",\"dateModified\":\"2024-06-04T11:24:18+00:00\",\"description\":\"Elige el n\u00famero de clases que deseas dar y a\u00f1ade excursiones en Londres para crear un itinerario ideal con Lingua Holidays\",\"breadcrumb\":{\"@id\":\"https:\/\/www.linguaholidays.com\/es\/lo-esencial\/como-reservar-tu-viaje\/#breadcrumb\"},\"inLanguage\":\"es\",\"potentialAction\":[{\"@type\":\"ReadAction\",\"target\":[\"https:\/\/www.linguaholidays.com\/es\/lo-esencial\/como-reservar-tu-viaje\/\"]}]},{\"@type\":\"BreadcrumbList\",\"@id\":\"https:\/\/www.linguaholidays.com\/es\/lo-esencial\/como-reservar-tu-viaje\/#breadcrumb\",\"itemListElement\":[{\"@type\":\"ListItem\",\"position\":1,\"name\":\"Home\",\"item\":\"https:\/\/www.linguaholidays.com\/es\/\"},{\"@type\":\"ListItem\",\"position\":2,\"name\":\"Lo esencial\",\"item\":\"https:\/\/www.linguaholidays.com\/es\/lo-esencial\/\"},{\"@type\":\"ListItem\",\"position\":3,\"name\":\"C\u00f3mo reservar tu viaje\"}]},{\"@type\":\"WebSite\",\"@id\":\"https:\/\/www.linguaholidays.com\/#website\",\"url\":\"https:\/\/www.linguaholidays.com\/\",\"name\":\"Lingua Holidays\",\"description\":\"Experience London. Learn English.\",\"publisher\":{\"@id\":\"https:\/\/www.linguaholidays.com\/#organization\"},\"potentialAction\":[{\"@type\":\"SearchAction\",\"target\":{\"@type\":\"EntryPoint\",\"urlTemplate\":\"https:\/\/www.linguaholidays.com\/?s={search_term_string}\"},\"query-input\":\"required name=search_term_string\"}],\"inLanguage\":\"es\"},{\"@type\":\"Organization\",\"@id\":\"https:\/\/www.linguaholidays.com\/#organization\",\"name\":\"Lingua Holidays\",\"url\":\"https:\/\/www.linguaholidays.com\/\",\"logo\":{\"@type\":\"ImageObject\",\"inLanguage\":\"es\",\"@id\":\"https:\/\/www.linguaholidays.com\/#\/schema\/logo\/image\/\",\"url\":\"https:\/\/www.linguaholidays.com\/wp-content\/uploads\/2017\/08\/about.jpg\",\"contentUrl\":\"https:\/\/www.linguaholidays.com\/wp-content\/uploads\/2017\/08\/about.jpg\",\"width\":860,\"height\":500,\"caption\":\"Lingua Holidays\"},\"image\":{\"@id\":\"https:\/\/www.linguaholidays.com\/#\/schema\/logo\/image\/\"}}]}<\/script>\n<!-- \/ Yoast SEO plugin. -->","yoast_head_json":{"title":"Reserva | Cursos de Ingl\u00e9s y alojamiento en Londres","description":"Elige el n\u00famero de clases que deseas dar y a\u00f1ade excursiones en Londres para crear un itinerario ideal con Lingua Holidays","robots":{"index":"index","follow":"follow","max-snippet":"max-snippet:-1","max-image-preview":"max-image-preview:large","max-video-preview":"max-video-preview:-1"},"canonical":"https:\/\/www.linguaholidays.com\/es\/lo-esencial\/como-reservar-tu-viaje\/","og_locale":"es_ES","og_type":"article","og_title":"Reserva | Cursos de Ingl\u00e9s y alojamiento en Londres","og_description":"Elige el n\u00famero de clases que deseas dar y a\u00f1ade excursiones en Londres para crear un itinerario ideal con Lingua Holidays","og_url":"https:\/\/www.linguaholidays.com\/es\/lo-esencial\/como-reservar-tu-viaje\/","og_site_name":"Lingua Holidays","article_modified_time":"2024-06-04T11:24:18+00:00","twitter_card":"summary_large_image","twitter_misc":{"Tiempo de lectura":"1 minuto"},"schema":{"@context":"https:\/\/schema.org","@graph":[{"@type":"WebPage","@id":"https:\/\/www.linguaholidays.com\/es\/lo-esencial\/como-reservar-tu-viaje\/","url":"https:\/\/www.linguaholidays.com\/es\/lo-esencial\/como-reservar-tu-viaje\/","name":"Reserva | Cursos de Ingl\u00e9s y alojamiento en Londres","isPartOf":{"@id":"https:\/\/www.linguaholidays.com\/#website"},"datePublished":"2017-09-14T18:02:15+00:00","dateModified":"2024-06-04T11:24:18+00:00","description":"Elige el n\u00famero de clases que deseas dar y a\u00f1ade excursiones en Londres para crear un itinerario ideal con Lingua Holidays","breadcrumb":{"@id":"https:\/\/www.linguaholidays.com\/es\/lo-esencial\/como-reservar-tu-viaje\/#breadcrumb"},"inLanguage":"es","potentialAction":[{"@type":"ReadAction","target":["https:\/\/www.linguaholidays.com\/es\/lo-esencial\/como-reservar-tu-viaje\/"]}]},{"@type":"BreadcrumbList","@id":"https:\/\/www.linguaholidays.com\/es\/lo-esencial\/como-reservar-tu-viaje\/#breadcrumb","itemListElement":[{"@type":"ListItem","position":1,"name":"Home","item":"https:\/\/www.linguaholidays.com\/es\/"},{"@type":"ListItem","position":2,"name":"Lo esencial","item":"https:\/\/www.linguaholidays.com\/es\/lo-esencial\/"},{"@type":"ListItem","position":3,"name":"C\u00f3mo reservar tu viaje"}]},{"@type":"WebSite","@id":"https:\/\/www.linguaholidays.com\/#website","url":"https:\/\/www.linguaholidays.com\/","name":"Lingua Holidays","description":"Experience London. Learn English.","publisher":{"@id":"https:\/\/www.linguaholidays.com\/#organization"},"potentialAction":[{"@type":"SearchAction","target":{"@type":"EntryPoint","urlTemplate":"https:\/\/www.linguaholidays.com\/?s={search_term_string}"},"query-input":"required name=search_term_string"}],"inLanguage":"es"},{"@type":"Organization","@id":"https:\/\/www.linguaholidays.com\/#organization","name":"Lingua Holidays","url":"https:\/\/www.linguaholidays.com\/","logo":{"@type":"ImageObject","inLanguage":"es","@id":"https:\/\/www.linguaholidays.com\/#\/schema\/logo\/image\/","url":"https:\/\/www.linguaholidays.com\/wp-content\/uploads\/2017\/08\/about.jpg","contentUrl":"https:\/\/www.linguaholidays.com\/wp-content\/uploads\/2017\/08\/about.jpg","width":860,"height":500,"caption":"Lingua Holidays"},"image":{"@id":"https:\/\/www.linguaholidays.com\/#\/schema\/logo\/image\/"}}]}},"_links":{"self":[{"href":"https:\/\/www.linguaholidays.com\/es\/wp-json\/wp\/v2\/pages\/574","targetHints":{"allow":["GET"]}}],"collection":[{"href":"https:\/\/www.linguaholidays.com\/es\/wp-json\/wp\/v2\/pages"}],"about":[{"href":"https:\/\/www.linguaholidays.com\/es\/wp-json\/wp\/v2\/types\/page"}],"author":[{"embeddable":true,"href":"https:\/\/www.linguaholidays.com\/es\/wp-json\/wp\/v2\/users\/1"}],"replies":[{"embeddable":true,"href":"https:\/\/www.linguaholidays.com\/es\/wp-json\/wp\/v2\/comments?post=574"}],"version-history":[{"count":8,"href":"https:\/\/www.linguaholidays.com\/es\/wp-json\/wp\/v2\/pages\/574\/revisions"}],"predecessor-version":[{"id":7718,"href":"https:\/\/www.linguaholidays.com\/es\/wp-json\/wp\/v2\/pages\/574\/revisions\/7718"}],"up":[{"embeddable":true,"href":"https:\/\/www.linguaholidays.com\/es\/wp-json\/wp\/v2\/pages\/621"}],"wp:attachment":[{"href":"https:\/\/www.linguaholidays.com\/es\/wp-json\/wp\/v2\/media?parent=574"}],"curies":[{"name":"wp","href":"https:\/\/api.w.org\/{rel}","templated":true}]}}