{"id":577,"date":"2017-08-22T13:43:30","date_gmt":"2017-08-22T13:43:30","guid":{"rendered":"https:\/\/lingua.designriver.co.uk\/?page_id=577"},"modified":"2024-04-09T16:11:24","modified_gmt":"2024-04-09T16:11:24","slug":"faqs","status":"publish","type":"page","link":"https:\/\/www.linguaholidays.com\/es\/faqs\/","title":{"rendered":"FAQs"},"content":{"rendered":"\n<p><\/p>\n\n\n\n<h2 class=\"wp-block-heading\">INFORMACI\u00d3N GENERAL<\/h2>\n\n\n\n<h3 class=\"wp-block-heading\"><strong>\u00bfQu\u00e9 est\u00e1 incluido en mis vacaciones?<\/strong><\/h3>\n\n\n\n<p>Las vacaciones de Lingua Holidays son muy flexibles, y normalmente incluyen alojamiento, clases y una experiencia de medio d\u00eda con tu profesor para aprender a preparar el t\u00e9 de las cinco. Puedes elegir el n\u00famero de clases y su duraci\u00f3n, y todas las excursiones que quieras.<\/p>\n\n\n\n<h3 class=\"wp-block-heading\"><strong>\u00bfTodas las vacaciones tienen una duraci\u00f3n fija de una semana?<\/strong><\/h3>\n\n\n\n<p>No, puedes elegir los d\u00edas que t\u00fa quieras.<\/p>\n\n\n\n<h3 class=\"wp-block-heading\"><strong>\u00bfQu\u00e9 pasa al llegar al Reino Unido?<\/strong><\/h3>\n\n\n\n<p>Puedes viajar por tu cuenta, o reservar un traslado privado directamente a tu apartamento.<\/p>\n\n\n\n<h2 class=\"wp-block-heading\">Alojamiento<\/h2>\n\n\n\n<h3 class=\"wp-block-heading\"><strong>\u00bfSe puede elegir la zona de Londres donde alojarse?<\/strong><\/h3>\n\n\n\n<p>La mayor parte de nuestros apartamentos est\u00e1n en Camden, Fitzrovia o en pleno West End londinense. Estas zonas han sido elegidas espec\u00edficamente por su proximidad a las principales atracciones de Londres.<\/p>\n\n\n\n<h3 class=\"wp-block-heading\"><strong>\u00bfQu\u00e9 instalaciones tienen los apartamentos?<\/strong><\/h3>\n\n\n\n<p>Todos los apartamentos est\u00e1n equipados con una amplia variedad de menaje, vajilla, cuberter\u00eda y electrodom\u00e9sticos, adem\u00e1s de s\u00e1banas y toallas limpias.<\/p>\n\n\n\n<h3 class=\"wp-block-heading\"><strong>\u00bfC\u00f3mo entro a mi apartamento?<\/strong><\/h3>\n\n\n\n<p>Te explicaremos detalladamente el proceso de recogida de llaves antes de tus vacaciones.<\/p>\n\n\n\n<h3 class=\"wp-block-heading\"><strong>\u00bfA qu\u00e9 hora hay que llegar y marcharse de la vivienda?<\/strong><\/h3>\n\n\n\n<p>La hora de llegada son las 15.00 h y la de salida, las 11.00 h.<\/p>\n\n\n\n<h2 class=\"wp-block-heading\">LESSONS &amp; LEARNING<\/h2>\n\n\n\n<h3 class=\"wp-block-heading\">CLASES Y APRENDIZAJE<\/h3>\n\n\n\n<p><strong>\u00bfPuedo decidir cu\u00e1ntas clases voy a dar?<\/strong><\/p>\n\n\n\n<p>El n\u00famero de clases es completamente flexible, pero recomendamos un m\u00ednimo de entre 10-15 horas por semana.<\/p>\n\n\n\n<h3 class=\"wp-block-heading\"><strong>\u00bfPuedo elegir la hora de mis clases?<\/strong><\/h3>\n\n\n\n<p>La mayor\u00eda de nuestros clientes prefieren las clases de ma\u00f1ana, pero a nuestros profesores no les importa darlas a la hora que t\u00fa prefieras.<\/p>\n\n\n\n<h3 class=\"wp-block-heading\"><strong>\u00bfCu\u00e1nto ingl\u00e9s hablar\u00e9?<\/strong><\/h3>\n\n\n\n<p>Depende del n\u00famero de clases y de las actividades que reserves. Recomendamos a nuestros clientes hablar un m\u00ednimo de entre dos y tres horas al d\u00eda, y practicar el ingl\u00e9s cuando salgan a pasear por Londres. Puesto que una clase particular o privada de ingl\u00e9s es mucho m\u00e1s intensa que una clase en grupo en una academia de idiomas, puedes avanzar mucho con solo un par de horas al d\u00eda.<\/p>\n\n\n\n<h3 class=\"wp-block-heading\"><strong>\u00bfC\u00f3mo son los profesores de Lingua Holidays?<\/strong><\/h3>\n\n\n\n<p>Todos nuestros profesores son angl\u00f3fonos nativos con la debida formaci\u00f3n, con amplia experiencia en la ense\u00f1anza del ingl\u00e9s como lengua extranjera a adultos y ni\u00f1os. Varios de ellos han dado clases de ingl\u00e9s de negocios, y muchos tienen hijos, por lo que saben exactamente lo que gusta y no gusta a los ni\u00f1os.<\/p>\n\n\n\n<h2 class=\"wp-block-heading\">ACTIVIDADES Y EXCURSIONES<\/h2>\n\n\n\n<h3 class=\"wp-block-heading\"><strong>\u00bfLas excursiones son privadas?<\/strong><\/h3>\n\n\n\n<p>S\u00ed, las excursiones o actividades que reserves ser\u00e1n exclusivamente para tu grupo.<\/p>\n\n\n\n<h3 class=\"wp-block-heading\"><strong>\u00bfSe pueden hacer excursiones fuera de Londres?<\/strong><\/h3>\n\n\n\n<p>S\u00ed, podemos organizar excursiones a varios lugares, entre ellos Brighton, Oxford y Cambridge, con tu profesor o, si tienes un nivel de ingl\u00e9s alto, con un gu\u00eda oficial Blue Badge.<\/p>\n\n\n\n<h3 class=\"wp-block-heading\"><strong>\u00bfPod\u00e9is recomendar restaurantes y reservar entradas para el teatro?<\/strong> <\/h3>\n\n\n\n<p>Por supuesto. Al tener nuestra sede en Londres, podemos darte mucha informaci\u00f3n sobre sitios para visitar y cosas para hacer.<\/p>\n\n\n\n<h2 class=\"wp-block-heading\">RESERVA<\/h2>\n\n\n\n<h3 class=\"wp-block-heading\"><strong>\u00bfC\u00f3mo se pagan las vacaciones?<\/strong><\/h3>\n\n\n\n<p>El pago se hace por transferencia bancaria o Paypal (directamente desde tu cuenta bancaria o con Visa), en libras esterlinas. Si el pago se efect\u00faa en otras monedas, se aplicar\u00e1 un recargo por cambio de divisas. Si deseas hacer una transferencia bancaria, ponte en contacto con nosotros para que te facilitemos nuestros datos bancarios.<\/p>\n\n\n\n<h3 class=\"wp-block-heading\"><strong>\u00bfCu\u00e1ndo tengo que pagar las vacaciones?<\/strong><\/h3>\n\n\n\n<p>Hay que pagar un dep\u00f3sito por valor del 25&nbsp;% del importe total de las vacaciones para garantizar la reserva, y la cantidad restante debe pagarse ocho semanas antes de la fecha de las vacaciones. Si reservas cuando falten menos de ocho semanas para tus vacaciones, tendr\u00e1s que pagar el total al confirmar la reserva.<\/p>\n\n\n\n<h3 class=\"wp-block-heading\"><strong>Pago de un dep\u00f3sito de seguridad al recoger las llaves<\/strong><\/h3>\n\n\n\n<p>Cuando recojas las llaves de tu apartamento, se cargar\u00e1 a tu tarjeta un dep\u00f3sito de seguridad reembolsable de 250 libras. En caso de da\u00f1os a la propiedad u otros gastos, como uso del tel\u00e9fono, se utilizar\u00e1 el dep\u00f3sito de seguridad para cubrir su coste. Las primeras 5 libras (IVA incluido) de las llamadas telef\u00f3nicas son gratis. Las llamadas entrantes son gratis. Retendremos el dep\u00f3sito de seguridad durante tus vacaciones y te lo devolveremos en un plazo m\u00e1ximo de 14 d\u00edas despu\u00e9s del final de tus vacaciones.<\/p>\n\n\n\n<p><\/p>\n","protected":false},"excerpt":{"rendered":"<p>INFORMACI\u00d3N GENERAL \u00bfQu\u00e9 est\u00e1 incluido en mis vacaciones? Las vacaciones de Lingua Holidays son muy flexibles, y normalmente incluyen alojamiento, clases y una experiencia de medio d\u00eda con tu profesor para aprender a preparar el t\u00e9 de las cinco. Puedes elegir el n\u00famero de clases y su duraci\u00f3n, y todas las excursiones que quieras. \u00bfTodas [&hellip;]<\/p>\n","protected":false},"author":1,"featured_media":0,"parent":0,"menu_order":0,"comment_status":"closed","ping_status":"closed","template":"","meta":{"_monsterinsights_skip_tracking":false,"_monsterinsights_sitenote_active":false,"_monsterinsights_sitenote_note":"","_monsterinsights_sitenote_category":0,"footnotes":""},"class_list":["post-577","page","type-page","status-publish","hentry"],"acf":[],"yoast_head":"<!-- This site is optimized with the Yoast SEO plugin v20.6 - https:\/\/yoast.com\/wordpress\/plugins\/seo\/ -->\n<title>FAQ&#039;s | Book your holiday in London with private English lessons<\/title>\n<meta name=\"description\" content=\"Book an immersive learn English experience in London with Lingua Holidays. Find out all you need to know from our FAQ&#039;s.\" \/>\n<meta name=\"robots\" content=\"index, follow, max-snippet:-1, max-image-preview:large, max-video-preview:-1\" \/>\n<link rel=\"canonical\" href=\"https:\/\/www.linguaholidays.com\/es\/faqs\/\" \/>\n<meta property=\"og:locale\" content=\"es_ES\" \/>\n<meta property=\"og:type\" content=\"article\" \/>\n<meta property=\"og:title\" content=\"FAQ&#039;s | Book your holiday in London with private English lessons\" \/>\n<meta property=\"og:description\" content=\"Book an immersive learn English experience in London with Lingua Holidays. Find out all you need to know from our FAQ&#039;s.\" \/>\n<meta property=\"og:url\" content=\"https:\/\/www.linguaholidays.com\/es\/faqs\/\" \/>\n<meta property=\"og:site_name\" content=\"Lingua Holidays\" \/>\n<meta property=\"article:modified_time\" content=\"2024-04-09T16:11:24+00:00\" \/>\n<meta name=\"twitter:card\" content=\"summary_large_image\" \/>\n<meta name=\"twitter:label1\" content=\"Tiempo de lectura\" \/>\n\t<meta name=\"twitter:data1\" content=\"4 minutos\" \/>\n<script type=\"application\/ld+json\" class=\"yoast-schema-graph\">{\"@context\":\"https:\/\/schema.org\",\"@graph\":[{\"@type\":\"WebPage\",\"@id\":\"https:\/\/www.linguaholidays.com\/es\/faqs\/\",\"url\":\"https:\/\/www.linguaholidays.com\/es\/faqs\/\",\"name\":\"FAQ's | Book your holiday in London with private English lessons\",\"isPartOf\":{\"@id\":\"https:\/\/www.linguaholidays.com\/#website\"},\"datePublished\":\"2017-08-22T13:43:30+00:00\",\"dateModified\":\"2024-04-09T16:11:24+00:00\",\"description\":\"Book an immersive learn English experience in London with Lingua Holidays. Find out all you need to know from our FAQ's.\",\"breadcrumb\":{\"@id\":\"https:\/\/www.linguaholidays.com\/es\/faqs\/#breadcrumb\"},\"inLanguage\":\"es\",\"potentialAction\":[{\"@type\":\"ReadAction\",\"target\":[\"https:\/\/www.linguaholidays.com\/es\/faqs\/\"]}]},{\"@type\":\"BreadcrumbList\",\"@id\":\"https:\/\/www.linguaholidays.com\/es\/faqs\/#breadcrumb\",\"itemListElement\":[{\"@type\":\"ListItem\",\"position\":1,\"name\":\"Home\",\"item\":\"https:\/\/www.linguaholidays.com\/es\/\"},{\"@type\":\"ListItem\",\"position\":2,\"name\":\"FAQs\"}]},{\"@type\":\"WebSite\",\"@id\":\"https:\/\/www.linguaholidays.com\/#website\",\"url\":\"https:\/\/www.linguaholidays.com\/\",\"name\":\"Lingua Holidays\",\"description\":\"Experience London. Learn English.\",\"publisher\":{\"@id\":\"https:\/\/www.linguaholidays.com\/#organization\"},\"potentialAction\":[{\"@type\":\"SearchAction\",\"target\":{\"@type\":\"EntryPoint\",\"urlTemplate\":\"https:\/\/www.linguaholidays.com\/?s={search_term_string}\"},\"query-input\":\"required name=search_term_string\"}],\"inLanguage\":\"es\"},{\"@type\":\"Organization\",\"@id\":\"https:\/\/www.linguaholidays.com\/#organization\",\"name\":\"Lingua Holidays\",\"url\":\"https:\/\/www.linguaholidays.com\/\",\"logo\":{\"@type\":\"ImageObject\",\"inLanguage\":\"es\",\"@id\":\"https:\/\/www.linguaholidays.com\/#\/schema\/logo\/image\/\",\"url\":\"https:\/\/www.linguaholidays.com\/wp-content\/uploads\/2017\/08\/about.jpg\",\"contentUrl\":\"https:\/\/www.linguaholidays.com\/wp-content\/uploads\/2017\/08\/about.jpg\",\"width\":860,\"height\":500,\"caption\":\"Lingua Holidays\"},\"image\":{\"@id\":\"https:\/\/www.linguaholidays.com\/#\/schema\/logo\/image\/\"}}]}<\/script>\n<!-- \/ Yoast SEO plugin. -->","yoast_head_json":{"title":"FAQ's | Book your holiday in London with private English lessons","description":"Book an immersive learn English experience in London with Lingua Holidays. Find out all you need to know from our FAQ's.","robots":{"index":"index","follow":"follow","max-snippet":"max-snippet:-1","max-image-preview":"max-image-preview:large","max-video-preview":"max-video-preview:-1"},"canonical":"https:\/\/www.linguaholidays.com\/es\/faqs\/","og_locale":"es_ES","og_type":"article","og_title":"FAQ's | Book your holiday in London with private English lessons","og_description":"Book an immersive learn English experience in London with Lingua Holidays. Find out all you need to know from our FAQ's.","og_url":"https:\/\/www.linguaholidays.com\/es\/faqs\/","og_site_name":"Lingua Holidays","article_modified_time":"2024-04-09T16:11:24+00:00","twitter_card":"summary_large_image","twitter_misc":{"Tiempo de lectura":"4 minutos"},"schema":{"@context":"https:\/\/schema.org","@graph":[{"@type":"WebPage","@id":"https:\/\/www.linguaholidays.com\/es\/faqs\/","url":"https:\/\/www.linguaholidays.com\/es\/faqs\/","name":"FAQ's | Book your holiday in London with private English lessons","isPartOf":{"@id":"https:\/\/www.linguaholidays.com\/#website"},"datePublished":"2017-08-22T13:43:30+00:00","dateModified":"2024-04-09T16:11:24+00:00","description":"Book an immersive learn English experience in London with Lingua Holidays. Find out all you need to know from our FAQ's.","breadcrumb":{"@id":"https:\/\/www.linguaholidays.com\/es\/faqs\/#breadcrumb"},"inLanguage":"es","potentialAction":[{"@type":"ReadAction","target":["https:\/\/www.linguaholidays.com\/es\/faqs\/"]}]},{"@type":"BreadcrumbList","@id":"https:\/\/www.linguaholidays.com\/es\/faqs\/#breadcrumb","itemListElement":[{"@type":"ListItem","position":1,"name":"Home","item":"https:\/\/www.linguaholidays.com\/es\/"},{"@type":"ListItem","position":2,"name":"FAQs"}]},{"@type":"WebSite","@id":"https:\/\/www.linguaholidays.com\/#website","url":"https:\/\/www.linguaholidays.com\/","name":"Lingua Holidays","description":"Experience London. Learn English.","publisher":{"@id":"https:\/\/www.linguaholidays.com\/#organization"},"potentialAction":[{"@type":"SearchAction","target":{"@type":"EntryPoint","urlTemplate":"https:\/\/www.linguaholidays.com\/?s={search_term_string}"},"query-input":"required name=search_term_string"}],"inLanguage":"es"},{"@type":"Organization","@id":"https:\/\/www.linguaholidays.com\/#organization","name":"Lingua Holidays","url":"https:\/\/www.linguaholidays.com\/","logo":{"@type":"ImageObject","inLanguage":"es","@id":"https:\/\/www.linguaholidays.com\/#\/schema\/logo\/image\/","url":"https:\/\/www.linguaholidays.com\/wp-content\/uploads\/2017\/08\/about.jpg","contentUrl":"https:\/\/www.linguaholidays.com\/wp-content\/uploads\/2017\/08\/about.jpg","width":860,"height":500,"caption":"Lingua Holidays"},"image":{"@id":"https:\/\/www.linguaholidays.com\/#\/schema\/logo\/image\/"}}]}},"_links":{"self":[{"href":"https:\/\/www.linguaholidays.com\/es\/wp-json\/wp\/v2\/pages\/577","targetHints":{"allow":["GET"]}}],"collection":[{"href":"https:\/\/www.linguaholidays.com\/es\/wp-json\/wp\/v2\/pages"}],"about":[{"href":"https:\/\/www.linguaholidays.com\/es\/wp-json\/wp\/v2\/types\/page"}],"author":[{"embeddable":true,"href":"https:\/\/www.linguaholidays.com\/es\/wp-json\/wp\/v2\/users\/1"}],"replies":[{"embeddable":true,"href":"https:\/\/www.linguaholidays.com\/es\/wp-json\/wp\/v2\/comments?post=577"}],"version-history":[{"count":4,"href":"https:\/\/www.linguaholidays.com\/es\/wp-json\/wp\/v2\/pages\/577\/revisions"}],"predecessor-version":[{"id":7698,"href":"https:\/\/www.linguaholidays.com\/es\/wp-json\/wp\/v2\/pages\/577\/revisions\/7698"}],"wp:attachment":[{"href":"https:\/\/www.linguaholidays.com\/es\/wp-json\/wp\/v2\/media?parent=577"}],"curies":[{"name":"wp","href":"https:\/\/api.w.org\/{rel}","templated":true}]}}