{"id":579,"date":"2017-08-18T11:37:46","date_gmt":"2017-08-18T11:37:46","guid":{"rendered":"https:\/\/lingua.designriver.co.uk\/?page_id=579"},"modified":"2019-07-19T14:47:26","modified_gmt":"2019-07-19T14:47:26","slug":"conocenos","status":"publish","type":"page","link":"https:\/\/www.linguaholidays.com\/es\/conocenos\/","title":{"rendered":"CON\u00d3CENOS"},"content":{"rendered":"<h2>\u00a0Te ense\u00f1amos ingl\u00e9s y las mejores atracciones de Londres<\/h2>\n<p>Sabemos que llegar a una capital del tama\u00f1o de Londres puede ser aturdidor, y cualquier ayuda por el camino siempre viene bien. Nuestras trayectorias profesionales engloban los viajes, el turismo y la ense\u00f1anza de ingl\u00e9s como lengua extranjera, pero al haber vivido y trabajado en la ciudad tenemos experiencia de primera mano de todo lo que recomendamos, tanto si se trata de un mercado de barrio como de nuestra cafeter\u00eda favorita de al lado del r\u00edo.\u00a0\u00a0 Luego est\u00e1 nuestro unido equipo de profesores de ingl\u00e9s, gu\u00edas especializados y gu\u00edas Blue Badge, todos ellos con la misma pasi\u00f3n por su especialidad.<\/p>\n<p>Somos relativamente multiling\u00fces, con conocimientos pasables de italiano, franc\u00e9s y espa\u00f1ol, pero haber vivido en el extranjero varias veces nos ha ense\u00f1ado que sin poder hablar con los nativos, hacerse un sitio en una ciudad puede resultar a\u00fan m\u00e1s dif\u00edcil.\u00a0 Creemos que si inviertes un poco de tiempo en aprender el idioma (o en reciclar lo que ya sabes) y mezclarte con los nativos le sacar\u00e1s mucho m\u00e1s partido al viaje. Y adem\u00e1s volver\u00e1s a casa con unas destrezas que no tienen precio.<\/p>\n<p>Ll\u00e1manos para hablar de tus vacaciones y ver c\u00f3mo podemos ayudarte a mejorar el ingl\u00e9s mientras te lo pasas en grande en nuestra ciudad favorita.<\/p>\n<p>&nbsp;<\/p>\n<p>&nbsp;<\/p>\n","protected":false},"excerpt":{"rendered":"<p>\u00a0Te ense\u00f1amos ingl\u00e9s y las mejores atracciones de Londres Sabemos que llegar a una capital del tama\u00f1o de Londres puede ser aturdidor, y cualquier ayuda por el camino siempre viene bien. Nuestras trayectorias profesionales engloban los viajes, el turismo y la ense\u00f1anza de ingl\u00e9s como lengua extranjera, pero al haber vivido y trabajado en la [&hellip;]<\/p>\n","protected":false},"author":1,"featured_media":0,"parent":0,"menu_order":0,"comment_status":"closed","ping_status":"closed","template":"","meta":{"_monsterinsights_skip_tracking":false,"_monsterinsights_sitenote_active":false,"_monsterinsights_sitenote_note":"","_monsterinsights_sitenote_category":0,"footnotes":""},"class_list":["post-579","page","type-page","status-publish","hentry"],"acf":[],"yoast_head":"<!-- This site is optimized with the Yoast SEO plugin v20.6 - https:\/\/yoast.com\/wordpress\/plugins\/seo\/ -->\n<title>Cursos de ingl\u00e9s One to One | Apartamentos de lujo en Londres<\/title>\n<meta name=\"description\" content=\"Aprende ingl\u00e9s con las clases privadas en tu propio apartamento y descubre las atracciones y lugares de inter\u00e9s de Londres mientras aprendes\" \/>\n<meta name=\"robots\" content=\"index, follow, max-snippet:-1, max-image-preview:large, max-video-preview:-1\" \/>\n<link rel=\"canonical\" href=\"https:\/\/www.linguaholidays.com\/es\/conocenos\/\" \/>\n<meta property=\"og:locale\" content=\"es_ES\" \/>\n<meta property=\"og:type\" content=\"article\" \/>\n<meta property=\"og:title\" content=\"Cursos de ingl\u00e9s One to One | Apartamentos de lujo en Londres\" \/>\n<meta property=\"og:description\" content=\"Aprende ingl\u00e9s con las clases privadas en tu propio apartamento y descubre las atracciones y lugares de inter\u00e9s de Londres mientras aprendes\" \/>\n<meta property=\"og:url\" content=\"https:\/\/www.linguaholidays.com\/es\/conocenos\/\" \/>\n<meta property=\"og:site_name\" content=\"Lingua Holidays\" \/>\n<meta property=\"article:modified_time\" content=\"2019-07-19T14:47:26+00:00\" \/>\n<meta name=\"twitter:card\" content=\"summary_large_image\" \/>\n<meta name=\"twitter:label1\" content=\"Tiempo de lectura\" \/>\n\t<meta name=\"twitter:data1\" content=\"1 minuto\" \/>\n<script type=\"application\/ld+json\" class=\"yoast-schema-graph\">{\"@context\":\"https:\/\/schema.org\",\"@graph\":[{\"@type\":\"WebPage\",\"@id\":\"https:\/\/www.linguaholidays.com\/es\/conocenos\/\",\"url\":\"https:\/\/www.linguaholidays.com\/es\/conocenos\/\",\"name\":\"Cursos de ingl\u00e9s One to One | Apartamentos de lujo en Londres\",\"isPartOf\":{\"@id\":\"https:\/\/www.linguaholidays.com\/#website\"},\"datePublished\":\"2017-08-18T11:37:46+00:00\",\"dateModified\":\"2019-07-19T14:47:26+00:00\",\"description\":\"Aprende ingl\u00e9s con las clases privadas en tu propio apartamento y descubre las atracciones y lugares de inter\u00e9s de Londres mientras aprendes\",\"breadcrumb\":{\"@id\":\"https:\/\/www.linguaholidays.com\/es\/conocenos\/#breadcrumb\"},\"inLanguage\":\"es\",\"potentialAction\":[{\"@type\":\"ReadAction\",\"target\":[\"https:\/\/www.linguaholidays.com\/es\/conocenos\/\"]}]},{\"@type\":\"BreadcrumbList\",\"@id\":\"https:\/\/www.linguaholidays.com\/es\/conocenos\/#breadcrumb\",\"itemListElement\":[{\"@type\":\"ListItem\",\"position\":1,\"name\":\"Home\",\"item\":\"https:\/\/www.linguaholidays.com\/es\/\"},{\"@type\":\"ListItem\",\"position\":2,\"name\":\"CON\u00d3CENOS\"}]},{\"@type\":\"WebSite\",\"@id\":\"https:\/\/www.linguaholidays.com\/#website\",\"url\":\"https:\/\/www.linguaholidays.com\/\",\"name\":\"Lingua Holidays\",\"description\":\"Experience London. Learn English.\",\"publisher\":{\"@id\":\"https:\/\/www.linguaholidays.com\/#organization\"},\"potentialAction\":[{\"@type\":\"SearchAction\",\"target\":{\"@type\":\"EntryPoint\",\"urlTemplate\":\"https:\/\/www.linguaholidays.com\/?s={search_term_string}\"},\"query-input\":\"required name=search_term_string\"}],\"inLanguage\":\"es\"},{\"@type\":\"Organization\",\"@id\":\"https:\/\/www.linguaholidays.com\/#organization\",\"name\":\"Lingua Holidays\",\"url\":\"https:\/\/www.linguaholidays.com\/\",\"logo\":{\"@type\":\"ImageObject\",\"inLanguage\":\"es\",\"@id\":\"https:\/\/www.linguaholidays.com\/#\/schema\/logo\/image\/\",\"url\":\"https:\/\/www.linguaholidays.com\/wp-content\/uploads\/2017\/08\/about.jpg\",\"contentUrl\":\"https:\/\/www.linguaholidays.com\/wp-content\/uploads\/2017\/08\/about.jpg\",\"width\":860,\"height\":500,\"caption\":\"Lingua Holidays\"},\"image\":{\"@id\":\"https:\/\/www.linguaholidays.com\/#\/schema\/logo\/image\/\"}}]}<\/script>\n<!-- \/ Yoast SEO plugin. -->","yoast_head_json":{"title":"Cursos de ingl\u00e9s One to One | Apartamentos de lujo en Londres","description":"Aprende ingl\u00e9s con las clases privadas en tu propio apartamento y descubre las atracciones y lugares de inter\u00e9s de Londres mientras aprendes","robots":{"index":"index","follow":"follow","max-snippet":"max-snippet:-1","max-image-preview":"max-image-preview:large","max-video-preview":"max-video-preview:-1"},"canonical":"https:\/\/www.linguaholidays.com\/es\/conocenos\/","og_locale":"es_ES","og_type":"article","og_title":"Cursos de ingl\u00e9s One to One | Apartamentos de lujo en Londres","og_description":"Aprende ingl\u00e9s con las clases privadas en tu propio apartamento y descubre las atracciones y lugares de inter\u00e9s de Londres mientras aprendes","og_url":"https:\/\/www.linguaholidays.com\/es\/conocenos\/","og_site_name":"Lingua Holidays","article_modified_time":"2019-07-19T14:47:26+00:00","twitter_card":"summary_large_image","twitter_misc":{"Tiempo de lectura":"1 minuto"},"schema":{"@context":"https:\/\/schema.org","@graph":[{"@type":"WebPage","@id":"https:\/\/www.linguaholidays.com\/es\/conocenos\/","url":"https:\/\/www.linguaholidays.com\/es\/conocenos\/","name":"Cursos de ingl\u00e9s One to One | Apartamentos de lujo en Londres","isPartOf":{"@id":"https:\/\/www.linguaholidays.com\/#website"},"datePublished":"2017-08-18T11:37:46+00:00","dateModified":"2019-07-19T14:47:26+00:00","description":"Aprende ingl\u00e9s con las clases privadas en tu propio apartamento y descubre las atracciones y lugares de inter\u00e9s de Londres mientras aprendes","breadcrumb":{"@id":"https:\/\/www.linguaholidays.com\/es\/conocenos\/#breadcrumb"},"inLanguage":"es","potentialAction":[{"@type":"ReadAction","target":["https:\/\/www.linguaholidays.com\/es\/conocenos\/"]}]},{"@type":"BreadcrumbList","@id":"https:\/\/www.linguaholidays.com\/es\/conocenos\/#breadcrumb","itemListElement":[{"@type":"ListItem","position":1,"name":"Home","item":"https:\/\/www.linguaholidays.com\/es\/"},{"@type":"ListItem","position":2,"name":"CON\u00d3CENOS"}]},{"@type":"WebSite","@id":"https:\/\/www.linguaholidays.com\/#website","url":"https:\/\/www.linguaholidays.com\/","name":"Lingua Holidays","description":"Experience London. Learn English.","publisher":{"@id":"https:\/\/www.linguaholidays.com\/#organization"},"potentialAction":[{"@type":"SearchAction","target":{"@type":"EntryPoint","urlTemplate":"https:\/\/www.linguaholidays.com\/?s={search_term_string}"},"query-input":"required name=search_term_string"}],"inLanguage":"es"},{"@type":"Organization","@id":"https:\/\/www.linguaholidays.com\/#organization","name":"Lingua Holidays","url":"https:\/\/www.linguaholidays.com\/","logo":{"@type":"ImageObject","inLanguage":"es","@id":"https:\/\/www.linguaholidays.com\/#\/schema\/logo\/image\/","url":"https:\/\/www.linguaholidays.com\/wp-content\/uploads\/2017\/08\/about.jpg","contentUrl":"https:\/\/www.linguaholidays.com\/wp-content\/uploads\/2017\/08\/about.jpg","width":860,"height":500,"caption":"Lingua Holidays"},"image":{"@id":"https:\/\/www.linguaholidays.com\/#\/schema\/logo\/image\/"}}]}},"_links":{"self":[{"href":"https:\/\/www.linguaholidays.com\/es\/wp-json\/wp\/v2\/pages\/579","targetHints":{"allow":["GET"]}}],"collection":[{"href":"https:\/\/www.linguaholidays.com\/es\/wp-json\/wp\/v2\/pages"}],"about":[{"href":"https:\/\/www.linguaholidays.com\/es\/wp-json\/wp\/v2\/types\/page"}],"author":[{"embeddable":true,"href":"https:\/\/www.linguaholidays.com\/es\/wp-json\/wp\/v2\/users\/1"}],"replies":[{"embeddable":true,"href":"https:\/\/www.linguaholidays.com\/es\/wp-json\/wp\/v2\/comments?post=579"}],"version-history":[{"count":1,"href":"https:\/\/www.linguaholidays.com\/es\/wp-json\/wp\/v2\/pages\/579\/revisions"}],"predecessor-version":[{"id":580,"href":"https:\/\/www.linguaholidays.com\/es\/wp-json\/wp\/v2\/pages\/579\/revisions\/580"}],"wp:attachment":[{"href":"https:\/\/www.linguaholidays.com\/es\/wp-json\/wp\/v2\/media?parent=579"}],"curies":[{"name":"wp","href":"https:\/\/api.w.org\/{rel}","templated":true}]}}