{"id":581,"date":"2017-09-15T09:14:41","date_gmt":"2017-09-15T09:14:41","guid":{"rendered":"https:\/\/lingua.designriver.co.uk\/?page_id=581"},"modified":"2018-03-02T13:23:30","modified_gmt":"2018-03-02T13:23:30","slug":"estudios-y-apartamentos-estandar","status":"publish","type":"page","link":"https:\/\/www.linguaholidays.com\/es\/lo-esencial\/alojate-en-el-mismo-corazon-de-londres\/estudios-y-apartamentos-estandar\/","title":{"rendered":"Estudios y apartamentos est\u00e1ndar"},"content":{"rendered":"<h2>Nuestros estudios y apartamentos de un dormitorio est\u00e1ndar atendidos est\u00e1n en dos zonas: Camden y Fitzrovia.<\/h2>\n<p>Nuestros estudios y apartamentos de un dormitorio est\u00e1ndar atendidos ofrecen alojamiento con una excelente relaci\u00f3n calidad-precio con f\u00e1cil acceso al centro de Londres. Los modernos apartamentos tienen sal\u00f3n, cocina equipada y ba\u00f1o, con ducha y ba\u00f1era, mientras que los estudios tienen forma de \u00abL\u00bb, cocina y un sal\u00f3n con zona de comedor.<\/p>\n<p>Nuestros estudios y apartamentos de un dormitorio est\u00e1ndar atendidos est\u00e1n en dos zonas: Camden y Fitzrovia.<\/p>\n<p><strong>Camden<\/strong>:\u00a0 Los estudios y apartamentos est\u00e1n en una tranquila calle residencial cerca de la estaci\u00f3n de metro de Camden, y se puede ir andando f\u00e1cilmente a las grandes estaciones de tren de Kings Cross y Euston. Camden es uno de los barrios m\u00e1s coloridos de Londres, famoso por su m\u00fasica y su mercado, pero adem\u00e1s est\u00e1 cerca de la red de canales de Londres, de Regent&#8217;s Park y del zoo.<\/p>\n<p><strong>Fitzrovia: <\/strong>Esta es una opci\u00f3n m\u00e1s asequible que el West End de Londres, pero a tan solo unos minutos andando de Oxford Street, Soho y de algunas de las atracciones m\u00e1s famosas de Londres, como el British Museum y Madame Tussauds.<\/p>\n<p><strong>Pack de bienvenida<br \/>\n<\/strong>Todo el alojamiento de Lingua Holidays incluye un pack de bienvenida gratuito con t\u00e9, caf\u00e9, sal, pimienta, zumo, agua mineral, leche, galletas y patatas fritas.<\/p>\n<p>Se pueden hacer pedidos de un pack de bienvenida de lujo por un precio de 50 libras. El pack de bienvenida de lujo incluye lo mismo que el gratuito, m\u00e1s cereales, pan, mantequilla, jam\u00f3n, queso, huevos, croissants, beicon, galletas para queso, yogur y una botella de vino.<\/p>\n","protected":false},"excerpt":{"rendered":"<p>Nuestros estudios y apartamentos de un dormitorio est\u00e1ndar atendidos est\u00e1n en dos zonas: Camden y Fitzrovia. Nuestros estudios y apartamentos de un dormitorio est\u00e1ndar atendidos ofrecen alojamiento con una excelente relaci\u00f3n calidad-precio con f\u00e1cil acceso al centro de Londres. Los modernos apartamentos tienen sal\u00f3n, cocina equipada y ba\u00f1o, con ducha y ba\u00f1era, mientras que los [&hellip;]<\/p>\n","protected":false},"author":1,"featured_media":0,"parent":565,"menu_order":0,"comment_status":"closed","ping_status":"closed","template":"tpl-accomodation-single.php","meta":{"_monsterinsights_skip_tracking":false,"_monsterinsights_sitenote_active":false,"_monsterinsights_sitenote_note":"","_monsterinsights_sitenote_category":0,"footnotes":""},"class_list":["post-581","page","type-page","status-publish","hentry"],"acf":[],"yoast_head":"<!-- This site is optimized with the Yoast SEO plugin v20.6 - https:\/\/yoast.com\/wordpress\/plugins\/seo\/ -->\n<title>Estudios y apartamentos estandar en Londres | Lingua Holidays<\/title>\n<meta name=\"description\" content=\"Nuestros estudios y apartamentos de un dormitor\u00edo est\u00e1ndar, cerca de Camden y Fitzrovia, est\u00e1n ideales para unas vacaciones autenticas en Londres\" \/>\n<meta name=\"robots\" content=\"index, follow, max-snippet:-1, max-image-preview:large, max-video-preview:-1\" \/>\n<link rel=\"canonical\" href=\"https:\/\/www.linguaholidays.com\/es\/lo-esencial\/alojate-en-el-mismo-corazon-de-londres\/estudios-y-apartamentos-estandar\/\" \/>\n<meta property=\"og:locale\" content=\"es_ES\" \/>\n<meta property=\"og:type\" content=\"article\" \/>\n<meta property=\"og:title\" content=\"Estudios y apartamentos estandar en Londres | Lingua Holidays\" \/>\n<meta property=\"og:description\" content=\"Nuestros estudios y apartamentos de un dormitor\u00edo est\u00e1ndar, cerca de Camden y Fitzrovia, est\u00e1n ideales para unas vacaciones autenticas en Londres\" \/>\n<meta property=\"og:url\" content=\"https:\/\/www.linguaholidays.com\/es\/lo-esencial\/alojate-en-el-mismo-corazon-de-londres\/estudios-y-apartamentos-estandar\/\" \/>\n<meta property=\"og:site_name\" content=\"Lingua Holidays\" \/>\n<meta property=\"article:modified_time\" content=\"2018-03-02T13:23:30+00:00\" \/>\n<meta name=\"twitter:card\" content=\"summary_large_image\" \/>\n<meta name=\"twitter:label1\" content=\"Tiempo de lectura\" \/>\n\t<meta name=\"twitter:data1\" content=\"1 minuto\" \/>\n<script type=\"application\/ld+json\" class=\"yoast-schema-graph\">{\"@context\":\"https:\/\/schema.org\",\"@graph\":[{\"@type\":\"WebPage\",\"@id\":\"https:\/\/www.linguaholidays.com\/es\/lo-esencial\/alojate-en-el-mismo-corazon-de-londres\/estudios-y-apartamentos-estandar\/\",\"url\":\"https:\/\/www.linguaholidays.com\/es\/lo-esencial\/alojate-en-el-mismo-corazon-de-londres\/estudios-y-apartamentos-estandar\/\",\"name\":\"Estudios y apartamentos estandar en Londres | Lingua Holidays\",\"isPartOf\":{\"@id\":\"https:\/\/www.linguaholidays.com\/#website\"},\"datePublished\":\"2017-09-15T09:14:41+00:00\",\"dateModified\":\"2018-03-02T13:23:30+00:00\",\"description\":\"Nuestros estudios y apartamentos de un dormitor\u00edo est\u00e1ndar, cerca de Camden y Fitzrovia, est\u00e1n ideales para unas vacaciones autenticas en Londres\",\"breadcrumb\":{\"@id\":\"https:\/\/www.linguaholidays.com\/es\/lo-esencial\/alojate-en-el-mismo-corazon-de-londres\/estudios-y-apartamentos-estandar\/#breadcrumb\"},\"inLanguage\":\"es\",\"potentialAction\":[{\"@type\":\"ReadAction\",\"target\":[\"https:\/\/www.linguaholidays.com\/es\/lo-esencial\/alojate-en-el-mismo-corazon-de-londres\/estudios-y-apartamentos-estandar\/\"]}]},{\"@type\":\"BreadcrumbList\",\"@id\":\"https:\/\/www.linguaholidays.com\/es\/lo-esencial\/alojate-en-el-mismo-corazon-de-londres\/estudios-y-apartamentos-estandar\/#breadcrumb\",\"itemListElement\":[{\"@type\":\"ListItem\",\"position\":1,\"name\":\"Home\",\"item\":\"https:\/\/www.linguaholidays.com\/es\/\"},{\"@type\":\"ListItem\",\"position\":2,\"name\":\"Lo esencial\",\"item\":\"https:\/\/www.linguaholidays.com\/es\/lo-esencial\/\"},{\"@type\":\"ListItem\",\"position\":3,\"name\":\"Al\u00f3jate en el mismo coraz\u00f3n de Londres\",\"item\":\"https:\/\/www.linguaholidays.com\/es\/lo-esencial\/alojate-en-el-mismo-corazon-de-londres\/\"},{\"@type\":\"ListItem\",\"position\":4,\"name\":\"Estudios y apartamentos est\u00e1ndar\"}]},{\"@type\":\"WebSite\",\"@id\":\"https:\/\/www.linguaholidays.com\/#website\",\"url\":\"https:\/\/www.linguaholidays.com\/\",\"name\":\"Lingua Holidays\",\"description\":\"Experience London. Learn English.\",\"publisher\":{\"@id\":\"https:\/\/www.linguaholidays.com\/#organization\"},\"potentialAction\":[{\"@type\":\"SearchAction\",\"target\":{\"@type\":\"EntryPoint\",\"urlTemplate\":\"https:\/\/www.linguaholidays.com\/?s={search_term_string}\"},\"query-input\":\"required name=search_term_string\"}],\"inLanguage\":\"es\"},{\"@type\":\"Organization\",\"@id\":\"https:\/\/www.linguaholidays.com\/#organization\",\"name\":\"Lingua Holidays\",\"url\":\"https:\/\/www.linguaholidays.com\/\",\"logo\":{\"@type\":\"ImageObject\",\"inLanguage\":\"es\",\"@id\":\"https:\/\/www.linguaholidays.com\/#\/schema\/logo\/image\/\",\"url\":\"https:\/\/www.linguaholidays.com\/wp-content\/uploads\/2017\/08\/about.jpg\",\"contentUrl\":\"https:\/\/www.linguaholidays.com\/wp-content\/uploads\/2017\/08\/about.jpg\",\"width\":860,\"height\":500,\"caption\":\"Lingua Holidays\"},\"image\":{\"@id\":\"https:\/\/www.linguaholidays.com\/#\/schema\/logo\/image\/\"}}]}<\/script>\n<!-- \/ Yoast SEO plugin. -->","yoast_head_json":{"title":"Estudios y apartamentos estandar en Londres | Lingua Holidays","description":"Nuestros estudios y apartamentos de un dormitor\u00edo est\u00e1ndar, cerca de Camden y Fitzrovia, est\u00e1n ideales para unas vacaciones autenticas en Londres","robots":{"index":"index","follow":"follow","max-snippet":"max-snippet:-1","max-image-preview":"max-image-preview:large","max-video-preview":"max-video-preview:-1"},"canonical":"https:\/\/www.linguaholidays.com\/es\/lo-esencial\/alojate-en-el-mismo-corazon-de-londres\/estudios-y-apartamentos-estandar\/","og_locale":"es_ES","og_type":"article","og_title":"Estudios y apartamentos estandar en Londres | Lingua Holidays","og_description":"Nuestros estudios y apartamentos de un dormitor\u00edo est\u00e1ndar, cerca de Camden y Fitzrovia, est\u00e1n ideales para unas vacaciones autenticas en Londres","og_url":"https:\/\/www.linguaholidays.com\/es\/lo-esencial\/alojate-en-el-mismo-corazon-de-londres\/estudios-y-apartamentos-estandar\/","og_site_name":"Lingua Holidays","article_modified_time":"2018-03-02T13:23:30+00:00","twitter_card":"summary_large_image","twitter_misc":{"Tiempo de lectura":"1 minuto"},"schema":{"@context":"https:\/\/schema.org","@graph":[{"@type":"WebPage","@id":"https:\/\/www.linguaholidays.com\/es\/lo-esencial\/alojate-en-el-mismo-corazon-de-londres\/estudios-y-apartamentos-estandar\/","url":"https:\/\/www.linguaholidays.com\/es\/lo-esencial\/alojate-en-el-mismo-corazon-de-londres\/estudios-y-apartamentos-estandar\/","name":"Estudios y apartamentos estandar en Londres | Lingua Holidays","isPartOf":{"@id":"https:\/\/www.linguaholidays.com\/#website"},"datePublished":"2017-09-15T09:14:41+00:00","dateModified":"2018-03-02T13:23:30+00:00","description":"Nuestros estudios y apartamentos de un dormitor\u00edo est\u00e1ndar, cerca de Camden y Fitzrovia, est\u00e1n ideales para unas vacaciones autenticas en Londres","breadcrumb":{"@id":"https:\/\/www.linguaholidays.com\/es\/lo-esencial\/alojate-en-el-mismo-corazon-de-londres\/estudios-y-apartamentos-estandar\/#breadcrumb"},"inLanguage":"es","potentialAction":[{"@type":"ReadAction","target":["https:\/\/www.linguaholidays.com\/es\/lo-esencial\/alojate-en-el-mismo-corazon-de-londres\/estudios-y-apartamentos-estandar\/"]}]},{"@type":"BreadcrumbList","@id":"https:\/\/www.linguaholidays.com\/es\/lo-esencial\/alojate-en-el-mismo-corazon-de-londres\/estudios-y-apartamentos-estandar\/#breadcrumb","itemListElement":[{"@type":"ListItem","position":1,"name":"Home","item":"https:\/\/www.linguaholidays.com\/es\/"},{"@type":"ListItem","position":2,"name":"Lo esencial","item":"https:\/\/www.linguaholidays.com\/es\/lo-esencial\/"},{"@type":"ListItem","position":3,"name":"Al\u00f3jate en el mismo coraz\u00f3n de Londres","item":"https:\/\/www.linguaholidays.com\/es\/lo-esencial\/alojate-en-el-mismo-corazon-de-londres\/"},{"@type":"ListItem","position":4,"name":"Estudios y apartamentos est\u00e1ndar"}]},{"@type":"WebSite","@id":"https:\/\/www.linguaholidays.com\/#website","url":"https:\/\/www.linguaholidays.com\/","name":"Lingua Holidays","description":"Experience London. Learn English.","publisher":{"@id":"https:\/\/www.linguaholidays.com\/#organization"},"potentialAction":[{"@type":"SearchAction","target":{"@type":"EntryPoint","urlTemplate":"https:\/\/www.linguaholidays.com\/?s={search_term_string}"},"query-input":"required name=search_term_string"}],"inLanguage":"es"},{"@type":"Organization","@id":"https:\/\/www.linguaholidays.com\/#organization","name":"Lingua Holidays","url":"https:\/\/www.linguaholidays.com\/","logo":{"@type":"ImageObject","inLanguage":"es","@id":"https:\/\/www.linguaholidays.com\/#\/schema\/logo\/image\/","url":"https:\/\/www.linguaholidays.com\/wp-content\/uploads\/2017\/08\/about.jpg","contentUrl":"https:\/\/www.linguaholidays.com\/wp-content\/uploads\/2017\/08\/about.jpg","width":860,"height":500,"caption":"Lingua Holidays"},"image":{"@id":"https:\/\/www.linguaholidays.com\/#\/schema\/logo\/image\/"}}]}},"_links":{"self":[{"href":"https:\/\/www.linguaholidays.com\/es\/wp-json\/wp\/v2\/pages\/581","targetHints":{"allow":["GET"]}}],"collection":[{"href":"https:\/\/www.linguaholidays.com\/es\/wp-json\/wp\/v2\/pages"}],"about":[{"href":"https:\/\/www.linguaholidays.com\/es\/wp-json\/wp\/v2\/types\/page"}],"author":[{"embeddable":true,"href":"https:\/\/www.linguaholidays.com\/es\/wp-json\/wp\/v2\/users\/1"}],"replies":[{"embeddable":true,"href":"https:\/\/www.linguaholidays.com\/es\/wp-json\/wp\/v2\/comments?post=581"}],"version-history":[{"count":3,"href":"https:\/\/www.linguaholidays.com\/es\/wp-json\/wp\/v2\/pages\/581\/revisions"}],"predecessor-version":[{"id":1792,"href":"https:\/\/www.linguaholidays.com\/es\/wp-json\/wp\/v2\/pages\/581\/revisions\/1792"}],"up":[{"embeddable":true,"href":"https:\/\/www.linguaholidays.com\/es\/wp-json\/wp\/v2\/pages\/565"}],"wp:attachment":[{"href":"https:\/\/www.linguaholidays.com\/es\/wp-json\/wp\/v2\/media?parent=581"}],"curies":[{"name":"wp","href":"https:\/\/api.w.org\/{rel}","templated":true}]}}