{"id":583,"date":"2017-09-15T10:29:22","date_gmt":"2017-09-15T10:29:22","guid":{"rendered":"https:\/\/lingua.designriver.co.uk\/?page_id=583"},"modified":"2018-03-02T15:14:09","modified_gmt":"2018-03-02T15:14:09","slug":"estudios-y-apartamentos-superiores","status":"publish","type":"page","link":"https:\/\/www.linguaholidays.com\/es\/lo-esencial\/alojate-en-el-mismo-corazon-de-londres\/estudios-y-apartamentos-superiores\/","title":{"rendered":"Estudios y apartamentos superiores"},"content":{"rendered":"<h2>Nuestros estudios di\u00e1fanos y apartamentos de uno y dos dormitorios superiores atendidos en el<strong> West End de Londres<\/strong> ofrecen alojamiento moderno de alta calidad para parejas y familias y gozan de una situaci\u00f3n envidiable para acceder a los muchos y excelentes restaurantes y teatros de Londres.<\/h2>\n<p>Oxford Street est\u00e1 justo al lado y Knightsbridge a un corto trayecto a pie, cruzando Hyde Park.<\/p>\n<p>Los estudios tienen camas plegables para aprovechar el espacio al m\u00e1ximo, ba\u00f1os alicatados con ducha y ba\u00f1era, y cocina aparte con hornilla de gas, lavadora-secadora y lavavajillas.<\/p>\n<p><strong>Pack de bienvenida<br \/>\n<\/strong>Todo el alojamiento de Lingua Holidays incluye un pack de bienvenida gratuito con t\u00e9, caf\u00e9, sal, pimienta, zumo, agua mineral, leche, galletas y patatas fritas.<\/p>\n<p>Se pueden hacer pedidos de un pack de bienvenida de lujo por un precio de 50 libras. El pack de bienvenida de lujo incluye lo mismo que el gratuito, m\u00e1s cereales, pan, mantequilla, jam\u00f3n, queso, huevos, croissants, beicon, galletas para queso, yogur y una botella de vino.<\/p>\n","protected":false},"excerpt":{"rendered":"<p>Nuestros estudios di\u00e1fanos y apartamentos de uno y dos dormitorios superiores atendidos en el West End de Londres ofrecen alojamiento moderno de alta calidad para parejas y familias y gozan de una situaci\u00f3n envidiable para acceder a los muchos y excelentes restaurantes y teatros de Londres. Oxford Street est\u00e1 justo al lado y Knightsbridge a [&hellip;]<\/p>\n","protected":false},"author":1,"featured_media":0,"parent":565,"menu_order":0,"comment_status":"closed","ping_status":"closed","template":"tpl-accomodation-single.php","meta":{"_monsterinsights_skip_tracking":false,"_monsterinsights_sitenote_active":false,"_monsterinsights_sitenote_note":"","_monsterinsights_sitenote_category":0,"footnotes":""},"class_list":["post-583","page","type-page","status-publish","hentry"],"acf":[],"yoast_head":"<!-- This site is optimized with the Yoast SEO plugin v20.6 - https:\/\/yoast.com\/wordpress\/plugins\/seo\/ -->\n<title>Apartamentos y estudios en Londres | estudiar ingl\u00e9s \u2013 Lingua Holidays<\/title>\n<meta name=\"description\" content=\"Estudia ingl\u00e9s con toda comodidad con clases personalizadas en tu proprio apartamento cerca de las principales atracciones del centro de Londres.\" \/>\n<meta name=\"robots\" content=\"index, follow, max-snippet:-1, max-image-preview:large, max-video-preview:-1\" \/>\n<link rel=\"canonical\" href=\"https:\/\/www.linguaholidays.com\/es\/lo-esencial\/alojate-en-el-mismo-corazon-de-londres\/estudios-y-apartamentos-superiores\/\" \/>\n<meta property=\"og:locale\" content=\"es_ES\" \/>\n<meta property=\"og:type\" content=\"article\" \/>\n<meta property=\"og:title\" content=\"Apartamentos y estudios en Londres | estudiar ingl\u00e9s \u2013 Lingua Holidays\" \/>\n<meta property=\"og:description\" content=\"Estudia ingl\u00e9s con toda comodidad con clases personalizadas en tu proprio apartamento cerca de las principales atracciones del centro de Londres.\" \/>\n<meta property=\"og:url\" content=\"https:\/\/www.linguaholidays.com\/es\/lo-esencial\/alojate-en-el-mismo-corazon-de-londres\/estudios-y-apartamentos-superiores\/\" \/>\n<meta property=\"og:site_name\" content=\"Lingua Holidays\" \/>\n<meta property=\"article:modified_time\" content=\"2018-03-02T15:14:09+00:00\" \/>\n<meta name=\"twitter:card\" content=\"summary_large_image\" \/>\n<meta name=\"twitter:label1\" content=\"Tiempo de lectura\" \/>\n\t<meta name=\"twitter:data1\" content=\"1 minuto\" \/>\n<script type=\"application\/ld+json\" class=\"yoast-schema-graph\">{\"@context\":\"https:\/\/schema.org\",\"@graph\":[{\"@type\":\"WebPage\",\"@id\":\"https:\/\/www.linguaholidays.com\/es\/lo-esencial\/alojate-en-el-mismo-corazon-de-londres\/estudios-y-apartamentos-superiores\/\",\"url\":\"https:\/\/www.linguaholidays.com\/es\/lo-esencial\/alojate-en-el-mismo-corazon-de-londres\/estudios-y-apartamentos-superiores\/\",\"name\":\"Apartamentos y estudios en Londres | estudiar ingl\u00e9s \u2013 Lingua Holidays\",\"isPartOf\":{\"@id\":\"https:\/\/www.linguaholidays.com\/#website\"},\"datePublished\":\"2017-09-15T10:29:22+00:00\",\"dateModified\":\"2018-03-02T15:14:09+00:00\",\"description\":\"Estudia ingl\u00e9s con toda comodidad con clases personalizadas en tu proprio apartamento cerca de las principales atracciones del centro de Londres.\",\"breadcrumb\":{\"@id\":\"https:\/\/www.linguaholidays.com\/es\/lo-esencial\/alojate-en-el-mismo-corazon-de-londres\/estudios-y-apartamentos-superiores\/#breadcrumb\"},\"inLanguage\":\"es\",\"potentialAction\":[{\"@type\":\"ReadAction\",\"target\":[\"https:\/\/www.linguaholidays.com\/es\/lo-esencial\/alojate-en-el-mismo-corazon-de-londres\/estudios-y-apartamentos-superiores\/\"]}]},{\"@type\":\"BreadcrumbList\",\"@id\":\"https:\/\/www.linguaholidays.com\/es\/lo-esencial\/alojate-en-el-mismo-corazon-de-londres\/estudios-y-apartamentos-superiores\/#breadcrumb\",\"itemListElement\":[{\"@type\":\"ListItem\",\"position\":1,\"name\":\"Home\",\"item\":\"https:\/\/www.linguaholidays.com\/es\/\"},{\"@type\":\"ListItem\",\"position\":2,\"name\":\"Lo esencial\",\"item\":\"https:\/\/www.linguaholidays.com\/es\/lo-esencial\/\"},{\"@type\":\"ListItem\",\"position\":3,\"name\":\"Al\u00f3jate en el mismo coraz\u00f3n de Londres\",\"item\":\"https:\/\/www.linguaholidays.com\/es\/lo-esencial\/alojate-en-el-mismo-corazon-de-londres\/\"},{\"@type\":\"ListItem\",\"position\":4,\"name\":\"Estudios y apartamentos superiores\"}]},{\"@type\":\"WebSite\",\"@id\":\"https:\/\/www.linguaholidays.com\/#website\",\"url\":\"https:\/\/www.linguaholidays.com\/\",\"name\":\"Lingua Holidays\",\"description\":\"Experience London. Learn English.\",\"publisher\":{\"@id\":\"https:\/\/www.linguaholidays.com\/#organization\"},\"potentialAction\":[{\"@type\":\"SearchAction\",\"target\":{\"@type\":\"EntryPoint\",\"urlTemplate\":\"https:\/\/www.linguaholidays.com\/?s={search_term_string}\"},\"query-input\":\"required name=search_term_string\"}],\"inLanguage\":\"es\"},{\"@type\":\"Organization\",\"@id\":\"https:\/\/www.linguaholidays.com\/#organization\",\"name\":\"Lingua Holidays\",\"url\":\"https:\/\/www.linguaholidays.com\/\",\"logo\":{\"@type\":\"ImageObject\",\"inLanguage\":\"es\",\"@id\":\"https:\/\/www.linguaholidays.com\/#\/schema\/logo\/image\/\",\"url\":\"https:\/\/www.linguaholidays.com\/wp-content\/uploads\/2017\/08\/about.jpg\",\"contentUrl\":\"https:\/\/www.linguaholidays.com\/wp-content\/uploads\/2017\/08\/about.jpg\",\"width\":860,\"height\":500,\"caption\":\"Lingua Holidays\"},\"image\":{\"@id\":\"https:\/\/www.linguaholidays.com\/#\/schema\/logo\/image\/\"}}]}<\/script>\n<!-- \/ Yoast SEO plugin. -->","yoast_head_json":{"title":"Apartamentos y estudios en Londres | estudiar ingl\u00e9s \u2013 Lingua Holidays","description":"Estudia ingl\u00e9s con toda comodidad con clases personalizadas en tu proprio apartamento cerca de las principales atracciones del centro de Londres.","robots":{"index":"index","follow":"follow","max-snippet":"max-snippet:-1","max-image-preview":"max-image-preview:large","max-video-preview":"max-video-preview:-1"},"canonical":"https:\/\/www.linguaholidays.com\/es\/lo-esencial\/alojate-en-el-mismo-corazon-de-londres\/estudios-y-apartamentos-superiores\/","og_locale":"es_ES","og_type":"article","og_title":"Apartamentos y estudios en Londres | estudiar ingl\u00e9s \u2013 Lingua Holidays","og_description":"Estudia ingl\u00e9s con toda comodidad con clases personalizadas en tu proprio apartamento cerca de las principales atracciones del centro de Londres.","og_url":"https:\/\/www.linguaholidays.com\/es\/lo-esencial\/alojate-en-el-mismo-corazon-de-londres\/estudios-y-apartamentos-superiores\/","og_site_name":"Lingua Holidays","article_modified_time":"2018-03-02T15:14:09+00:00","twitter_card":"summary_large_image","twitter_misc":{"Tiempo de lectura":"1 minuto"},"schema":{"@context":"https:\/\/schema.org","@graph":[{"@type":"WebPage","@id":"https:\/\/www.linguaholidays.com\/es\/lo-esencial\/alojate-en-el-mismo-corazon-de-londres\/estudios-y-apartamentos-superiores\/","url":"https:\/\/www.linguaholidays.com\/es\/lo-esencial\/alojate-en-el-mismo-corazon-de-londres\/estudios-y-apartamentos-superiores\/","name":"Apartamentos y estudios en Londres | estudiar ingl\u00e9s \u2013 Lingua Holidays","isPartOf":{"@id":"https:\/\/www.linguaholidays.com\/#website"},"datePublished":"2017-09-15T10:29:22+00:00","dateModified":"2018-03-02T15:14:09+00:00","description":"Estudia ingl\u00e9s con toda comodidad con clases personalizadas en tu proprio apartamento cerca de las principales atracciones del centro de Londres.","breadcrumb":{"@id":"https:\/\/www.linguaholidays.com\/es\/lo-esencial\/alojate-en-el-mismo-corazon-de-londres\/estudios-y-apartamentos-superiores\/#breadcrumb"},"inLanguage":"es","potentialAction":[{"@type":"ReadAction","target":["https:\/\/www.linguaholidays.com\/es\/lo-esencial\/alojate-en-el-mismo-corazon-de-londres\/estudios-y-apartamentos-superiores\/"]}]},{"@type":"BreadcrumbList","@id":"https:\/\/www.linguaholidays.com\/es\/lo-esencial\/alojate-en-el-mismo-corazon-de-londres\/estudios-y-apartamentos-superiores\/#breadcrumb","itemListElement":[{"@type":"ListItem","position":1,"name":"Home","item":"https:\/\/www.linguaholidays.com\/es\/"},{"@type":"ListItem","position":2,"name":"Lo esencial","item":"https:\/\/www.linguaholidays.com\/es\/lo-esencial\/"},{"@type":"ListItem","position":3,"name":"Al\u00f3jate en el mismo coraz\u00f3n de Londres","item":"https:\/\/www.linguaholidays.com\/es\/lo-esencial\/alojate-en-el-mismo-corazon-de-londres\/"},{"@type":"ListItem","position":4,"name":"Estudios y apartamentos superiores"}]},{"@type":"WebSite","@id":"https:\/\/www.linguaholidays.com\/#website","url":"https:\/\/www.linguaholidays.com\/","name":"Lingua Holidays","description":"Experience London. Learn English.","publisher":{"@id":"https:\/\/www.linguaholidays.com\/#organization"},"potentialAction":[{"@type":"SearchAction","target":{"@type":"EntryPoint","urlTemplate":"https:\/\/www.linguaholidays.com\/?s={search_term_string}"},"query-input":"required name=search_term_string"}],"inLanguage":"es"},{"@type":"Organization","@id":"https:\/\/www.linguaholidays.com\/#organization","name":"Lingua Holidays","url":"https:\/\/www.linguaholidays.com\/","logo":{"@type":"ImageObject","inLanguage":"es","@id":"https:\/\/www.linguaholidays.com\/#\/schema\/logo\/image\/","url":"https:\/\/www.linguaholidays.com\/wp-content\/uploads\/2017\/08\/about.jpg","contentUrl":"https:\/\/www.linguaholidays.com\/wp-content\/uploads\/2017\/08\/about.jpg","width":860,"height":500,"caption":"Lingua Holidays"},"image":{"@id":"https:\/\/www.linguaholidays.com\/#\/schema\/logo\/image\/"}}]}},"_links":{"self":[{"href":"https:\/\/www.linguaholidays.com\/es\/wp-json\/wp\/v2\/pages\/583","targetHints":{"allow":["GET"]}}],"collection":[{"href":"https:\/\/www.linguaholidays.com\/es\/wp-json\/wp\/v2\/pages"}],"about":[{"href":"https:\/\/www.linguaholidays.com\/es\/wp-json\/wp\/v2\/types\/page"}],"author":[{"embeddable":true,"href":"https:\/\/www.linguaholidays.com\/es\/wp-json\/wp\/v2\/users\/1"}],"replies":[{"embeddable":true,"href":"https:\/\/www.linguaholidays.com\/es\/wp-json\/wp\/v2\/comments?post=583"}],"version-history":[{"count":3,"href":"https:\/\/www.linguaholidays.com\/es\/wp-json\/wp\/v2\/pages\/583\/revisions"}],"predecessor-version":[{"id":2564,"href":"https:\/\/www.linguaholidays.com\/es\/wp-json\/wp\/v2\/pages\/583\/revisions\/2564"}],"up":[{"embeddable":true,"href":"https:\/\/www.linguaholidays.com\/es\/wp-json\/wp\/v2\/pages\/565"}],"wp:attachment":[{"href":"https:\/\/www.linguaholidays.com\/es\/wp-json\/wp\/v2\/media?parent=583"}],"curies":[{"name":"wp","href":"https:\/\/api.w.org\/{rel}","templated":true}]}}