{"id":586,"date":"2017-09-15T10:29:33","date_gmt":"2017-09-15T10:29:33","guid":{"rendered":"https:\/\/lingua.designriver.co.uk\/?page_id=586"},"modified":"2018-03-02T15:15:09","modified_gmt":"2018-03-02T15:15:09","slug":"apartamentos-de-lujo","status":"publish","type":"page","link":"https:\/\/www.linguaholidays.com\/es\/lo-esencial\/alojate-en-el-mismo-corazon-de-londres\/apartamentos-de-lujo\/","title":{"rendered":"Apartamentos de lujo"},"content":{"rendered":"<h2>Los apartamentos reci\u00e9n reformados de uno y dos dormitorios han sido dise\u00f1ados como un lujoso h\u00e1bitat en el coraz\u00f3n de <strong>Marylebone village<\/strong>, uno de los destinos m\u00e1s codiciados de Londres entre los amantes de la moda y la cultura.<\/h2>\n<p>Las calles que rodean la calle principal, Marylebone High Street, son famosas por sus elegantes boutiques, caf\u00e9s y restaurantes.<\/p>\n<p>Los apartamentos reci\u00e9n reformados tienen suelos de madera, mucha luz natural gracias a sus grandes ventanales, y un mobiliario elegante y moderno. Las cocinas y los cuartos de ba\u00f1o est\u00e1n muy bien equipados y el dormitorio principal tiene un ba\u00f1o anexo (solo en los apartamientos de dos habitaciones).<\/p>\n<p><strong>Pack de bienvenida<br \/>\n<\/strong>Todo el alojamiento de Lingua Holidays incluye un pack de bienvenida gratuito con t\u00e9, caf\u00e9, sal, pimienta, zumo, agua mineral, leche, galletas y patatas fritas.<\/p>\n<p>Se pueden hacer pedidos de un pack de bienvenida de lujo por un precio de 50 libras. El pack de bienvenida de lujo incluye lo mismo que el gratuito, m\u00e1s cereales, pan, mantequilla, jam\u00f3n, queso, huevos, croissants, beicon, galletas para queso, yogur y una botella de vino.<\/p>\n","protected":false},"excerpt":{"rendered":"<p>Los apartamentos reci\u00e9n reformados de uno y dos dormitorios han sido dise\u00f1ados como un lujoso h\u00e1bitat en el coraz\u00f3n de Marylebone village, uno de los destinos m\u00e1s codiciados de Londres entre los amantes de la moda y la cultura. Las calles que rodean la calle principal, Marylebone High Street, son famosas por sus elegantes boutiques, [&hellip;]<\/p>\n","protected":false},"author":1,"featured_media":0,"parent":565,"menu_order":0,"comment_status":"closed","ping_status":"closed","template":"tpl-accomodation-single.php","meta":{"_monsterinsights_skip_tracking":false,"_monsterinsights_sitenote_active":false,"_monsterinsights_sitenote_note":"","_monsterinsights_sitenote_category":0,"footnotes":""},"class_list":["post-586","page","type-page","status-publish","hentry"],"acf":[],"yoast_head":"<!-- This site is optimized with the Yoast SEO plugin v20.6 - https:\/\/yoast.com\/wordpress\/plugins\/seo\/ -->\n<title>Apartamentos de lujo | clases de ingl\u00e9s personalizadas \u2013 Lingua Holidays<\/title>\n<meta name=\"description\" content=\"Alojate en un apartamento de lujo en uno de los destinos famosas por sus elegantes boutiques y restaurantes. Estudia ingl\u00e9s en tu proprio apartamento.\" \/>\n<meta name=\"robots\" content=\"index, follow, max-snippet:-1, max-image-preview:large, max-video-preview:-1\" \/>\n<link rel=\"canonical\" href=\"https:\/\/www.linguaholidays.com\/es\/lo-esencial\/alojate-en-el-mismo-corazon-de-londres\/apartamentos-de-lujo\/\" \/>\n<meta property=\"og:locale\" content=\"es_ES\" \/>\n<meta property=\"og:type\" content=\"article\" \/>\n<meta property=\"og:title\" content=\"Apartamentos de lujo | clases de ingl\u00e9s personalizadas \u2013 Lingua Holidays\" \/>\n<meta property=\"og:description\" content=\"Alojate en un apartamento de lujo en uno de los destinos famosas por sus elegantes boutiques y restaurantes. Estudia ingl\u00e9s en tu proprio apartamento.\" \/>\n<meta property=\"og:url\" content=\"https:\/\/www.linguaholidays.com\/es\/lo-esencial\/alojate-en-el-mismo-corazon-de-londres\/apartamentos-de-lujo\/\" \/>\n<meta property=\"og:site_name\" content=\"Lingua Holidays\" \/>\n<meta property=\"article:modified_time\" content=\"2018-03-02T15:15:09+00:00\" \/>\n<meta name=\"twitter:card\" content=\"summary_large_image\" \/>\n<meta name=\"twitter:label1\" content=\"Tiempo de lectura\" \/>\n\t<meta name=\"twitter:data1\" content=\"1 minuto\" \/>\n<script type=\"application\/ld+json\" class=\"yoast-schema-graph\">{\"@context\":\"https:\/\/schema.org\",\"@graph\":[{\"@type\":\"WebPage\",\"@id\":\"https:\/\/www.linguaholidays.com\/es\/lo-esencial\/alojate-en-el-mismo-corazon-de-londres\/apartamentos-de-lujo\/\",\"url\":\"https:\/\/www.linguaholidays.com\/es\/lo-esencial\/alojate-en-el-mismo-corazon-de-londres\/apartamentos-de-lujo\/\",\"name\":\"Apartamentos de lujo | clases de ingl\u00e9s personalizadas \u2013 Lingua Holidays\",\"isPartOf\":{\"@id\":\"https:\/\/www.linguaholidays.com\/#website\"},\"datePublished\":\"2017-09-15T10:29:33+00:00\",\"dateModified\":\"2018-03-02T15:15:09+00:00\",\"description\":\"Alojate en un apartamento de lujo en uno de los destinos famosas por sus elegantes boutiques y restaurantes. Estudia ingl\u00e9s en tu proprio apartamento.\",\"breadcrumb\":{\"@id\":\"https:\/\/www.linguaholidays.com\/es\/lo-esencial\/alojate-en-el-mismo-corazon-de-londres\/apartamentos-de-lujo\/#breadcrumb\"},\"inLanguage\":\"es\",\"potentialAction\":[{\"@type\":\"ReadAction\",\"target\":[\"https:\/\/www.linguaholidays.com\/es\/lo-esencial\/alojate-en-el-mismo-corazon-de-londres\/apartamentos-de-lujo\/\"]}]},{\"@type\":\"BreadcrumbList\",\"@id\":\"https:\/\/www.linguaholidays.com\/es\/lo-esencial\/alojate-en-el-mismo-corazon-de-londres\/apartamentos-de-lujo\/#breadcrumb\",\"itemListElement\":[{\"@type\":\"ListItem\",\"position\":1,\"name\":\"Home\",\"item\":\"https:\/\/www.linguaholidays.com\/es\/\"},{\"@type\":\"ListItem\",\"position\":2,\"name\":\"Lo esencial\",\"item\":\"https:\/\/www.linguaholidays.com\/es\/lo-esencial\/\"},{\"@type\":\"ListItem\",\"position\":3,\"name\":\"Al\u00f3jate en el mismo coraz\u00f3n de Londres\",\"item\":\"https:\/\/www.linguaholidays.com\/es\/lo-esencial\/alojate-en-el-mismo-corazon-de-londres\/\"},{\"@type\":\"ListItem\",\"position\":4,\"name\":\"Apartamentos de lujo\"}]},{\"@type\":\"WebSite\",\"@id\":\"https:\/\/www.linguaholidays.com\/#website\",\"url\":\"https:\/\/www.linguaholidays.com\/\",\"name\":\"Lingua Holidays\",\"description\":\"Experience London. Learn English.\",\"publisher\":{\"@id\":\"https:\/\/www.linguaholidays.com\/#organization\"},\"potentialAction\":[{\"@type\":\"SearchAction\",\"target\":{\"@type\":\"EntryPoint\",\"urlTemplate\":\"https:\/\/www.linguaholidays.com\/?s={search_term_string}\"},\"query-input\":\"required name=search_term_string\"}],\"inLanguage\":\"es\"},{\"@type\":\"Organization\",\"@id\":\"https:\/\/www.linguaholidays.com\/#organization\",\"name\":\"Lingua Holidays\",\"url\":\"https:\/\/www.linguaholidays.com\/\",\"logo\":{\"@type\":\"ImageObject\",\"inLanguage\":\"es\",\"@id\":\"https:\/\/www.linguaholidays.com\/#\/schema\/logo\/image\/\",\"url\":\"https:\/\/www.linguaholidays.com\/wp-content\/uploads\/2017\/08\/about.jpg\",\"contentUrl\":\"https:\/\/www.linguaholidays.com\/wp-content\/uploads\/2017\/08\/about.jpg\",\"width\":860,\"height\":500,\"caption\":\"Lingua Holidays\"},\"image\":{\"@id\":\"https:\/\/www.linguaholidays.com\/#\/schema\/logo\/image\/\"}}]}<\/script>\n<!-- \/ Yoast SEO plugin. -->","yoast_head_json":{"title":"Apartamentos de lujo | clases de ingl\u00e9s personalizadas \u2013 Lingua Holidays","description":"Alojate en un apartamento de lujo en uno de los destinos famosas por sus elegantes boutiques y restaurantes. Estudia ingl\u00e9s en tu proprio apartamento.","robots":{"index":"index","follow":"follow","max-snippet":"max-snippet:-1","max-image-preview":"max-image-preview:large","max-video-preview":"max-video-preview:-1"},"canonical":"https:\/\/www.linguaholidays.com\/es\/lo-esencial\/alojate-en-el-mismo-corazon-de-londres\/apartamentos-de-lujo\/","og_locale":"es_ES","og_type":"article","og_title":"Apartamentos de lujo | clases de ingl\u00e9s personalizadas \u2013 Lingua Holidays","og_description":"Alojate en un apartamento de lujo en uno de los destinos famosas por sus elegantes boutiques y restaurantes. Estudia ingl\u00e9s en tu proprio apartamento.","og_url":"https:\/\/www.linguaholidays.com\/es\/lo-esencial\/alojate-en-el-mismo-corazon-de-londres\/apartamentos-de-lujo\/","og_site_name":"Lingua Holidays","article_modified_time":"2018-03-02T15:15:09+00:00","twitter_card":"summary_large_image","twitter_misc":{"Tiempo de lectura":"1 minuto"},"schema":{"@context":"https:\/\/schema.org","@graph":[{"@type":"WebPage","@id":"https:\/\/www.linguaholidays.com\/es\/lo-esencial\/alojate-en-el-mismo-corazon-de-londres\/apartamentos-de-lujo\/","url":"https:\/\/www.linguaholidays.com\/es\/lo-esencial\/alojate-en-el-mismo-corazon-de-londres\/apartamentos-de-lujo\/","name":"Apartamentos de lujo | clases de ingl\u00e9s personalizadas \u2013 Lingua Holidays","isPartOf":{"@id":"https:\/\/www.linguaholidays.com\/#website"},"datePublished":"2017-09-15T10:29:33+00:00","dateModified":"2018-03-02T15:15:09+00:00","description":"Alojate en un apartamento de lujo en uno de los destinos famosas por sus elegantes boutiques y restaurantes. Estudia ingl\u00e9s en tu proprio apartamento.","breadcrumb":{"@id":"https:\/\/www.linguaholidays.com\/es\/lo-esencial\/alojate-en-el-mismo-corazon-de-londres\/apartamentos-de-lujo\/#breadcrumb"},"inLanguage":"es","potentialAction":[{"@type":"ReadAction","target":["https:\/\/www.linguaholidays.com\/es\/lo-esencial\/alojate-en-el-mismo-corazon-de-londres\/apartamentos-de-lujo\/"]}]},{"@type":"BreadcrumbList","@id":"https:\/\/www.linguaholidays.com\/es\/lo-esencial\/alojate-en-el-mismo-corazon-de-londres\/apartamentos-de-lujo\/#breadcrumb","itemListElement":[{"@type":"ListItem","position":1,"name":"Home","item":"https:\/\/www.linguaholidays.com\/es\/"},{"@type":"ListItem","position":2,"name":"Lo esencial","item":"https:\/\/www.linguaholidays.com\/es\/lo-esencial\/"},{"@type":"ListItem","position":3,"name":"Al\u00f3jate en el mismo coraz\u00f3n de Londres","item":"https:\/\/www.linguaholidays.com\/es\/lo-esencial\/alojate-en-el-mismo-corazon-de-londres\/"},{"@type":"ListItem","position":4,"name":"Apartamentos de lujo"}]},{"@type":"WebSite","@id":"https:\/\/www.linguaholidays.com\/#website","url":"https:\/\/www.linguaholidays.com\/","name":"Lingua Holidays","description":"Experience London. Learn English.","publisher":{"@id":"https:\/\/www.linguaholidays.com\/#organization"},"potentialAction":[{"@type":"SearchAction","target":{"@type":"EntryPoint","urlTemplate":"https:\/\/www.linguaholidays.com\/?s={search_term_string}"},"query-input":"required name=search_term_string"}],"inLanguage":"es"},{"@type":"Organization","@id":"https:\/\/www.linguaholidays.com\/#organization","name":"Lingua Holidays","url":"https:\/\/www.linguaholidays.com\/","logo":{"@type":"ImageObject","inLanguage":"es","@id":"https:\/\/www.linguaholidays.com\/#\/schema\/logo\/image\/","url":"https:\/\/www.linguaholidays.com\/wp-content\/uploads\/2017\/08\/about.jpg","contentUrl":"https:\/\/www.linguaholidays.com\/wp-content\/uploads\/2017\/08\/about.jpg","width":860,"height":500,"caption":"Lingua Holidays"},"image":{"@id":"https:\/\/www.linguaholidays.com\/#\/schema\/logo\/image\/"}}]}},"_links":{"self":[{"href":"https:\/\/www.linguaholidays.com\/es\/wp-json\/wp\/v2\/pages\/586","targetHints":{"allow":["GET"]}}],"collection":[{"href":"https:\/\/www.linguaholidays.com\/es\/wp-json\/wp\/v2\/pages"}],"about":[{"href":"https:\/\/www.linguaholidays.com\/es\/wp-json\/wp\/v2\/types\/page"}],"author":[{"embeddable":true,"href":"https:\/\/www.linguaholidays.com\/es\/wp-json\/wp\/v2\/users\/1"}],"replies":[{"embeddable":true,"href":"https:\/\/www.linguaholidays.com\/es\/wp-json\/wp\/v2\/comments?post=586"}],"version-history":[{"count":4,"href":"https:\/\/www.linguaholidays.com\/es\/wp-json\/wp\/v2\/pages\/586\/revisions"}],"predecessor-version":[{"id":2563,"href":"https:\/\/www.linguaholidays.com\/es\/wp-json\/wp\/v2\/pages\/586\/revisions\/2563"}],"up":[{"embeddable":true,"href":"https:\/\/www.linguaholidays.com\/es\/wp-json\/wp\/v2\/pages\/565"}],"wp:attachment":[{"href":"https:\/\/www.linguaholidays.com\/es\/wp-json\/wp\/v2\/media?parent=586"}],"curies":[{"name":"wp","href":"https:\/\/api.w.org\/{rel}","templated":true}]}}