{"id":413,"date":"2017-08-18T11:35:15","date_gmt":"2017-08-18T11:35:15","guid":{"rendered":"https:\/\/lingua.designriver.co.uk\/?page_id=413"},"modified":"2024-06-10T14:37:10","modified_gmt":"2024-06-10T14:37:10","slug":"sejours-linguistiques","status":"publish","type":"page","link":"https:\/\/www.linguaholidays.com\/fr\/sejours-linguistiques-londres\/sejours-linguistiques\/","title":{"rendered":"S\u00e9jours linguistiques pour adultes"},"content":{"rendered":"<h2>Apprenez l\u2019anglais \u00e0 Londres<\/h2>\n<p>Suivez des cours de langue anglaise et d\u00e9couvrez la vie \u00e0 Londres tout en apprenant. \u00c9tudiez dans le confort de votre appartement et pratiquez votre anglais tout en d\u00e9couvrant de nouveaux sites touristiques et de nouvelles attractions, seul ou dans le cadre d\u2019une visite ou une excursion Lingua Holiday.<\/p>\n<p>Nos le\u00e7ons d\u2019anglais sont con\u00e7ues pour rafra\u00eechir et renforcer vos connaissances actuelles ou, si vous \u00eates un parfait d\u00e9butant, apprendre les bases de la communication quotidienne. Les le\u00e7ons comprennent des \u00e9l\u00e9ments de grammaire, de prononciation, d\u2019enrichissement du vocabulaire et de conversation g\u00e9n\u00e9rale.<\/p>\n<p><span style=\"color: #ff0000;\"><strong>R<\/strong><strong>\u00e9<\/strong><strong>servez maintenant votre Lingua Holiday \u2013 choisissez une date de d<\/strong><strong>\u00e9<\/strong><\/span><strong><span style=\"color: #ff0000;\">part!<\/span><br \/>\n1 personne<\/strong>: \u00a3700, 12 heures de cours<br \/>\n<strong>2 personnes<\/strong>: \u00a3400 par personne, 12 heures de cours<\/p>\n","protected":false},"excerpt":{"rendered":"<p>Apprenez l\u2019anglais \u00e0 Londres Suivez des cours de langue anglaise et d\u00e9couvrez la vie \u00e0 Londres tout en apprenant. \u00c9tudiez dans le confort de votre appartement et pratiquez votre anglais tout en d\u00e9couvrant de nouveaux sites touristiques et de nouvelles attractions, seul ou dans le cadre d\u2019une visite ou une excursion Lingua Holiday. Nos le\u00e7ons [&hellip;]<\/p>\n","protected":false},"author":1,"featured_media":0,"parent":493,"menu_order":0,"comment_status":"closed","ping_status":"closed","template":"","meta":{"_monsterinsights_skip_tracking":false,"_monsterinsights_sitenote_active":false,"_monsterinsights_sitenote_note":"","_monsterinsights_sitenote_category":0,"footnotes":""},"class_list":["post-413","page","type-page","status-publish","hentry"],"acf":[],"yoast_head":"<!-- This site is optimized with the Yoast SEO plugin v20.6 - https:\/\/yoast.com\/wordpress\/plugins\/seo\/ -->\n<title>S\u00e9jours linguistiques one-to-one \u00e0 Londres | adultes<\/title>\n<meta name=\"description\" content=\"S\u00e9jours linguistiques \u00e0 Londres. Le\u00e7ons individuelles dans le confort de votre appartement et visites en compagnie de votre professeur d\u2019anglais\" \/>\n<meta name=\"robots\" content=\"index, follow, max-snippet:-1, max-image-preview:large, max-video-preview:-1\" \/>\n<link rel=\"canonical\" href=\"https:\/\/www.linguaholidays.com\/fr\/sejours-linguistiques-londres\/sejours-linguistiques\/\" \/>\n<meta property=\"og:locale\" content=\"fr_FR\" \/>\n<meta property=\"og:type\" content=\"article\" \/>\n<meta property=\"og:title\" content=\"S\u00e9jours linguistiques one-to-one \u00e0 Londres | adultes\" \/>\n<meta property=\"og:description\" content=\"S\u00e9jours linguistiques \u00e0 Londres. Le\u00e7ons individuelles dans le confort de votre appartement et visites en compagnie de votre professeur d\u2019anglais\" \/>\n<meta property=\"og:url\" content=\"https:\/\/www.linguaholidays.com\/fr\/sejours-linguistiques-londres\/sejours-linguistiques\/\" \/>\n<meta property=\"og:site_name\" content=\"Lingua Holidays\" \/>\n<meta property=\"article:modified_time\" content=\"2024-06-10T14:37:10+00:00\" \/>\n<meta name=\"twitter:card\" content=\"summary_large_image\" \/>\n<meta name=\"twitter:label1\" content=\"Dur\u00e9e de lecture estim\u00e9e\" \/>\n\t<meta name=\"twitter:data1\" content=\"1 minute\" \/>\n<script type=\"application\/ld+json\" class=\"yoast-schema-graph\">{\"@context\":\"https:\/\/schema.org\",\"@graph\":[{\"@type\":\"WebPage\",\"@id\":\"https:\/\/www.linguaholidays.com\/fr\/sejours-linguistiques-londres\/sejours-linguistiques\/\",\"url\":\"https:\/\/www.linguaholidays.com\/fr\/sejours-linguistiques-londres\/sejours-linguistiques\/\",\"name\":\"S\u00e9jours linguistiques one-to-one \u00e0 Londres | adultes\",\"isPartOf\":{\"@id\":\"https:\/\/www.linguaholidays.com\/#website\"},\"datePublished\":\"2017-08-18T11:35:15+00:00\",\"dateModified\":\"2024-06-10T14:37:10+00:00\",\"description\":\"S\u00e9jours linguistiques \u00e0 Londres. Le\u00e7ons individuelles dans le confort de votre appartement et visites en compagnie de votre professeur d\u2019anglais\",\"breadcrumb\":{\"@id\":\"https:\/\/www.linguaholidays.com\/fr\/sejours-linguistiques-londres\/sejours-linguistiques\/#breadcrumb\"},\"inLanguage\":\"fr-FR\",\"potentialAction\":[{\"@type\":\"ReadAction\",\"target\":[\"https:\/\/www.linguaholidays.com\/fr\/sejours-linguistiques-londres\/sejours-linguistiques\/\"]}]},{\"@type\":\"BreadcrumbList\",\"@id\":\"https:\/\/www.linguaholidays.com\/fr\/sejours-linguistiques-londres\/sejours-linguistiques\/#breadcrumb\",\"itemListElement\":[{\"@type\":\"ListItem\",\"position\":1,\"name\":\"Home\",\"item\":\"https:\/\/www.linguaholidays.com\/fr\/\"},{\"@type\":\"ListItem\",\"position\":2,\"name\":\"S\u00e9jours linguistiques\",\"item\":\"https:\/\/www.linguaholidays.com\/fr\/sejours-linguistiques-londres\/\"},{\"@type\":\"ListItem\",\"position\":3,\"name\":\"S\u00e9jours linguistiques pour adultes\"}]},{\"@type\":\"WebSite\",\"@id\":\"https:\/\/www.linguaholidays.com\/#website\",\"url\":\"https:\/\/www.linguaholidays.com\/\",\"name\":\"Lingua Holidays\",\"description\":\"Experience London. Learn English.\",\"publisher\":{\"@id\":\"https:\/\/www.linguaholidays.com\/#organization\"},\"potentialAction\":[{\"@type\":\"SearchAction\",\"target\":{\"@type\":\"EntryPoint\",\"urlTemplate\":\"https:\/\/www.linguaholidays.com\/?s={search_term_string}\"},\"query-input\":\"required name=search_term_string\"}],\"inLanguage\":\"fr-FR\"},{\"@type\":\"Organization\",\"@id\":\"https:\/\/www.linguaholidays.com\/#organization\",\"name\":\"Lingua Holidays\",\"url\":\"https:\/\/www.linguaholidays.com\/\",\"logo\":{\"@type\":\"ImageObject\",\"inLanguage\":\"fr-FR\",\"@id\":\"https:\/\/www.linguaholidays.com\/#\/schema\/logo\/image\/\",\"url\":\"https:\/\/www.linguaholidays.com\/wp-content\/uploads\/2017\/08\/about.jpg\",\"contentUrl\":\"https:\/\/www.linguaholidays.com\/wp-content\/uploads\/2017\/08\/about.jpg\",\"width\":860,\"height\":500,\"caption\":\"Lingua Holidays\"},\"image\":{\"@id\":\"https:\/\/www.linguaholidays.com\/#\/schema\/logo\/image\/\"}}]}<\/script>\n<!-- \/ Yoast SEO plugin. -->","yoast_head_json":{"title":"S\u00e9jours linguistiques one-to-one \u00e0 Londres | adultes","description":"S\u00e9jours linguistiques \u00e0 Londres. Le\u00e7ons individuelles dans le confort de votre appartement et visites en compagnie de votre professeur d\u2019anglais","robots":{"index":"index","follow":"follow","max-snippet":"max-snippet:-1","max-image-preview":"max-image-preview:large","max-video-preview":"max-video-preview:-1"},"canonical":"https:\/\/www.linguaholidays.com\/fr\/sejours-linguistiques-londres\/sejours-linguistiques\/","og_locale":"fr_FR","og_type":"article","og_title":"S\u00e9jours linguistiques one-to-one \u00e0 Londres | adultes","og_description":"S\u00e9jours linguistiques \u00e0 Londres. Le\u00e7ons individuelles dans le confort de votre appartement et visites en compagnie de votre professeur d\u2019anglais","og_url":"https:\/\/www.linguaholidays.com\/fr\/sejours-linguistiques-londres\/sejours-linguistiques\/","og_site_name":"Lingua Holidays","article_modified_time":"2024-06-10T14:37:10+00:00","twitter_card":"summary_large_image","twitter_misc":{"Dur\u00e9e de lecture estim\u00e9e":"1 minute"},"schema":{"@context":"https:\/\/schema.org","@graph":[{"@type":"WebPage","@id":"https:\/\/www.linguaholidays.com\/fr\/sejours-linguistiques-londres\/sejours-linguistiques\/","url":"https:\/\/www.linguaholidays.com\/fr\/sejours-linguistiques-londres\/sejours-linguistiques\/","name":"S\u00e9jours linguistiques one-to-one \u00e0 Londres | adultes","isPartOf":{"@id":"https:\/\/www.linguaholidays.com\/#website"},"datePublished":"2017-08-18T11:35:15+00:00","dateModified":"2024-06-10T14:37:10+00:00","description":"S\u00e9jours linguistiques \u00e0 Londres. Le\u00e7ons individuelles dans le confort de votre appartement et visites en compagnie de votre professeur d\u2019anglais","breadcrumb":{"@id":"https:\/\/www.linguaholidays.com\/fr\/sejours-linguistiques-londres\/sejours-linguistiques\/#breadcrumb"},"inLanguage":"fr-FR","potentialAction":[{"@type":"ReadAction","target":["https:\/\/www.linguaholidays.com\/fr\/sejours-linguistiques-londres\/sejours-linguistiques\/"]}]},{"@type":"BreadcrumbList","@id":"https:\/\/www.linguaholidays.com\/fr\/sejours-linguistiques-londres\/sejours-linguistiques\/#breadcrumb","itemListElement":[{"@type":"ListItem","position":1,"name":"Home","item":"https:\/\/www.linguaholidays.com\/fr\/"},{"@type":"ListItem","position":2,"name":"S\u00e9jours linguistiques","item":"https:\/\/www.linguaholidays.com\/fr\/sejours-linguistiques-londres\/"},{"@type":"ListItem","position":3,"name":"S\u00e9jours linguistiques pour adultes"}]},{"@type":"WebSite","@id":"https:\/\/www.linguaholidays.com\/#website","url":"https:\/\/www.linguaholidays.com\/","name":"Lingua Holidays","description":"Experience London. Learn English.","publisher":{"@id":"https:\/\/www.linguaholidays.com\/#organization"},"potentialAction":[{"@type":"SearchAction","target":{"@type":"EntryPoint","urlTemplate":"https:\/\/www.linguaholidays.com\/?s={search_term_string}"},"query-input":"required name=search_term_string"}],"inLanguage":"fr-FR"},{"@type":"Organization","@id":"https:\/\/www.linguaholidays.com\/#organization","name":"Lingua Holidays","url":"https:\/\/www.linguaholidays.com\/","logo":{"@type":"ImageObject","inLanguage":"fr-FR","@id":"https:\/\/www.linguaholidays.com\/#\/schema\/logo\/image\/","url":"https:\/\/www.linguaholidays.com\/wp-content\/uploads\/2017\/08\/about.jpg","contentUrl":"https:\/\/www.linguaholidays.com\/wp-content\/uploads\/2017\/08\/about.jpg","width":860,"height":500,"caption":"Lingua Holidays"},"image":{"@id":"https:\/\/www.linguaholidays.com\/#\/schema\/logo\/image\/"}}]}},"_links":{"self":[{"href":"https:\/\/www.linguaholidays.com\/fr\/wp-json\/wp\/v2\/pages\/413","targetHints":{"allow":["GET"]}}],"collection":[{"href":"https:\/\/www.linguaholidays.com\/fr\/wp-json\/wp\/v2\/pages"}],"about":[{"href":"https:\/\/www.linguaholidays.com\/fr\/wp-json\/wp\/v2\/types\/page"}],"author":[{"embeddable":true,"href":"https:\/\/www.linguaholidays.com\/fr\/wp-json\/wp\/v2\/users\/1"}],"replies":[{"embeddable":true,"href":"https:\/\/www.linguaholidays.com\/fr\/wp-json\/wp\/v2\/comments?post=413"}],"version-history":[{"count":9,"href":"https:\/\/www.linguaholidays.com\/fr\/wp-json\/wp\/v2\/pages\/413\/revisions"}],"predecessor-version":[{"id":7806,"href":"https:\/\/www.linguaholidays.com\/fr\/wp-json\/wp\/v2\/pages\/413\/revisions\/7806"}],"up":[{"embeddable":true,"href":"https:\/\/www.linguaholidays.com\/fr\/wp-json\/wp\/v2\/pages\/493"}],"wp:attachment":[{"href":"https:\/\/www.linguaholidays.com\/fr\/wp-json\/wp\/v2\/media?parent=413"}],"curies":[{"name":"wp","href":"https:\/\/api.w.org\/{rel}","templated":true}]}}