{"id":419,"date":"2017-08-18T11:35:28","date_gmt":"2017-08-18T11:35:28","guid":{"rendered":"https:\/\/lingua.designriver.co.uk\/?page_id=419"},"modified":"2021-05-13T16:31:29","modified_gmt":"2021-05-13T16:31:29","slug":"sejours-linguistiques-pour-familles","status":"publish","type":"page","link":"https:\/\/www.linguaholidays.com\/fr\/sejours-linguistiques-londres\/sejours-linguistiques-pour-familles\/","title":{"rendered":"S\u00e9jours linguistiques pour familles"},"content":{"rendered":"<h2>Apprenez l\u2019anglais pendant votre s\u00e9jour en famille \u00e0 Londres<\/h2>\n<p>Nos s\u00e9jours \u00e0 Londres en famille sont un excellent moyen d&rsquo;impliquer toute votre famille dans l\u2019exp\u00e9rience passionnante que repr\u00e9sentent l\u2019apprentissage de la langue et la conversation anglaise. Au m\u00eame temps, decouvrez\u00a0 une des villes les plus anim\u00e9es du monde. Pourquoi passer du temps en classe lorsque vous pouvez profiter de cours d\u2019anglais priv\u00e9s dans votre propre appartement, suivis de vos activit\u00e9s pr\u00e9f\u00e9r\u00e9es en famille ?\u00a0 Mieux encore, vous pouvez choisir comment et quand vous allez suivre vos le\u00e7ons. Nous pr\u00e9parerons un cours d\u2019anglais qui corresponde parfaitement \u00e0 votre famille.<\/p>\n<h3><span style=\"color: #ff0000;\"><strong>R<\/strong><strong>\u00e9<\/strong><strong>servez maintenant votre Lingua Holiday \u2013 choisissez une date de d<\/strong><strong>\u00e9<\/strong><\/span><strong><span style=\"color: #ff0000;\">part!<\/span><\/strong><\/h3>\n<p>Famille de 4 personnes\/7 nuits: \u00a3730 par personne, dans un appartement de 2 chambres, 10 heures de cours<\/p>\n","protected":false},"excerpt":{"rendered":"<p>Apprenez l\u2019anglais pendant votre s\u00e9jour en famille \u00e0 Londres Nos s\u00e9jours \u00e0 Londres en famille sont un excellent moyen d&rsquo;impliquer toute votre famille dans l\u2019exp\u00e9rience passionnante que repr\u00e9sentent l\u2019apprentissage de la langue et la conversation anglaise. Au m\u00eame temps, decouvrez\u00a0 une des villes les plus anim\u00e9es du monde. Pourquoi passer du temps en classe lorsque [&hellip;]<\/p>\n","protected":false},"author":1,"featured_media":0,"parent":493,"menu_order":0,"comment_status":"closed","ping_status":"closed","template":"","meta":{"_monsterinsights_skip_tracking":false,"_monsterinsights_sitenote_active":false,"_monsterinsights_sitenote_note":"","_monsterinsights_sitenote_category":0,"footnotes":""},"class_list":["post-419","page","type-page","status-publish","hentry"],"acf":[],"yoast_head":"<!-- This site is optimized with the Yoast SEO plugin v20.6 - https:\/\/yoast.com\/wordpress\/plugins\/seo\/ -->\n<title>S\u00e9jours linguistiques pour familles - Lingua Holidays<\/title>\n<meta name=\"description\" content=\"Apprenez l\u2019anglais avec des le\u00e7ons d\u2019anglais dans votre appartement londonien et en visitant les lieux touristiques \u00e0 Londres avec votre professeur\" \/>\n<meta name=\"robots\" content=\"index, follow, max-snippet:-1, max-image-preview:large, max-video-preview:-1\" \/>\n<link rel=\"canonical\" href=\"https:\/\/www.linguaholidays.com\/fr\/sejours-linguistiques-londres\/sejours-linguistiques-pour-familles\/\" \/>\n<meta property=\"og:locale\" content=\"fr_FR\" \/>\n<meta property=\"og:type\" content=\"article\" \/>\n<meta property=\"og:title\" content=\"S\u00e9jours linguistiques pour familles - Lingua Holidays\" \/>\n<meta property=\"og:description\" content=\"Apprenez l\u2019anglais avec des le\u00e7ons d\u2019anglais dans votre appartement londonien et en visitant les lieux touristiques \u00e0 Londres avec votre professeur\" \/>\n<meta property=\"og:url\" content=\"https:\/\/www.linguaholidays.com\/fr\/sejours-linguistiques-londres\/sejours-linguistiques-pour-familles\/\" \/>\n<meta property=\"og:site_name\" content=\"Lingua Holidays\" \/>\n<meta property=\"article:modified_time\" content=\"2021-05-13T16:31:29+00:00\" \/>\n<meta name=\"twitter:card\" content=\"summary_large_image\" \/>\n<meta name=\"twitter:label1\" content=\"Dur\u00e9e de lecture estim\u00e9e\" \/>\n\t<meta name=\"twitter:data1\" content=\"1 minute\" \/>\n<script type=\"application\/ld+json\" class=\"yoast-schema-graph\">{\"@context\":\"https:\/\/schema.org\",\"@graph\":[{\"@type\":\"WebPage\",\"@id\":\"https:\/\/www.linguaholidays.com\/fr\/sejours-linguistiques-londres\/sejours-linguistiques-pour-familles\/\",\"url\":\"https:\/\/www.linguaholidays.com\/fr\/sejours-linguistiques-londres\/sejours-linguistiques-pour-familles\/\",\"name\":\"S\u00e9jours linguistiques pour familles - Lingua Holidays\",\"isPartOf\":{\"@id\":\"https:\/\/www.linguaholidays.com\/#website\"},\"datePublished\":\"2017-08-18T11:35:28+00:00\",\"dateModified\":\"2021-05-13T16:31:29+00:00\",\"description\":\"Apprenez l\u2019anglais avec des le\u00e7ons d\u2019anglais dans votre appartement londonien et en visitant les lieux touristiques \u00e0 Londres avec votre professeur\",\"breadcrumb\":{\"@id\":\"https:\/\/www.linguaholidays.com\/fr\/sejours-linguistiques-londres\/sejours-linguistiques-pour-familles\/#breadcrumb\"},\"inLanguage\":\"fr-FR\",\"potentialAction\":[{\"@type\":\"ReadAction\",\"target\":[\"https:\/\/www.linguaholidays.com\/fr\/sejours-linguistiques-londres\/sejours-linguistiques-pour-familles\/\"]}]},{\"@type\":\"BreadcrumbList\",\"@id\":\"https:\/\/www.linguaholidays.com\/fr\/sejours-linguistiques-londres\/sejours-linguistiques-pour-familles\/#breadcrumb\",\"itemListElement\":[{\"@type\":\"ListItem\",\"position\":1,\"name\":\"Home\",\"item\":\"https:\/\/www.linguaholidays.com\/fr\/\"},{\"@type\":\"ListItem\",\"position\":2,\"name\":\"S\u00e9jours linguistiques\",\"item\":\"https:\/\/www.linguaholidays.com\/fr\/sejours-linguistiques-londres\/\"},{\"@type\":\"ListItem\",\"position\":3,\"name\":\"S\u00e9jours linguistiques pour familles\"}]},{\"@type\":\"WebSite\",\"@id\":\"https:\/\/www.linguaholidays.com\/#website\",\"url\":\"https:\/\/www.linguaholidays.com\/\",\"name\":\"Lingua Holidays\",\"description\":\"Experience London. Learn English.\",\"publisher\":{\"@id\":\"https:\/\/www.linguaholidays.com\/#organization\"},\"potentialAction\":[{\"@type\":\"SearchAction\",\"target\":{\"@type\":\"EntryPoint\",\"urlTemplate\":\"https:\/\/www.linguaholidays.com\/?s={search_term_string}\"},\"query-input\":\"required name=search_term_string\"}],\"inLanguage\":\"fr-FR\"},{\"@type\":\"Organization\",\"@id\":\"https:\/\/www.linguaholidays.com\/#organization\",\"name\":\"Lingua Holidays\",\"url\":\"https:\/\/www.linguaholidays.com\/\",\"logo\":{\"@type\":\"ImageObject\",\"inLanguage\":\"fr-FR\",\"@id\":\"https:\/\/www.linguaholidays.com\/#\/schema\/logo\/image\/\",\"url\":\"https:\/\/www.linguaholidays.com\/wp-content\/uploads\/2017\/08\/about.jpg\",\"contentUrl\":\"https:\/\/www.linguaholidays.com\/wp-content\/uploads\/2017\/08\/about.jpg\",\"width\":860,\"height\":500,\"caption\":\"Lingua Holidays\"},\"image\":{\"@id\":\"https:\/\/www.linguaholidays.com\/#\/schema\/logo\/image\/\"}}]}<\/script>\n<!-- \/ Yoast SEO plugin. -->","yoast_head_json":{"title":"S\u00e9jours linguistiques pour familles - Lingua Holidays","description":"Apprenez l\u2019anglais avec des le\u00e7ons d\u2019anglais dans votre appartement londonien et en visitant les lieux touristiques \u00e0 Londres avec votre professeur","robots":{"index":"index","follow":"follow","max-snippet":"max-snippet:-1","max-image-preview":"max-image-preview:large","max-video-preview":"max-video-preview:-1"},"canonical":"https:\/\/www.linguaholidays.com\/fr\/sejours-linguistiques-londres\/sejours-linguistiques-pour-familles\/","og_locale":"fr_FR","og_type":"article","og_title":"S\u00e9jours linguistiques pour familles - Lingua Holidays","og_description":"Apprenez l\u2019anglais avec des le\u00e7ons d\u2019anglais dans votre appartement londonien et en visitant les lieux touristiques \u00e0 Londres avec votre professeur","og_url":"https:\/\/www.linguaholidays.com\/fr\/sejours-linguistiques-londres\/sejours-linguistiques-pour-familles\/","og_site_name":"Lingua Holidays","article_modified_time":"2021-05-13T16:31:29+00:00","twitter_card":"summary_large_image","twitter_misc":{"Dur\u00e9e de lecture estim\u00e9e":"1 minute"},"schema":{"@context":"https:\/\/schema.org","@graph":[{"@type":"WebPage","@id":"https:\/\/www.linguaholidays.com\/fr\/sejours-linguistiques-londres\/sejours-linguistiques-pour-familles\/","url":"https:\/\/www.linguaholidays.com\/fr\/sejours-linguistiques-londres\/sejours-linguistiques-pour-familles\/","name":"S\u00e9jours linguistiques pour familles - Lingua Holidays","isPartOf":{"@id":"https:\/\/www.linguaholidays.com\/#website"},"datePublished":"2017-08-18T11:35:28+00:00","dateModified":"2021-05-13T16:31:29+00:00","description":"Apprenez l\u2019anglais avec des le\u00e7ons d\u2019anglais dans votre appartement londonien et en visitant les lieux touristiques \u00e0 Londres avec votre professeur","breadcrumb":{"@id":"https:\/\/www.linguaholidays.com\/fr\/sejours-linguistiques-londres\/sejours-linguistiques-pour-familles\/#breadcrumb"},"inLanguage":"fr-FR","potentialAction":[{"@type":"ReadAction","target":["https:\/\/www.linguaholidays.com\/fr\/sejours-linguistiques-londres\/sejours-linguistiques-pour-familles\/"]}]},{"@type":"BreadcrumbList","@id":"https:\/\/www.linguaholidays.com\/fr\/sejours-linguistiques-londres\/sejours-linguistiques-pour-familles\/#breadcrumb","itemListElement":[{"@type":"ListItem","position":1,"name":"Home","item":"https:\/\/www.linguaholidays.com\/fr\/"},{"@type":"ListItem","position":2,"name":"S\u00e9jours linguistiques","item":"https:\/\/www.linguaholidays.com\/fr\/sejours-linguistiques-londres\/"},{"@type":"ListItem","position":3,"name":"S\u00e9jours linguistiques pour familles"}]},{"@type":"WebSite","@id":"https:\/\/www.linguaholidays.com\/#website","url":"https:\/\/www.linguaholidays.com\/","name":"Lingua Holidays","description":"Experience London. Learn English.","publisher":{"@id":"https:\/\/www.linguaholidays.com\/#organization"},"potentialAction":[{"@type":"SearchAction","target":{"@type":"EntryPoint","urlTemplate":"https:\/\/www.linguaholidays.com\/?s={search_term_string}"},"query-input":"required name=search_term_string"}],"inLanguage":"fr-FR"},{"@type":"Organization","@id":"https:\/\/www.linguaholidays.com\/#organization","name":"Lingua Holidays","url":"https:\/\/www.linguaholidays.com\/","logo":{"@type":"ImageObject","inLanguage":"fr-FR","@id":"https:\/\/www.linguaholidays.com\/#\/schema\/logo\/image\/","url":"https:\/\/www.linguaholidays.com\/wp-content\/uploads\/2017\/08\/about.jpg","contentUrl":"https:\/\/www.linguaholidays.com\/wp-content\/uploads\/2017\/08\/about.jpg","width":860,"height":500,"caption":"Lingua Holidays"},"image":{"@id":"https:\/\/www.linguaholidays.com\/#\/schema\/logo\/image\/"}}]}},"_links":{"self":[{"href":"https:\/\/www.linguaholidays.com\/fr\/wp-json\/wp\/v2\/pages\/419","targetHints":{"allow":["GET"]}}],"collection":[{"href":"https:\/\/www.linguaholidays.com\/fr\/wp-json\/wp\/v2\/pages"}],"about":[{"href":"https:\/\/www.linguaholidays.com\/fr\/wp-json\/wp\/v2\/types\/page"}],"author":[{"embeddable":true,"href":"https:\/\/www.linguaholidays.com\/fr\/wp-json\/wp\/v2\/users\/1"}],"replies":[{"embeddable":true,"href":"https:\/\/www.linguaholidays.com\/fr\/wp-json\/wp\/v2\/comments?post=419"}],"version-history":[{"count":10,"href":"https:\/\/www.linguaholidays.com\/fr\/wp-json\/wp\/v2\/pages\/419\/revisions"}],"predecessor-version":[{"id":6888,"href":"https:\/\/www.linguaholidays.com\/fr\/wp-json\/wp\/v2\/pages\/419\/revisions\/6888"}],"up":[{"embeddable":true,"href":"https:\/\/www.linguaholidays.com\/fr\/wp-json\/wp\/v2\/pages\/493"}],"wp:attachment":[{"href":"https:\/\/www.linguaholidays.com\/fr\/wp-json\/wp\/v2\/media?parent=419"}],"curies":[{"name":"wp","href":"https:\/\/api.w.org\/{rel}","templated":true}]}}