{"id":423,"date":"2017-09-14T17:00:47","date_gmt":"2017-09-14T17:00:47","guid":{"rendered":"https:\/\/lingua.designriver.co.uk\/?page_id=423"},"modified":"2021-05-13T16:33:44","modified_gmt":"2021-05-13T16:33:44","slug":"sejours-linguistiques-pour-enseignants","status":"publish","type":"page","link":"https:\/\/www.linguaholidays.com\/fr\/sejours-linguistiques-londres\/sejours-linguistiques-pour-enseignants\/","title":{"rendered":"S\u00e9jours linguistiques pour enseignants"},"content":{"rendered":"<h2>Cours de rattrapage en anglais pour les professeurs<\/h2>\n<p>Nos s\u00e9jours linguistiques de rattrapage pour les professeurs vous permettent de rafra\u00eechir vos comp\u00e9tences en anglais et de vous tenir au courant des derni\u00e8res actualit\u00e9s du Royaume-Uni tout en passant une semaine agr\u00e9able en ville ! Sachant \u00e0 quelle vitesse les comp\u00e9tences linguistiques se d\u00e9veloppent, passer une semaine ou deux \u00e0 Londres, \u00e0 parler anglais avec les r\u00e9sidents et \u00e0 explorer de nouvelles id\u00e9es de le\u00e7ons, est un pr\u00e9cieux outil dans votre calendrier. Recherchez de nouvelles ressources pour vous \u00e9tudiants tout en rafra\u00eechissant vos propres comp\u00e9tences linguistiques gr\u00e2ce \u00e0 des cours individuels ou en petit groupe.<\/p>\n<p>Nous savons que vous savez d\u00e9j\u00e0 comment enseigner. Nos cours sont con\u00e7us pour vous permettre de pratiquer et d\u00e9velopper vos propres comp\u00e9tences linguistiques, et d\u2019\u00e9largir vos connaissances sur la culture britannique, pour ensuite am\u00e9liorer l\u2019exp\u00e9rience d\u2019apprentissage de vos propres \u00e9tudiants. Nous discuterons de vos objectifs linguistiques avant votre voyage, mais sachez que les domaines typiques comprennent :<\/p>\n<ul>\n<li>Un aper\u00e7u du syst\u00e8me \u00e9ducatif britannique<\/li>\n<li>Le sens de l\u2019humour et les coutumes britanniques<\/li>\n<li>La mobilit\u00e9 sociale \u2013 inn\u00e9e ou acquise ?<\/li>\n<li>La culture pop \u2013 musique, films et t\u00e9l\u00e9vision<\/li>\n<li>La vie politique britannique et la famille royale<\/li>\n<li>Tendances migratoires<\/li>\n<li>Langage populaire \u2013 expressions et argot<\/li>\n<\/ul>\n<p>Nous pouvons \u00e9galement vous recommander une s\u00e9lection d\u2019activit\u00e9s et d\u2019excursions facultatives bas\u00e9es sur vos centres d\u2019int\u00e9r\u00eats et con\u00e7ues pour renforcer votre portfolio de ressources \u00e0 ramener chez vous.<\/p>\n<p><span style=\"color: #ff0000;\"><strong>R<\/strong><strong>\u00e9<\/strong><strong>servez maintenant votre Lingua Holiday \u2013 choisissez une date de d<\/strong><strong>\u00e9<\/strong><\/span><strong><span style=\"color: #ff0000;\">part!<\/span><br \/>\n<\/strong>1 personne\/7 nuits: \u00a31370, appartement studio, 10 heures de cours<br \/>\n2 personnes\/7 nuits: \u00a3995 par personne, appartement d\u2019une chambre en plein centre de Londres, avec 10 heures de cours<\/p>\n","protected":false},"excerpt":{"rendered":"<p>Cours de rattrapage en anglais pour les professeurs Nos s\u00e9jours linguistiques de rattrapage pour les professeurs vous permettent de rafra\u00eechir vos comp\u00e9tences en anglais et de vous tenir au courant des derni\u00e8res actualit\u00e9s du Royaume-Uni tout en passant une semaine agr\u00e9able en ville ! Sachant \u00e0 quelle vitesse les comp\u00e9tences linguistiques se d\u00e9veloppent, passer une [&hellip;]<\/p>\n","protected":false},"author":1,"featured_media":0,"parent":493,"menu_order":0,"comment_status":"closed","ping_status":"closed","template":"","meta":{"_monsterinsights_skip_tracking":false,"_monsterinsights_sitenote_active":false,"_monsterinsights_sitenote_note":"","_monsterinsights_sitenote_category":0,"footnotes":""},"class_list":["post-423","page","type-page","status-publish","hentry"],"acf":[],"yoast_head":"<!-- This site is optimized with the Yoast SEO plugin v20.6 - https:\/\/yoast.com\/wordpress\/plugins\/seo\/ -->\n<title>S\u00e9jours linguistiques pour enseignants - Lingua Holidays<\/title>\n<meta name=\"description\" content=\"Nos s\u00e9jours linguistiques pour les professeurs vous permettent de rafra\u00eechir vos comp\u00e9tences en anglais en passant une semaine agr\u00e9able \u00e0 Londres\" \/>\n<meta name=\"robots\" content=\"index, follow, max-snippet:-1, max-image-preview:large, max-video-preview:-1\" \/>\n<link rel=\"canonical\" href=\"https:\/\/www.linguaholidays.com\/fr\/sejours-linguistiques-londres\/sejours-linguistiques-pour-enseignants\/\" \/>\n<meta property=\"og:locale\" content=\"fr_FR\" \/>\n<meta property=\"og:type\" content=\"article\" \/>\n<meta property=\"og:title\" content=\"S\u00e9jours linguistiques pour enseignants - Lingua Holidays\" \/>\n<meta property=\"og:description\" content=\"Nos s\u00e9jours linguistiques pour les professeurs vous permettent de rafra\u00eechir vos comp\u00e9tences en anglais en passant une semaine agr\u00e9able \u00e0 Londres\" \/>\n<meta property=\"og:url\" content=\"https:\/\/www.linguaholidays.com\/fr\/sejours-linguistiques-londres\/sejours-linguistiques-pour-enseignants\/\" \/>\n<meta property=\"og:site_name\" content=\"Lingua Holidays\" \/>\n<meta property=\"article:modified_time\" content=\"2021-05-13T16:33:44+00:00\" \/>\n<meta name=\"twitter:card\" content=\"summary_large_image\" \/>\n<meta name=\"twitter:label1\" content=\"Dur\u00e9e de lecture estim\u00e9e\" \/>\n\t<meta name=\"twitter:data1\" content=\"1 minute\" \/>\n<script type=\"application\/ld+json\" class=\"yoast-schema-graph\">{\"@context\":\"https:\/\/schema.org\",\"@graph\":[{\"@type\":\"WebPage\",\"@id\":\"https:\/\/www.linguaholidays.com\/fr\/sejours-linguistiques-londres\/sejours-linguistiques-pour-enseignants\/\",\"url\":\"https:\/\/www.linguaholidays.com\/fr\/sejours-linguistiques-londres\/sejours-linguistiques-pour-enseignants\/\",\"name\":\"S\u00e9jours linguistiques pour enseignants - Lingua Holidays\",\"isPartOf\":{\"@id\":\"https:\/\/www.linguaholidays.com\/#website\"},\"datePublished\":\"2017-09-14T17:00:47+00:00\",\"dateModified\":\"2021-05-13T16:33:44+00:00\",\"description\":\"Nos s\u00e9jours linguistiques pour les professeurs vous permettent de rafra\u00eechir vos comp\u00e9tences en anglais en passant une semaine agr\u00e9able \u00e0 Londres\",\"breadcrumb\":{\"@id\":\"https:\/\/www.linguaholidays.com\/fr\/sejours-linguistiques-londres\/sejours-linguistiques-pour-enseignants\/#breadcrumb\"},\"inLanguage\":\"fr-FR\",\"potentialAction\":[{\"@type\":\"ReadAction\",\"target\":[\"https:\/\/www.linguaholidays.com\/fr\/sejours-linguistiques-londres\/sejours-linguistiques-pour-enseignants\/\"]}]},{\"@type\":\"BreadcrumbList\",\"@id\":\"https:\/\/www.linguaholidays.com\/fr\/sejours-linguistiques-londres\/sejours-linguistiques-pour-enseignants\/#breadcrumb\",\"itemListElement\":[{\"@type\":\"ListItem\",\"position\":1,\"name\":\"Home\",\"item\":\"https:\/\/www.linguaholidays.com\/fr\/\"},{\"@type\":\"ListItem\",\"position\":2,\"name\":\"S\u00e9jours linguistiques\",\"item\":\"https:\/\/www.linguaholidays.com\/fr\/sejours-linguistiques-londres\/\"},{\"@type\":\"ListItem\",\"position\":3,\"name\":\"S\u00e9jours linguistiques pour enseignants\"}]},{\"@type\":\"WebSite\",\"@id\":\"https:\/\/www.linguaholidays.com\/#website\",\"url\":\"https:\/\/www.linguaholidays.com\/\",\"name\":\"Lingua Holidays\",\"description\":\"Experience London. Learn English.\",\"publisher\":{\"@id\":\"https:\/\/www.linguaholidays.com\/#organization\"},\"potentialAction\":[{\"@type\":\"SearchAction\",\"target\":{\"@type\":\"EntryPoint\",\"urlTemplate\":\"https:\/\/www.linguaholidays.com\/?s={search_term_string}\"},\"query-input\":\"required name=search_term_string\"}],\"inLanguage\":\"fr-FR\"},{\"@type\":\"Organization\",\"@id\":\"https:\/\/www.linguaholidays.com\/#organization\",\"name\":\"Lingua Holidays\",\"url\":\"https:\/\/www.linguaholidays.com\/\",\"logo\":{\"@type\":\"ImageObject\",\"inLanguage\":\"fr-FR\",\"@id\":\"https:\/\/www.linguaholidays.com\/#\/schema\/logo\/image\/\",\"url\":\"https:\/\/www.linguaholidays.com\/wp-content\/uploads\/2017\/08\/about.jpg\",\"contentUrl\":\"https:\/\/www.linguaholidays.com\/wp-content\/uploads\/2017\/08\/about.jpg\",\"width\":860,\"height\":500,\"caption\":\"Lingua Holidays\"},\"image\":{\"@id\":\"https:\/\/www.linguaholidays.com\/#\/schema\/logo\/image\/\"}}]}<\/script>\n<!-- \/ Yoast SEO plugin. -->","yoast_head_json":{"title":"S\u00e9jours linguistiques pour enseignants - Lingua Holidays","description":"Nos s\u00e9jours linguistiques pour les professeurs vous permettent de rafra\u00eechir vos comp\u00e9tences en anglais en passant une semaine agr\u00e9able \u00e0 Londres","robots":{"index":"index","follow":"follow","max-snippet":"max-snippet:-1","max-image-preview":"max-image-preview:large","max-video-preview":"max-video-preview:-1"},"canonical":"https:\/\/www.linguaholidays.com\/fr\/sejours-linguistiques-londres\/sejours-linguistiques-pour-enseignants\/","og_locale":"fr_FR","og_type":"article","og_title":"S\u00e9jours linguistiques pour enseignants - Lingua Holidays","og_description":"Nos s\u00e9jours linguistiques pour les professeurs vous permettent de rafra\u00eechir vos comp\u00e9tences en anglais en passant une semaine agr\u00e9able \u00e0 Londres","og_url":"https:\/\/www.linguaholidays.com\/fr\/sejours-linguistiques-londres\/sejours-linguistiques-pour-enseignants\/","og_site_name":"Lingua Holidays","article_modified_time":"2021-05-13T16:33:44+00:00","twitter_card":"summary_large_image","twitter_misc":{"Dur\u00e9e de lecture estim\u00e9e":"1 minute"},"schema":{"@context":"https:\/\/schema.org","@graph":[{"@type":"WebPage","@id":"https:\/\/www.linguaholidays.com\/fr\/sejours-linguistiques-londres\/sejours-linguistiques-pour-enseignants\/","url":"https:\/\/www.linguaholidays.com\/fr\/sejours-linguistiques-londres\/sejours-linguistiques-pour-enseignants\/","name":"S\u00e9jours linguistiques pour enseignants - Lingua Holidays","isPartOf":{"@id":"https:\/\/www.linguaholidays.com\/#website"},"datePublished":"2017-09-14T17:00:47+00:00","dateModified":"2021-05-13T16:33:44+00:00","description":"Nos s\u00e9jours linguistiques pour les professeurs vous permettent de rafra\u00eechir vos comp\u00e9tences en anglais en passant une semaine agr\u00e9able \u00e0 Londres","breadcrumb":{"@id":"https:\/\/www.linguaholidays.com\/fr\/sejours-linguistiques-londres\/sejours-linguistiques-pour-enseignants\/#breadcrumb"},"inLanguage":"fr-FR","potentialAction":[{"@type":"ReadAction","target":["https:\/\/www.linguaholidays.com\/fr\/sejours-linguistiques-londres\/sejours-linguistiques-pour-enseignants\/"]}]},{"@type":"BreadcrumbList","@id":"https:\/\/www.linguaholidays.com\/fr\/sejours-linguistiques-londres\/sejours-linguistiques-pour-enseignants\/#breadcrumb","itemListElement":[{"@type":"ListItem","position":1,"name":"Home","item":"https:\/\/www.linguaholidays.com\/fr\/"},{"@type":"ListItem","position":2,"name":"S\u00e9jours linguistiques","item":"https:\/\/www.linguaholidays.com\/fr\/sejours-linguistiques-londres\/"},{"@type":"ListItem","position":3,"name":"S\u00e9jours linguistiques pour enseignants"}]},{"@type":"WebSite","@id":"https:\/\/www.linguaholidays.com\/#website","url":"https:\/\/www.linguaholidays.com\/","name":"Lingua Holidays","description":"Experience London. Learn English.","publisher":{"@id":"https:\/\/www.linguaholidays.com\/#organization"},"potentialAction":[{"@type":"SearchAction","target":{"@type":"EntryPoint","urlTemplate":"https:\/\/www.linguaholidays.com\/?s={search_term_string}"},"query-input":"required name=search_term_string"}],"inLanguage":"fr-FR"},{"@type":"Organization","@id":"https:\/\/www.linguaholidays.com\/#organization","name":"Lingua Holidays","url":"https:\/\/www.linguaholidays.com\/","logo":{"@type":"ImageObject","inLanguage":"fr-FR","@id":"https:\/\/www.linguaholidays.com\/#\/schema\/logo\/image\/","url":"https:\/\/www.linguaholidays.com\/wp-content\/uploads\/2017\/08\/about.jpg","contentUrl":"https:\/\/www.linguaholidays.com\/wp-content\/uploads\/2017\/08\/about.jpg","width":860,"height":500,"caption":"Lingua Holidays"},"image":{"@id":"https:\/\/www.linguaholidays.com\/#\/schema\/logo\/image\/"}}]}},"_links":{"self":[{"href":"https:\/\/www.linguaholidays.com\/fr\/wp-json\/wp\/v2\/pages\/423","targetHints":{"allow":["GET"]}}],"collection":[{"href":"https:\/\/www.linguaholidays.com\/fr\/wp-json\/wp\/v2\/pages"}],"about":[{"href":"https:\/\/www.linguaholidays.com\/fr\/wp-json\/wp\/v2\/types\/page"}],"author":[{"embeddable":true,"href":"https:\/\/www.linguaholidays.com\/fr\/wp-json\/wp\/v2\/users\/1"}],"replies":[{"embeddable":true,"href":"https:\/\/www.linguaholidays.com\/fr\/wp-json\/wp\/v2\/comments?post=423"}],"version-history":[{"count":4,"href":"https:\/\/www.linguaholidays.com\/fr\/wp-json\/wp\/v2\/pages\/423\/revisions"}],"predecessor-version":[{"id":6892,"href":"https:\/\/www.linguaholidays.com\/fr\/wp-json\/wp\/v2\/pages\/423\/revisions\/6892"}],"up":[{"embeddable":true,"href":"https:\/\/www.linguaholidays.com\/fr\/wp-json\/wp\/v2\/pages\/493"}],"wp:attachment":[{"href":"https:\/\/www.linguaholidays.com\/fr\/wp-json\/wp\/v2\/media?parent=423"}],"curies":[{"name":"wp","href":"https:\/\/api.w.org\/{rel}","templated":true}]}}