{"id":426,"date":"2017-08-18T11:35:40","date_gmt":"2017-08-18T11:35:40","guid":{"rendered":"https:\/\/lingua.designriver.co.uk\/?page_id=426"},"modified":"2019-07-19T15:54:13","modified_gmt":"2019-07-19T15:54:13","slug":"sejours-linguistiques-pour-professionnels","status":"publish","type":"page","link":"https:\/\/www.linguaholidays.com\/fr\/sejours-linguistiques-londres\/sejours-linguistiques-pour-professionnels\/","title":{"rendered":"S\u00e9jours linguistiques pour professionnels"},"content":{"rendered":"<h2>Le\u00e7ons d\u2019anglais professionnel<\/h2>\n<p>Nos s\u00e9jours linguistiques cibl\u00e9s sur l\u2019anglais professionnel sont con\u00e7us pour am\u00e9liorer vos comp\u00e9tences en communication dans un environnement professionnel et commercial, et pour renforcer vos comp\u00e9tences \u00e9crites, de pr\u00e9sentation, de prononciation ou de fluidit\u00e9 verbale. Les cours d\u2019anglais professionnel sont destin\u00e9s \u00e0 tous ceux qui souhaitent acqu\u00e9rir une meilleure position au sein de leur entreprise en am\u00e9liorant leur anglais.<\/p>\n<p>L\u2019anglais \u00e9tant la langue principale de toute entreprise internationale, il est essentiel \u00e0 notre \u00e9poque d\u2019avoir un bon niveau pour r\u00e9ussir dans l&rsquo;univers commercial. Savoir communiquer ais\u00e9ment en soci\u00e9t\u00e9 avec des coll\u00e8gues et clients anglophones est une bonne chose, mais tous les cours sont con\u00e7us pour r\u00e9pondre \u00e0 vos besoins sp\u00e9cifiques.<\/p>\n<ul>\n<li>Boostez votre assurance au sein de votre entreprise<\/li>\n<li>D\u00e9veloppez des comp\u00e9tences verbales et de compr\u00e9hension<\/li>\n<li>Am\u00e9liorez votre prononciation<\/li>\n<li>Pr\u00e9parez des pr\u00e9sentations efficaces<\/li>\n<li>Pratiquez vos comp\u00e9tences de n\u00e9gociation et en entretien<\/li>\n<li>Concentrez-vous sur le vocabulaire et les expressions propres \u00e0 une industrie<\/li>\n<li>R\u00e9daction de rapport et correspondance professionnelle<\/li>\n<\/ul>\n<p>&nbsp;<\/p>\n<p><span style=\"color: #ff0000;\"><strong>R<\/strong><strong>\u00e9<\/strong><strong>servez maintenant votre Lingua Holiday \u2013 choisissez une date de d<\/strong><strong>\u00e9<\/strong><\/span><strong><span style=\"color: #ff0000;\">part!<br \/>\n<\/span><\/strong>1 personne\/4 nuits: \u00a31400, appartement studio, 12 heures de cours<br \/>\n2 personnes\/7 nuits: \u00a31610 par personne, appartement d\u2019une chambre en plein centre de Londres, avec 15 heures de cours<\/p>\n","protected":false},"excerpt":{"rendered":"<p>Le\u00e7ons d\u2019anglais professionnel Nos s\u00e9jours linguistiques cibl\u00e9s sur l\u2019anglais professionnel sont con\u00e7us pour am\u00e9liorer vos comp\u00e9tences en communication dans un environnement professionnel et commercial, et pour renforcer vos comp\u00e9tences \u00e9crites, de pr\u00e9sentation, de prononciation ou de fluidit\u00e9 verbale. Les cours d\u2019anglais professionnel sont destin\u00e9s \u00e0 tous ceux qui souhaitent acqu\u00e9rir une meilleure position au sein [&hellip;]<\/p>\n","protected":false},"author":1,"featured_media":0,"parent":493,"menu_order":0,"comment_status":"closed","ping_status":"closed","template":"","meta":{"_monsterinsights_skip_tracking":false,"_monsterinsights_sitenote_active":false,"_monsterinsights_sitenote_note":"","_monsterinsights_sitenote_category":0,"footnotes":""},"class_list":["post-426","page","type-page","status-publish","hentry"],"acf":[],"yoast_head":"<!-- This site is optimized with the Yoast SEO plugin v20.6 - https:\/\/yoast.com\/wordpress\/plugins\/seo\/ -->\n<title>S\u00e9jours linguistiques \u00e0 Londres pour professionnels<\/title>\n<meta name=\"description\" content=\"Suivez des cours de langue anglaise dans le confort de votre appartement \u00e0 Londres et am\u00e9liorez vos comp\u00e9tences dans un environnement professionel\" \/>\n<meta name=\"robots\" content=\"index, follow, max-snippet:-1, max-image-preview:large, max-video-preview:-1\" \/>\n<link rel=\"canonical\" href=\"https:\/\/www.linguaholidays.com\/fr\/sejours-linguistiques-londres\/sejours-linguistiques-pour-professionnels\/\" \/>\n<meta property=\"og:locale\" content=\"fr_FR\" \/>\n<meta property=\"og:type\" content=\"article\" \/>\n<meta property=\"og:title\" content=\"S\u00e9jours linguistiques \u00e0 Londres pour professionnels\" \/>\n<meta property=\"og:description\" content=\"Suivez des cours de langue anglaise dans le confort de votre appartement \u00e0 Londres et am\u00e9liorez vos comp\u00e9tences dans un environnement professionel\" \/>\n<meta property=\"og:url\" content=\"https:\/\/www.linguaholidays.com\/fr\/sejours-linguistiques-londres\/sejours-linguistiques-pour-professionnels\/\" \/>\n<meta property=\"og:site_name\" content=\"Lingua Holidays\" \/>\n<meta property=\"article:modified_time\" content=\"2019-07-19T15:54:13+00:00\" \/>\n<meta name=\"twitter:card\" content=\"summary_large_image\" \/>\n<meta name=\"twitter:label1\" content=\"Dur\u00e9e de lecture estim\u00e9e\" \/>\n\t<meta name=\"twitter:data1\" content=\"1 minute\" \/>\n<script type=\"application\/ld+json\" class=\"yoast-schema-graph\">{\"@context\":\"https:\/\/schema.org\",\"@graph\":[{\"@type\":\"WebPage\",\"@id\":\"https:\/\/www.linguaholidays.com\/fr\/sejours-linguistiques-londres\/sejours-linguistiques-pour-professionnels\/\",\"url\":\"https:\/\/www.linguaholidays.com\/fr\/sejours-linguistiques-londres\/sejours-linguistiques-pour-professionnels\/\",\"name\":\"S\u00e9jours linguistiques \u00e0 Londres pour professionnels\",\"isPartOf\":{\"@id\":\"https:\/\/www.linguaholidays.com\/#website\"},\"datePublished\":\"2017-08-18T11:35:40+00:00\",\"dateModified\":\"2019-07-19T15:54:13+00:00\",\"description\":\"Suivez des cours de langue anglaise dans le confort de votre appartement \u00e0 Londres et am\u00e9liorez vos comp\u00e9tences dans un environnement professionel\",\"breadcrumb\":{\"@id\":\"https:\/\/www.linguaholidays.com\/fr\/sejours-linguistiques-londres\/sejours-linguistiques-pour-professionnels\/#breadcrumb\"},\"inLanguage\":\"fr-FR\",\"potentialAction\":[{\"@type\":\"ReadAction\",\"target\":[\"https:\/\/www.linguaholidays.com\/fr\/sejours-linguistiques-londres\/sejours-linguistiques-pour-professionnels\/\"]}]},{\"@type\":\"BreadcrumbList\",\"@id\":\"https:\/\/www.linguaholidays.com\/fr\/sejours-linguistiques-londres\/sejours-linguistiques-pour-professionnels\/#breadcrumb\",\"itemListElement\":[{\"@type\":\"ListItem\",\"position\":1,\"name\":\"Home\",\"item\":\"https:\/\/www.linguaholidays.com\/fr\/\"},{\"@type\":\"ListItem\",\"position\":2,\"name\":\"S\u00e9jours linguistiques\",\"item\":\"https:\/\/www.linguaholidays.com\/fr\/sejours-linguistiques-londres\/\"},{\"@type\":\"ListItem\",\"position\":3,\"name\":\"S\u00e9jours linguistiques pour professionnels\"}]},{\"@type\":\"WebSite\",\"@id\":\"https:\/\/www.linguaholidays.com\/#website\",\"url\":\"https:\/\/www.linguaholidays.com\/\",\"name\":\"Lingua Holidays\",\"description\":\"Experience London. Learn English.\",\"publisher\":{\"@id\":\"https:\/\/www.linguaholidays.com\/#organization\"},\"potentialAction\":[{\"@type\":\"SearchAction\",\"target\":{\"@type\":\"EntryPoint\",\"urlTemplate\":\"https:\/\/www.linguaholidays.com\/?s={search_term_string}\"},\"query-input\":\"required name=search_term_string\"}],\"inLanguage\":\"fr-FR\"},{\"@type\":\"Organization\",\"@id\":\"https:\/\/www.linguaholidays.com\/#organization\",\"name\":\"Lingua Holidays\",\"url\":\"https:\/\/www.linguaholidays.com\/\",\"logo\":{\"@type\":\"ImageObject\",\"inLanguage\":\"fr-FR\",\"@id\":\"https:\/\/www.linguaholidays.com\/#\/schema\/logo\/image\/\",\"url\":\"https:\/\/www.linguaholidays.com\/wp-content\/uploads\/2017\/08\/about.jpg\",\"contentUrl\":\"https:\/\/www.linguaholidays.com\/wp-content\/uploads\/2017\/08\/about.jpg\",\"width\":860,\"height\":500,\"caption\":\"Lingua Holidays\"},\"image\":{\"@id\":\"https:\/\/www.linguaholidays.com\/#\/schema\/logo\/image\/\"}}]}<\/script>\n<!-- \/ Yoast SEO plugin. -->","yoast_head_json":{"title":"S\u00e9jours linguistiques \u00e0 Londres pour professionnels","description":"Suivez des cours de langue anglaise dans le confort de votre appartement \u00e0 Londres et am\u00e9liorez vos comp\u00e9tences dans un environnement professionel","robots":{"index":"index","follow":"follow","max-snippet":"max-snippet:-1","max-image-preview":"max-image-preview:large","max-video-preview":"max-video-preview:-1"},"canonical":"https:\/\/www.linguaholidays.com\/fr\/sejours-linguistiques-londres\/sejours-linguistiques-pour-professionnels\/","og_locale":"fr_FR","og_type":"article","og_title":"S\u00e9jours linguistiques \u00e0 Londres pour professionnels","og_description":"Suivez des cours de langue anglaise dans le confort de votre appartement \u00e0 Londres et am\u00e9liorez vos comp\u00e9tences dans un environnement professionel","og_url":"https:\/\/www.linguaholidays.com\/fr\/sejours-linguistiques-londres\/sejours-linguistiques-pour-professionnels\/","og_site_name":"Lingua Holidays","article_modified_time":"2019-07-19T15:54:13+00:00","twitter_card":"summary_large_image","twitter_misc":{"Dur\u00e9e de lecture estim\u00e9e":"1 minute"},"schema":{"@context":"https:\/\/schema.org","@graph":[{"@type":"WebPage","@id":"https:\/\/www.linguaholidays.com\/fr\/sejours-linguistiques-londres\/sejours-linguistiques-pour-professionnels\/","url":"https:\/\/www.linguaholidays.com\/fr\/sejours-linguistiques-londres\/sejours-linguistiques-pour-professionnels\/","name":"S\u00e9jours linguistiques \u00e0 Londres pour professionnels","isPartOf":{"@id":"https:\/\/www.linguaholidays.com\/#website"},"datePublished":"2017-08-18T11:35:40+00:00","dateModified":"2019-07-19T15:54:13+00:00","description":"Suivez des cours de langue anglaise dans le confort de votre appartement \u00e0 Londres et am\u00e9liorez vos comp\u00e9tences dans un environnement professionel","breadcrumb":{"@id":"https:\/\/www.linguaholidays.com\/fr\/sejours-linguistiques-londres\/sejours-linguistiques-pour-professionnels\/#breadcrumb"},"inLanguage":"fr-FR","potentialAction":[{"@type":"ReadAction","target":["https:\/\/www.linguaholidays.com\/fr\/sejours-linguistiques-londres\/sejours-linguistiques-pour-professionnels\/"]}]},{"@type":"BreadcrumbList","@id":"https:\/\/www.linguaholidays.com\/fr\/sejours-linguistiques-londres\/sejours-linguistiques-pour-professionnels\/#breadcrumb","itemListElement":[{"@type":"ListItem","position":1,"name":"Home","item":"https:\/\/www.linguaholidays.com\/fr\/"},{"@type":"ListItem","position":2,"name":"S\u00e9jours linguistiques","item":"https:\/\/www.linguaholidays.com\/fr\/sejours-linguistiques-londres\/"},{"@type":"ListItem","position":3,"name":"S\u00e9jours linguistiques pour professionnels"}]},{"@type":"WebSite","@id":"https:\/\/www.linguaholidays.com\/#website","url":"https:\/\/www.linguaholidays.com\/","name":"Lingua Holidays","description":"Experience London. Learn English.","publisher":{"@id":"https:\/\/www.linguaholidays.com\/#organization"},"potentialAction":[{"@type":"SearchAction","target":{"@type":"EntryPoint","urlTemplate":"https:\/\/www.linguaholidays.com\/?s={search_term_string}"},"query-input":"required name=search_term_string"}],"inLanguage":"fr-FR"},{"@type":"Organization","@id":"https:\/\/www.linguaholidays.com\/#organization","name":"Lingua Holidays","url":"https:\/\/www.linguaholidays.com\/","logo":{"@type":"ImageObject","inLanguage":"fr-FR","@id":"https:\/\/www.linguaholidays.com\/#\/schema\/logo\/image\/","url":"https:\/\/www.linguaholidays.com\/wp-content\/uploads\/2017\/08\/about.jpg","contentUrl":"https:\/\/www.linguaholidays.com\/wp-content\/uploads\/2017\/08\/about.jpg","width":860,"height":500,"caption":"Lingua Holidays"},"image":{"@id":"https:\/\/www.linguaholidays.com\/#\/schema\/logo\/image\/"}}]}},"_links":{"self":[{"href":"https:\/\/www.linguaholidays.com\/fr\/wp-json\/wp\/v2\/pages\/426","targetHints":{"allow":["GET"]}}],"collection":[{"href":"https:\/\/www.linguaholidays.com\/fr\/wp-json\/wp\/v2\/pages"}],"about":[{"href":"https:\/\/www.linguaholidays.com\/fr\/wp-json\/wp\/v2\/types\/page"}],"author":[{"embeddable":true,"href":"https:\/\/www.linguaholidays.com\/fr\/wp-json\/wp\/v2\/users\/1"}],"replies":[{"embeddable":true,"href":"https:\/\/www.linguaholidays.com\/fr\/wp-json\/wp\/v2\/comments?post=426"}],"version-history":[{"count":4,"href":"https:\/\/www.linguaholidays.com\/fr\/wp-json\/wp\/v2\/pages\/426\/revisions"}],"predecessor-version":[{"id":3272,"href":"https:\/\/www.linguaholidays.com\/fr\/wp-json\/wp\/v2\/pages\/426\/revisions\/3272"}],"up":[{"embeddable":true,"href":"https:\/\/www.linguaholidays.com\/fr\/wp-json\/wp\/v2\/pages\/493"}],"wp:attachment":[{"href":"https:\/\/www.linguaholidays.com\/fr\/wp-json\/wp\/v2\/media?parent=426"}],"curies":[{"name":"wp","href":"https:\/\/api.w.org\/{rel}","templated":true}]}}