{"id":429,"date":"2017-08-18T11:36:37","date_gmt":"2017-08-18T11:36:37","guid":{"rendered":"https:\/\/lingua.designriver.co.uk\/?page_id=429"},"modified":"2020-11-03T14:30:28","modified_gmt":"2020-11-03T14:30:28","slug":"cours-danglais-a-londres","status":"publish","type":"page","link":"https:\/\/www.linguaholidays.com\/fr\/les-bases\/cours-danglais-a-londres\/","title":{"rendered":"Cours d\u2019anglais \u00e0 Londres"},"content":{"rendered":"<h2>Le\u00e7ons d\u2019anglais au c\u0153ur de Londres<\/h2>\n<p>Apprenez ou am\u00e9liorez votre anglais gr\u00e2ce \u00e0 un cours personnalis\u00e9 donn\u00e9 par un professeur qualifi\u00e9 et natif anglophone. Toutes les le\u00e7ons sont individuelles ou organis\u00e9es sp\u00e9cialement pour votre groupe. Elles sont disponibles \u00e0 n&rsquo;importe quel moment de l\u2019ann\u00e9e.<\/p>\n<p>Une fois que vous avez choisi les dates de votre s\u00e9jour, vous d\u00e9cidez du nombre de le\u00e7ons d\u00e9sir\u00e9es et de leur lieu. Nous recommandons que les le\u00e7ons durent un minimum de 2 heures, ce qui vous laisse encore le reste de la journ\u00e9e pour explorer Londres ind\u00e9pendamment ou en compagnie de votre professeur ou d\u2019un guide accr\u00e9dit\u00e9 Blue Badge.<\/p>\n","protected":false},"excerpt":{"rendered":"<p>Le\u00e7ons d\u2019anglais au c\u0153ur de Londres Apprenez ou am\u00e9liorez votre anglais gr\u00e2ce \u00e0 un cours personnalis\u00e9 donn\u00e9 par un professeur qualifi\u00e9 et natif anglophone. Toutes les le\u00e7ons sont individuelles ou organis\u00e9es sp\u00e9cialement pour votre groupe. Elles sont disponibles \u00e0 n&rsquo;importe quel moment de l\u2019ann\u00e9e. Une fois que vous avez choisi les dates de votre s\u00e9jour, [&hellip;]<\/p>\n","protected":false},"author":1,"featured_media":0,"parent":494,"menu_order":0,"comment_status":"closed","ping_status":"closed","template":"","meta":{"_monsterinsights_skip_tracking":false,"_monsterinsights_sitenote_active":false,"_monsterinsights_sitenote_note":"","_monsterinsights_sitenote_category":0,"footnotes":""},"class_list":["post-429","page","type-page","status-publish","hentry"],"acf":[],"yoast_head":"<!-- This site is optimized with the Yoast SEO plugin v20.6 - https:\/\/yoast.com\/wordpress\/plugins\/seo\/ -->\n<title>Cours d&#039;anglais | le\u00e7ons individuelles dans votre appartement \u00e0 Londres<\/title>\n<meta name=\"description\" content=\"S\u00e9jours linguistiques pour apprendre ou am\u00e9liorer votre anglais gr\u00e2ce \u00e0 un cours personnalis\u00e9 donn\u00e9 dans votre appartement et des excursions\" \/>\n<meta name=\"robots\" content=\"index, follow, max-snippet:-1, max-image-preview:large, max-video-preview:-1\" \/>\n<link rel=\"canonical\" href=\"https:\/\/www.linguaholidays.com\/fr\/les-bases\/cours-danglais-a-londres\/\" \/>\n<meta property=\"og:locale\" content=\"fr_FR\" \/>\n<meta property=\"og:type\" content=\"article\" \/>\n<meta property=\"og:title\" content=\"Cours d&#039;anglais | le\u00e7ons individuelles dans votre appartement \u00e0 Londres\" \/>\n<meta property=\"og:description\" content=\"S\u00e9jours linguistiques pour apprendre ou am\u00e9liorer votre anglais gr\u00e2ce \u00e0 un cours personnalis\u00e9 donn\u00e9 dans votre appartement et des excursions\" \/>\n<meta property=\"og:url\" content=\"https:\/\/www.linguaholidays.com\/fr\/les-bases\/cours-danglais-a-londres\/\" \/>\n<meta property=\"og:site_name\" content=\"Lingua Holidays\" \/>\n<meta property=\"article:modified_time\" content=\"2020-11-03T14:30:28+00:00\" \/>\n<meta name=\"twitter:card\" content=\"summary_large_image\" \/>\n<meta name=\"twitter:label1\" content=\"Dur\u00e9e de lecture estim\u00e9e\" \/>\n\t<meta name=\"twitter:data1\" content=\"1 minute\" \/>\n<script type=\"application\/ld+json\" class=\"yoast-schema-graph\">{\"@context\":\"https:\/\/schema.org\",\"@graph\":[{\"@type\":\"WebPage\",\"@id\":\"https:\/\/www.linguaholidays.com\/fr\/les-bases\/cours-danglais-a-londres\/\",\"url\":\"https:\/\/www.linguaholidays.com\/fr\/les-bases\/cours-danglais-a-londres\/\",\"name\":\"Cours d'anglais | le\u00e7ons individuelles dans votre appartement \u00e0 Londres\",\"isPartOf\":{\"@id\":\"https:\/\/www.linguaholidays.com\/#website\"},\"datePublished\":\"2017-08-18T11:36:37+00:00\",\"dateModified\":\"2020-11-03T14:30:28+00:00\",\"description\":\"S\u00e9jours linguistiques pour apprendre ou am\u00e9liorer votre anglais gr\u00e2ce \u00e0 un cours personnalis\u00e9 donn\u00e9 dans votre appartement et des excursions\",\"breadcrumb\":{\"@id\":\"https:\/\/www.linguaholidays.com\/fr\/les-bases\/cours-danglais-a-londres\/#breadcrumb\"},\"inLanguage\":\"fr-FR\",\"potentialAction\":[{\"@type\":\"ReadAction\",\"target\":[\"https:\/\/www.linguaholidays.com\/fr\/les-bases\/cours-danglais-a-londres\/\"]}]},{\"@type\":\"BreadcrumbList\",\"@id\":\"https:\/\/www.linguaholidays.com\/fr\/les-bases\/cours-danglais-a-londres\/#breadcrumb\",\"itemListElement\":[{\"@type\":\"ListItem\",\"position\":1,\"name\":\"Home\",\"item\":\"https:\/\/www.linguaholidays.com\/fr\/\"},{\"@type\":\"ListItem\",\"position\":2,\"name\":\"Les bases\",\"item\":\"https:\/\/www.linguaholidays.com\/fr\/les-bases\/\"},{\"@type\":\"ListItem\",\"position\":3,\"name\":\"Cours d\u2019anglais \u00e0 Londres\"}]},{\"@type\":\"WebSite\",\"@id\":\"https:\/\/www.linguaholidays.com\/#website\",\"url\":\"https:\/\/www.linguaholidays.com\/\",\"name\":\"Lingua Holidays\",\"description\":\"Experience London. Learn English.\",\"publisher\":{\"@id\":\"https:\/\/www.linguaholidays.com\/#organization\"},\"potentialAction\":[{\"@type\":\"SearchAction\",\"target\":{\"@type\":\"EntryPoint\",\"urlTemplate\":\"https:\/\/www.linguaholidays.com\/?s={search_term_string}\"},\"query-input\":\"required name=search_term_string\"}],\"inLanguage\":\"fr-FR\"},{\"@type\":\"Organization\",\"@id\":\"https:\/\/www.linguaholidays.com\/#organization\",\"name\":\"Lingua Holidays\",\"url\":\"https:\/\/www.linguaholidays.com\/\",\"logo\":{\"@type\":\"ImageObject\",\"inLanguage\":\"fr-FR\",\"@id\":\"https:\/\/www.linguaholidays.com\/#\/schema\/logo\/image\/\",\"url\":\"https:\/\/www.linguaholidays.com\/wp-content\/uploads\/2017\/08\/about.jpg\",\"contentUrl\":\"https:\/\/www.linguaholidays.com\/wp-content\/uploads\/2017\/08\/about.jpg\",\"width\":860,\"height\":500,\"caption\":\"Lingua Holidays\"},\"image\":{\"@id\":\"https:\/\/www.linguaholidays.com\/#\/schema\/logo\/image\/\"}}]}<\/script>\n<!-- \/ Yoast SEO plugin. -->","yoast_head_json":{"title":"Cours d'anglais | le\u00e7ons individuelles dans votre appartement \u00e0 Londres","description":"S\u00e9jours linguistiques pour apprendre ou am\u00e9liorer votre anglais gr\u00e2ce \u00e0 un cours personnalis\u00e9 donn\u00e9 dans votre appartement et des excursions","robots":{"index":"index","follow":"follow","max-snippet":"max-snippet:-1","max-image-preview":"max-image-preview:large","max-video-preview":"max-video-preview:-1"},"canonical":"https:\/\/www.linguaholidays.com\/fr\/les-bases\/cours-danglais-a-londres\/","og_locale":"fr_FR","og_type":"article","og_title":"Cours d'anglais | le\u00e7ons individuelles dans votre appartement \u00e0 Londres","og_description":"S\u00e9jours linguistiques pour apprendre ou am\u00e9liorer votre anglais gr\u00e2ce \u00e0 un cours personnalis\u00e9 donn\u00e9 dans votre appartement et des excursions","og_url":"https:\/\/www.linguaholidays.com\/fr\/les-bases\/cours-danglais-a-londres\/","og_site_name":"Lingua Holidays","article_modified_time":"2020-11-03T14:30:28+00:00","twitter_card":"summary_large_image","twitter_misc":{"Dur\u00e9e de lecture estim\u00e9e":"1 minute"},"schema":{"@context":"https:\/\/schema.org","@graph":[{"@type":"WebPage","@id":"https:\/\/www.linguaholidays.com\/fr\/les-bases\/cours-danglais-a-londres\/","url":"https:\/\/www.linguaholidays.com\/fr\/les-bases\/cours-danglais-a-londres\/","name":"Cours d'anglais | le\u00e7ons individuelles dans votre appartement \u00e0 Londres","isPartOf":{"@id":"https:\/\/www.linguaholidays.com\/#website"},"datePublished":"2017-08-18T11:36:37+00:00","dateModified":"2020-11-03T14:30:28+00:00","description":"S\u00e9jours linguistiques pour apprendre ou am\u00e9liorer votre anglais gr\u00e2ce \u00e0 un cours personnalis\u00e9 donn\u00e9 dans votre appartement et des excursions","breadcrumb":{"@id":"https:\/\/www.linguaholidays.com\/fr\/les-bases\/cours-danglais-a-londres\/#breadcrumb"},"inLanguage":"fr-FR","potentialAction":[{"@type":"ReadAction","target":["https:\/\/www.linguaholidays.com\/fr\/les-bases\/cours-danglais-a-londres\/"]}]},{"@type":"BreadcrumbList","@id":"https:\/\/www.linguaholidays.com\/fr\/les-bases\/cours-danglais-a-londres\/#breadcrumb","itemListElement":[{"@type":"ListItem","position":1,"name":"Home","item":"https:\/\/www.linguaholidays.com\/fr\/"},{"@type":"ListItem","position":2,"name":"Les bases","item":"https:\/\/www.linguaholidays.com\/fr\/les-bases\/"},{"@type":"ListItem","position":3,"name":"Cours d\u2019anglais \u00e0 Londres"}]},{"@type":"WebSite","@id":"https:\/\/www.linguaholidays.com\/#website","url":"https:\/\/www.linguaholidays.com\/","name":"Lingua Holidays","description":"Experience London. Learn English.","publisher":{"@id":"https:\/\/www.linguaholidays.com\/#organization"},"potentialAction":[{"@type":"SearchAction","target":{"@type":"EntryPoint","urlTemplate":"https:\/\/www.linguaholidays.com\/?s={search_term_string}"},"query-input":"required name=search_term_string"}],"inLanguage":"fr-FR"},{"@type":"Organization","@id":"https:\/\/www.linguaholidays.com\/#organization","name":"Lingua Holidays","url":"https:\/\/www.linguaholidays.com\/","logo":{"@type":"ImageObject","inLanguage":"fr-FR","@id":"https:\/\/www.linguaholidays.com\/#\/schema\/logo\/image\/","url":"https:\/\/www.linguaholidays.com\/wp-content\/uploads\/2017\/08\/about.jpg","contentUrl":"https:\/\/www.linguaholidays.com\/wp-content\/uploads\/2017\/08\/about.jpg","width":860,"height":500,"caption":"Lingua Holidays"},"image":{"@id":"https:\/\/www.linguaholidays.com\/#\/schema\/logo\/image\/"}}]}},"_links":{"self":[{"href":"https:\/\/www.linguaholidays.com\/fr\/wp-json\/wp\/v2\/pages\/429","targetHints":{"allow":["GET"]}}],"collection":[{"href":"https:\/\/www.linguaholidays.com\/fr\/wp-json\/wp\/v2\/pages"}],"about":[{"href":"https:\/\/www.linguaholidays.com\/fr\/wp-json\/wp\/v2\/types\/page"}],"author":[{"embeddable":true,"href":"https:\/\/www.linguaholidays.com\/fr\/wp-json\/wp\/v2\/users\/1"}],"replies":[{"embeddable":true,"href":"https:\/\/www.linguaholidays.com\/fr\/wp-json\/wp\/v2\/comments?post=429"}],"version-history":[{"count":4,"href":"https:\/\/www.linguaholidays.com\/fr\/wp-json\/wp\/v2\/pages\/429\/revisions"}],"predecessor-version":[{"id":6442,"href":"https:\/\/www.linguaholidays.com\/fr\/wp-json\/wp\/v2\/pages\/429\/revisions\/6442"}],"up":[{"embeddable":true,"href":"https:\/\/www.linguaholidays.com\/fr\/wp-json\/wp\/v2\/pages\/494"}],"wp:attachment":[{"href":"https:\/\/www.linguaholidays.com\/fr\/wp-json\/wp\/v2\/media?parent=429"}],"curies":[{"name":"wp","href":"https:\/\/api.w.org\/{rel}","templated":true}]}}