{"id":432,"date":"2017-09-14T17:26:43","date_gmt":"2017-09-14T17:26:43","guid":{"rendered":"https:\/\/lingua.designriver.co.uk\/?page_id=432"},"modified":"2019-07-19T15:52:59","modified_gmt":"2019-07-19T15:52:59","slug":"restez-au-coeur-de-londres","status":"publish","type":"page","link":"https:\/\/www.linguaholidays.com\/fr\/les-bases\/restez-au-coeur-de-londres\/","title":{"rendered":"Restez au <span>c\u0153ur de Londres<\/span>"},"content":{"rendered":"<h2>Des appartements de luxe en plein centre de Londres<\/h2>\n<p>S\u00e9journez dans un studio ou un appartement am\u00e9nag\u00e9 de grande qualit\u00e9, et d\u00e9couvrez la vie \u00e0 Londres. Nous avons trois types d\u2019h\u00e9bergement : Standard, Sup\u00e9rieur et Luxe. Tous les appartements sont proches des principales attractions du centre de Londres.<\/p>\n<p>Tous les appartements d&rsquo;une ou deux chambres disposent d&rsquo;une cuisine et d&rsquo;un salon\/salle \u00e0 manger o\u00f9 se tiendront vos cours d\u2019anglais. Les studios sont con\u00e7us en L, avec un salon meubl\u00e9 d&rsquo;une table pour prendre les repas, et une cuisine.<\/p>\n","protected":false},"excerpt":{"rendered":"<p>Des appartements de luxe en plein centre de Londres S\u00e9journez dans un studio ou un appartement am\u00e9nag\u00e9 de grande qualit\u00e9, et d\u00e9couvrez la vie \u00e0 Londres. Nous avons trois types d\u2019h\u00e9bergement : Standard, Sup\u00e9rieur et Luxe. Tous les appartements sont proches des principales attractions du centre de Londres. Tous les appartements d&rsquo;une ou deux chambres [&hellip;]<\/p>\n","protected":false},"author":1,"featured_media":0,"parent":494,"menu_order":0,"comment_status":"closed","ping_status":"closed","template":"","meta":{"_monsterinsights_skip_tracking":false,"_monsterinsights_sitenote_active":false,"_monsterinsights_sitenote_note":"","_monsterinsights_sitenote_category":0,"footnotes":""},"class_list":["post-432","page","type-page","status-publish","hentry"],"acf":[],"yoast_head":"<!-- This site is optimized with the Yoast SEO plugin v20.6 - https:\/\/yoast.com\/wordpress\/plugins\/seo\/ -->\n<title>S\u00e9jours linguistiques \u00e0 Londres | appartements de luxe<\/title>\n<meta name=\"description\" content=\"Nos appartements du centre de Londres constituent une base id\u00e9ale pour explorer Londres. Profitez de le\u00e7ons d\u2019anglais priv\u00e9es dans votre appartement.\" \/>\n<meta name=\"robots\" content=\"index, follow, max-snippet:-1, max-image-preview:large, max-video-preview:-1\" \/>\n<link rel=\"canonical\" href=\"https:\/\/www.linguaholidays.com\/fr\/les-bases\/restez-au-coeur-de-londres\/\" \/>\n<meta property=\"og:locale\" content=\"fr_FR\" \/>\n<meta property=\"og:type\" content=\"article\" \/>\n<meta property=\"og:title\" content=\"S\u00e9jours linguistiques \u00e0 Londres | appartements de luxe\" \/>\n<meta property=\"og:description\" content=\"Nos appartements du centre de Londres constituent une base id\u00e9ale pour explorer Londres. Profitez de le\u00e7ons d\u2019anglais priv\u00e9es dans votre appartement.\" \/>\n<meta property=\"og:url\" content=\"https:\/\/www.linguaholidays.com\/fr\/les-bases\/restez-au-coeur-de-londres\/\" \/>\n<meta property=\"og:site_name\" content=\"Lingua Holidays\" \/>\n<meta property=\"article:modified_time\" content=\"2019-07-19T15:52:59+00:00\" \/>\n<meta name=\"twitter:card\" content=\"summary_large_image\" \/>\n<script type=\"application\/ld+json\" class=\"yoast-schema-graph\">{\"@context\":\"https:\/\/schema.org\",\"@graph\":[{\"@type\":\"WebPage\",\"@id\":\"https:\/\/www.linguaholidays.com\/fr\/les-bases\/restez-au-coeur-de-londres\/\",\"url\":\"https:\/\/www.linguaholidays.com\/fr\/les-bases\/restez-au-coeur-de-londres\/\",\"name\":\"S\u00e9jours linguistiques \u00e0 Londres | appartements de luxe\",\"isPartOf\":{\"@id\":\"https:\/\/www.linguaholidays.com\/#website\"},\"datePublished\":\"2017-09-14T17:26:43+00:00\",\"dateModified\":\"2019-07-19T15:52:59+00:00\",\"description\":\"Nos appartements du centre de Londres constituent une base id\u00e9ale pour explorer Londres. Profitez de le\u00e7ons d\u2019anglais priv\u00e9es dans votre appartement.\",\"breadcrumb\":{\"@id\":\"https:\/\/www.linguaholidays.com\/fr\/les-bases\/restez-au-coeur-de-londres\/#breadcrumb\"},\"inLanguage\":\"fr-FR\",\"potentialAction\":[{\"@type\":\"ReadAction\",\"target\":[\"https:\/\/www.linguaholidays.com\/fr\/les-bases\/restez-au-coeur-de-londres\/\"]}]},{\"@type\":\"BreadcrumbList\",\"@id\":\"https:\/\/www.linguaholidays.com\/fr\/les-bases\/restez-au-coeur-de-londres\/#breadcrumb\",\"itemListElement\":[{\"@type\":\"ListItem\",\"position\":1,\"name\":\"Home\",\"item\":\"https:\/\/www.linguaholidays.com\/fr\/\"},{\"@type\":\"ListItem\",\"position\":2,\"name\":\"Les bases\",\"item\":\"https:\/\/www.linguaholidays.com\/fr\/les-bases\/\"},{\"@type\":\"ListItem\",\"position\":3,\"name\":\"Restez au c\u0153ur de Londres\"}]},{\"@type\":\"WebSite\",\"@id\":\"https:\/\/www.linguaholidays.com\/#website\",\"url\":\"https:\/\/www.linguaholidays.com\/\",\"name\":\"Lingua Holidays\",\"description\":\"Experience London. Learn English.\",\"publisher\":{\"@id\":\"https:\/\/www.linguaholidays.com\/#organization\"},\"potentialAction\":[{\"@type\":\"SearchAction\",\"target\":{\"@type\":\"EntryPoint\",\"urlTemplate\":\"https:\/\/www.linguaholidays.com\/?s={search_term_string}\"},\"query-input\":\"required name=search_term_string\"}],\"inLanguage\":\"fr-FR\"},{\"@type\":\"Organization\",\"@id\":\"https:\/\/www.linguaholidays.com\/#organization\",\"name\":\"Lingua Holidays\",\"url\":\"https:\/\/www.linguaholidays.com\/\",\"logo\":{\"@type\":\"ImageObject\",\"inLanguage\":\"fr-FR\",\"@id\":\"https:\/\/www.linguaholidays.com\/#\/schema\/logo\/image\/\",\"url\":\"https:\/\/www.linguaholidays.com\/wp-content\/uploads\/2017\/08\/about.jpg\",\"contentUrl\":\"https:\/\/www.linguaholidays.com\/wp-content\/uploads\/2017\/08\/about.jpg\",\"width\":860,\"height\":500,\"caption\":\"Lingua Holidays\"},\"image\":{\"@id\":\"https:\/\/www.linguaholidays.com\/#\/schema\/logo\/image\/\"}}]}<\/script>\n<!-- \/ Yoast SEO plugin. -->","yoast_head_json":{"title":"S\u00e9jours linguistiques \u00e0 Londres | appartements de luxe","description":"Nos appartements du centre de Londres constituent une base id\u00e9ale pour explorer Londres. Profitez de le\u00e7ons d\u2019anglais priv\u00e9es dans votre appartement.","robots":{"index":"index","follow":"follow","max-snippet":"max-snippet:-1","max-image-preview":"max-image-preview:large","max-video-preview":"max-video-preview:-1"},"canonical":"https:\/\/www.linguaholidays.com\/fr\/les-bases\/restez-au-coeur-de-londres\/","og_locale":"fr_FR","og_type":"article","og_title":"S\u00e9jours linguistiques \u00e0 Londres | appartements de luxe","og_description":"Nos appartements du centre de Londres constituent une base id\u00e9ale pour explorer Londres. Profitez de le\u00e7ons d\u2019anglais priv\u00e9es dans votre appartement.","og_url":"https:\/\/www.linguaholidays.com\/fr\/les-bases\/restez-au-coeur-de-londres\/","og_site_name":"Lingua Holidays","article_modified_time":"2019-07-19T15:52:59+00:00","twitter_card":"summary_large_image","schema":{"@context":"https:\/\/schema.org","@graph":[{"@type":"WebPage","@id":"https:\/\/www.linguaholidays.com\/fr\/les-bases\/restez-au-coeur-de-londres\/","url":"https:\/\/www.linguaholidays.com\/fr\/les-bases\/restez-au-coeur-de-londres\/","name":"S\u00e9jours linguistiques \u00e0 Londres | appartements de luxe","isPartOf":{"@id":"https:\/\/www.linguaholidays.com\/#website"},"datePublished":"2017-09-14T17:26:43+00:00","dateModified":"2019-07-19T15:52:59+00:00","description":"Nos appartements du centre de Londres constituent une base id\u00e9ale pour explorer Londres. Profitez de le\u00e7ons d\u2019anglais priv\u00e9es dans votre appartement.","breadcrumb":{"@id":"https:\/\/www.linguaholidays.com\/fr\/les-bases\/restez-au-coeur-de-londres\/#breadcrumb"},"inLanguage":"fr-FR","potentialAction":[{"@type":"ReadAction","target":["https:\/\/www.linguaholidays.com\/fr\/les-bases\/restez-au-coeur-de-londres\/"]}]},{"@type":"BreadcrumbList","@id":"https:\/\/www.linguaholidays.com\/fr\/les-bases\/restez-au-coeur-de-londres\/#breadcrumb","itemListElement":[{"@type":"ListItem","position":1,"name":"Home","item":"https:\/\/www.linguaholidays.com\/fr\/"},{"@type":"ListItem","position":2,"name":"Les bases","item":"https:\/\/www.linguaholidays.com\/fr\/les-bases\/"},{"@type":"ListItem","position":3,"name":"Restez au c\u0153ur de Londres"}]},{"@type":"WebSite","@id":"https:\/\/www.linguaholidays.com\/#website","url":"https:\/\/www.linguaholidays.com\/","name":"Lingua Holidays","description":"Experience London. Learn English.","publisher":{"@id":"https:\/\/www.linguaholidays.com\/#organization"},"potentialAction":[{"@type":"SearchAction","target":{"@type":"EntryPoint","urlTemplate":"https:\/\/www.linguaholidays.com\/?s={search_term_string}"},"query-input":"required name=search_term_string"}],"inLanguage":"fr-FR"},{"@type":"Organization","@id":"https:\/\/www.linguaholidays.com\/#organization","name":"Lingua Holidays","url":"https:\/\/www.linguaholidays.com\/","logo":{"@type":"ImageObject","inLanguage":"fr-FR","@id":"https:\/\/www.linguaholidays.com\/#\/schema\/logo\/image\/","url":"https:\/\/www.linguaholidays.com\/wp-content\/uploads\/2017\/08\/about.jpg","contentUrl":"https:\/\/www.linguaholidays.com\/wp-content\/uploads\/2017\/08\/about.jpg","width":860,"height":500,"caption":"Lingua Holidays"},"image":{"@id":"https:\/\/www.linguaholidays.com\/#\/schema\/logo\/image\/"}}]}},"_links":{"self":[{"href":"https:\/\/www.linguaholidays.com\/fr\/wp-json\/wp\/v2\/pages\/432","targetHints":{"allow":["GET"]}}],"collection":[{"href":"https:\/\/www.linguaholidays.com\/fr\/wp-json\/wp\/v2\/pages"}],"about":[{"href":"https:\/\/www.linguaholidays.com\/fr\/wp-json\/wp\/v2\/types\/page"}],"author":[{"embeddable":true,"href":"https:\/\/www.linguaholidays.com\/fr\/wp-json\/wp\/v2\/users\/1"}],"replies":[{"embeddable":true,"href":"https:\/\/www.linguaholidays.com\/fr\/wp-json\/wp\/v2\/comments?post=432"}],"version-history":[{"count":3,"href":"https:\/\/www.linguaholidays.com\/fr\/wp-json\/wp\/v2\/pages\/432\/revisions"}],"predecessor-version":[{"id":1758,"href":"https:\/\/www.linguaholidays.com\/fr\/wp-json\/wp\/v2\/pages\/432\/revisions\/1758"}],"up":[{"embeddable":true,"href":"https:\/\/www.linguaholidays.com\/fr\/wp-json\/wp\/v2\/pages\/494"}],"wp:attachment":[{"href":"https:\/\/www.linguaholidays.com\/fr\/wp-json\/wp\/v2\/media?parent=432"}],"curies":[{"name":"wp","href":"https:\/\/api.w.org\/{rel}","templated":true}]}}