{"id":435,"date":"2017-09-15T09:14:41","date_gmt":"2017-09-15T09:14:41","guid":{"rendered":"https:\/\/lingua.designriver.co.uk\/?page_id=435"},"modified":"2019-04-15T14:20:14","modified_gmt":"2019-04-15T14:20:14","slug":"studios-et-appartement-standard","status":"publish","type":"page","link":"https:\/\/www.linguaholidays.com\/fr\/les-bases\/restez-au-coeur-de-londres\/studios-et-appartement-standard\/","title":{"rendered":"Studios et appartements standard"},"content":{"rendered":"<h2>Nos studios et appartements am\u00e9nag\u00e9s d&rsquo;une chambre Standard se situent dans les deux quartiers de Camden et Fitzrovia.<\/h2>\n<p>Nos studios et appartements am\u00e9nag\u00e9s d\u2019une chambre Standard proposent une solution d\u2019h\u00e9bergement offrant un bon rapport qualit\u00e9-prix, d\u2019o\u00f9 il est facile d\u2019acc\u00e9der au centre de Londres. Ces appartements contemporains disposent d&rsquo;un salon, d&rsquo;une cuisine enti\u00e8rement \u00e9quip\u00e9e et d\u2019une salle de bains avec baignoire et douche. De leur c\u00f4t\u00e9, les studios sont con\u00e7us en L, avec un salon\/salle \u00e0 manger et une cuisine.<\/p>\n<p>Nos studios et appartements am\u00e9nag\u00e9s d&rsquo;une chambre Standard se situent dans les deux quartiers de Camden et Fitzrovia.<\/p>\n<p><strong>Camden <\/strong>:\u00a0 Les studios et appartements se situent dans une rue r\u00e9sidentielle calme proche de la station de m\u00e9tro de Camden et \u00e0 distance de marche des gares principales de Kings Cross et Euston. Camden est un des quartiers les plus color\u00e9s de Londres et est connu pour sa sc\u00e8ne musicale et son march\u00e9. Mais ce que nous aimons par dessus tout, c\u2019est sa proximit\u00e9 du r\u00e9seau de canaux londonien, du Regent\u2019s Park et du zoo de Londres.<\/p>\n<p><strong>Fitzrovia : <\/strong>Ce quartier offre une option plus abordable que celui de West End, tout en restant \u00e0 une courte distance \u00e0 pied d\u2019Oxford Street, Soho et certaines des meilleures attractions de Londres, comme le British Museum et Madame Tussauds.<\/p>\n<p><strong>Pack de bienvenue<br \/>\n<\/strong>Tous les h\u00e9bergements Lingua Holidays comprennent un pack gratuit de bienvenue, dans lequel vous trouverez du th\u00e9, du caf\u00e9, du sel et du poivre, du sucre, du jus de fruits, de l\u2019eau min\u00e9rale, du lait, des biscuits et des chips.<\/p>\n<p>Vous pouvez pr\u00e9-commander un pack de bienvenue Luxe pour 50 livres sterling. Le pack de bienvenue Luxe comprend tous les produits mentionn\u00e9s pr\u00e9c\u00e9demment, ainsi que des c\u00e9r\u00e9ales, du pain, du beurre, de la confiture, du fromage, des \u0153ufs, des croissants, du bacon, des craquelins, du yaourt et une bouteille de vin.<\/p>\n<p><strong>\u00a0<\/strong><\/p>\n","protected":false},"excerpt":{"rendered":"<p>Nos studios et appartements am\u00e9nag\u00e9s d&rsquo;une chambre Standard se situent dans les deux quartiers de Camden et Fitzrovia. Nos studios et appartements am\u00e9nag\u00e9s d\u2019une chambre Standard proposent une solution d\u2019h\u00e9bergement offrant un bon rapport qualit\u00e9-prix, d\u2019o\u00f9 il est facile d\u2019acc\u00e9der au centre de Londres. Ces appartements contemporains disposent d&rsquo;un salon, d&rsquo;une cuisine enti\u00e8rement \u00e9quip\u00e9e et [&hellip;]<\/p>\n","protected":false},"author":1,"featured_media":0,"parent":432,"menu_order":0,"comment_status":"closed","ping_status":"closed","template":"tpl-accomodation-single.php","meta":{"_monsterinsights_skip_tracking":false,"_monsterinsights_sitenote_active":false,"_monsterinsights_sitenote_note":"","_monsterinsights_sitenote_category":0,"footnotes":""},"class_list":["post-435","page","type-page","status-publish","hentry"],"acf":[],"yoast_head":"<!-- This site is optimized with the Yoast SEO plugin v20.6 - https:\/\/yoast.com\/wordpress\/plugins\/seo\/ -->\n<title>Studios et appartements standard d\u2019une chambre \u00e0 Londres | Lingua Holidays<\/title>\n<meta name=\"description\" content=\"Nos studios et appartements standard \u00e0 Camden et Fitzrovia sont id\u00e9aux pour un s\u00e9jour unique en immersion dans la vie locale \u00e0 Londres.\" \/>\n<meta name=\"robots\" content=\"index, follow, max-snippet:-1, max-image-preview:large, max-video-preview:-1\" \/>\n<link rel=\"canonical\" href=\"https:\/\/www.linguaholidays.com\/fr\/les-bases\/restez-au-coeur-de-londres\/studios-et-appartement-standard\/\" \/>\n<meta property=\"og:locale\" content=\"fr_FR\" \/>\n<meta property=\"og:type\" content=\"article\" \/>\n<meta property=\"og:title\" content=\"Studios et appartements standard d\u2019une chambre \u00e0 Londres | Lingua Holidays\" \/>\n<meta property=\"og:description\" content=\"Nos studios et appartements standard \u00e0 Camden et Fitzrovia sont id\u00e9aux pour un s\u00e9jour unique en immersion dans la vie locale \u00e0 Londres.\" \/>\n<meta property=\"og:url\" content=\"https:\/\/www.linguaholidays.com\/fr\/les-bases\/restez-au-coeur-de-londres\/studios-et-appartement-standard\/\" \/>\n<meta property=\"og:site_name\" content=\"Lingua Holidays\" \/>\n<meta property=\"article:modified_time\" content=\"2019-04-15T14:20:14+00:00\" \/>\n<meta name=\"twitter:card\" content=\"summary_large_image\" \/>\n<meta name=\"twitter:label1\" content=\"Dur\u00e9e de lecture estim\u00e9e\" \/>\n\t<meta name=\"twitter:data1\" content=\"2 minutes\" \/>\n<script type=\"application\/ld+json\" class=\"yoast-schema-graph\">{\"@context\":\"https:\/\/schema.org\",\"@graph\":[{\"@type\":\"WebPage\",\"@id\":\"https:\/\/www.linguaholidays.com\/fr\/les-bases\/restez-au-coeur-de-londres\/studios-et-appartement-standard\/\",\"url\":\"https:\/\/www.linguaholidays.com\/fr\/les-bases\/restez-au-coeur-de-londres\/studios-et-appartement-standard\/\",\"name\":\"Studios et appartements standard d\u2019une chambre \u00e0 Londres | Lingua Holidays\",\"isPartOf\":{\"@id\":\"https:\/\/www.linguaholidays.com\/#website\"},\"datePublished\":\"2017-09-15T09:14:41+00:00\",\"dateModified\":\"2019-04-15T14:20:14+00:00\",\"description\":\"Nos studios et appartements standard \u00e0 Camden et Fitzrovia sont id\u00e9aux pour un s\u00e9jour unique en immersion dans la vie locale \u00e0 Londres.\",\"breadcrumb\":{\"@id\":\"https:\/\/www.linguaholidays.com\/fr\/les-bases\/restez-au-coeur-de-londres\/studios-et-appartement-standard\/#breadcrumb\"},\"inLanguage\":\"fr-FR\",\"potentialAction\":[{\"@type\":\"ReadAction\",\"target\":[\"https:\/\/www.linguaholidays.com\/fr\/les-bases\/restez-au-coeur-de-londres\/studios-et-appartement-standard\/\"]}]},{\"@type\":\"BreadcrumbList\",\"@id\":\"https:\/\/www.linguaholidays.com\/fr\/les-bases\/restez-au-coeur-de-londres\/studios-et-appartement-standard\/#breadcrumb\",\"itemListElement\":[{\"@type\":\"ListItem\",\"position\":1,\"name\":\"Home\",\"item\":\"https:\/\/www.linguaholidays.com\/fr\/\"},{\"@type\":\"ListItem\",\"position\":2,\"name\":\"Les bases\",\"item\":\"https:\/\/www.linguaholidays.com\/fr\/les-bases\/\"},{\"@type\":\"ListItem\",\"position\":3,\"name\":\"Restez au c\u0153ur de Londres\",\"item\":\"https:\/\/www.linguaholidays.com\/fr\/les-bases\/restez-au-coeur-de-londres\/\"},{\"@type\":\"ListItem\",\"position\":4,\"name\":\"Studios et appartements standard\"}]},{\"@type\":\"WebSite\",\"@id\":\"https:\/\/www.linguaholidays.com\/#website\",\"url\":\"https:\/\/www.linguaholidays.com\/\",\"name\":\"Lingua Holidays\",\"description\":\"Experience London. Learn English.\",\"publisher\":{\"@id\":\"https:\/\/www.linguaholidays.com\/#organization\"},\"potentialAction\":[{\"@type\":\"SearchAction\",\"target\":{\"@type\":\"EntryPoint\",\"urlTemplate\":\"https:\/\/www.linguaholidays.com\/?s={search_term_string}\"},\"query-input\":\"required name=search_term_string\"}],\"inLanguage\":\"fr-FR\"},{\"@type\":\"Organization\",\"@id\":\"https:\/\/www.linguaholidays.com\/#organization\",\"name\":\"Lingua Holidays\",\"url\":\"https:\/\/www.linguaholidays.com\/\",\"logo\":{\"@type\":\"ImageObject\",\"inLanguage\":\"fr-FR\",\"@id\":\"https:\/\/www.linguaholidays.com\/#\/schema\/logo\/image\/\",\"url\":\"https:\/\/www.linguaholidays.com\/wp-content\/uploads\/2017\/08\/about.jpg\",\"contentUrl\":\"https:\/\/www.linguaholidays.com\/wp-content\/uploads\/2017\/08\/about.jpg\",\"width\":860,\"height\":500,\"caption\":\"Lingua Holidays\"},\"image\":{\"@id\":\"https:\/\/www.linguaholidays.com\/#\/schema\/logo\/image\/\"}}]}<\/script>\n<!-- \/ Yoast SEO plugin. -->","yoast_head_json":{"title":"Studios et appartements standard d\u2019une chambre \u00e0 Londres | Lingua Holidays","description":"Nos studios et appartements standard \u00e0 Camden et Fitzrovia sont id\u00e9aux pour un s\u00e9jour unique en immersion dans la vie locale \u00e0 Londres.","robots":{"index":"index","follow":"follow","max-snippet":"max-snippet:-1","max-image-preview":"max-image-preview:large","max-video-preview":"max-video-preview:-1"},"canonical":"https:\/\/www.linguaholidays.com\/fr\/les-bases\/restez-au-coeur-de-londres\/studios-et-appartement-standard\/","og_locale":"fr_FR","og_type":"article","og_title":"Studios et appartements standard d\u2019une chambre \u00e0 Londres | Lingua Holidays","og_description":"Nos studios et appartements standard \u00e0 Camden et Fitzrovia sont id\u00e9aux pour un s\u00e9jour unique en immersion dans la vie locale \u00e0 Londres.","og_url":"https:\/\/www.linguaholidays.com\/fr\/les-bases\/restez-au-coeur-de-londres\/studios-et-appartement-standard\/","og_site_name":"Lingua Holidays","article_modified_time":"2019-04-15T14:20:14+00:00","twitter_card":"summary_large_image","twitter_misc":{"Dur\u00e9e de lecture estim\u00e9e":"2 minutes"},"schema":{"@context":"https:\/\/schema.org","@graph":[{"@type":"WebPage","@id":"https:\/\/www.linguaholidays.com\/fr\/les-bases\/restez-au-coeur-de-londres\/studios-et-appartement-standard\/","url":"https:\/\/www.linguaholidays.com\/fr\/les-bases\/restez-au-coeur-de-londres\/studios-et-appartement-standard\/","name":"Studios et appartements standard d\u2019une chambre \u00e0 Londres | Lingua Holidays","isPartOf":{"@id":"https:\/\/www.linguaholidays.com\/#website"},"datePublished":"2017-09-15T09:14:41+00:00","dateModified":"2019-04-15T14:20:14+00:00","description":"Nos studios et appartements standard \u00e0 Camden et Fitzrovia sont id\u00e9aux pour un s\u00e9jour unique en immersion dans la vie locale \u00e0 Londres.","breadcrumb":{"@id":"https:\/\/www.linguaholidays.com\/fr\/les-bases\/restez-au-coeur-de-londres\/studios-et-appartement-standard\/#breadcrumb"},"inLanguage":"fr-FR","potentialAction":[{"@type":"ReadAction","target":["https:\/\/www.linguaholidays.com\/fr\/les-bases\/restez-au-coeur-de-londres\/studios-et-appartement-standard\/"]}]},{"@type":"BreadcrumbList","@id":"https:\/\/www.linguaholidays.com\/fr\/les-bases\/restez-au-coeur-de-londres\/studios-et-appartement-standard\/#breadcrumb","itemListElement":[{"@type":"ListItem","position":1,"name":"Home","item":"https:\/\/www.linguaholidays.com\/fr\/"},{"@type":"ListItem","position":2,"name":"Les bases","item":"https:\/\/www.linguaholidays.com\/fr\/les-bases\/"},{"@type":"ListItem","position":3,"name":"Restez au c\u0153ur de Londres","item":"https:\/\/www.linguaholidays.com\/fr\/les-bases\/restez-au-coeur-de-londres\/"},{"@type":"ListItem","position":4,"name":"Studios et appartements standard"}]},{"@type":"WebSite","@id":"https:\/\/www.linguaholidays.com\/#website","url":"https:\/\/www.linguaholidays.com\/","name":"Lingua Holidays","description":"Experience London. Learn English.","publisher":{"@id":"https:\/\/www.linguaholidays.com\/#organization"},"potentialAction":[{"@type":"SearchAction","target":{"@type":"EntryPoint","urlTemplate":"https:\/\/www.linguaholidays.com\/?s={search_term_string}"},"query-input":"required name=search_term_string"}],"inLanguage":"fr-FR"},{"@type":"Organization","@id":"https:\/\/www.linguaholidays.com\/#organization","name":"Lingua Holidays","url":"https:\/\/www.linguaholidays.com\/","logo":{"@type":"ImageObject","inLanguage":"fr-FR","@id":"https:\/\/www.linguaholidays.com\/#\/schema\/logo\/image\/","url":"https:\/\/www.linguaholidays.com\/wp-content\/uploads\/2017\/08\/about.jpg","contentUrl":"https:\/\/www.linguaholidays.com\/wp-content\/uploads\/2017\/08\/about.jpg","width":860,"height":500,"caption":"Lingua Holidays"},"image":{"@id":"https:\/\/www.linguaholidays.com\/#\/schema\/logo\/image\/"}}]}},"_links":{"self":[{"href":"https:\/\/www.linguaholidays.com\/fr\/wp-json\/wp\/v2\/pages\/435","targetHints":{"allow":["GET"]}}],"collection":[{"href":"https:\/\/www.linguaholidays.com\/fr\/wp-json\/wp\/v2\/pages"}],"about":[{"href":"https:\/\/www.linguaholidays.com\/fr\/wp-json\/wp\/v2\/types\/page"}],"author":[{"embeddable":true,"href":"https:\/\/www.linguaholidays.com\/fr\/wp-json\/wp\/v2\/users\/1"}],"replies":[{"embeddable":true,"href":"https:\/\/www.linguaholidays.com\/fr\/wp-json\/wp\/v2\/comments?post=435"}],"version-history":[{"count":7,"href":"https:\/\/www.linguaholidays.com\/fr\/wp-json\/wp\/v2\/pages\/435\/revisions"}],"predecessor-version":[{"id":1898,"href":"https:\/\/www.linguaholidays.com\/fr\/wp-json\/wp\/v2\/pages\/435\/revisions\/1898"}],"up":[{"embeddable":true,"href":"https:\/\/www.linguaholidays.com\/fr\/wp-json\/wp\/v2\/pages\/432"}],"wp:attachment":[{"href":"https:\/\/www.linguaholidays.com\/fr\/wp-json\/wp\/v2\/media?parent=435"}],"curies":[{"name":"wp","href":"https:\/\/api.w.org\/{rel}","templated":true}]}}