{"id":439,"date":"2017-09-15T10:29:22","date_gmt":"2017-09-15T10:29:22","guid":{"rendered":"https:\/\/lingua.designriver.co.uk\/?page_id=439"},"modified":"2018-03-02T15:04:27","modified_gmt":"2018-03-02T15:04:27","slug":"studios-et-appartements-superieur","status":"publish","type":"page","link":"https:\/\/www.linguaholidays.com\/fr\/les-bases\/restez-au-coeur-de-londres\/studios-et-appartements-superieur\/","title":{"rendered":"Studios et appartements Sup\u00e9rieur"},"content":{"rendered":"<h2>Nos studios ouverts et appartements am\u00e9nag\u00e9s d\u2019une ou deux chambres Sup\u00e9rieur sont situ\u00e9s dans le quartier <strong>londonien de West End<\/strong> et proposent une solution d\u2019h\u00e9bergement contemporaine de grande qualit\u00e9 pour les couples et les familles.<\/h2>\n<p>Ils sont id\u00e9alement situ\u00e9s \u00e0 proximit\u00e9 des restaurants et th\u00e9\u00e2tres de Londres.\u00a0 Oxford Street est \u00e0 votre porte et Knightsbridge n\u2019est qu\u2019\u00e0 quelques pas, de l\u2019autre c\u00f4t\u00e9 du Hyde Park.<\/p>\n<p>Les studios sont \u00e9quip\u00e9s de lits escamotables pour maximiser l\u2019espace, d\u2019une salle de bains enti\u00e8rement carrel\u00e9e, et d\u2019une cuisine s\u00e9par\u00e9e avec cuisini\u00e8re au gaz, machine \u00e0 laver\/s\u00e8che linge et lave-vaisselle.<\/p>\n<p><strong>Pack de bienvenue<br \/>\n<\/strong>Tous les h\u00e9bergements Lingua Holidays comprennent un pack gratuit de bienvenue, dans lequel vous trouverez du th\u00e9, du caf\u00e9, du sel et du poivre, du sucre, du jus de fruits, de l\u2019eau min\u00e9rale, du lait, des biscuits et des chips.<\/p>\n<p>Vous pouvez pr\u00e9-commander un pack de bienvenue Luxe pour 50 livres sterling. Le pack de bienvenue Luxe comprend tous les produits mentionn\u00e9s pr\u00e9c\u00e9demment, ainsi que des c\u00e9r\u00e9ales, du pain, du beurre, de la confiture, du fromage, des \u0153ufs, des croissants, du bacon, des craquelins, du yaourt et une bouteille de vin.<\/p>\n","protected":false},"excerpt":{"rendered":"<p>Nos studios ouverts et appartements am\u00e9nag\u00e9s d\u2019une ou deux chambres Sup\u00e9rieur sont situ\u00e9s dans le quartier londonien de West End et proposent une solution d\u2019h\u00e9bergement contemporaine de grande qualit\u00e9 pour les couples et les familles. Ils sont id\u00e9alement situ\u00e9s \u00e0 proximit\u00e9 des restaurants et th\u00e9\u00e2tres de Londres.\u00a0 Oxford Street est \u00e0 votre porte et Knightsbridge [&hellip;]<\/p>\n","protected":false},"author":1,"featured_media":0,"parent":432,"menu_order":0,"comment_status":"closed","ping_status":"closed","template":"tpl-accomodation-single.php","meta":{"_monsterinsights_skip_tracking":false,"_monsterinsights_sitenote_active":false,"_monsterinsights_sitenote_note":"","_monsterinsights_sitenote_category":0,"footnotes":""},"class_list":["post-439","page","type-page","status-publish","hentry"],"acf":[],"yoast_head":"<!-- This site is optimized with the Yoast SEO plugin v20.6 - https:\/\/yoast.com\/wordpress\/plugins\/seo\/ -->\n<title>Studios et appartements \u00e0 Londres | apprenez l\u2019anglais - Lingua Holidays<\/title>\n<meta name=\"description\" content=\"Nos studios et appartements dans le West End sont id\u00e9aux pour visiter les magasins, les restaurants et les th\u00e9\u00e2tres de Londres\" \/>\n<meta name=\"robots\" content=\"index, follow, max-snippet:-1, max-image-preview:large, max-video-preview:-1\" \/>\n<link rel=\"canonical\" href=\"https:\/\/www.linguaholidays.com\/fr\/les-bases\/restez-au-coeur-de-londres\/studios-et-appartements-superieur\/\" \/>\n<meta property=\"og:locale\" content=\"fr_FR\" \/>\n<meta property=\"og:type\" content=\"article\" \/>\n<meta property=\"og:title\" content=\"Studios et appartements \u00e0 Londres | apprenez l\u2019anglais - Lingua Holidays\" \/>\n<meta property=\"og:description\" content=\"Nos studios et appartements dans le West End sont id\u00e9aux pour visiter les magasins, les restaurants et les th\u00e9\u00e2tres de Londres\" \/>\n<meta property=\"og:url\" content=\"https:\/\/www.linguaholidays.com\/fr\/les-bases\/restez-au-coeur-de-londres\/studios-et-appartements-superieur\/\" \/>\n<meta property=\"og:site_name\" content=\"Lingua Holidays\" \/>\n<meta property=\"article:modified_time\" content=\"2018-03-02T15:04:27+00:00\" \/>\n<meta name=\"twitter:card\" content=\"summary_large_image\" \/>\n<meta name=\"twitter:label1\" content=\"Dur\u00e9e de lecture estim\u00e9e\" \/>\n\t<meta name=\"twitter:data1\" content=\"1 minute\" \/>\n<script type=\"application\/ld+json\" class=\"yoast-schema-graph\">{\"@context\":\"https:\/\/schema.org\",\"@graph\":[{\"@type\":\"WebPage\",\"@id\":\"https:\/\/www.linguaholidays.com\/fr\/les-bases\/restez-au-coeur-de-londres\/studios-et-appartements-superieur\/\",\"url\":\"https:\/\/www.linguaholidays.com\/fr\/les-bases\/restez-au-coeur-de-londres\/studios-et-appartements-superieur\/\",\"name\":\"Studios et appartements \u00e0 Londres | apprenez l\u2019anglais - Lingua Holidays\",\"isPartOf\":{\"@id\":\"https:\/\/www.linguaholidays.com\/#website\"},\"datePublished\":\"2017-09-15T10:29:22+00:00\",\"dateModified\":\"2018-03-02T15:04:27+00:00\",\"description\":\"Nos studios et appartements dans le West End sont id\u00e9aux pour visiter les magasins, les restaurants et les th\u00e9\u00e2tres de Londres\",\"breadcrumb\":{\"@id\":\"https:\/\/www.linguaholidays.com\/fr\/les-bases\/restez-au-coeur-de-londres\/studios-et-appartements-superieur\/#breadcrumb\"},\"inLanguage\":\"fr-FR\",\"potentialAction\":[{\"@type\":\"ReadAction\",\"target\":[\"https:\/\/www.linguaholidays.com\/fr\/les-bases\/restez-au-coeur-de-londres\/studios-et-appartements-superieur\/\"]}]},{\"@type\":\"BreadcrumbList\",\"@id\":\"https:\/\/www.linguaholidays.com\/fr\/les-bases\/restez-au-coeur-de-londres\/studios-et-appartements-superieur\/#breadcrumb\",\"itemListElement\":[{\"@type\":\"ListItem\",\"position\":1,\"name\":\"Home\",\"item\":\"https:\/\/www.linguaholidays.com\/fr\/\"},{\"@type\":\"ListItem\",\"position\":2,\"name\":\"Les bases\",\"item\":\"https:\/\/www.linguaholidays.com\/fr\/les-bases\/\"},{\"@type\":\"ListItem\",\"position\":3,\"name\":\"Restez au c\u0153ur de Londres\",\"item\":\"https:\/\/www.linguaholidays.com\/fr\/les-bases\/restez-au-coeur-de-londres\/\"},{\"@type\":\"ListItem\",\"position\":4,\"name\":\"Studios et appartements Sup\u00e9rieur\"}]},{\"@type\":\"WebSite\",\"@id\":\"https:\/\/www.linguaholidays.com\/#website\",\"url\":\"https:\/\/www.linguaholidays.com\/\",\"name\":\"Lingua Holidays\",\"description\":\"Experience London. Learn English.\",\"publisher\":{\"@id\":\"https:\/\/www.linguaholidays.com\/#organization\"},\"potentialAction\":[{\"@type\":\"SearchAction\",\"target\":{\"@type\":\"EntryPoint\",\"urlTemplate\":\"https:\/\/www.linguaholidays.com\/?s={search_term_string}\"},\"query-input\":\"required name=search_term_string\"}],\"inLanguage\":\"fr-FR\"},{\"@type\":\"Organization\",\"@id\":\"https:\/\/www.linguaholidays.com\/#organization\",\"name\":\"Lingua Holidays\",\"url\":\"https:\/\/www.linguaholidays.com\/\",\"logo\":{\"@type\":\"ImageObject\",\"inLanguage\":\"fr-FR\",\"@id\":\"https:\/\/www.linguaholidays.com\/#\/schema\/logo\/image\/\",\"url\":\"https:\/\/www.linguaholidays.com\/wp-content\/uploads\/2017\/08\/about.jpg\",\"contentUrl\":\"https:\/\/www.linguaholidays.com\/wp-content\/uploads\/2017\/08\/about.jpg\",\"width\":860,\"height\":500,\"caption\":\"Lingua Holidays\"},\"image\":{\"@id\":\"https:\/\/www.linguaholidays.com\/#\/schema\/logo\/image\/\"}}]}<\/script>\n<!-- \/ Yoast SEO plugin. -->","yoast_head_json":{"title":"Studios et appartements \u00e0 Londres | apprenez l\u2019anglais - Lingua Holidays","description":"Nos studios et appartements dans le West End sont id\u00e9aux pour visiter les magasins, les restaurants et les th\u00e9\u00e2tres de Londres","robots":{"index":"index","follow":"follow","max-snippet":"max-snippet:-1","max-image-preview":"max-image-preview:large","max-video-preview":"max-video-preview:-1"},"canonical":"https:\/\/www.linguaholidays.com\/fr\/les-bases\/restez-au-coeur-de-londres\/studios-et-appartements-superieur\/","og_locale":"fr_FR","og_type":"article","og_title":"Studios et appartements \u00e0 Londres | apprenez l\u2019anglais - Lingua Holidays","og_description":"Nos studios et appartements dans le West End sont id\u00e9aux pour visiter les magasins, les restaurants et les th\u00e9\u00e2tres de Londres","og_url":"https:\/\/www.linguaholidays.com\/fr\/les-bases\/restez-au-coeur-de-londres\/studios-et-appartements-superieur\/","og_site_name":"Lingua Holidays","article_modified_time":"2018-03-02T15:04:27+00:00","twitter_card":"summary_large_image","twitter_misc":{"Dur\u00e9e de lecture estim\u00e9e":"1 minute"},"schema":{"@context":"https:\/\/schema.org","@graph":[{"@type":"WebPage","@id":"https:\/\/www.linguaholidays.com\/fr\/les-bases\/restez-au-coeur-de-londres\/studios-et-appartements-superieur\/","url":"https:\/\/www.linguaholidays.com\/fr\/les-bases\/restez-au-coeur-de-londres\/studios-et-appartements-superieur\/","name":"Studios et appartements \u00e0 Londres | apprenez l\u2019anglais - Lingua Holidays","isPartOf":{"@id":"https:\/\/www.linguaholidays.com\/#website"},"datePublished":"2017-09-15T10:29:22+00:00","dateModified":"2018-03-02T15:04:27+00:00","description":"Nos studios et appartements dans le West End sont id\u00e9aux pour visiter les magasins, les restaurants et les th\u00e9\u00e2tres de Londres","breadcrumb":{"@id":"https:\/\/www.linguaholidays.com\/fr\/les-bases\/restez-au-coeur-de-londres\/studios-et-appartements-superieur\/#breadcrumb"},"inLanguage":"fr-FR","potentialAction":[{"@type":"ReadAction","target":["https:\/\/www.linguaholidays.com\/fr\/les-bases\/restez-au-coeur-de-londres\/studios-et-appartements-superieur\/"]}]},{"@type":"BreadcrumbList","@id":"https:\/\/www.linguaholidays.com\/fr\/les-bases\/restez-au-coeur-de-londres\/studios-et-appartements-superieur\/#breadcrumb","itemListElement":[{"@type":"ListItem","position":1,"name":"Home","item":"https:\/\/www.linguaholidays.com\/fr\/"},{"@type":"ListItem","position":2,"name":"Les bases","item":"https:\/\/www.linguaholidays.com\/fr\/les-bases\/"},{"@type":"ListItem","position":3,"name":"Restez au c\u0153ur de Londres","item":"https:\/\/www.linguaholidays.com\/fr\/les-bases\/restez-au-coeur-de-londres\/"},{"@type":"ListItem","position":4,"name":"Studios et appartements Sup\u00e9rieur"}]},{"@type":"WebSite","@id":"https:\/\/www.linguaholidays.com\/#website","url":"https:\/\/www.linguaholidays.com\/","name":"Lingua Holidays","description":"Experience London. Learn English.","publisher":{"@id":"https:\/\/www.linguaholidays.com\/#organization"},"potentialAction":[{"@type":"SearchAction","target":{"@type":"EntryPoint","urlTemplate":"https:\/\/www.linguaholidays.com\/?s={search_term_string}"},"query-input":"required name=search_term_string"}],"inLanguage":"fr-FR"},{"@type":"Organization","@id":"https:\/\/www.linguaholidays.com\/#organization","name":"Lingua Holidays","url":"https:\/\/www.linguaholidays.com\/","logo":{"@type":"ImageObject","inLanguage":"fr-FR","@id":"https:\/\/www.linguaholidays.com\/#\/schema\/logo\/image\/","url":"https:\/\/www.linguaholidays.com\/wp-content\/uploads\/2017\/08\/about.jpg","contentUrl":"https:\/\/www.linguaholidays.com\/wp-content\/uploads\/2017\/08\/about.jpg","width":860,"height":500,"caption":"Lingua Holidays"},"image":{"@id":"https:\/\/www.linguaholidays.com\/#\/schema\/logo\/image\/"}}]}},"_links":{"self":[{"href":"https:\/\/www.linguaholidays.com\/fr\/wp-json\/wp\/v2\/pages\/439","targetHints":{"allow":["GET"]}}],"collection":[{"href":"https:\/\/www.linguaholidays.com\/fr\/wp-json\/wp\/v2\/pages"}],"about":[{"href":"https:\/\/www.linguaholidays.com\/fr\/wp-json\/wp\/v2\/types\/page"}],"author":[{"embeddable":true,"href":"https:\/\/www.linguaholidays.com\/fr\/wp-json\/wp\/v2\/users\/1"}],"replies":[{"embeddable":true,"href":"https:\/\/www.linguaholidays.com\/fr\/wp-json\/wp\/v2\/comments?post=439"}],"version-history":[{"count":5,"href":"https:\/\/www.linguaholidays.com\/fr\/wp-json\/wp\/v2\/pages\/439\/revisions"}],"predecessor-version":[{"id":2568,"href":"https:\/\/www.linguaholidays.com\/fr\/wp-json\/wp\/v2\/pages\/439\/revisions\/2568"}],"up":[{"embeddable":true,"href":"https:\/\/www.linguaholidays.com\/fr\/wp-json\/wp\/v2\/pages\/432"}],"wp:attachment":[{"href":"https:\/\/www.linguaholidays.com\/fr\/wp-json\/wp\/v2\/media?parent=439"}],"curies":[{"name":"wp","href":"https:\/\/api.w.org\/{rel}","templated":true}]}}