{"id":446,"date":"2017-09-15T10:29:33","date_gmt":"2017-09-15T10:29:33","guid":{"rendered":"https:\/\/lingua.designriver.co.uk\/?page_id=446"},"modified":"2018-03-02T12:54:18","modified_gmt":"2018-03-02T12:54:18","slug":"appartements-luxe","status":"publish","type":"page","link":"https:\/\/www.linguaholidays.com\/fr\/les-bases\/restez-au-coeur-de-londres\/appartements-luxe\/","title":{"rendered":"Appartements Luxe"},"content":{"rendered":"<h2>Ces appartements d&rsquo;une ou deux chambres r\u00e9cemment remis \u00e0 neuf ont \u00e9t\u00e9 con\u00e7us pour offrir un s\u00e9jour de luxe en plein c\u0153ur de <strong>Marylebone village<\/strong>, un des principaux quartiers londoniens d\u00e9di\u00e9s \u00e0 la mode et la culture.<\/h2>\n<p>Les rues autour de Marylebone High Street sont c\u00e9l\u00e8bres pour leurs boutiques styl\u00e9es, leurs caf\u00e9s et leurs restaurants.<\/p>\n<p>Les appartements r\u00e9cemment remis \u00e0 neuf ont des planchers en bois, de grandes fen\u00eatres pour laisser entrer la lumi\u00e8re naturelle au maximum, et des meubles contemporains et \u00e9l\u00e9gants. La cuisine et la salle de bains sont parfaitement \u00e9quip\u00e9es et la chambre parentale dispose de sa propre salle de bains (seulement pour les appartements avec deux chambres).<\/p>\n<p><strong>Pack de bienvenue<br \/>\n<\/strong>Tous les h\u00e9bergements Lingua Holidays comprennent un pack gratuit de bienvenue, dans lequel vous trouverez du th\u00e9, du caf\u00e9, du sel et du poivre, du sucre, du jus de fruits, de l\u2019eau min\u00e9rale, du lait, des biscuits et des chips.<\/p>\n<p>Vous pouvez pr\u00e9-commander un pack de bienvenue Luxe pour 50 livres sterling. Le pack de bienvenue Luxe comprend tous les produits mentionn\u00e9s pr\u00e9c\u00e9demment, ainsi que des c\u00e9r\u00e9ales, du pain, du beurre, de la confiture, du fromage, des \u0153ufs, des croissants, du bacon, des craquelins, du yaourt et une bouteille de vin.<\/p>\n","protected":false},"excerpt":{"rendered":"<p>Ces appartements d&rsquo;une ou deux chambres r\u00e9cemment remis \u00e0 neuf ont \u00e9t\u00e9 con\u00e7us pour offrir un s\u00e9jour de luxe en plein c\u0153ur de Marylebone village, un des principaux quartiers londoniens d\u00e9di\u00e9s \u00e0 la mode et la culture. Les rues autour de Marylebone High Street sont c\u00e9l\u00e8bres pour leurs boutiques styl\u00e9es, leurs caf\u00e9s et leurs restaurants. [&hellip;]<\/p>\n","protected":false},"author":1,"featured_media":0,"parent":432,"menu_order":0,"comment_status":"closed","ping_status":"closed","template":"tpl-accomodation-single.php","meta":{"_monsterinsights_skip_tracking":false,"_monsterinsights_sitenote_active":false,"_monsterinsights_sitenote_note":"","_monsterinsights_sitenote_category":0,"footnotes":""},"class_list":["post-446","page","type-page","status-publish","hentry"],"acf":[],"yoast_head":"<!-- This site is optimized with the Yoast SEO plugin v20.6 - https:\/\/yoast.com\/wordpress\/plugins\/seo\/ -->\n<title>Appartements de luxe | apprenez l\u2019anglais \u00e0 Londres avec Lingua Holidays<\/title>\n<meta name=\"description\" content=\"S\u00e9journez dans un appartement luxe dans un des principaux quartiers londoniens d\u00e9di\u00e9s \u00e0 la mode. \u00c9tudiez l\u2019anglais dans le confort de votre appartement.\" \/>\n<meta name=\"robots\" content=\"index, follow, max-snippet:-1, max-image-preview:large, max-video-preview:-1\" \/>\n<link rel=\"canonical\" href=\"https:\/\/www.linguaholidays.com\/fr\/les-bases\/restez-au-coeur-de-londres\/appartements-luxe\/\" \/>\n<meta property=\"og:locale\" content=\"fr_FR\" \/>\n<meta property=\"og:type\" content=\"article\" \/>\n<meta property=\"og:title\" content=\"Appartements de luxe | apprenez l\u2019anglais \u00e0 Londres avec Lingua Holidays\" \/>\n<meta property=\"og:description\" content=\"S\u00e9journez dans un appartement luxe dans un des principaux quartiers londoniens d\u00e9di\u00e9s \u00e0 la mode. \u00c9tudiez l\u2019anglais dans le confort de votre appartement.\" \/>\n<meta property=\"og:url\" content=\"https:\/\/www.linguaholidays.com\/fr\/les-bases\/restez-au-coeur-de-londres\/appartements-luxe\/\" \/>\n<meta property=\"og:site_name\" content=\"Lingua Holidays\" \/>\n<meta property=\"article:modified_time\" content=\"2018-03-02T12:54:18+00:00\" \/>\n<meta name=\"twitter:card\" content=\"summary_large_image\" \/>\n<meta name=\"twitter:label1\" content=\"Dur\u00e9e de lecture estim\u00e9e\" \/>\n\t<meta name=\"twitter:data1\" content=\"1 minute\" \/>\n<script type=\"application\/ld+json\" class=\"yoast-schema-graph\">{\"@context\":\"https:\/\/schema.org\",\"@graph\":[{\"@type\":\"WebPage\",\"@id\":\"https:\/\/www.linguaholidays.com\/fr\/les-bases\/restez-au-coeur-de-londres\/appartements-luxe\/\",\"url\":\"https:\/\/www.linguaholidays.com\/fr\/les-bases\/restez-au-coeur-de-londres\/appartements-luxe\/\",\"name\":\"Appartements de luxe | apprenez l\u2019anglais \u00e0 Londres avec Lingua Holidays\",\"isPartOf\":{\"@id\":\"https:\/\/www.linguaholidays.com\/#website\"},\"datePublished\":\"2017-09-15T10:29:33+00:00\",\"dateModified\":\"2018-03-02T12:54:18+00:00\",\"description\":\"S\u00e9journez dans un appartement luxe dans un des principaux quartiers londoniens d\u00e9di\u00e9s \u00e0 la mode. \u00c9tudiez l\u2019anglais dans le confort de votre appartement.\",\"breadcrumb\":{\"@id\":\"https:\/\/www.linguaholidays.com\/fr\/les-bases\/restez-au-coeur-de-londres\/appartements-luxe\/#breadcrumb\"},\"inLanguage\":\"fr-FR\",\"potentialAction\":[{\"@type\":\"ReadAction\",\"target\":[\"https:\/\/www.linguaholidays.com\/fr\/les-bases\/restez-au-coeur-de-londres\/appartements-luxe\/\"]}]},{\"@type\":\"BreadcrumbList\",\"@id\":\"https:\/\/www.linguaholidays.com\/fr\/les-bases\/restez-au-coeur-de-londres\/appartements-luxe\/#breadcrumb\",\"itemListElement\":[{\"@type\":\"ListItem\",\"position\":1,\"name\":\"Home\",\"item\":\"https:\/\/www.linguaholidays.com\/fr\/\"},{\"@type\":\"ListItem\",\"position\":2,\"name\":\"Les bases\",\"item\":\"https:\/\/www.linguaholidays.com\/fr\/les-bases\/\"},{\"@type\":\"ListItem\",\"position\":3,\"name\":\"Restez au c\u0153ur de Londres\",\"item\":\"https:\/\/www.linguaholidays.com\/fr\/les-bases\/restez-au-coeur-de-londres\/\"},{\"@type\":\"ListItem\",\"position\":4,\"name\":\"Appartements Luxe\"}]},{\"@type\":\"WebSite\",\"@id\":\"https:\/\/www.linguaholidays.com\/#website\",\"url\":\"https:\/\/www.linguaholidays.com\/\",\"name\":\"Lingua Holidays\",\"description\":\"Experience London. Learn English.\",\"publisher\":{\"@id\":\"https:\/\/www.linguaholidays.com\/#organization\"},\"potentialAction\":[{\"@type\":\"SearchAction\",\"target\":{\"@type\":\"EntryPoint\",\"urlTemplate\":\"https:\/\/www.linguaholidays.com\/?s={search_term_string}\"},\"query-input\":\"required name=search_term_string\"}],\"inLanguage\":\"fr-FR\"},{\"@type\":\"Organization\",\"@id\":\"https:\/\/www.linguaholidays.com\/#organization\",\"name\":\"Lingua Holidays\",\"url\":\"https:\/\/www.linguaholidays.com\/\",\"logo\":{\"@type\":\"ImageObject\",\"inLanguage\":\"fr-FR\",\"@id\":\"https:\/\/www.linguaholidays.com\/#\/schema\/logo\/image\/\",\"url\":\"https:\/\/www.linguaholidays.com\/wp-content\/uploads\/2017\/08\/about.jpg\",\"contentUrl\":\"https:\/\/www.linguaholidays.com\/wp-content\/uploads\/2017\/08\/about.jpg\",\"width\":860,\"height\":500,\"caption\":\"Lingua Holidays\"},\"image\":{\"@id\":\"https:\/\/www.linguaholidays.com\/#\/schema\/logo\/image\/\"}}]}<\/script>\n<!-- \/ Yoast SEO plugin. -->","yoast_head_json":{"title":"Appartements de luxe | apprenez l\u2019anglais \u00e0 Londres avec Lingua Holidays","description":"S\u00e9journez dans un appartement luxe dans un des principaux quartiers londoniens d\u00e9di\u00e9s \u00e0 la mode. \u00c9tudiez l\u2019anglais dans le confort de votre appartement.","robots":{"index":"index","follow":"follow","max-snippet":"max-snippet:-1","max-image-preview":"max-image-preview:large","max-video-preview":"max-video-preview:-1"},"canonical":"https:\/\/www.linguaholidays.com\/fr\/les-bases\/restez-au-coeur-de-londres\/appartements-luxe\/","og_locale":"fr_FR","og_type":"article","og_title":"Appartements de luxe | apprenez l\u2019anglais \u00e0 Londres avec Lingua Holidays","og_description":"S\u00e9journez dans un appartement luxe dans un des principaux quartiers londoniens d\u00e9di\u00e9s \u00e0 la mode. \u00c9tudiez l\u2019anglais dans le confort de votre appartement.","og_url":"https:\/\/www.linguaholidays.com\/fr\/les-bases\/restez-au-coeur-de-londres\/appartements-luxe\/","og_site_name":"Lingua Holidays","article_modified_time":"2018-03-02T12:54:18+00:00","twitter_card":"summary_large_image","twitter_misc":{"Dur\u00e9e de lecture estim\u00e9e":"1 minute"},"schema":{"@context":"https:\/\/schema.org","@graph":[{"@type":"WebPage","@id":"https:\/\/www.linguaholidays.com\/fr\/les-bases\/restez-au-coeur-de-londres\/appartements-luxe\/","url":"https:\/\/www.linguaholidays.com\/fr\/les-bases\/restez-au-coeur-de-londres\/appartements-luxe\/","name":"Appartements de luxe | apprenez l\u2019anglais \u00e0 Londres avec Lingua Holidays","isPartOf":{"@id":"https:\/\/www.linguaholidays.com\/#website"},"datePublished":"2017-09-15T10:29:33+00:00","dateModified":"2018-03-02T12:54:18+00:00","description":"S\u00e9journez dans un appartement luxe dans un des principaux quartiers londoniens d\u00e9di\u00e9s \u00e0 la mode. \u00c9tudiez l\u2019anglais dans le confort de votre appartement.","breadcrumb":{"@id":"https:\/\/www.linguaholidays.com\/fr\/les-bases\/restez-au-coeur-de-londres\/appartements-luxe\/#breadcrumb"},"inLanguage":"fr-FR","potentialAction":[{"@type":"ReadAction","target":["https:\/\/www.linguaholidays.com\/fr\/les-bases\/restez-au-coeur-de-londres\/appartements-luxe\/"]}]},{"@type":"BreadcrumbList","@id":"https:\/\/www.linguaholidays.com\/fr\/les-bases\/restez-au-coeur-de-londres\/appartements-luxe\/#breadcrumb","itemListElement":[{"@type":"ListItem","position":1,"name":"Home","item":"https:\/\/www.linguaholidays.com\/fr\/"},{"@type":"ListItem","position":2,"name":"Les bases","item":"https:\/\/www.linguaholidays.com\/fr\/les-bases\/"},{"@type":"ListItem","position":3,"name":"Restez au c\u0153ur de Londres","item":"https:\/\/www.linguaholidays.com\/fr\/les-bases\/restez-au-coeur-de-londres\/"},{"@type":"ListItem","position":4,"name":"Appartements Luxe"}]},{"@type":"WebSite","@id":"https:\/\/www.linguaholidays.com\/#website","url":"https:\/\/www.linguaholidays.com\/","name":"Lingua Holidays","description":"Experience London. Learn English.","publisher":{"@id":"https:\/\/www.linguaholidays.com\/#organization"},"potentialAction":[{"@type":"SearchAction","target":{"@type":"EntryPoint","urlTemplate":"https:\/\/www.linguaholidays.com\/?s={search_term_string}"},"query-input":"required name=search_term_string"}],"inLanguage":"fr-FR"},{"@type":"Organization","@id":"https:\/\/www.linguaholidays.com\/#organization","name":"Lingua Holidays","url":"https:\/\/www.linguaholidays.com\/","logo":{"@type":"ImageObject","inLanguage":"fr-FR","@id":"https:\/\/www.linguaholidays.com\/#\/schema\/logo\/image\/","url":"https:\/\/www.linguaholidays.com\/wp-content\/uploads\/2017\/08\/about.jpg","contentUrl":"https:\/\/www.linguaholidays.com\/wp-content\/uploads\/2017\/08\/about.jpg","width":860,"height":500,"caption":"Lingua Holidays"},"image":{"@id":"https:\/\/www.linguaholidays.com\/#\/schema\/logo\/image\/"}}]}},"_links":{"self":[{"href":"https:\/\/www.linguaholidays.com\/fr\/wp-json\/wp\/v2\/pages\/446","targetHints":{"allow":["GET"]}}],"collection":[{"href":"https:\/\/www.linguaholidays.com\/fr\/wp-json\/wp\/v2\/pages"}],"about":[{"href":"https:\/\/www.linguaholidays.com\/fr\/wp-json\/wp\/v2\/types\/page"}],"author":[{"embeddable":true,"href":"https:\/\/www.linguaholidays.com\/fr\/wp-json\/wp\/v2\/users\/1"}],"replies":[{"embeddable":true,"href":"https:\/\/www.linguaholidays.com\/fr\/wp-json\/wp\/v2\/comments?post=446"}],"version-history":[{"count":6,"href":"https:\/\/www.linguaholidays.com\/fr\/wp-json\/wp\/v2\/pages\/446\/revisions"}],"predecessor-version":[{"id":2567,"href":"https:\/\/www.linguaholidays.com\/fr\/wp-json\/wp\/v2\/pages\/446\/revisions\/2567"}],"up":[{"embeddable":true,"href":"https:\/\/www.linguaholidays.com\/fr\/wp-json\/wp\/v2\/pages\/432"}],"wp:attachment":[{"href":"https:\/\/www.linguaholidays.com\/fr\/wp-json\/wp\/v2\/media?parent=446"}],"curies":[{"name":"wp","href":"https:\/\/api.w.org\/{rel}","templated":true}]}}