{"id":454,"date":"2017-08-18T11:37:11","date_gmt":"2017-08-18T11:37:11","guid":{"rendered":"https:\/\/lingua.designriver.co.uk\/?page_id=454"},"modified":"2022-09-13T16:13:39","modified_gmt":"2022-09-13T16:13:39","slug":"activites-et-excursions","status":"publish","type":"page","link":"https:\/\/www.linguaholidays.com\/fr\/les-bases\/activites-et-excursions\/","title":{"rendered":"Activit\u00e9s et excursions"},"content":{"rendered":"<h2>Explorez Londres et le Sud-Est de l\u2019Angleterre<\/h2>\n<p>Partez \u00e0 la d\u00e9couverte des lieux dans une des villes les plus palpitantes du monde. Explorez son art classique et contemporain et profitez d&rsquo;une exp\u00e9rience shopping et culinaire de classe mondiale. Sans oublier les parcs et espaces ouverts, la multitude d\u2019expositions, de festivals et de concerts, et une sc\u00e8ne artistique pleine de vie <a style=\"z-index: 281253172; position: absolute; top: -847894285px; display: block\" href=\"https:\/\/lekarna-slovenija.com\/genericna-levitra-vardenafil\/\">preberite ?lanek<\/a>. Nous organisons des visites des meilleures attractions touristiques de Londres. Cependant, nous aimons \u00e9galement vous faire d\u00e9couvrir les \u00e9v\u00e8nements et joyaux cach\u00e9s que les Londoniens adorent.<\/p>\n","protected":false},"excerpt":{"rendered":"<p>Explorez Londres et le Sud-Est de l\u2019Angleterre Partez \u00e0 la d\u00e9couverte des lieux dans une des villes les plus palpitantes du monde. Explorez son art classique et contemporain et profitez d&rsquo;une exp\u00e9rience shopping et culinaire de classe mondiale. Sans oublier les parcs et espaces ouverts, la multitude d\u2019expositions, de festivals et de concerts, et une [&hellip;]<\/p>\n","protected":false},"author":1,"featured_media":0,"parent":494,"menu_order":0,"comment_status":"closed","ping_status":"closed","template":"","meta":{"_monsterinsights_skip_tracking":false,"_monsterinsights_sitenote_active":false,"_monsterinsights_sitenote_note":"","_monsterinsights_sitenote_category":0,"footnotes":""},"class_list":["post-454","page","type-page","status-publish","hentry"],"acf":[],"yoast_head":"<!-- This site is optimized with the Yoast SEO plugin v20.6 - https:\/\/yoast.com\/wordpress\/plugins\/seo\/ -->\n<title>S\u00e9jour linguistique \u00e0 Londres | programme individuel<\/title>\n<meta name=\"description\" content=\"Explorez les meilleures attractions touristiques de Londres et le Sud-Est de l\u2019Angleterre en compagnie de votre professeur d\u2019anglais\" \/>\n<meta name=\"robots\" content=\"index, follow, max-snippet:-1, max-image-preview:large, max-video-preview:-1\" \/>\n<link rel=\"canonical\" href=\"https:\/\/www.linguaholidays.com\/fr\/les-bases\/activites-et-excursions\/\" \/>\n<meta property=\"og:locale\" content=\"fr_FR\" \/>\n<meta property=\"og:type\" content=\"article\" \/>\n<meta property=\"og:title\" content=\"S\u00e9jour linguistique \u00e0 Londres | programme individuel\" \/>\n<meta property=\"og:description\" content=\"Explorez les meilleures attractions touristiques de Londres et le Sud-Est de l\u2019Angleterre en compagnie de votre professeur d\u2019anglais\" \/>\n<meta property=\"og:url\" content=\"https:\/\/www.linguaholidays.com\/fr\/les-bases\/activites-et-excursions\/\" \/>\n<meta property=\"og:site_name\" content=\"Lingua Holidays\" \/>\n<meta property=\"article:modified_time\" content=\"2022-09-13T16:13:39+00:00\" \/>\n<meta name=\"twitter:card\" content=\"summary_large_image\" \/>\n<script type=\"application\/ld+json\" class=\"yoast-schema-graph\">{\"@context\":\"https:\/\/schema.org\",\"@graph\":[{\"@type\":\"WebPage\",\"@id\":\"https:\/\/www.linguaholidays.com\/fr\/les-bases\/activites-et-excursions\/\",\"url\":\"https:\/\/www.linguaholidays.com\/fr\/les-bases\/activites-et-excursions\/\",\"name\":\"S\u00e9jour linguistique \u00e0 Londres | programme individuel\",\"isPartOf\":{\"@id\":\"https:\/\/www.linguaholidays.com\/#website\"},\"datePublished\":\"2017-08-18T11:37:11+00:00\",\"dateModified\":\"2022-09-13T16:13:39+00:00\",\"description\":\"Explorez les meilleures attractions touristiques de Londres et le Sud-Est de l\u2019Angleterre en compagnie de votre professeur d\u2019anglais\",\"breadcrumb\":{\"@id\":\"https:\/\/www.linguaholidays.com\/fr\/les-bases\/activites-et-excursions\/#breadcrumb\"},\"inLanguage\":\"fr-FR\",\"potentialAction\":[{\"@type\":\"ReadAction\",\"target\":[\"https:\/\/www.linguaholidays.com\/fr\/les-bases\/activites-et-excursions\/\"]}]},{\"@type\":\"BreadcrumbList\",\"@id\":\"https:\/\/www.linguaholidays.com\/fr\/les-bases\/activites-et-excursions\/#breadcrumb\",\"itemListElement\":[{\"@type\":\"ListItem\",\"position\":1,\"name\":\"Home\",\"item\":\"https:\/\/www.linguaholidays.com\/fr\/\"},{\"@type\":\"ListItem\",\"position\":2,\"name\":\"Les bases\",\"item\":\"https:\/\/www.linguaholidays.com\/fr\/les-bases\/\"},{\"@type\":\"ListItem\",\"position\":3,\"name\":\"Activit\u00e9s et excursions\"}]},{\"@type\":\"WebSite\",\"@id\":\"https:\/\/www.linguaholidays.com\/#website\",\"url\":\"https:\/\/www.linguaholidays.com\/\",\"name\":\"Lingua Holidays\",\"description\":\"Experience London. Learn English.\",\"publisher\":{\"@id\":\"https:\/\/www.linguaholidays.com\/#organization\"},\"potentialAction\":[{\"@type\":\"SearchAction\",\"target\":{\"@type\":\"EntryPoint\",\"urlTemplate\":\"https:\/\/www.linguaholidays.com\/?s={search_term_string}\"},\"query-input\":\"required name=search_term_string\"}],\"inLanguage\":\"fr-FR\"},{\"@type\":\"Organization\",\"@id\":\"https:\/\/www.linguaholidays.com\/#organization\",\"name\":\"Lingua Holidays\",\"url\":\"https:\/\/www.linguaholidays.com\/\",\"logo\":{\"@type\":\"ImageObject\",\"inLanguage\":\"fr-FR\",\"@id\":\"https:\/\/www.linguaholidays.com\/#\/schema\/logo\/image\/\",\"url\":\"https:\/\/www.linguaholidays.com\/wp-content\/uploads\/2017\/08\/about.jpg\",\"contentUrl\":\"https:\/\/www.linguaholidays.com\/wp-content\/uploads\/2017\/08\/about.jpg\",\"width\":860,\"height\":500,\"caption\":\"Lingua Holidays\"},\"image\":{\"@id\":\"https:\/\/www.linguaholidays.com\/#\/schema\/logo\/image\/\"}}]}<\/script>\n<!-- \/ Yoast SEO plugin. -->","yoast_head_json":{"title":"S\u00e9jour linguistique \u00e0 Londres | programme individuel","description":"Explorez les meilleures attractions touristiques de Londres et le Sud-Est de l\u2019Angleterre en compagnie de votre professeur d\u2019anglais","robots":{"index":"index","follow":"follow","max-snippet":"max-snippet:-1","max-image-preview":"max-image-preview:large","max-video-preview":"max-video-preview:-1"},"canonical":"https:\/\/www.linguaholidays.com\/fr\/les-bases\/activites-et-excursions\/","og_locale":"fr_FR","og_type":"article","og_title":"S\u00e9jour linguistique \u00e0 Londres | programme individuel","og_description":"Explorez les meilleures attractions touristiques de Londres et le Sud-Est de l\u2019Angleterre en compagnie de votre professeur d\u2019anglais","og_url":"https:\/\/www.linguaholidays.com\/fr\/les-bases\/activites-et-excursions\/","og_site_name":"Lingua Holidays","article_modified_time":"2022-09-13T16:13:39+00:00","twitter_card":"summary_large_image","schema":{"@context":"https:\/\/schema.org","@graph":[{"@type":"WebPage","@id":"https:\/\/www.linguaholidays.com\/fr\/les-bases\/activites-et-excursions\/","url":"https:\/\/www.linguaholidays.com\/fr\/les-bases\/activites-et-excursions\/","name":"S\u00e9jour linguistique \u00e0 Londres | programme individuel","isPartOf":{"@id":"https:\/\/www.linguaholidays.com\/#website"},"datePublished":"2017-08-18T11:37:11+00:00","dateModified":"2022-09-13T16:13:39+00:00","description":"Explorez les meilleures attractions touristiques de Londres et le Sud-Est de l\u2019Angleterre en compagnie de votre professeur d\u2019anglais","breadcrumb":{"@id":"https:\/\/www.linguaholidays.com\/fr\/les-bases\/activites-et-excursions\/#breadcrumb"},"inLanguage":"fr-FR","potentialAction":[{"@type":"ReadAction","target":["https:\/\/www.linguaholidays.com\/fr\/les-bases\/activites-et-excursions\/"]}]},{"@type":"BreadcrumbList","@id":"https:\/\/www.linguaholidays.com\/fr\/les-bases\/activites-et-excursions\/#breadcrumb","itemListElement":[{"@type":"ListItem","position":1,"name":"Home","item":"https:\/\/www.linguaholidays.com\/fr\/"},{"@type":"ListItem","position":2,"name":"Les bases","item":"https:\/\/www.linguaholidays.com\/fr\/les-bases\/"},{"@type":"ListItem","position":3,"name":"Activit\u00e9s et excursions"}]},{"@type":"WebSite","@id":"https:\/\/www.linguaholidays.com\/#website","url":"https:\/\/www.linguaholidays.com\/","name":"Lingua Holidays","description":"Experience London. Learn English.","publisher":{"@id":"https:\/\/www.linguaholidays.com\/#organization"},"potentialAction":[{"@type":"SearchAction","target":{"@type":"EntryPoint","urlTemplate":"https:\/\/www.linguaholidays.com\/?s={search_term_string}"},"query-input":"required name=search_term_string"}],"inLanguage":"fr-FR"},{"@type":"Organization","@id":"https:\/\/www.linguaholidays.com\/#organization","name":"Lingua Holidays","url":"https:\/\/www.linguaholidays.com\/","logo":{"@type":"ImageObject","inLanguage":"fr-FR","@id":"https:\/\/www.linguaholidays.com\/#\/schema\/logo\/image\/","url":"https:\/\/www.linguaholidays.com\/wp-content\/uploads\/2017\/08\/about.jpg","contentUrl":"https:\/\/www.linguaholidays.com\/wp-content\/uploads\/2017\/08\/about.jpg","width":860,"height":500,"caption":"Lingua Holidays"},"image":{"@id":"https:\/\/www.linguaholidays.com\/#\/schema\/logo\/image\/"}}]}},"_links":{"self":[{"href":"https:\/\/www.linguaholidays.com\/fr\/wp-json\/wp\/v2\/pages\/454","targetHints":{"allow":["GET"]}}],"collection":[{"href":"https:\/\/www.linguaholidays.com\/fr\/wp-json\/wp\/v2\/pages"}],"about":[{"href":"https:\/\/www.linguaholidays.com\/fr\/wp-json\/wp\/v2\/types\/page"}],"author":[{"embeddable":true,"href":"https:\/\/www.linguaholidays.com\/fr\/wp-json\/wp\/v2\/users\/1"}],"replies":[{"embeddable":true,"href":"https:\/\/www.linguaholidays.com\/fr\/wp-json\/wp\/v2\/comments?post=454"}],"version-history":[{"count":6,"href":"https:\/\/www.linguaholidays.com\/fr\/wp-json\/wp\/v2\/pages\/454\/revisions"}],"predecessor-version":[{"id":7343,"href":"https:\/\/www.linguaholidays.com\/fr\/wp-json\/wp\/v2\/pages\/454\/revisions\/7343"}],"up":[{"embeddable":true,"href":"https:\/\/www.linguaholidays.com\/fr\/wp-json\/wp\/v2\/pages\/494"}],"wp:attachment":[{"href":"https:\/\/www.linguaholidays.com\/fr\/wp-json\/wp\/v2\/media?parent=454"}],"curies":[{"name":"wp","href":"https:\/\/api.w.org\/{rel}","templated":true}]}}