{"id":456,"date":"2017-09-14T18:02:15","date_gmt":"2017-09-14T18:02:15","guid":{"rendered":"https:\/\/lingua.designriver.co.uk\/?page_id=456"},"modified":"2024-06-04T11:20:46","modified_gmt":"2024-06-04T11:20:46","slug":"comment-reserver-votre-sejour","status":"publish","type":"page","link":"https:\/\/www.linguaholidays.com\/fr\/les-bases\/comment-reserver-votre-sejour\/","title":{"rendered":"Comment <span>r\u00e9server votre s\u00e9jour<\/span>"},"content":{"rendered":"<h2>R\u00e9server votre voyage<\/h2>\n<p>Le prix de votre s\u00e9jour d\u00e9pend de votre choix d\u2019h\u00e9bergement et du nombre de le\u00e7ons et d\u2019excursions d\u00e9sir\u00e9es.<\/p>\n<p>Pour une premi\u00e8re demande de renseignements, veuillez vous adresser \u00e0 l\u2019un de nos experts en appelant le <strong>+44 (0) 20 8444 1010<\/strong>, nous envoyer un e-mail ou remplir un formule de r\u00e9servation en ligne.<\/p>\n<p>Nous vous proposerons des solutions d\u2019h\u00e9bergement et des activit\u00e9s ad\u00e9quates, et discuterons de vos besoins en termes d\u2019apprentissage. Une fois que vous aurez d\u00e9termin\u00e9 votre itin\u00e9raire id\u00e9al avec un membre de notre \u00e9quipe commerciale, nous vous demanderons vos coordonn\u00e9es ainsi qu\u2019un acompte pour finaliser la r\u00e9servation.<\/p>\n<p>Nos s\u00e9jours sont compl\u00e8tement flexibles. Vous pouvez donc ajuster les \u00e9l\u00e9ments suivants pour qu\u2019ils r\u00e9pondent \u00e0 vos exigences :<\/p>\n","protected":false},"excerpt":{"rendered":"<p>R\u00e9server votre voyage Le prix de votre s\u00e9jour d\u00e9pend de votre choix d\u2019h\u00e9bergement et du nombre de le\u00e7ons et d\u2019excursions d\u00e9sir\u00e9es. Pour une premi\u00e8re demande de renseignements, veuillez vous adresser \u00e0 l\u2019un de nos experts en appelant le +44 (0) 20 8444 1010, nous envoyer un e-mail ou remplir un formule de r\u00e9servation en ligne. [&hellip;]<\/p>\n","protected":false},"author":1,"featured_media":0,"parent":494,"menu_order":0,"comment_status":"closed","ping_status":"closed","template":"","meta":{"_monsterinsights_skip_tracking":false,"_monsterinsights_sitenote_active":false,"_monsterinsights_sitenote_note":"","_monsterinsights_sitenote_category":0,"footnotes":""},"class_list":["post-456","page","type-page","status-publish","hentry"],"acf":[],"yoast_head":"<!-- This site is optimized with the Yoast SEO plugin v20.6 - https:\/\/yoast.com\/wordpress\/plugins\/seo\/ -->\n<title>R\u00e9servez vos s\u00e9jours linguistiques \u00e0 Londres | Lingua Holidays<\/title>\n<meta name=\"description\" content=\"Choisissez le nombre de le\u00e7ons d\u00e9sir\u00e9es \u00e0 Londres et ajoutez des excursions pour un itineraire parfait avec Lingua Holidays\" \/>\n<meta name=\"robots\" content=\"index, follow, max-snippet:-1, max-image-preview:large, max-video-preview:-1\" \/>\n<link rel=\"canonical\" href=\"https:\/\/www.linguaholidays.com\/fr\/les-bases\/comment-reserver-votre-sejour\/\" \/>\n<meta property=\"og:locale\" content=\"fr_FR\" \/>\n<meta property=\"og:type\" content=\"article\" \/>\n<meta property=\"og:title\" content=\"R\u00e9servez vos s\u00e9jours linguistiques \u00e0 Londres | Lingua Holidays\" \/>\n<meta property=\"og:description\" content=\"Choisissez le nombre de le\u00e7ons d\u00e9sir\u00e9es \u00e0 Londres et ajoutez des excursions pour un itineraire parfait avec Lingua Holidays\" \/>\n<meta property=\"og:url\" content=\"https:\/\/www.linguaholidays.com\/fr\/les-bases\/comment-reserver-votre-sejour\/\" \/>\n<meta property=\"og:site_name\" content=\"Lingua Holidays\" \/>\n<meta property=\"article:modified_time\" content=\"2024-06-04T11:20:46+00:00\" \/>\n<meta name=\"twitter:card\" content=\"summary_large_image\" \/>\n<meta name=\"twitter:label1\" content=\"Dur\u00e9e de lecture estim\u00e9e\" \/>\n\t<meta name=\"twitter:data1\" content=\"1 minute\" \/>\n<script type=\"application\/ld+json\" class=\"yoast-schema-graph\">{\"@context\":\"https:\/\/schema.org\",\"@graph\":[{\"@type\":\"WebPage\",\"@id\":\"https:\/\/www.linguaholidays.com\/fr\/les-bases\/comment-reserver-votre-sejour\/\",\"url\":\"https:\/\/www.linguaholidays.com\/fr\/les-bases\/comment-reserver-votre-sejour\/\",\"name\":\"R\u00e9servez vos s\u00e9jours linguistiques \u00e0 Londres | Lingua Holidays\",\"isPartOf\":{\"@id\":\"https:\/\/www.linguaholidays.com\/#website\"},\"datePublished\":\"2017-09-14T18:02:15+00:00\",\"dateModified\":\"2024-06-04T11:20:46+00:00\",\"description\":\"Choisissez le nombre de le\u00e7ons d\u00e9sir\u00e9es \u00e0 Londres et ajoutez des excursions pour un itineraire parfait avec Lingua Holidays\",\"breadcrumb\":{\"@id\":\"https:\/\/www.linguaholidays.com\/fr\/les-bases\/comment-reserver-votre-sejour\/#breadcrumb\"},\"inLanguage\":\"fr-FR\",\"potentialAction\":[{\"@type\":\"ReadAction\",\"target\":[\"https:\/\/www.linguaholidays.com\/fr\/les-bases\/comment-reserver-votre-sejour\/\"]}]},{\"@type\":\"BreadcrumbList\",\"@id\":\"https:\/\/www.linguaholidays.com\/fr\/les-bases\/comment-reserver-votre-sejour\/#breadcrumb\",\"itemListElement\":[{\"@type\":\"ListItem\",\"position\":1,\"name\":\"Home\",\"item\":\"https:\/\/www.linguaholidays.com\/fr\/\"},{\"@type\":\"ListItem\",\"position\":2,\"name\":\"Les bases\",\"item\":\"https:\/\/www.linguaholidays.com\/fr\/les-bases\/\"},{\"@type\":\"ListItem\",\"position\":3,\"name\":\"Comment r\u00e9server votre s\u00e9jour\"}]},{\"@type\":\"WebSite\",\"@id\":\"https:\/\/www.linguaholidays.com\/#website\",\"url\":\"https:\/\/www.linguaholidays.com\/\",\"name\":\"Lingua Holidays\",\"description\":\"Experience London. Learn English.\",\"publisher\":{\"@id\":\"https:\/\/www.linguaholidays.com\/#organization\"},\"potentialAction\":[{\"@type\":\"SearchAction\",\"target\":{\"@type\":\"EntryPoint\",\"urlTemplate\":\"https:\/\/www.linguaholidays.com\/?s={search_term_string}\"},\"query-input\":\"required name=search_term_string\"}],\"inLanguage\":\"fr-FR\"},{\"@type\":\"Organization\",\"@id\":\"https:\/\/www.linguaholidays.com\/#organization\",\"name\":\"Lingua Holidays\",\"url\":\"https:\/\/www.linguaholidays.com\/\",\"logo\":{\"@type\":\"ImageObject\",\"inLanguage\":\"fr-FR\",\"@id\":\"https:\/\/www.linguaholidays.com\/#\/schema\/logo\/image\/\",\"url\":\"https:\/\/www.linguaholidays.com\/wp-content\/uploads\/2017\/08\/about.jpg\",\"contentUrl\":\"https:\/\/www.linguaholidays.com\/wp-content\/uploads\/2017\/08\/about.jpg\",\"width\":860,\"height\":500,\"caption\":\"Lingua Holidays\"},\"image\":{\"@id\":\"https:\/\/www.linguaholidays.com\/#\/schema\/logo\/image\/\"}}]}<\/script>\n<!-- \/ Yoast SEO plugin. -->","yoast_head_json":{"title":"R\u00e9servez vos s\u00e9jours linguistiques \u00e0 Londres | Lingua Holidays","description":"Choisissez le nombre de le\u00e7ons d\u00e9sir\u00e9es \u00e0 Londres et ajoutez des excursions pour un itineraire parfait avec Lingua Holidays","robots":{"index":"index","follow":"follow","max-snippet":"max-snippet:-1","max-image-preview":"max-image-preview:large","max-video-preview":"max-video-preview:-1"},"canonical":"https:\/\/www.linguaholidays.com\/fr\/les-bases\/comment-reserver-votre-sejour\/","og_locale":"fr_FR","og_type":"article","og_title":"R\u00e9servez vos s\u00e9jours linguistiques \u00e0 Londres | Lingua Holidays","og_description":"Choisissez le nombre de le\u00e7ons d\u00e9sir\u00e9es \u00e0 Londres et ajoutez des excursions pour un itineraire parfait avec Lingua Holidays","og_url":"https:\/\/www.linguaholidays.com\/fr\/les-bases\/comment-reserver-votre-sejour\/","og_site_name":"Lingua Holidays","article_modified_time":"2024-06-04T11:20:46+00:00","twitter_card":"summary_large_image","twitter_misc":{"Dur\u00e9e de lecture estim\u00e9e":"1 minute"},"schema":{"@context":"https:\/\/schema.org","@graph":[{"@type":"WebPage","@id":"https:\/\/www.linguaholidays.com\/fr\/les-bases\/comment-reserver-votre-sejour\/","url":"https:\/\/www.linguaholidays.com\/fr\/les-bases\/comment-reserver-votre-sejour\/","name":"R\u00e9servez vos s\u00e9jours linguistiques \u00e0 Londres | Lingua Holidays","isPartOf":{"@id":"https:\/\/www.linguaholidays.com\/#website"},"datePublished":"2017-09-14T18:02:15+00:00","dateModified":"2024-06-04T11:20:46+00:00","description":"Choisissez le nombre de le\u00e7ons d\u00e9sir\u00e9es \u00e0 Londres et ajoutez des excursions pour un itineraire parfait avec Lingua Holidays","breadcrumb":{"@id":"https:\/\/www.linguaholidays.com\/fr\/les-bases\/comment-reserver-votre-sejour\/#breadcrumb"},"inLanguage":"fr-FR","potentialAction":[{"@type":"ReadAction","target":["https:\/\/www.linguaholidays.com\/fr\/les-bases\/comment-reserver-votre-sejour\/"]}]},{"@type":"BreadcrumbList","@id":"https:\/\/www.linguaholidays.com\/fr\/les-bases\/comment-reserver-votre-sejour\/#breadcrumb","itemListElement":[{"@type":"ListItem","position":1,"name":"Home","item":"https:\/\/www.linguaholidays.com\/fr\/"},{"@type":"ListItem","position":2,"name":"Les bases","item":"https:\/\/www.linguaholidays.com\/fr\/les-bases\/"},{"@type":"ListItem","position":3,"name":"Comment r\u00e9server votre s\u00e9jour"}]},{"@type":"WebSite","@id":"https:\/\/www.linguaholidays.com\/#website","url":"https:\/\/www.linguaholidays.com\/","name":"Lingua Holidays","description":"Experience London. Learn English.","publisher":{"@id":"https:\/\/www.linguaholidays.com\/#organization"},"potentialAction":[{"@type":"SearchAction","target":{"@type":"EntryPoint","urlTemplate":"https:\/\/www.linguaholidays.com\/?s={search_term_string}"},"query-input":"required name=search_term_string"}],"inLanguage":"fr-FR"},{"@type":"Organization","@id":"https:\/\/www.linguaholidays.com\/#organization","name":"Lingua Holidays","url":"https:\/\/www.linguaholidays.com\/","logo":{"@type":"ImageObject","inLanguage":"fr-FR","@id":"https:\/\/www.linguaholidays.com\/#\/schema\/logo\/image\/","url":"https:\/\/www.linguaholidays.com\/wp-content\/uploads\/2017\/08\/about.jpg","contentUrl":"https:\/\/www.linguaholidays.com\/wp-content\/uploads\/2017\/08\/about.jpg","width":860,"height":500,"caption":"Lingua Holidays"},"image":{"@id":"https:\/\/www.linguaholidays.com\/#\/schema\/logo\/image\/"}}]}},"_links":{"self":[{"href":"https:\/\/www.linguaholidays.com\/fr\/wp-json\/wp\/v2\/pages\/456","targetHints":{"allow":["GET"]}}],"collection":[{"href":"https:\/\/www.linguaholidays.com\/fr\/wp-json\/wp\/v2\/pages"}],"about":[{"href":"https:\/\/www.linguaholidays.com\/fr\/wp-json\/wp\/v2\/types\/page"}],"author":[{"embeddable":true,"href":"https:\/\/www.linguaholidays.com\/fr\/wp-json\/wp\/v2\/users\/1"}],"replies":[{"embeddable":true,"href":"https:\/\/www.linguaholidays.com\/fr\/wp-json\/wp\/v2\/comments?post=456"}],"version-history":[{"count":8,"href":"https:\/\/www.linguaholidays.com\/fr\/wp-json\/wp\/v2\/pages\/456\/revisions"}],"predecessor-version":[{"id":7717,"href":"https:\/\/www.linguaholidays.com\/fr\/wp-json\/wp\/v2\/pages\/456\/revisions\/7717"}],"up":[{"embeddable":true,"href":"https:\/\/www.linguaholidays.com\/fr\/wp-json\/wp\/v2\/pages\/494"}],"wp:attachment":[{"href":"https:\/\/www.linguaholidays.com\/fr\/wp-json\/wp\/v2\/media?parent=456"}],"curies":[{"name":"wp","href":"https:\/\/api.w.org\/{rel}","templated":true}]}}