{"id":461,"date":"2017-08-22T13:43:30","date_gmt":"2017-08-22T13:43:30","guid":{"rendered":"https:\/\/lingua.designriver.co.uk\/?page_id=461"},"modified":"2024-04-09T16:02:46","modified_gmt":"2024-04-09T16:02:46","slug":"faqs","status":"publish","type":"page","link":"https:\/\/www.linguaholidays.com\/fr\/faqs\/","title":{"rendered":"FAQs"},"content":{"rendered":"\n<p><\/p>\n\n\n\n<p><\/p>\n\n\n\n<h2 class=\"wp-block-heading\">INFORMATIONS G\u00c9N\u00c9RALES<\/h2>\n\n\n\n<h3 class=\"wp-block-heading\"><strong>Que comprend mon s\u00e9jour ?<\/strong><\/h3>\n\n\n\n<p>Un s\u00e9jour Lingua Holiday est tr\u00e8s flexible, et comprend g\u00e9n\u00e9ralement l\u2019h\u00e9bergement, les cours et un apr\u00e8s-midi en compagnie de votre professeur pour une pause th\u00e9. Vous pouvez choisir le nombre de le\u00e7ons et leur dur\u00e9e, ainsi que le nombre d\u2019excursions.<\/p>\n\n\n\n<h3 class=\"wp-block-heading\"><strong>Tous les s\u00e9jours doivent-ils durer une semaine ?<\/strong><\/h3>\n\n\n\n<p>Non, vous pouvez choisir la dur\u00e9e qui vous convient.<\/p>\n\n\n\n<h3 class=\"wp-block-heading\"><strong>Que se passe-t-il lorsque j\u2019arrive au Royaume-Uni ?<\/strong><\/h3>\n\n\n\n<p>Vous pouvez prendre vos propres dispositions ou r\u00e9server un transfert priv\u00e9 directement \u00e0 votre appartement.<\/p>\n\n\n\n<h2 class=\"wp-block-heading\">HEBERGEMENT<\/h2>\n\n\n\n<h3 class=\"wp-block-heading\"><strong>Puis-je choisir dans quel quartier londonien s\u00e9journer ?<\/strong><\/h3>\n\n\n\n<p>La plupart de nos h\u00e9bergements se trouvent dans les quartiers de Camden et Fitzrovia, ou au c\u0153ur du quartier londonien de West End. Ces quartiers ont \u00e9t\u00e9 sp\u00e9cifiquement choisis pour leur proximit\u00e9 des attractions principales de Londres.<\/p>\n\n\n\n<h3 class=\"wp-block-heading\">Quels \u00e9quipements sont fournis dans l\u2019h\u00e9bergement ? <\/h3>\n\n\n\n<p>Tous les \u00e9quipements sont \u00e9quip\u00e9s d\u2019une gamme d\u2019ustensiles, de vaisselle, de couverts et d\u2019appareils m\u00e9nagers, en plus de draps et serviettes propres.<\/p>\n\n\n\n<h3 class=\"wp-block-heading\"><strong>Comment acc\u00e9der \u00e0 mon appartement ?<\/strong><\/h3>\n\n\n\n<p>Vous recevrez toutes les informations n\u00e9cessaires avant votre s\u00e9jour afin de pouvoir r\u00e9cup\u00e9rer les cl\u00e9s \u00e0 votre arriv\u00e9e.<\/p>\n\n\n\n<h3 class=\"wp-block-heading\"><strong>Quand dois-je arriver et partir de la propri\u00e9t\u00e9 ?<\/strong><\/h3>\n\n\n\n<p>L\u2019heure d\u2019arriv\u00e9e est 15h00 et celle de d\u00e9part 11h00.<\/p>\n\n\n\n<h2 class=\"wp-block-heading\">LE\u00c7ONS ET APPRENTISSAGE<\/h2>\n\n\n\n<h3 class=\"wp-block-heading\"><strong>Puis-je d\u00e9cider combien de cours suivre ?<\/strong><\/h3>\n\n\n\n<p>Le nombre de cours est totalement flexible, mais nous recommandons un minimum d\u2019environ 10 \u00e0 15 heures par semaine.<\/p>\n\n\n\n<h3 class=\"wp-block-heading\"><strong>Puis-je choisir l\u2019heure de mes cours ?<\/strong><\/h3>\n\n\n\n<p>La plupart des invit\u00e9s pr\u00e9f\u00e8rent prendre leur cours le matin, mais nos professeurs acceptent sans soucis de s\u2019adapter \u00e0 vos pr\u00e9f\u00e9rences.<\/p>\n\n\n\n<h3 class=\"wp-block-heading\"><strong>Dans quelle mesure vais-je parler anglais ?<\/strong><\/h3>\n\n\n\n<p>Ceci d\u00e9pend du nombre de cours et d\u2019activit\u00e9s choisis. Nous encourageons nos invit\u00e9s \u00e0 parler au moins 2 \u00e0 3 heures d\u2019anglais par jour, et \u00e0 pratiquer leurs comp\u00e9tences en anglais en sortant explorer Londres. Les cours individuels ou particuliers d\u2019anglais sont bien plus intenses qu\u2019un cours en groupe au sein d\u2019un \u00e9cole de langues. Vous pouvez donc faire de rapides progr\u00e8s en seulement quelques heures par jour.<\/p>\n\n\n\n<h3 class=\"wp-block-heading\"><strong>Pouvez-vous m\u2019en dire plus sur les professeurs de Lingua Holidays ?<\/strong><\/h3>\n\n\n\n<p>Tous nos professeurs sont des natifs anglophones form\u00e9s disposant d\u2019une grande exp\u00e9rience de l\u2019enseignement de l\u2019anglais en tant que langue \u00e9trang\u00e8re aux adultes et aux enfants. Plusieurs d\u2019entre eux ont \u00e9galement enseign\u00e9 l\u2019anglais professionnel, et ils sont nombreux \u00e0 avoir leur propre famille, et ainsi \u00e0 savoir exactement ce que les enfants aiment faire&#8230; Ou pas !<\/p>\n\n\n\n<h2 class=\"wp-block-heading\">ACTIVIT\u00c9S ET EXCURSIONS<\/h2>\n\n\n\n<h3 class=\"wp-block-heading\"><strong>Les excursions sont-elles priv\u00e9es ?<\/strong><\/h3>\n\n\n\n<p>Oui, toutes les excursions et activit\u00e9s que vous r\u00e9servez seront organis\u00e9es exclusivement pour vous.<\/p>\n\n\n\n<h3 class=\"wp-block-heading\"><strong>Est-ce possible de faire des excursions \u00e0 l\u2019ext\u00e9rieur de Londres ?<\/strong><\/h3>\n\n\n\n<p>Oui, nous organisons des sorties d&rsquo;une journ\u00e9e vers plusieurs lieux, comme Brighton, Oxford et Cambridge, en compagnie de votre professeur d\u2019anglais, ou pour ceux ayant un niveau d\u2019anglais plus \u00e9lev\u00e9, d\u2019un guide accr\u00e9dit\u00e9 Blue Badge.<\/p>\n\n\n\n<h3 class=\"wp-block-heading\"><strong>Pouvez-vous recommander des restaurants et r\u00e9server des places de th\u00e9\u00e2tre pour moi ?<\/strong><\/h3>\n\n\n\n<h2 class=\"wp-block-heading\">RESERVATION<\/h2>\n\n\n\n<h3 class=\"wp-block-heading\"><strong>Quelles m\u00e9thodes de paiement puis-je utiliser pour r\u00e9gler mon s\u00e9jour ?<\/strong><\/h3>\n\n\n\n<p>Le paiement doit \u00eatre effectu\u00e9 soit par virement bancaire ou par PayPal (directement depuis votre compte bancaire ou en utilisant votre carte Visa) en livres sterling. Dans le cas de paiements effectu\u00e9s dans des devises diff\u00e9rentes, des frais de traitement s\u2019appliqueront. Pour les virements bancaires directs, veuillez nous contacter et nous vous communiquerons nos coordonn\u00e9es bancaires.<\/p>\n\n\n\n<h3 class=\"wp-block-heading\"><strong>Quand dois-je r\u00e9gler mon s\u00e9jour ?<\/strong><\/h3>\n\n\n\n<p>Un acompte de 25 % du montant total de votre s\u00e9jour doit \u00eatre vers\u00e9 pour finaliser la r\u00e9servation, et le reste doit \u00eatre r\u00e9gl\u00e9 8 semaines avant le d\u00e9but de votre s\u00e9jour. Si vous r\u00e9servez moins de 8 semaines avant le d\u00e9but de votre s\u00e9jour, vous devrez payer la totalit\u00e9 au moment de la confirmation de r\u00e9servation.<\/p>\n\n\n\n<h3 class=\"wp-block-heading\"><strong>D\u00e9p\u00f4t de garantie au moment de r\u00e9cup\u00e9rer les cl\u00e9s<\/strong><\/h3>\n\n\n\n<p>Lorsque vous r\u00e9cup\u00e9rez les cl\u00e9s de votre appartement, vous devrez payer un d\u00e9p\u00f4t de garantie remboursable de 250 livres sterling \u00e0 l\u2019aide de votre carte de cr\u00e9dit. En cas de dommages caus\u00e9s \u00e0 la propri\u00e9t\u00e9 ou de frais suppl\u00e9mentaires, comme des coups de t\u00e9l\u00e9phone, le d\u00e9p\u00f4t de garantie sera utilis\u00e9 pour couvrir ce co\u00fbt. Les premi\u00e8res 5 livres sterling TTC d\u2019appels t\u00e9l\u00e9phoniques sont compris dans le prix du s\u00e9jour. Les appels entrants ne font l\u2019objet d\u2019aucun frais suppl\u00e9mentaires. Le d\u00e9p\u00f4t de garantie sera conserv\u00e9 pendant toute la dur\u00e9e de votre s\u00e9jour et vous sera rendu au plus tard 14 jours apr\u00e8s la fin de votre s\u00e9jour.<\/p>\n\n\n\n<h2 class=\"wp-block-heading\"><strong><br><br><\/strong><\/h2>\n\n\n\n<p><\/p>\n","protected":false},"excerpt":{"rendered":"<p>INFORMATIONS G\u00c9N\u00c9RALES Que comprend mon s\u00e9jour ? Un s\u00e9jour Lingua Holiday est tr\u00e8s flexible, et comprend g\u00e9n\u00e9ralement l\u2019h\u00e9bergement, les cours et un apr\u00e8s-midi en compagnie de votre professeur pour une pause th\u00e9. Vous pouvez choisir le nombre de le\u00e7ons et leur dur\u00e9e, ainsi que le nombre d\u2019excursions. Tous les s\u00e9jours doivent-ils durer une semaine ? [&hellip;]<\/p>\n","protected":false},"author":1,"featured_media":0,"parent":0,"menu_order":0,"comment_status":"closed","ping_status":"closed","template":"","meta":{"_monsterinsights_skip_tracking":false,"_monsterinsights_sitenote_active":false,"_monsterinsights_sitenote_note":"","_monsterinsights_sitenote_category":0,"footnotes":""},"class_list":["post-461","page","type-page","status-publish","hentry"],"acf":[],"yoast_head":"<!-- This site is optimized with the Yoast SEO plugin v20.6 - https:\/\/yoast.com\/wordpress\/plugins\/seo\/ -->\n<title>FAQ&#039;s | Book your holiday in London with private English lessons<\/title>\n<meta name=\"description\" content=\"Book an immersive learn English experience in London with Lingua Holidays. Find out all you need to know from our FAQ&#039;s.\" \/>\n<meta name=\"robots\" content=\"index, follow, max-snippet:-1, max-image-preview:large, max-video-preview:-1\" \/>\n<link rel=\"canonical\" href=\"https:\/\/www.linguaholidays.com\/fr\/faqs\/\" \/>\n<meta property=\"og:locale\" content=\"fr_FR\" \/>\n<meta property=\"og:type\" content=\"article\" \/>\n<meta property=\"og:title\" content=\"FAQ&#039;s | Book your holiday in London with private English lessons\" \/>\n<meta property=\"og:description\" content=\"Book an immersive learn English experience in London with Lingua Holidays. Find out all you need to know from our FAQ&#039;s.\" \/>\n<meta property=\"og:url\" content=\"https:\/\/www.linguaholidays.com\/fr\/faqs\/\" \/>\n<meta property=\"og:site_name\" content=\"Lingua Holidays\" \/>\n<meta property=\"article:modified_time\" content=\"2024-04-09T16:02:46+00:00\" \/>\n<meta name=\"twitter:card\" content=\"summary_large_image\" \/>\n<meta name=\"twitter:label1\" content=\"Dur\u00e9e de lecture estim\u00e9e\" \/>\n\t<meta name=\"twitter:data1\" content=\"4 minutes\" \/>\n<script type=\"application\/ld+json\" class=\"yoast-schema-graph\">{\"@context\":\"https:\/\/schema.org\",\"@graph\":[{\"@type\":\"WebPage\",\"@id\":\"https:\/\/www.linguaholidays.com\/fr\/faqs\/\",\"url\":\"https:\/\/www.linguaholidays.com\/fr\/faqs\/\",\"name\":\"FAQ's | Book your holiday in London with private English lessons\",\"isPartOf\":{\"@id\":\"https:\/\/www.linguaholidays.com\/#website\"},\"datePublished\":\"2017-08-22T13:43:30+00:00\",\"dateModified\":\"2024-04-09T16:02:46+00:00\",\"description\":\"Book an immersive learn English experience in London with Lingua Holidays. Find out all you need to know from our FAQ's.\",\"breadcrumb\":{\"@id\":\"https:\/\/www.linguaholidays.com\/fr\/faqs\/#breadcrumb\"},\"inLanguage\":\"fr-FR\",\"potentialAction\":[{\"@type\":\"ReadAction\",\"target\":[\"https:\/\/www.linguaholidays.com\/fr\/faqs\/\"]}]},{\"@type\":\"BreadcrumbList\",\"@id\":\"https:\/\/www.linguaholidays.com\/fr\/faqs\/#breadcrumb\",\"itemListElement\":[{\"@type\":\"ListItem\",\"position\":1,\"name\":\"Home\",\"item\":\"https:\/\/www.linguaholidays.com\/fr\/\"},{\"@type\":\"ListItem\",\"position\":2,\"name\":\"FAQs\"}]},{\"@type\":\"WebSite\",\"@id\":\"https:\/\/www.linguaholidays.com\/#website\",\"url\":\"https:\/\/www.linguaholidays.com\/\",\"name\":\"Lingua Holidays\",\"description\":\"Experience London. Learn English.\",\"publisher\":{\"@id\":\"https:\/\/www.linguaholidays.com\/#organization\"},\"potentialAction\":[{\"@type\":\"SearchAction\",\"target\":{\"@type\":\"EntryPoint\",\"urlTemplate\":\"https:\/\/www.linguaholidays.com\/?s={search_term_string}\"},\"query-input\":\"required name=search_term_string\"}],\"inLanguage\":\"fr-FR\"},{\"@type\":\"Organization\",\"@id\":\"https:\/\/www.linguaholidays.com\/#organization\",\"name\":\"Lingua Holidays\",\"url\":\"https:\/\/www.linguaholidays.com\/\",\"logo\":{\"@type\":\"ImageObject\",\"inLanguage\":\"fr-FR\",\"@id\":\"https:\/\/www.linguaholidays.com\/#\/schema\/logo\/image\/\",\"url\":\"https:\/\/www.linguaholidays.com\/wp-content\/uploads\/2017\/08\/about.jpg\",\"contentUrl\":\"https:\/\/www.linguaholidays.com\/wp-content\/uploads\/2017\/08\/about.jpg\",\"width\":860,\"height\":500,\"caption\":\"Lingua Holidays\"},\"image\":{\"@id\":\"https:\/\/www.linguaholidays.com\/#\/schema\/logo\/image\/\"}}]}<\/script>\n<!-- \/ Yoast SEO plugin. -->","yoast_head_json":{"title":"FAQ's | Book your holiday in London with private English lessons","description":"Book an immersive learn English experience in London with Lingua Holidays. Find out all you need to know from our FAQ's.","robots":{"index":"index","follow":"follow","max-snippet":"max-snippet:-1","max-image-preview":"max-image-preview:large","max-video-preview":"max-video-preview:-1"},"canonical":"https:\/\/www.linguaholidays.com\/fr\/faqs\/","og_locale":"fr_FR","og_type":"article","og_title":"FAQ's | Book your holiday in London with private English lessons","og_description":"Book an immersive learn English experience in London with Lingua Holidays. Find out all you need to know from our FAQ's.","og_url":"https:\/\/www.linguaholidays.com\/fr\/faqs\/","og_site_name":"Lingua Holidays","article_modified_time":"2024-04-09T16:02:46+00:00","twitter_card":"summary_large_image","twitter_misc":{"Dur\u00e9e de lecture estim\u00e9e":"4 minutes"},"schema":{"@context":"https:\/\/schema.org","@graph":[{"@type":"WebPage","@id":"https:\/\/www.linguaholidays.com\/fr\/faqs\/","url":"https:\/\/www.linguaholidays.com\/fr\/faqs\/","name":"FAQ's | Book your holiday in London with private English lessons","isPartOf":{"@id":"https:\/\/www.linguaholidays.com\/#website"},"datePublished":"2017-08-22T13:43:30+00:00","dateModified":"2024-04-09T16:02:46+00:00","description":"Book an immersive learn English experience in London with Lingua Holidays. Find out all you need to know from our FAQ's.","breadcrumb":{"@id":"https:\/\/www.linguaholidays.com\/fr\/faqs\/#breadcrumb"},"inLanguage":"fr-FR","potentialAction":[{"@type":"ReadAction","target":["https:\/\/www.linguaholidays.com\/fr\/faqs\/"]}]},{"@type":"BreadcrumbList","@id":"https:\/\/www.linguaholidays.com\/fr\/faqs\/#breadcrumb","itemListElement":[{"@type":"ListItem","position":1,"name":"Home","item":"https:\/\/www.linguaholidays.com\/fr\/"},{"@type":"ListItem","position":2,"name":"FAQs"}]},{"@type":"WebSite","@id":"https:\/\/www.linguaholidays.com\/#website","url":"https:\/\/www.linguaholidays.com\/","name":"Lingua Holidays","description":"Experience London. Learn English.","publisher":{"@id":"https:\/\/www.linguaholidays.com\/#organization"},"potentialAction":[{"@type":"SearchAction","target":{"@type":"EntryPoint","urlTemplate":"https:\/\/www.linguaholidays.com\/?s={search_term_string}"},"query-input":"required name=search_term_string"}],"inLanguage":"fr-FR"},{"@type":"Organization","@id":"https:\/\/www.linguaholidays.com\/#organization","name":"Lingua Holidays","url":"https:\/\/www.linguaholidays.com\/","logo":{"@type":"ImageObject","inLanguage":"fr-FR","@id":"https:\/\/www.linguaholidays.com\/#\/schema\/logo\/image\/","url":"https:\/\/www.linguaholidays.com\/wp-content\/uploads\/2017\/08\/about.jpg","contentUrl":"https:\/\/www.linguaholidays.com\/wp-content\/uploads\/2017\/08\/about.jpg","width":860,"height":500,"caption":"Lingua Holidays"},"image":{"@id":"https:\/\/www.linguaholidays.com\/#\/schema\/logo\/image\/"}}]}},"_links":{"self":[{"href":"https:\/\/www.linguaholidays.com\/fr\/wp-json\/wp\/v2\/pages\/461","targetHints":{"allow":["GET"]}}],"collection":[{"href":"https:\/\/www.linguaholidays.com\/fr\/wp-json\/wp\/v2\/pages"}],"about":[{"href":"https:\/\/www.linguaholidays.com\/fr\/wp-json\/wp\/v2\/types\/page"}],"author":[{"embeddable":true,"href":"https:\/\/www.linguaholidays.com\/fr\/wp-json\/wp\/v2\/users\/1"}],"replies":[{"embeddable":true,"href":"https:\/\/www.linguaholidays.com\/fr\/wp-json\/wp\/v2\/comments?post=461"}],"version-history":[{"count":4,"href":"https:\/\/www.linguaholidays.com\/fr\/wp-json\/wp\/v2\/pages\/461\/revisions"}],"predecessor-version":[{"id":7696,"href":"https:\/\/www.linguaholidays.com\/fr\/wp-json\/wp\/v2\/pages\/461\/revisions\/7696"}],"wp:attachment":[{"href":"https:\/\/www.linguaholidays.com\/fr\/wp-json\/wp\/v2\/media?parent=461"}],"curies":[{"name":"wp","href":"https:\/\/api.w.org\/{rel}","templated":true}]}}