{"id":465,"date":"2017-08-18T11:37:46","date_gmt":"2017-08-18T11:37:46","guid":{"rendered":"https:\/\/lingua.designriver.co.uk\/?page_id=465"},"modified":"2019-07-19T15:41:08","modified_gmt":"2019-07-19T15:41:08","slug":"a-propos-de-nous","status":"publish","type":"page","link":"https:\/\/www.linguaholidays.com\/fr\/a-propos-de-nous\/","title":{"rendered":"\u00c0 propos de nous"},"content":{"rendered":"<h2>Enseigner l\u2019anglais et faire d\u00e9couvrir le meilleur des attractions londoniennes<\/h2>\n<p>Nous savons qu\u2019il peut \u00eatre d\u00e9stabilisant d\u2019arrivant dans une capitale aussi grande que Londres. C\u2019est pourquoi nous vous donnons un petit coup de pouce. Nous travaillons dans les domaines du voyage, du tourisme et de l\u2019enseignement de l\u2019anglais en tant que langue \u00e9trang\u00e8re. Mais en tant que r\u00e9sidents de Londres, nous avons d\u00e9j\u00e0 fait l\u2019exp\u00e9rience de tous les lieux que nous recommandons, qu\u2019il s\u2019agisse du march\u00e9 local ou de notre caf\u00e9 pr\u00e9f\u00e9r\u00e9 au bord de l\u2019eau.\u00a0 Nous disposons \u00e9galement d\u2019une \u00e9quipe soud\u00e9e de professeurs d\u2019anglais, de guides sp\u00e9cialis\u00e9s et de guides accr\u00e9dit\u00e9s Blue Badge, qui sont tous passionn\u00e9s par leur domaine respectif.<\/p>\n<p>Nous sommes aussi plus ou moins multilingues, avec des connaissances raisonnables en italien, fran\u00e7ais et espagnol. Ayant v\u00e9cu \u00e0 diverses p\u00e9riodes \u00e0 l\u2019\u00e9tranger, nous savons que sans parler la langue locale, il est encore plus difficile de d\u00e9couvrir les multiples facettes d&rsquo;une ville.\u00a0 Nous pensons que si vous investissez un peu de votre temps pour apprendre la langue, ou pour \u00ab\u00a0r\u00e9viser\u00a0\u00bb ce que vous savez d\u00e9j\u00e0, et que vous passez un peu de temps avec les habitants, vous profiterez d\u2019autant plus de votre s\u00e9jour. Sans oublier que vous retournerez chez vous muni de pr\u00e9cieuses comp\u00e9tences !<\/p>\n<p>Venez donc nous parler de votre s\u00e9jour et demandez-nous comment nous pouvons vous aider \u00e0 am\u00e9liorer votre anglais pendant que vous passez un excellent moment dans notre ville pr\u00e9f\u00e9r\u00e9e !<\/p>\n<p>&nbsp;<\/p>\n<p>&nbsp;<\/p>\n","protected":false},"excerpt":{"rendered":"<p>Enseigner l\u2019anglais et faire d\u00e9couvrir le meilleur des attractions londoniennes Nous savons qu\u2019il peut \u00eatre d\u00e9stabilisant d\u2019arrivant dans une capitale aussi grande que Londres. C\u2019est pourquoi nous vous donnons un petit coup de pouce. Nous travaillons dans les domaines du voyage, du tourisme et de l\u2019enseignement de l\u2019anglais en tant que langue \u00e9trang\u00e8re. Mais en [&hellip;]<\/p>\n","protected":false},"author":1,"featured_media":0,"parent":0,"menu_order":0,"comment_status":"closed","ping_status":"closed","template":"","meta":{"_monsterinsights_skip_tracking":false,"_monsterinsights_sitenote_active":false,"_monsterinsights_sitenote_note":"","_monsterinsights_sitenote_category":0,"footnotes":""},"class_list":["post-465","page","type-page","status-publish","hentry"],"acf":[],"yoast_head":"<!-- This site is optimized with the Yoast SEO plugin v20.6 - https:\/\/yoast.com\/wordpress\/plugins\/seo\/ -->\n<title>S\u00e9jour linguistique adulte Londres | Voyage linguistique<\/title>\n<meta name=\"description\" content=\"Nos s\u00e9jours linguistiques \u00e0 Londres offrent les cours individuels d\u2019Anglais et la possibilit\u00e9 de profiter des attractions de Londres\" \/>\n<meta name=\"robots\" content=\"index, follow, max-snippet:-1, max-image-preview:large, max-video-preview:-1\" \/>\n<link rel=\"canonical\" href=\"https:\/\/www.linguaholidays.com\/fr\/a-propos-de-nous\/\" \/>\n<meta property=\"og:locale\" content=\"fr_FR\" \/>\n<meta property=\"og:type\" content=\"article\" \/>\n<meta property=\"og:title\" content=\"S\u00e9jour linguistique adulte Londres | Voyage linguistique\" \/>\n<meta property=\"og:description\" content=\"Nos s\u00e9jours linguistiques \u00e0 Londres offrent les cours individuels d\u2019Anglais et la possibilit\u00e9 de profiter des attractions de Londres\" \/>\n<meta property=\"og:url\" content=\"https:\/\/www.linguaholidays.com\/fr\/a-propos-de-nous\/\" \/>\n<meta property=\"og:site_name\" content=\"Lingua Holidays\" \/>\n<meta property=\"article:modified_time\" content=\"2019-07-19T15:41:08+00:00\" \/>\n<meta name=\"twitter:card\" content=\"summary_large_image\" \/>\n<meta name=\"twitter:label1\" content=\"Dur\u00e9e de lecture estim\u00e9e\" \/>\n\t<meta name=\"twitter:data1\" content=\"1 minute\" \/>\n<script type=\"application\/ld+json\" class=\"yoast-schema-graph\">{\"@context\":\"https:\/\/schema.org\",\"@graph\":[{\"@type\":\"WebPage\",\"@id\":\"https:\/\/www.linguaholidays.com\/fr\/a-propos-de-nous\/\",\"url\":\"https:\/\/www.linguaholidays.com\/fr\/a-propos-de-nous\/\",\"name\":\"S\u00e9jour linguistique adulte Londres | Voyage linguistique\",\"isPartOf\":{\"@id\":\"https:\/\/www.linguaholidays.com\/#website\"},\"datePublished\":\"2017-08-18T11:37:46+00:00\",\"dateModified\":\"2019-07-19T15:41:08+00:00\",\"description\":\"Nos s\u00e9jours linguistiques \u00e0 Londres offrent les cours individuels d\u2019Anglais et la possibilit\u00e9 de profiter des attractions de Londres\",\"breadcrumb\":{\"@id\":\"https:\/\/www.linguaholidays.com\/fr\/a-propos-de-nous\/#breadcrumb\"},\"inLanguage\":\"fr-FR\",\"potentialAction\":[{\"@type\":\"ReadAction\",\"target\":[\"https:\/\/www.linguaholidays.com\/fr\/a-propos-de-nous\/\"]}]},{\"@type\":\"BreadcrumbList\",\"@id\":\"https:\/\/www.linguaholidays.com\/fr\/a-propos-de-nous\/#breadcrumb\",\"itemListElement\":[{\"@type\":\"ListItem\",\"position\":1,\"name\":\"Home\",\"item\":\"https:\/\/www.linguaholidays.com\/fr\/\"},{\"@type\":\"ListItem\",\"position\":2,\"name\":\"\u00c0 propos de nous\"}]},{\"@type\":\"WebSite\",\"@id\":\"https:\/\/www.linguaholidays.com\/#website\",\"url\":\"https:\/\/www.linguaholidays.com\/\",\"name\":\"Lingua Holidays\",\"description\":\"Experience London. Learn English.\",\"publisher\":{\"@id\":\"https:\/\/www.linguaholidays.com\/#organization\"},\"potentialAction\":[{\"@type\":\"SearchAction\",\"target\":{\"@type\":\"EntryPoint\",\"urlTemplate\":\"https:\/\/www.linguaholidays.com\/?s={search_term_string}\"},\"query-input\":\"required name=search_term_string\"}],\"inLanguage\":\"fr-FR\"},{\"@type\":\"Organization\",\"@id\":\"https:\/\/www.linguaholidays.com\/#organization\",\"name\":\"Lingua Holidays\",\"url\":\"https:\/\/www.linguaholidays.com\/\",\"logo\":{\"@type\":\"ImageObject\",\"inLanguage\":\"fr-FR\",\"@id\":\"https:\/\/www.linguaholidays.com\/#\/schema\/logo\/image\/\",\"url\":\"https:\/\/www.linguaholidays.com\/wp-content\/uploads\/2017\/08\/about.jpg\",\"contentUrl\":\"https:\/\/www.linguaholidays.com\/wp-content\/uploads\/2017\/08\/about.jpg\",\"width\":860,\"height\":500,\"caption\":\"Lingua Holidays\"},\"image\":{\"@id\":\"https:\/\/www.linguaholidays.com\/#\/schema\/logo\/image\/\"}}]}<\/script>\n<!-- \/ Yoast SEO plugin. -->","yoast_head_json":{"title":"S\u00e9jour linguistique adulte Londres | Voyage linguistique","description":"Nos s\u00e9jours linguistiques \u00e0 Londres offrent les cours individuels d\u2019Anglais et la possibilit\u00e9 de profiter des attractions de Londres","robots":{"index":"index","follow":"follow","max-snippet":"max-snippet:-1","max-image-preview":"max-image-preview:large","max-video-preview":"max-video-preview:-1"},"canonical":"https:\/\/www.linguaholidays.com\/fr\/a-propos-de-nous\/","og_locale":"fr_FR","og_type":"article","og_title":"S\u00e9jour linguistique adulte Londres | Voyage linguistique","og_description":"Nos s\u00e9jours linguistiques \u00e0 Londres offrent les cours individuels d\u2019Anglais et la possibilit\u00e9 de profiter des attractions de Londres","og_url":"https:\/\/www.linguaholidays.com\/fr\/a-propos-de-nous\/","og_site_name":"Lingua Holidays","article_modified_time":"2019-07-19T15:41:08+00:00","twitter_card":"summary_large_image","twitter_misc":{"Dur\u00e9e de lecture estim\u00e9e":"1 minute"},"schema":{"@context":"https:\/\/schema.org","@graph":[{"@type":"WebPage","@id":"https:\/\/www.linguaholidays.com\/fr\/a-propos-de-nous\/","url":"https:\/\/www.linguaholidays.com\/fr\/a-propos-de-nous\/","name":"S\u00e9jour linguistique adulte Londres | Voyage linguistique","isPartOf":{"@id":"https:\/\/www.linguaholidays.com\/#website"},"datePublished":"2017-08-18T11:37:46+00:00","dateModified":"2019-07-19T15:41:08+00:00","description":"Nos s\u00e9jours linguistiques \u00e0 Londres offrent les cours individuels d\u2019Anglais et la possibilit\u00e9 de profiter des attractions de Londres","breadcrumb":{"@id":"https:\/\/www.linguaholidays.com\/fr\/a-propos-de-nous\/#breadcrumb"},"inLanguage":"fr-FR","potentialAction":[{"@type":"ReadAction","target":["https:\/\/www.linguaholidays.com\/fr\/a-propos-de-nous\/"]}]},{"@type":"BreadcrumbList","@id":"https:\/\/www.linguaholidays.com\/fr\/a-propos-de-nous\/#breadcrumb","itemListElement":[{"@type":"ListItem","position":1,"name":"Home","item":"https:\/\/www.linguaholidays.com\/fr\/"},{"@type":"ListItem","position":2,"name":"\u00c0 propos de nous"}]},{"@type":"WebSite","@id":"https:\/\/www.linguaholidays.com\/#website","url":"https:\/\/www.linguaholidays.com\/","name":"Lingua Holidays","description":"Experience London. Learn English.","publisher":{"@id":"https:\/\/www.linguaholidays.com\/#organization"},"potentialAction":[{"@type":"SearchAction","target":{"@type":"EntryPoint","urlTemplate":"https:\/\/www.linguaholidays.com\/?s={search_term_string}"},"query-input":"required name=search_term_string"}],"inLanguage":"fr-FR"},{"@type":"Organization","@id":"https:\/\/www.linguaholidays.com\/#organization","name":"Lingua Holidays","url":"https:\/\/www.linguaholidays.com\/","logo":{"@type":"ImageObject","inLanguage":"fr-FR","@id":"https:\/\/www.linguaholidays.com\/#\/schema\/logo\/image\/","url":"https:\/\/www.linguaholidays.com\/wp-content\/uploads\/2017\/08\/about.jpg","contentUrl":"https:\/\/www.linguaholidays.com\/wp-content\/uploads\/2017\/08\/about.jpg","width":860,"height":500,"caption":"Lingua Holidays"},"image":{"@id":"https:\/\/www.linguaholidays.com\/#\/schema\/logo\/image\/"}}]}},"_links":{"self":[{"href":"https:\/\/www.linguaholidays.com\/fr\/wp-json\/wp\/v2\/pages\/465","targetHints":{"allow":["GET"]}}],"collection":[{"href":"https:\/\/www.linguaholidays.com\/fr\/wp-json\/wp\/v2\/pages"}],"about":[{"href":"https:\/\/www.linguaholidays.com\/fr\/wp-json\/wp\/v2\/types\/page"}],"author":[{"embeddable":true,"href":"https:\/\/www.linguaholidays.com\/fr\/wp-json\/wp\/v2\/users\/1"}],"replies":[{"embeddable":true,"href":"https:\/\/www.linguaholidays.com\/fr\/wp-json\/wp\/v2\/comments?post=465"}],"version-history":[{"count":1,"href":"https:\/\/www.linguaholidays.com\/fr\/wp-json\/wp\/v2\/pages\/465\/revisions"}],"predecessor-version":[{"id":466,"href":"https:\/\/www.linguaholidays.com\/fr\/wp-json\/wp\/v2\/pages\/465\/revisions\/466"}],"wp:attachment":[{"href":"https:\/\/www.linguaholidays.com\/fr\/wp-json\/wp\/v2\/media?parent=465"}],"curies":[{"name":"wp","href":"https:\/\/api.w.org\/{rel}","templated":true}]}}