{"id":467,"date":"2017-08-18T11:39:05","date_gmt":"2017-08-18T11:39:05","guid":{"rendered":"https:\/\/lingua.designriver.co.uk\/?page_id=467"},"modified":"2019-07-19T15:42:31","modified_gmt":"2019-07-19T15:42:31","slug":"contact-us","status":"publish","type":"page","link":"https:\/\/www.linguaholidays.com\/fr\/contact-us\/","title":{"rendered":"Contact"},"content":{"rendered":"<header>We are always happy to help with your holiday arrangements. Please feel free to contact us at any time \u2013 details below.<\/header>\n<p>The office is open\u00a0<strong>Monday to Friday 9.00\u201318.00,<\/strong>\u00a0and\u00a0<strong>Saturday 10.00\u201315.00<\/strong>. If you call and get the answer phone, please leave a message with your name and phone number and we\u2019ll call you back swiftly.<\/p>\n<p>Please contact us on:<\/p>\n<p><a href=\"mailto:info@linguaholidays.com\" target=\"_blank\" rel=\"noopener\">info@linguaholidays.com<\/a> or call on +44 (0)208 444 1010<\/p>\n","protected":false},"excerpt":{"rendered":"<p>We are always happy to help with your holiday arrangements. Please feel free to contact us at any time \u2013 details below. The office is open\u00a0Monday to Friday 9.00\u201318.00,\u00a0and\u00a0Saturday 10.00\u201315.00. If you call and get the answer phone, please leave a message with your name and phone number and we\u2019ll call you back swiftly. Please [&hellip;]<\/p>\n","protected":false},"author":1,"featured_media":0,"parent":0,"menu_order":0,"comment_status":"closed","ping_status":"closed","template":"","meta":{"_monsterinsights_skip_tracking":false,"_monsterinsights_sitenote_active":false,"_monsterinsights_sitenote_note":"","_monsterinsights_sitenote_category":0,"footnotes":""},"class_list":["post-467","page","type-page","status-publish","hentry"],"acf":[],"yoast_head":"<!-- This site is optimized with the Yoast SEO plugin v20.6 - https:\/\/yoast.com\/wordpress\/plugins\/seo\/ -->\n<title>S\u00e9jour linguistique adulte \u00e0 Londres | nous contacter<\/title>\n<meta name=\"description\" content=\"Pour plus d\u2019information de nos s\u00e9jours linguistiques pour adultes et familles \u00e0 Londres contactez-nous par email ou par t\u00e9l\u00e9phone.\" \/>\n<meta name=\"robots\" content=\"index, follow, max-snippet:-1, max-image-preview:large, max-video-preview:-1\" \/>\n<link rel=\"canonical\" href=\"https:\/\/www.linguaholidays.com\/fr\/contact-us\/\" \/>\n<meta property=\"og:locale\" content=\"fr_FR\" \/>\n<meta property=\"og:type\" content=\"article\" \/>\n<meta property=\"og:title\" content=\"S\u00e9jour linguistique adulte \u00e0 Londres | nous contacter\" \/>\n<meta property=\"og:description\" content=\"Pour plus d\u2019information de nos s\u00e9jours linguistiques pour adultes et familles \u00e0 Londres contactez-nous par email ou par t\u00e9l\u00e9phone.\" \/>\n<meta property=\"og:url\" content=\"https:\/\/www.linguaholidays.com\/fr\/contact-us\/\" \/>\n<meta property=\"og:site_name\" content=\"Lingua Holidays\" \/>\n<meta property=\"article:modified_time\" content=\"2019-07-19T15:42:31+00:00\" \/>\n<meta name=\"twitter:card\" content=\"summary_large_image\" \/>\n<script type=\"application\/ld+json\" class=\"yoast-schema-graph\">{\"@context\":\"https:\/\/schema.org\",\"@graph\":[{\"@type\":\"WebPage\",\"@id\":\"https:\/\/www.linguaholidays.com\/fr\/contact-us\/\",\"url\":\"https:\/\/www.linguaholidays.com\/fr\/contact-us\/\",\"name\":\"S\u00e9jour linguistique adulte \u00e0 Londres | nous contacter\",\"isPartOf\":{\"@id\":\"https:\/\/www.linguaholidays.com\/#website\"},\"datePublished\":\"2017-08-18T11:39:05+00:00\",\"dateModified\":\"2019-07-19T15:42:31+00:00\",\"description\":\"Pour plus d\u2019information de nos s\u00e9jours linguistiques pour adultes et familles \u00e0 Londres contactez-nous par email ou par t\u00e9l\u00e9phone.\",\"breadcrumb\":{\"@id\":\"https:\/\/www.linguaholidays.com\/fr\/contact-us\/#breadcrumb\"},\"inLanguage\":\"fr-FR\",\"potentialAction\":[{\"@type\":\"ReadAction\",\"target\":[\"https:\/\/www.linguaholidays.com\/fr\/contact-us\/\"]}]},{\"@type\":\"BreadcrumbList\",\"@id\":\"https:\/\/www.linguaholidays.com\/fr\/contact-us\/#breadcrumb\",\"itemListElement\":[{\"@type\":\"ListItem\",\"position\":1,\"name\":\"Home\",\"item\":\"https:\/\/www.linguaholidays.com\/fr\/\"},{\"@type\":\"ListItem\",\"position\":2,\"name\":\"Contact\"}]},{\"@type\":\"WebSite\",\"@id\":\"https:\/\/www.linguaholidays.com\/#website\",\"url\":\"https:\/\/www.linguaholidays.com\/\",\"name\":\"Lingua Holidays\",\"description\":\"Experience London. Learn English.\",\"publisher\":{\"@id\":\"https:\/\/www.linguaholidays.com\/#organization\"},\"potentialAction\":[{\"@type\":\"SearchAction\",\"target\":{\"@type\":\"EntryPoint\",\"urlTemplate\":\"https:\/\/www.linguaholidays.com\/?s={search_term_string}\"},\"query-input\":\"required name=search_term_string\"}],\"inLanguage\":\"fr-FR\"},{\"@type\":\"Organization\",\"@id\":\"https:\/\/www.linguaholidays.com\/#organization\",\"name\":\"Lingua Holidays\",\"url\":\"https:\/\/www.linguaholidays.com\/\",\"logo\":{\"@type\":\"ImageObject\",\"inLanguage\":\"fr-FR\",\"@id\":\"https:\/\/www.linguaholidays.com\/#\/schema\/logo\/image\/\",\"url\":\"https:\/\/www.linguaholidays.com\/wp-content\/uploads\/2017\/08\/about.jpg\",\"contentUrl\":\"https:\/\/www.linguaholidays.com\/wp-content\/uploads\/2017\/08\/about.jpg\",\"width\":860,\"height\":500,\"caption\":\"Lingua Holidays\"},\"image\":{\"@id\":\"https:\/\/www.linguaholidays.com\/#\/schema\/logo\/image\/\"}}]}<\/script>\n<!-- \/ Yoast SEO plugin. -->","yoast_head_json":{"title":"S\u00e9jour linguistique adulte \u00e0 Londres | nous contacter","description":"Pour plus d\u2019information de nos s\u00e9jours linguistiques pour adultes et familles \u00e0 Londres contactez-nous par email ou par t\u00e9l\u00e9phone.","robots":{"index":"index","follow":"follow","max-snippet":"max-snippet:-1","max-image-preview":"max-image-preview:large","max-video-preview":"max-video-preview:-1"},"canonical":"https:\/\/www.linguaholidays.com\/fr\/contact-us\/","og_locale":"fr_FR","og_type":"article","og_title":"S\u00e9jour linguistique adulte \u00e0 Londres | nous contacter","og_description":"Pour plus d\u2019information de nos s\u00e9jours linguistiques pour adultes et familles \u00e0 Londres contactez-nous par email ou par t\u00e9l\u00e9phone.","og_url":"https:\/\/www.linguaholidays.com\/fr\/contact-us\/","og_site_name":"Lingua Holidays","article_modified_time":"2019-07-19T15:42:31+00:00","twitter_card":"summary_large_image","schema":{"@context":"https:\/\/schema.org","@graph":[{"@type":"WebPage","@id":"https:\/\/www.linguaholidays.com\/fr\/contact-us\/","url":"https:\/\/www.linguaholidays.com\/fr\/contact-us\/","name":"S\u00e9jour linguistique adulte \u00e0 Londres | nous contacter","isPartOf":{"@id":"https:\/\/www.linguaholidays.com\/#website"},"datePublished":"2017-08-18T11:39:05+00:00","dateModified":"2019-07-19T15:42:31+00:00","description":"Pour plus d\u2019information de nos s\u00e9jours linguistiques pour adultes et familles \u00e0 Londres contactez-nous par email ou par t\u00e9l\u00e9phone.","breadcrumb":{"@id":"https:\/\/www.linguaholidays.com\/fr\/contact-us\/#breadcrumb"},"inLanguage":"fr-FR","potentialAction":[{"@type":"ReadAction","target":["https:\/\/www.linguaholidays.com\/fr\/contact-us\/"]}]},{"@type":"BreadcrumbList","@id":"https:\/\/www.linguaholidays.com\/fr\/contact-us\/#breadcrumb","itemListElement":[{"@type":"ListItem","position":1,"name":"Home","item":"https:\/\/www.linguaholidays.com\/fr\/"},{"@type":"ListItem","position":2,"name":"Contact"}]},{"@type":"WebSite","@id":"https:\/\/www.linguaholidays.com\/#website","url":"https:\/\/www.linguaholidays.com\/","name":"Lingua Holidays","description":"Experience London. Learn English.","publisher":{"@id":"https:\/\/www.linguaholidays.com\/#organization"},"potentialAction":[{"@type":"SearchAction","target":{"@type":"EntryPoint","urlTemplate":"https:\/\/www.linguaholidays.com\/?s={search_term_string}"},"query-input":"required name=search_term_string"}],"inLanguage":"fr-FR"},{"@type":"Organization","@id":"https:\/\/www.linguaholidays.com\/#organization","name":"Lingua Holidays","url":"https:\/\/www.linguaholidays.com\/","logo":{"@type":"ImageObject","inLanguage":"fr-FR","@id":"https:\/\/www.linguaholidays.com\/#\/schema\/logo\/image\/","url":"https:\/\/www.linguaholidays.com\/wp-content\/uploads\/2017\/08\/about.jpg","contentUrl":"https:\/\/www.linguaholidays.com\/wp-content\/uploads\/2017\/08\/about.jpg","width":860,"height":500,"caption":"Lingua Holidays"},"image":{"@id":"https:\/\/www.linguaholidays.com\/#\/schema\/logo\/image\/"}}]}},"_links":{"self":[{"href":"https:\/\/www.linguaholidays.com\/fr\/wp-json\/wp\/v2\/pages\/467","targetHints":{"allow":["GET"]}}],"collection":[{"href":"https:\/\/www.linguaholidays.com\/fr\/wp-json\/wp\/v2\/pages"}],"about":[{"href":"https:\/\/www.linguaholidays.com\/fr\/wp-json\/wp\/v2\/types\/page"}],"author":[{"embeddable":true,"href":"https:\/\/www.linguaholidays.com\/fr\/wp-json\/wp\/v2\/users\/1"}],"replies":[{"embeddable":true,"href":"https:\/\/www.linguaholidays.com\/fr\/wp-json\/wp\/v2\/comments?post=467"}],"version-history":[{"count":4,"href":"https:\/\/www.linguaholidays.com\/fr\/wp-json\/wp\/v2\/pages\/467\/revisions"}],"predecessor-version":[{"id":2079,"href":"https:\/\/www.linguaholidays.com\/fr\/wp-json\/wp\/v2\/pages\/467\/revisions\/2079"}],"wp:attachment":[{"href":"https:\/\/www.linguaholidays.com\/fr\/wp-json\/wp\/v2\/media?parent=467"}],"curies":[{"name":"wp","href":"https:\/\/api.w.org\/{rel}","templated":true}]}}