{"id":637,"date":"2017-08-18T11:35:28","date_gmt":"2017-08-18T11:35:28","guid":{"rendered":"https:\/\/lingua.designriver.co.uk\/?page_id=637"},"modified":"2021-05-13T16:31:49","modified_gmt":"2021-05-13T16:31:49","slug":"vacanze-studio-per-famiglie","status":"publish","type":"page","link":"https:\/\/www.linguaholidays.com\/it\/vacanze-studio-londra-lezioni-private\/vacanze-studio-per-famiglie\/","title":{"rendered":"Vacanze studio per famiglie"},"content":{"rendered":"<h2>Impara l\u2019inglese con la tua famiglia durante una vacanza a Londra<\/h2>\n<p>Le nostre vacanze a Londra per tutta la famiglia sono il modo ideale per imparare l\u2019inglese.\u00a0 Prendete lezioni di inglese private direttamente nel vostro alloggio quando volete.\u00a0 Allo stesso tempo, scoprite insieme una delle citt\u00e0 pi\u00f9 vivaci al mondo, facendo excursioni e giri della citt\u00e0. Scegliete come e quando svolgere le lezioni: organizzeremo un corso d\u2019inglese perfetto per tutta la famiglia.<\/p>\n<p><strong><span style=\"color: #ff0000;\">Prenota ora la tua Lingua Holiday &#8211;\u00a0 scegli il giorno che prefieri!<\/span><\/strong><br \/>\n<strong>Famiglia di 4 persone\/1 settimana<\/strong>: \u00a3730 a testa in un apartamento di lusso trilocale nel centro di Londra, con 10 ore di lezione<\/p>\n","protected":false},"excerpt":{"rendered":"<p>Impara l\u2019inglese con la tua famiglia durante una vacanza a Londra Le nostre vacanze a Londra per tutta la famiglia sono il modo ideale per imparare l\u2019inglese.\u00a0 Prendete lezioni di inglese private direttamente nel vostro alloggio quando volete.\u00a0 Allo stesso tempo, scoprite insieme una delle citt\u00e0 pi\u00f9 vivaci al mondo, facendo excursioni e giri della [&hellip;]<\/p>\n","protected":false},"author":1,"featured_media":0,"parent":625,"menu_order":0,"comment_status":"closed","ping_status":"closed","template":"","meta":{"_monsterinsights_skip_tracking":false,"_monsterinsights_sitenote_active":false,"_monsterinsights_sitenote_note":"","_monsterinsights_sitenote_category":0,"footnotes":""},"class_list":["post-637","page","type-page","status-publish","hentry"],"acf":[],"yoast_head":"<!-- This site is optimized with the Yoast SEO plugin v20.6 - https:\/\/yoast.com\/wordpress\/plugins\/seo\/ -->\n<title>Corsi d&#039;inglese e vacanze studio per famiglie a Londra<\/title>\n<meta name=\"description\" content=\"Migliora l&#039;inglese con delle lezioni di inglese private per tutta la famiglia nel tuo appartamento ed esplora Londra con il tuo insegnante\" \/>\n<meta name=\"robots\" content=\"index, follow, max-snippet:-1, max-image-preview:large, max-video-preview:-1\" \/>\n<link rel=\"canonical\" href=\"https:\/\/www.linguaholidays.com\/it\/vacanze-studio-londra-lezioni-private\/vacanze-studio-per-famiglie\/\" \/>\n<meta property=\"og:locale\" content=\"it_IT\" \/>\n<meta property=\"og:type\" content=\"article\" \/>\n<meta property=\"og:title\" content=\"Corsi d&#039;inglese e vacanze studio per famiglie a Londra\" \/>\n<meta property=\"og:description\" content=\"Migliora l&#039;inglese con delle lezioni di inglese private per tutta la famiglia nel tuo appartamento ed esplora Londra con il tuo insegnante\" \/>\n<meta property=\"og:url\" content=\"https:\/\/www.linguaholidays.com\/it\/vacanze-studio-londra-lezioni-private\/vacanze-studio-per-famiglie\/\" \/>\n<meta property=\"og:site_name\" content=\"Lingua Holidays\" \/>\n<meta property=\"article:modified_time\" content=\"2021-05-13T16:31:49+00:00\" \/>\n<meta name=\"twitter:card\" content=\"summary_large_image\" \/>\n<meta name=\"twitter:label1\" content=\"Tempo di lettura stimato\" \/>\n\t<meta name=\"twitter:data1\" content=\"1 minuto\" \/>\n<script type=\"application\/ld+json\" class=\"yoast-schema-graph\">{\"@context\":\"https:\/\/schema.org\",\"@graph\":[{\"@type\":\"WebPage\",\"@id\":\"https:\/\/www.linguaholidays.com\/it\/vacanze-studio-londra-lezioni-private\/vacanze-studio-per-famiglie\/\",\"url\":\"https:\/\/www.linguaholidays.com\/it\/vacanze-studio-londra-lezioni-private\/vacanze-studio-per-famiglie\/\",\"name\":\"Corsi d'inglese e vacanze studio per famiglie a Londra\",\"isPartOf\":{\"@id\":\"https:\/\/www.linguaholidays.com\/#website\"},\"datePublished\":\"2017-08-18T11:35:28+00:00\",\"dateModified\":\"2021-05-13T16:31:49+00:00\",\"description\":\"Migliora l'inglese con delle lezioni di inglese private per tutta la famiglia nel tuo appartamento ed esplora Londra con il tuo insegnante\",\"breadcrumb\":{\"@id\":\"https:\/\/www.linguaholidays.com\/it\/vacanze-studio-londra-lezioni-private\/vacanze-studio-per-famiglie\/#breadcrumb\"},\"inLanguage\":\"it-IT\",\"potentialAction\":[{\"@type\":\"ReadAction\",\"target\":[\"https:\/\/www.linguaholidays.com\/it\/vacanze-studio-londra-lezioni-private\/vacanze-studio-per-famiglie\/\"]}]},{\"@type\":\"BreadcrumbList\",\"@id\":\"https:\/\/www.linguaholidays.com\/it\/vacanze-studio-londra-lezioni-private\/vacanze-studio-per-famiglie\/#breadcrumb\",\"itemListElement\":[{\"@type\":\"ListItem\",\"position\":1,\"name\":\"Home\",\"item\":\"https:\/\/www.linguaholidays.com\/it\/\"},{\"@type\":\"ListItem\",\"position\":2,\"name\":\"Vacanze studio\",\"item\":\"https:\/\/www.linguaholidays.com\/it\/vacanze-studio-londra-lezioni-private\/\"},{\"@type\":\"ListItem\",\"position\":3,\"name\":\"Vacanze studio per famiglie\"}]},{\"@type\":\"WebSite\",\"@id\":\"https:\/\/www.linguaholidays.com\/#website\",\"url\":\"https:\/\/www.linguaholidays.com\/\",\"name\":\"Lingua Holidays\",\"description\":\"Experience London. Learn English.\",\"publisher\":{\"@id\":\"https:\/\/www.linguaholidays.com\/#organization\"},\"potentialAction\":[{\"@type\":\"SearchAction\",\"target\":{\"@type\":\"EntryPoint\",\"urlTemplate\":\"https:\/\/www.linguaholidays.com\/?s={search_term_string}\"},\"query-input\":\"required name=search_term_string\"}],\"inLanguage\":\"it-IT\"},{\"@type\":\"Organization\",\"@id\":\"https:\/\/www.linguaholidays.com\/#organization\",\"name\":\"Lingua Holidays\",\"url\":\"https:\/\/www.linguaholidays.com\/\",\"logo\":{\"@type\":\"ImageObject\",\"inLanguage\":\"it-IT\",\"@id\":\"https:\/\/www.linguaholidays.com\/#\/schema\/logo\/image\/\",\"url\":\"https:\/\/www.linguaholidays.com\/wp-content\/uploads\/2017\/08\/about.jpg\",\"contentUrl\":\"https:\/\/www.linguaholidays.com\/wp-content\/uploads\/2017\/08\/about.jpg\",\"width\":860,\"height\":500,\"caption\":\"Lingua Holidays\"},\"image\":{\"@id\":\"https:\/\/www.linguaholidays.com\/#\/schema\/logo\/image\/\"}}]}<\/script>\n<!-- \/ Yoast SEO plugin. -->","yoast_head_json":{"title":"Corsi d'inglese e vacanze studio per famiglie a Londra","description":"Migliora l'inglese con delle lezioni di inglese private per tutta la famiglia nel tuo appartamento ed esplora Londra con il tuo insegnante","robots":{"index":"index","follow":"follow","max-snippet":"max-snippet:-1","max-image-preview":"max-image-preview:large","max-video-preview":"max-video-preview:-1"},"canonical":"https:\/\/www.linguaholidays.com\/it\/vacanze-studio-londra-lezioni-private\/vacanze-studio-per-famiglie\/","og_locale":"it_IT","og_type":"article","og_title":"Corsi d'inglese e vacanze studio per famiglie a Londra","og_description":"Migliora l'inglese con delle lezioni di inglese private per tutta la famiglia nel tuo appartamento ed esplora Londra con il tuo insegnante","og_url":"https:\/\/www.linguaholidays.com\/it\/vacanze-studio-londra-lezioni-private\/vacanze-studio-per-famiglie\/","og_site_name":"Lingua Holidays","article_modified_time":"2021-05-13T16:31:49+00:00","twitter_card":"summary_large_image","twitter_misc":{"Tempo di lettura stimato":"1 minuto"},"schema":{"@context":"https:\/\/schema.org","@graph":[{"@type":"WebPage","@id":"https:\/\/www.linguaholidays.com\/it\/vacanze-studio-londra-lezioni-private\/vacanze-studio-per-famiglie\/","url":"https:\/\/www.linguaholidays.com\/it\/vacanze-studio-londra-lezioni-private\/vacanze-studio-per-famiglie\/","name":"Corsi d'inglese e vacanze studio per famiglie a Londra","isPartOf":{"@id":"https:\/\/www.linguaholidays.com\/#website"},"datePublished":"2017-08-18T11:35:28+00:00","dateModified":"2021-05-13T16:31:49+00:00","description":"Migliora l'inglese con delle lezioni di inglese private per tutta la famiglia nel tuo appartamento ed esplora Londra con il tuo insegnante","breadcrumb":{"@id":"https:\/\/www.linguaholidays.com\/it\/vacanze-studio-londra-lezioni-private\/vacanze-studio-per-famiglie\/#breadcrumb"},"inLanguage":"it-IT","potentialAction":[{"@type":"ReadAction","target":["https:\/\/www.linguaholidays.com\/it\/vacanze-studio-londra-lezioni-private\/vacanze-studio-per-famiglie\/"]}]},{"@type":"BreadcrumbList","@id":"https:\/\/www.linguaholidays.com\/it\/vacanze-studio-londra-lezioni-private\/vacanze-studio-per-famiglie\/#breadcrumb","itemListElement":[{"@type":"ListItem","position":1,"name":"Home","item":"https:\/\/www.linguaholidays.com\/it\/"},{"@type":"ListItem","position":2,"name":"Vacanze studio","item":"https:\/\/www.linguaholidays.com\/it\/vacanze-studio-londra-lezioni-private\/"},{"@type":"ListItem","position":3,"name":"Vacanze studio per famiglie"}]},{"@type":"WebSite","@id":"https:\/\/www.linguaholidays.com\/#website","url":"https:\/\/www.linguaholidays.com\/","name":"Lingua Holidays","description":"Experience London. Learn English.","publisher":{"@id":"https:\/\/www.linguaholidays.com\/#organization"},"potentialAction":[{"@type":"SearchAction","target":{"@type":"EntryPoint","urlTemplate":"https:\/\/www.linguaholidays.com\/?s={search_term_string}"},"query-input":"required name=search_term_string"}],"inLanguage":"it-IT"},{"@type":"Organization","@id":"https:\/\/www.linguaholidays.com\/#organization","name":"Lingua Holidays","url":"https:\/\/www.linguaholidays.com\/","logo":{"@type":"ImageObject","inLanguage":"it-IT","@id":"https:\/\/www.linguaholidays.com\/#\/schema\/logo\/image\/","url":"https:\/\/www.linguaholidays.com\/wp-content\/uploads\/2017\/08\/about.jpg","contentUrl":"https:\/\/www.linguaholidays.com\/wp-content\/uploads\/2017\/08\/about.jpg","width":860,"height":500,"caption":"Lingua Holidays"},"image":{"@id":"https:\/\/www.linguaholidays.com\/#\/schema\/logo\/image\/"}}]}},"_links":{"self":[{"href":"https:\/\/www.linguaholidays.com\/it\/wp-json\/wp\/v2\/pages\/637","targetHints":{"allow":["GET"]}}],"collection":[{"href":"https:\/\/www.linguaholidays.com\/it\/wp-json\/wp\/v2\/pages"}],"about":[{"href":"https:\/\/www.linguaholidays.com\/it\/wp-json\/wp\/v2\/types\/page"}],"author":[{"embeddable":true,"href":"https:\/\/www.linguaholidays.com\/it\/wp-json\/wp\/v2\/users\/1"}],"replies":[{"embeddable":true,"href":"https:\/\/www.linguaholidays.com\/it\/wp-json\/wp\/v2\/comments?post=637"}],"version-history":[{"count":11,"href":"https:\/\/www.linguaholidays.com\/it\/wp-json\/wp\/v2\/pages\/637\/revisions"}],"predecessor-version":[{"id":6889,"href":"https:\/\/www.linguaholidays.com\/it\/wp-json\/wp\/v2\/pages\/637\/revisions\/6889"}],"up":[{"embeddable":true,"href":"https:\/\/www.linguaholidays.com\/it\/wp-json\/wp\/v2\/pages\/625"}],"wp:attachment":[{"href":"https:\/\/www.linguaholidays.com\/it\/wp-json\/wp\/v2\/media?parent=637"}],"curies":[{"name":"wp","href":"https:\/\/api.w.org\/{rel}","templated":true}]}}