{"id":641,"date":"2017-08-18T11:35:40","date_gmt":"2017-08-18T11:35:40","guid":{"rendered":"https:\/\/lingua.designriver.co.uk\/?page_id=641"},"modified":"2022-01-27T17:18:06","modified_gmt":"2022-01-27T17:18:06","slug":"vacanze-studio-per-lavoro","status":"publish","type":"page","link":"https:\/\/www.linguaholidays.com\/it\/vacanze-studio-londra-lezioni-private\/vacanze-studio-per-lavoro\/","title":{"rendered":"Vacanze studio per lavoro"},"content":{"rendered":"<h2>Lezioni di inglese in ambito lavorativo<\/h2>\n<p>Le nostre vacanze studio per professionisti sono pensate per migliorare le capacit\u00e0 di comunicazione nell&#8217;ambiente lavorativo e professionale, nonch\u00e9 per potenziare le abilit\u00e0 di presentazione e scrittura, la pronuncia e la propriet\u00e0 di linguaggio. I corsi di inglese commerciale sono pensati per chi desidera migliorare la propria posizione lavorativa perfezionando la conoscenza dell\u2019inglese.<\/p>\n<p>L\u2019inglese \u00e8 la lingua maggiormente usata nel commercio internazionale, per cui possedere una buona conoscenza linguistica \u00e8 essenziale al giorno d\u2019oggi. Il primo passo \u00e8 imparare a comunicare efficacemente in inglese con i colleghi e i clienti a livello sociale, ma ogni corso \u00e8 organizzato in base alle proprie esigenze specifiche.<\/p>\n<ul>\n<li>Acquisisci maggiore sicurezza sul posto di lavoro<\/li>\n<li>Sviluppa abilit\u00e0 orali e di comprensione<\/li>\n<li>Migliora la pronuncia<\/li>\n<li>Svolgi presentazioni efficaci<\/li>\n<li>Affina le tue capacit\u00e0 di negoziazione e affronta i colloqui con pi\u00f9 sicurezza<\/li>\n<li>Concentrati sulla terminologia e il linguaggio del tuo settore<\/li>\n<li>Corrispondenza commerciale e scrittura di relazioni<\/li>\n<\/ul>\n<p><span style=\"color: #ff0000;\"><strong>Prenota ora la tua Lingua Holiday \u2013\u00a0 scegli il giorno che prefieri!<\/strong><\/span><br \/>\n<strong>1 persona\/4 notti:<\/strong>\u00a0\u00a31400, alloggio Superior, 12 ore di lezione<br \/>\n<strong>2 persone\/7 notti:<\/strong>\u00a0\u00a31610 a testa, alloggio Superior nel centro di Londra, 15 ore di lezione<\/p>\n","protected":false},"excerpt":{"rendered":"<p>Lezioni di inglese in ambito lavorativo Le nostre vacanze studio per professionisti sono pensate per migliorare le capacit\u00e0 di comunicazione nell&#8217;ambiente lavorativo e professionale, nonch\u00e9 per potenziare le abilit\u00e0 di presentazione e scrittura, la pronuncia e la propriet\u00e0 di linguaggio. I corsi di inglese commerciale sono pensati per chi desidera migliorare la propria posizione lavorativa [&hellip;]<\/p>\n","protected":false},"author":1,"featured_media":0,"parent":625,"menu_order":0,"comment_status":"closed","ping_status":"closed","template":"","meta":{"_monsterinsights_skip_tracking":false,"_monsterinsights_sitenote_active":false,"_monsterinsights_sitenote_note":"","_monsterinsights_sitenote_category":0,"footnotes":""},"class_list":["post-641","page","type-page","status-publish","hentry"],"acf":[],"yoast_head":"<!-- This site is optimized with the Yoast SEO plugin v20.6 - https:\/\/yoast.com\/wordpress\/plugins\/seo\/ -->\n<title>Soggiorni linguistici professionisti | Business a Londra<\/title>\n<meta name=\"description\" content=\"Migliora la propria posizione lavorativa perfezionando la conoscenza dell\u2019inglese con un corso business e delle lezioni private nel tuo alloggio a Londra\" \/>\n<meta name=\"robots\" content=\"index, follow, max-snippet:-1, max-image-preview:large, max-video-preview:-1\" \/>\n<link rel=\"canonical\" href=\"https:\/\/www.linguaholidays.com\/it\/vacanze-studio-londra-lezioni-private\/vacanze-studio-per-lavoro\/\" \/>\n<meta property=\"og:locale\" content=\"it_IT\" \/>\n<meta property=\"og:type\" content=\"article\" \/>\n<meta property=\"og:title\" content=\"Soggiorni linguistici professionisti | Business a Londra\" \/>\n<meta property=\"og:description\" content=\"Migliora la propria posizione lavorativa perfezionando la conoscenza dell\u2019inglese con un corso business e delle lezioni private nel tuo alloggio a Londra\" \/>\n<meta property=\"og:url\" content=\"https:\/\/www.linguaholidays.com\/it\/vacanze-studio-londra-lezioni-private\/vacanze-studio-per-lavoro\/\" \/>\n<meta property=\"og:site_name\" content=\"Lingua Holidays\" \/>\n<meta property=\"article:modified_time\" content=\"2022-01-27T17:18:06+00:00\" \/>\n<meta name=\"twitter:card\" content=\"summary_large_image\" \/>\n<meta name=\"twitter:label1\" content=\"Tempo di lettura stimato\" \/>\n\t<meta name=\"twitter:data1\" content=\"1 minuto\" \/>\n<script type=\"application\/ld+json\" class=\"yoast-schema-graph\">{\"@context\":\"https:\/\/schema.org\",\"@graph\":[{\"@type\":\"WebPage\",\"@id\":\"https:\/\/www.linguaholidays.com\/it\/vacanze-studio-londra-lezioni-private\/vacanze-studio-per-lavoro\/\",\"url\":\"https:\/\/www.linguaholidays.com\/it\/vacanze-studio-londra-lezioni-private\/vacanze-studio-per-lavoro\/\",\"name\":\"Soggiorni linguistici professionisti | Business a Londra\",\"isPartOf\":{\"@id\":\"https:\/\/www.linguaholidays.com\/#website\"},\"datePublished\":\"2017-08-18T11:35:40+00:00\",\"dateModified\":\"2022-01-27T17:18:06+00:00\",\"description\":\"Migliora la propria posizione lavorativa perfezionando la conoscenza dell\u2019inglese con un corso business e delle lezioni private nel tuo alloggio a Londra\",\"breadcrumb\":{\"@id\":\"https:\/\/www.linguaholidays.com\/it\/vacanze-studio-londra-lezioni-private\/vacanze-studio-per-lavoro\/#breadcrumb\"},\"inLanguage\":\"it-IT\",\"potentialAction\":[{\"@type\":\"ReadAction\",\"target\":[\"https:\/\/www.linguaholidays.com\/it\/vacanze-studio-londra-lezioni-private\/vacanze-studio-per-lavoro\/\"]}]},{\"@type\":\"BreadcrumbList\",\"@id\":\"https:\/\/www.linguaholidays.com\/it\/vacanze-studio-londra-lezioni-private\/vacanze-studio-per-lavoro\/#breadcrumb\",\"itemListElement\":[{\"@type\":\"ListItem\",\"position\":1,\"name\":\"Home\",\"item\":\"https:\/\/www.linguaholidays.com\/it\/\"},{\"@type\":\"ListItem\",\"position\":2,\"name\":\"Vacanze studio\",\"item\":\"https:\/\/www.linguaholidays.com\/it\/vacanze-studio-londra-lezioni-private\/\"},{\"@type\":\"ListItem\",\"position\":3,\"name\":\"Vacanze studio per lavoro\"}]},{\"@type\":\"WebSite\",\"@id\":\"https:\/\/www.linguaholidays.com\/#website\",\"url\":\"https:\/\/www.linguaholidays.com\/\",\"name\":\"Lingua Holidays\",\"description\":\"Experience London. Learn English.\",\"publisher\":{\"@id\":\"https:\/\/www.linguaholidays.com\/#organization\"},\"potentialAction\":[{\"@type\":\"SearchAction\",\"target\":{\"@type\":\"EntryPoint\",\"urlTemplate\":\"https:\/\/www.linguaholidays.com\/?s={search_term_string}\"},\"query-input\":\"required name=search_term_string\"}],\"inLanguage\":\"it-IT\"},{\"@type\":\"Organization\",\"@id\":\"https:\/\/www.linguaholidays.com\/#organization\",\"name\":\"Lingua Holidays\",\"url\":\"https:\/\/www.linguaholidays.com\/\",\"logo\":{\"@type\":\"ImageObject\",\"inLanguage\":\"it-IT\",\"@id\":\"https:\/\/www.linguaholidays.com\/#\/schema\/logo\/image\/\",\"url\":\"https:\/\/www.linguaholidays.com\/wp-content\/uploads\/2017\/08\/about.jpg\",\"contentUrl\":\"https:\/\/www.linguaholidays.com\/wp-content\/uploads\/2017\/08\/about.jpg\",\"width\":860,\"height\":500,\"caption\":\"Lingua Holidays\"},\"image\":{\"@id\":\"https:\/\/www.linguaholidays.com\/#\/schema\/logo\/image\/\"}}]}<\/script>\n<!-- \/ Yoast SEO plugin. -->","yoast_head_json":{"title":"Soggiorni linguistici professionisti | Business a Londra","description":"Migliora la propria posizione lavorativa perfezionando la conoscenza dell\u2019inglese con un corso business e delle lezioni private nel tuo alloggio a Londra","robots":{"index":"index","follow":"follow","max-snippet":"max-snippet:-1","max-image-preview":"max-image-preview:large","max-video-preview":"max-video-preview:-1"},"canonical":"https:\/\/www.linguaholidays.com\/it\/vacanze-studio-londra-lezioni-private\/vacanze-studio-per-lavoro\/","og_locale":"it_IT","og_type":"article","og_title":"Soggiorni linguistici professionisti | Business a Londra","og_description":"Migliora la propria posizione lavorativa perfezionando la conoscenza dell\u2019inglese con un corso business e delle lezioni private nel tuo alloggio a Londra","og_url":"https:\/\/www.linguaholidays.com\/it\/vacanze-studio-londra-lezioni-private\/vacanze-studio-per-lavoro\/","og_site_name":"Lingua Holidays","article_modified_time":"2022-01-27T17:18:06+00:00","twitter_card":"summary_large_image","twitter_misc":{"Tempo di lettura stimato":"1 minuto"},"schema":{"@context":"https:\/\/schema.org","@graph":[{"@type":"WebPage","@id":"https:\/\/www.linguaholidays.com\/it\/vacanze-studio-londra-lezioni-private\/vacanze-studio-per-lavoro\/","url":"https:\/\/www.linguaholidays.com\/it\/vacanze-studio-londra-lezioni-private\/vacanze-studio-per-lavoro\/","name":"Soggiorni linguistici professionisti | Business a Londra","isPartOf":{"@id":"https:\/\/www.linguaholidays.com\/#website"},"datePublished":"2017-08-18T11:35:40+00:00","dateModified":"2022-01-27T17:18:06+00:00","description":"Migliora la propria posizione lavorativa perfezionando la conoscenza dell\u2019inglese con un corso business e delle lezioni private nel tuo alloggio a Londra","breadcrumb":{"@id":"https:\/\/www.linguaholidays.com\/it\/vacanze-studio-londra-lezioni-private\/vacanze-studio-per-lavoro\/#breadcrumb"},"inLanguage":"it-IT","potentialAction":[{"@type":"ReadAction","target":["https:\/\/www.linguaholidays.com\/it\/vacanze-studio-londra-lezioni-private\/vacanze-studio-per-lavoro\/"]}]},{"@type":"BreadcrumbList","@id":"https:\/\/www.linguaholidays.com\/it\/vacanze-studio-londra-lezioni-private\/vacanze-studio-per-lavoro\/#breadcrumb","itemListElement":[{"@type":"ListItem","position":1,"name":"Home","item":"https:\/\/www.linguaholidays.com\/it\/"},{"@type":"ListItem","position":2,"name":"Vacanze studio","item":"https:\/\/www.linguaholidays.com\/it\/vacanze-studio-londra-lezioni-private\/"},{"@type":"ListItem","position":3,"name":"Vacanze studio per lavoro"}]},{"@type":"WebSite","@id":"https:\/\/www.linguaholidays.com\/#website","url":"https:\/\/www.linguaholidays.com\/","name":"Lingua Holidays","description":"Experience London. Learn English.","publisher":{"@id":"https:\/\/www.linguaholidays.com\/#organization"},"potentialAction":[{"@type":"SearchAction","target":{"@type":"EntryPoint","urlTemplate":"https:\/\/www.linguaholidays.com\/?s={search_term_string}"},"query-input":"required name=search_term_string"}],"inLanguage":"it-IT"},{"@type":"Organization","@id":"https:\/\/www.linguaholidays.com\/#organization","name":"Lingua Holidays","url":"https:\/\/www.linguaholidays.com\/","logo":{"@type":"ImageObject","inLanguage":"it-IT","@id":"https:\/\/www.linguaholidays.com\/#\/schema\/logo\/image\/","url":"https:\/\/www.linguaholidays.com\/wp-content\/uploads\/2017\/08\/about.jpg","contentUrl":"https:\/\/www.linguaholidays.com\/wp-content\/uploads\/2017\/08\/about.jpg","width":860,"height":500,"caption":"Lingua Holidays"},"image":{"@id":"https:\/\/www.linguaholidays.com\/#\/schema\/logo\/image\/"}}]}},"_links":{"self":[{"href":"https:\/\/www.linguaholidays.com\/it\/wp-json\/wp\/v2\/pages\/641","targetHints":{"allow":["GET"]}}],"collection":[{"href":"https:\/\/www.linguaholidays.com\/it\/wp-json\/wp\/v2\/pages"}],"about":[{"href":"https:\/\/www.linguaholidays.com\/it\/wp-json\/wp\/v2\/types\/page"}],"author":[{"embeddable":true,"href":"https:\/\/www.linguaholidays.com\/it\/wp-json\/wp\/v2\/users\/1"}],"replies":[{"embeddable":true,"href":"https:\/\/www.linguaholidays.com\/it\/wp-json\/wp\/v2\/comments?post=641"}],"version-history":[{"count":6,"href":"https:\/\/www.linguaholidays.com\/it\/wp-json\/wp\/v2\/pages\/641\/revisions"}],"predecessor-version":[{"id":6937,"href":"https:\/\/www.linguaholidays.com\/it\/wp-json\/wp\/v2\/pages\/641\/revisions\/6937"}],"up":[{"embeddable":true,"href":"https:\/\/www.linguaholidays.com\/it\/wp-json\/wp\/v2\/pages\/625"}],"wp:attachment":[{"href":"https:\/\/www.linguaholidays.com\/it\/wp-json\/wp\/v2\/media?parent=641"}],"curies":[{"name":"wp","href":"https:\/\/api.w.org\/{rel}","templated":true}]}}