{"id":647,"date":"2017-09-15T09:14:41","date_gmt":"2017-09-15T09:14:41","guid":{"rendered":"https:\/\/lingua.designriver.co.uk\/?page_id=647"},"modified":"2018-03-02T13:11:11","modified_gmt":"2018-03-02T13:11:11","slug":"appartamenti-e-monolocali-standard","status":"publish","type":"page","link":"https:\/\/www.linguaholidays.com\/it\/le-basi\/soggiorna-nel-cuore-di-londra\/appartamenti-e-monolocali-standard\/","title":{"rendered":"Appartamenti e monolocali Standard"},"content":{"rendered":"<h2>I monolocali e i bilocali Standard con servizi alberghieri si trovano in due zone di Londra: Camden e Fitzrovia.<\/h2>\n<p>I nostri monolocali e bilocali Standard con servizi alberghieri offrono un alloggio con un ottimo rapporto qualit\u00e0-prezzo, a poca distanza dal centro di Londra. Gli appartamenti presentano un soggiorno, una cucina completa e un bagno con vasca e doccia, mentre i monolocali sono a forma di L e offrono una zona soggiorno con tavolo e angolo cucina.<\/p>\n<p>I monolocali e i bilocali Standard con servizi alberghieri si trovano in due zone di Londra: Camden e Fitzrovia.<\/p>\n<p><strong>Camden<\/strong>:\u00a0 i monolocali e i bilocali si trovano in una tranquilla via residenziale vicina alla fermata della metropolitana di Camden e a poca distanza dalle stazioni di Kings Cross e Euston. Camden \u00e8 uno dei quartieri pi\u00f9 coloriti di Londra ed \u00e8 famosa per la sua scena musicale e il mercato, ma a noi piace anche per la sua vicinanza ai canali, a Regent\u2019s Park e al London Zoo.<\/p>\n<p><strong>Fitzrovia: <\/strong>un\u2019alternativa pi\u00f9 abbordabile rispetto al West End, ma situata comunque a pochi passi da Oxford Street, Soho e alcune delle maggiori attrazioni di Londra tra cui il British Museum e il Madame Tussauds.<\/p>\n<p><strong>Pacchetto di benvenuto<\/strong><br \/>\nTutti gli alloggi Lingua Holidays includono un pacchetto di benvenuto gratuito che comprende t\u00e8, caff\u00e8, sale, pepe, zucchero, succo di frutta, acqua, latte, biscotti e patatine.<\/p>\n<p>\u00c8 possibile preordinare un pacchetto di benvenuto Luxury al costo di 50 \u00a3. Oltre agli articoli gi\u00e0 menzionati, il pacchetto di benvenuto Luxury comprende cereali, pane, burro, marmellata, formaggio, uova, croissant, bacon, cracker al formaggio, yogurt e una bottiglia di vino.<\/p>\n<p>&nbsp;<\/p>\n","protected":false},"excerpt":{"rendered":"<p>I monolocali e i bilocali Standard con servizi alberghieri si trovano in due zone di Londra: Camden e Fitzrovia. I nostri monolocali e bilocali Standard con servizi alberghieri offrono un alloggio con un ottimo rapporto qualit\u00e0-prezzo, a poca distanza dal centro di Londra. Gli appartamenti presentano un soggiorno, una cucina completa e un bagno con [&hellip;]<\/p>\n","protected":false},"author":1,"featured_media":0,"parent":645,"menu_order":0,"comment_status":"closed","ping_status":"closed","template":"tpl-accomodation-single.php","meta":{"_monsterinsights_skip_tracking":false,"_monsterinsights_sitenote_active":false,"_monsterinsights_sitenote_note":"","_monsterinsights_sitenote_category":0,"footnotes":""},"class_list":["post-647","page","type-page","status-publish","hentry"],"acf":[],"yoast_head":"<!-- This site is optimized with the Yoast SEO plugin v20.6 - https:\/\/yoast.com\/wordpress\/plugins\/seo\/ -->\n<title>Appartamenti e monolocali standard a Londra - Lingua Holidays<\/title>\n<meta name=\"description\" content=\"I nostro appartamenti e monolocali standard a Camden e Fitzrovia sono ideali per un soggiorno autentico nella vita londinese.\" \/>\n<meta name=\"robots\" content=\"index, follow, max-snippet:-1, max-image-preview:large, max-video-preview:-1\" \/>\n<link rel=\"canonical\" href=\"https:\/\/www.linguaholidays.com\/it\/le-basi\/soggiorna-nel-cuore-di-londra\/appartamenti-e-monolocali-standard\/\" \/>\n<meta property=\"og:locale\" content=\"it_IT\" \/>\n<meta property=\"og:type\" content=\"article\" \/>\n<meta property=\"og:title\" content=\"Appartamenti e monolocali standard a Londra - Lingua Holidays\" \/>\n<meta property=\"og:description\" content=\"I nostro appartamenti e monolocali standard a Camden e Fitzrovia sono ideali per un soggiorno autentico nella vita londinese.\" \/>\n<meta property=\"og:url\" content=\"https:\/\/www.linguaholidays.com\/it\/le-basi\/soggiorna-nel-cuore-di-londra\/appartamenti-e-monolocali-standard\/\" \/>\n<meta property=\"og:site_name\" content=\"Lingua Holidays\" \/>\n<meta property=\"article:modified_time\" content=\"2018-03-02T13:11:11+00:00\" \/>\n<meta name=\"twitter:card\" content=\"summary_large_image\" \/>\n<meta name=\"twitter:label1\" content=\"Tempo di lettura stimato\" \/>\n\t<meta name=\"twitter:data1\" content=\"1 minuto\" \/>\n<script type=\"application\/ld+json\" class=\"yoast-schema-graph\">{\"@context\":\"https:\/\/schema.org\",\"@graph\":[{\"@type\":\"WebPage\",\"@id\":\"https:\/\/www.linguaholidays.com\/it\/le-basi\/soggiorna-nel-cuore-di-londra\/appartamenti-e-monolocali-standard\/\",\"url\":\"https:\/\/www.linguaholidays.com\/it\/le-basi\/soggiorna-nel-cuore-di-londra\/appartamenti-e-monolocali-standard\/\",\"name\":\"Appartamenti e monolocali standard a Londra - Lingua Holidays\",\"isPartOf\":{\"@id\":\"https:\/\/www.linguaholidays.com\/#website\"},\"datePublished\":\"2017-09-15T09:14:41+00:00\",\"dateModified\":\"2018-03-02T13:11:11+00:00\",\"description\":\"I nostro appartamenti e monolocali standard a Camden e Fitzrovia sono ideali per un soggiorno autentico nella vita londinese.\",\"breadcrumb\":{\"@id\":\"https:\/\/www.linguaholidays.com\/it\/le-basi\/soggiorna-nel-cuore-di-londra\/appartamenti-e-monolocali-standard\/#breadcrumb\"},\"inLanguage\":\"it-IT\",\"potentialAction\":[{\"@type\":\"ReadAction\",\"target\":[\"https:\/\/www.linguaholidays.com\/it\/le-basi\/soggiorna-nel-cuore-di-londra\/appartamenti-e-monolocali-standard\/\"]}]},{\"@type\":\"BreadcrumbList\",\"@id\":\"https:\/\/www.linguaholidays.com\/it\/le-basi\/soggiorna-nel-cuore-di-londra\/appartamenti-e-monolocali-standard\/#breadcrumb\",\"itemListElement\":[{\"@type\":\"ListItem\",\"position\":1,\"name\":\"Home\",\"item\":\"https:\/\/www.linguaholidays.com\/it\/\"},{\"@type\":\"ListItem\",\"position\":2,\"name\":\"Le basi\",\"item\":\"https:\/\/www.linguaholidays.com\/it\/le-basi\/\"},{\"@type\":\"ListItem\",\"position\":3,\"name\":\"Soggiorna nel cuore di Londra\",\"item\":\"https:\/\/www.linguaholidays.com\/it\/le-basi\/soggiorna-nel-cuore-di-londra\/\"},{\"@type\":\"ListItem\",\"position\":4,\"name\":\"Appartamenti e monolocali Standard\"}]},{\"@type\":\"WebSite\",\"@id\":\"https:\/\/www.linguaholidays.com\/#website\",\"url\":\"https:\/\/www.linguaholidays.com\/\",\"name\":\"Lingua Holidays\",\"description\":\"Experience London. Learn English.\",\"publisher\":{\"@id\":\"https:\/\/www.linguaholidays.com\/#organization\"},\"potentialAction\":[{\"@type\":\"SearchAction\",\"target\":{\"@type\":\"EntryPoint\",\"urlTemplate\":\"https:\/\/www.linguaholidays.com\/?s={search_term_string}\"},\"query-input\":\"required name=search_term_string\"}],\"inLanguage\":\"it-IT\"},{\"@type\":\"Organization\",\"@id\":\"https:\/\/www.linguaholidays.com\/#organization\",\"name\":\"Lingua Holidays\",\"url\":\"https:\/\/www.linguaholidays.com\/\",\"logo\":{\"@type\":\"ImageObject\",\"inLanguage\":\"it-IT\",\"@id\":\"https:\/\/www.linguaholidays.com\/#\/schema\/logo\/image\/\",\"url\":\"https:\/\/www.linguaholidays.com\/wp-content\/uploads\/2017\/08\/about.jpg\",\"contentUrl\":\"https:\/\/www.linguaholidays.com\/wp-content\/uploads\/2017\/08\/about.jpg\",\"width\":860,\"height\":500,\"caption\":\"Lingua Holidays\"},\"image\":{\"@id\":\"https:\/\/www.linguaholidays.com\/#\/schema\/logo\/image\/\"}}]}<\/script>\n<!-- \/ Yoast SEO plugin. -->","yoast_head_json":{"title":"Appartamenti e monolocali standard a Londra - Lingua Holidays","description":"I nostro appartamenti e monolocali standard a Camden e Fitzrovia sono ideali per un soggiorno autentico nella vita londinese.","robots":{"index":"index","follow":"follow","max-snippet":"max-snippet:-1","max-image-preview":"max-image-preview:large","max-video-preview":"max-video-preview:-1"},"canonical":"https:\/\/www.linguaholidays.com\/it\/le-basi\/soggiorna-nel-cuore-di-londra\/appartamenti-e-monolocali-standard\/","og_locale":"it_IT","og_type":"article","og_title":"Appartamenti e monolocali standard a Londra - Lingua Holidays","og_description":"I nostro appartamenti e monolocali standard a Camden e Fitzrovia sono ideali per un soggiorno autentico nella vita londinese.","og_url":"https:\/\/www.linguaholidays.com\/it\/le-basi\/soggiorna-nel-cuore-di-londra\/appartamenti-e-monolocali-standard\/","og_site_name":"Lingua Holidays","article_modified_time":"2018-03-02T13:11:11+00:00","twitter_card":"summary_large_image","twitter_misc":{"Tempo di lettura stimato":"1 minuto"},"schema":{"@context":"https:\/\/schema.org","@graph":[{"@type":"WebPage","@id":"https:\/\/www.linguaholidays.com\/it\/le-basi\/soggiorna-nel-cuore-di-londra\/appartamenti-e-monolocali-standard\/","url":"https:\/\/www.linguaholidays.com\/it\/le-basi\/soggiorna-nel-cuore-di-londra\/appartamenti-e-monolocali-standard\/","name":"Appartamenti e monolocali standard a Londra - Lingua Holidays","isPartOf":{"@id":"https:\/\/www.linguaholidays.com\/#website"},"datePublished":"2017-09-15T09:14:41+00:00","dateModified":"2018-03-02T13:11:11+00:00","description":"I nostro appartamenti e monolocali standard a Camden e Fitzrovia sono ideali per un soggiorno autentico nella vita londinese.","breadcrumb":{"@id":"https:\/\/www.linguaholidays.com\/it\/le-basi\/soggiorna-nel-cuore-di-londra\/appartamenti-e-monolocali-standard\/#breadcrumb"},"inLanguage":"it-IT","potentialAction":[{"@type":"ReadAction","target":["https:\/\/www.linguaholidays.com\/it\/le-basi\/soggiorna-nel-cuore-di-londra\/appartamenti-e-monolocali-standard\/"]}]},{"@type":"BreadcrumbList","@id":"https:\/\/www.linguaholidays.com\/it\/le-basi\/soggiorna-nel-cuore-di-londra\/appartamenti-e-monolocali-standard\/#breadcrumb","itemListElement":[{"@type":"ListItem","position":1,"name":"Home","item":"https:\/\/www.linguaholidays.com\/it\/"},{"@type":"ListItem","position":2,"name":"Le basi","item":"https:\/\/www.linguaholidays.com\/it\/le-basi\/"},{"@type":"ListItem","position":3,"name":"Soggiorna nel cuore di Londra","item":"https:\/\/www.linguaholidays.com\/it\/le-basi\/soggiorna-nel-cuore-di-londra\/"},{"@type":"ListItem","position":4,"name":"Appartamenti e monolocali Standard"}]},{"@type":"WebSite","@id":"https:\/\/www.linguaholidays.com\/#website","url":"https:\/\/www.linguaholidays.com\/","name":"Lingua Holidays","description":"Experience London. Learn English.","publisher":{"@id":"https:\/\/www.linguaholidays.com\/#organization"},"potentialAction":[{"@type":"SearchAction","target":{"@type":"EntryPoint","urlTemplate":"https:\/\/www.linguaholidays.com\/?s={search_term_string}"},"query-input":"required name=search_term_string"}],"inLanguage":"it-IT"},{"@type":"Organization","@id":"https:\/\/www.linguaholidays.com\/#organization","name":"Lingua Holidays","url":"https:\/\/www.linguaholidays.com\/","logo":{"@type":"ImageObject","inLanguage":"it-IT","@id":"https:\/\/www.linguaholidays.com\/#\/schema\/logo\/image\/","url":"https:\/\/www.linguaholidays.com\/wp-content\/uploads\/2017\/08\/about.jpg","contentUrl":"https:\/\/www.linguaholidays.com\/wp-content\/uploads\/2017\/08\/about.jpg","width":860,"height":500,"caption":"Lingua Holidays"},"image":{"@id":"https:\/\/www.linguaholidays.com\/#\/schema\/logo\/image\/"}}]}},"_links":{"self":[{"href":"https:\/\/www.linguaholidays.com\/it\/wp-json\/wp\/v2\/pages\/647","targetHints":{"allow":["GET"]}}],"collection":[{"href":"https:\/\/www.linguaholidays.com\/it\/wp-json\/wp\/v2\/pages"}],"about":[{"href":"https:\/\/www.linguaholidays.com\/it\/wp-json\/wp\/v2\/types\/page"}],"author":[{"embeddable":true,"href":"https:\/\/www.linguaholidays.com\/it\/wp-json\/wp\/v2\/users\/1"}],"replies":[{"embeddable":true,"href":"https:\/\/www.linguaholidays.com\/it\/wp-json\/wp\/v2\/comments?post=647"}],"version-history":[{"count":6,"href":"https:\/\/www.linguaholidays.com\/it\/wp-json\/wp\/v2\/pages\/647\/revisions"}],"predecessor-version":[{"id":1791,"href":"https:\/\/www.linguaholidays.com\/it\/wp-json\/wp\/v2\/pages\/647\/revisions\/1791"}],"up":[{"embeddable":true,"href":"https:\/\/www.linguaholidays.com\/it\/wp-json\/wp\/v2\/pages\/645"}],"wp:attachment":[{"href":"https:\/\/www.linguaholidays.com\/it\/wp-json\/wp\/v2\/media?parent=647"}],"curies":[{"name":"wp","href":"https:\/\/api.w.org\/{rel}","templated":true}]}}