{"id":664,"date":"2017-08-18T11:37:46","date_gmt":"2017-08-18T11:37:46","guid":{"rendered":"https:\/\/lingua.designriver.co.uk\/?page_id=664"},"modified":"2019-07-19T14:45:42","modified_gmt":"2019-07-19T14:45:42","slug":"chi-siamo","status":"publish","type":"page","link":"https:\/\/www.linguaholidays.com\/it\/chi-siamo\/","title":{"rendered":"CHI SIAMO"},"content":{"rendered":"<h2>Insegniamo l\u2019inglese e ti mostriamo le migliori attrazioni di Londra<\/h2>\n<p>Sappiamo che arrivare in una grande metropoli come Londra pu\u00f2 sembrare piuttosto sconcertante. Per questa ragione, ogni consiglio o aiuto in pi\u00f9 ti sar\u00e0 sicuramente utile. Abbiamo esperienza nel settore dei viaggi, del turismo e dell&#8217;insegnamento dell\u2019inglese come lingua straniera. Viviamo e lavoriamo a Londra e possiamo dunque offrirti dei consigli preziosi su cosa visitare, dal mercatino della zona alla nostra caffetteria preferita lungofiume.\u00a0 Ci avvaliamo inoltre di un gruppo affiatato di insegnanti di inglese, guide specializzate e guide Blue Badge, che condividono tutti una grande passione per il loro lavoro.<\/p>\n<p>Siamo anche multilingue, e conosciamo un po\u2019 di italiano, francese e spagnolo. Abbiamo vissuto all\u2019estero in varie occasioni. Sappiamo bene dunque quanto sia importante saper parlare la lingua quando ci si trova in una citt\u00e0 straniera.\u00a0 Siamo convinti che investire del tempo per imparare la lingua, o dare una \u201crinfrescata\u201d a ci\u00f2 che si conosce, sia il modo migliore per sfruttare al massimo la vacanza. In pi\u00f9, tornerai a casa con un bagaglio di esperienze e conoscenze preziosissimo!<\/p>\n<p>Chiamaci subito per discutere della tua vacanza. Scoprite come possiamo aiutarti a migliorare l\u2019inglese trascorrendo momenti indimenticabili nella nostra magnifica citt\u00e0!<\/p>\n<p>&nbsp;<\/p>\n","protected":false},"excerpt":{"rendered":"<p>Insegniamo l\u2019inglese e ti mostriamo le migliori attrazioni di Londra Sappiamo che arrivare in una grande metropoli come Londra pu\u00f2 sembrare piuttosto sconcertante. Per questa ragione, ogni consiglio o aiuto in pi\u00f9 ti sar\u00e0 sicuramente utile. Abbiamo esperienza nel settore dei viaggi, del turismo e dell&#8217;insegnamento dell\u2019inglese come lingua straniera. Viviamo e lavoriamo a Londra [&hellip;]<\/p>\n","protected":false},"author":1,"featured_media":0,"parent":0,"menu_order":0,"comment_status":"closed","ping_status":"closed","template":"","meta":{"_monsterinsights_skip_tracking":false,"_monsterinsights_sitenote_active":false,"_monsterinsights_sitenote_note":"","_monsterinsights_sitenote_category":0,"footnotes":""},"class_list":["post-664","page","type-page","status-publish","hentry"],"acf":[],"yoast_head":"<!-- This site is optimized with the Yoast SEO plugin v20.6 - https:\/\/yoast.com\/wordpress\/plugins\/seo\/ -->\n<title>Corsi di Inglese One-to-One | Appartamenti di lusso a Londra<\/title>\n<meta name=\"description\" content=\"I nostri corsi d\u2019inglese a Londra offrono delle lezioni individuali nel vostro apartamento e la possibilit\u00e0 di scoprire le attrazioni di Londra\" \/>\n<meta name=\"robots\" content=\"index, follow, max-snippet:-1, max-image-preview:large, max-video-preview:-1\" \/>\n<link rel=\"canonical\" href=\"https:\/\/www.linguaholidays.com\/it\/chi-siamo\/\" \/>\n<meta property=\"og:locale\" content=\"it_IT\" \/>\n<meta property=\"og:type\" content=\"article\" \/>\n<meta property=\"og:title\" content=\"Corsi di Inglese One-to-One | Appartamenti di lusso a Londra\" \/>\n<meta property=\"og:description\" content=\"I nostri corsi d\u2019inglese a Londra offrono delle lezioni individuali nel vostro apartamento e la possibilit\u00e0 di scoprire le attrazioni di Londra\" \/>\n<meta property=\"og:url\" content=\"https:\/\/www.linguaholidays.com\/it\/chi-siamo\/\" \/>\n<meta property=\"og:site_name\" content=\"Lingua Holidays\" \/>\n<meta property=\"article:modified_time\" content=\"2019-07-19T14:45:42+00:00\" \/>\n<meta name=\"twitter:card\" content=\"summary_large_image\" \/>\n<meta name=\"twitter:label1\" content=\"Tempo di lettura stimato\" \/>\n\t<meta name=\"twitter:data1\" content=\"1 minuto\" \/>\n<script type=\"application\/ld+json\" class=\"yoast-schema-graph\">{\"@context\":\"https:\/\/schema.org\",\"@graph\":[{\"@type\":\"WebPage\",\"@id\":\"https:\/\/www.linguaholidays.com\/it\/chi-siamo\/\",\"url\":\"https:\/\/www.linguaholidays.com\/it\/chi-siamo\/\",\"name\":\"Corsi di Inglese One-to-One | Appartamenti di lusso a Londra\",\"isPartOf\":{\"@id\":\"https:\/\/www.linguaholidays.com\/#website\"},\"datePublished\":\"2017-08-18T11:37:46+00:00\",\"dateModified\":\"2019-07-19T14:45:42+00:00\",\"description\":\"I nostri corsi d\u2019inglese a Londra offrono delle lezioni individuali nel vostro apartamento e la possibilit\u00e0 di scoprire le attrazioni di Londra\",\"breadcrumb\":{\"@id\":\"https:\/\/www.linguaholidays.com\/it\/chi-siamo\/#breadcrumb\"},\"inLanguage\":\"it-IT\",\"potentialAction\":[{\"@type\":\"ReadAction\",\"target\":[\"https:\/\/www.linguaholidays.com\/it\/chi-siamo\/\"]}]},{\"@type\":\"BreadcrumbList\",\"@id\":\"https:\/\/www.linguaholidays.com\/it\/chi-siamo\/#breadcrumb\",\"itemListElement\":[{\"@type\":\"ListItem\",\"position\":1,\"name\":\"Home\",\"item\":\"https:\/\/www.linguaholidays.com\/it\/\"},{\"@type\":\"ListItem\",\"position\":2,\"name\":\"CHI SIAMO\"}]},{\"@type\":\"WebSite\",\"@id\":\"https:\/\/www.linguaholidays.com\/#website\",\"url\":\"https:\/\/www.linguaholidays.com\/\",\"name\":\"Lingua Holidays\",\"description\":\"Experience London. Learn English.\",\"publisher\":{\"@id\":\"https:\/\/www.linguaholidays.com\/#organization\"},\"potentialAction\":[{\"@type\":\"SearchAction\",\"target\":{\"@type\":\"EntryPoint\",\"urlTemplate\":\"https:\/\/www.linguaholidays.com\/?s={search_term_string}\"},\"query-input\":\"required name=search_term_string\"}],\"inLanguage\":\"it-IT\"},{\"@type\":\"Organization\",\"@id\":\"https:\/\/www.linguaholidays.com\/#organization\",\"name\":\"Lingua Holidays\",\"url\":\"https:\/\/www.linguaholidays.com\/\",\"logo\":{\"@type\":\"ImageObject\",\"inLanguage\":\"it-IT\",\"@id\":\"https:\/\/www.linguaholidays.com\/#\/schema\/logo\/image\/\",\"url\":\"https:\/\/www.linguaholidays.com\/wp-content\/uploads\/2017\/08\/about.jpg\",\"contentUrl\":\"https:\/\/www.linguaholidays.com\/wp-content\/uploads\/2017\/08\/about.jpg\",\"width\":860,\"height\":500,\"caption\":\"Lingua Holidays\"},\"image\":{\"@id\":\"https:\/\/www.linguaholidays.com\/#\/schema\/logo\/image\/\"}}]}<\/script>\n<!-- \/ Yoast SEO plugin. -->","yoast_head_json":{"title":"Corsi di Inglese One-to-One | Appartamenti di lusso a Londra","description":"I nostri corsi d\u2019inglese a Londra offrono delle lezioni individuali nel vostro apartamento e la possibilit\u00e0 di scoprire le attrazioni di Londra","robots":{"index":"index","follow":"follow","max-snippet":"max-snippet:-1","max-image-preview":"max-image-preview:large","max-video-preview":"max-video-preview:-1"},"canonical":"https:\/\/www.linguaholidays.com\/it\/chi-siamo\/","og_locale":"it_IT","og_type":"article","og_title":"Corsi di Inglese One-to-One | Appartamenti di lusso a Londra","og_description":"I nostri corsi d\u2019inglese a Londra offrono delle lezioni individuali nel vostro apartamento e la possibilit\u00e0 di scoprire le attrazioni di Londra","og_url":"https:\/\/www.linguaholidays.com\/it\/chi-siamo\/","og_site_name":"Lingua Holidays","article_modified_time":"2019-07-19T14:45:42+00:00","twitter_card":"summary_large_image","twitter_misc":{"Tempo di lettura stimato":"1 minuto"},"schema":{"@context":"https:\/\/schema.org","@graph":[{"@type":"WebPage","@id":"https:\/\/www.linguaholidays.com\/it\/chi-siamo\/","url":"https:\/\/www.linguaholidays.com\/it\/chi-siamo\/","name":"Corsi di Inglese One-to-One | Appartamenti di lusso a Londra","isPartOf":{"@id":"https:\/\/www.linguaholidays.com\/#website"},"datePublished":"2017-08-18T11:37:46+00:00","dateModified":"2019-07-19T14:45:42+00:00","description":"I nostri corsi d\u2019inglese a Londra offrono delle lezioni individuali nel vostro apartamento e la possibilit\u00e0 di scoprire le attrazioni di Londra","breadcrumb":{"@id":"https:\/\/www.linguaholidays.com\/it\/chi-siamo\/#breadcrumb"},"inLanguage":"it-IT","potentialAction":[{"@type":"ReadAction","target":["https:\/\/www.linguaholidays.com\/it\/chi-siamo\/"]}]},{"@type":"BreadcrumbList","@id":"https:\/\/www.linguaholidays.com\/it\/chi-siamo\/#breadcrumb","itemListElement":[{"@type":"ListItem","position":1,"name":"Home","item":"https:\/\/www.linguaholidays.com\/it\/"},{"@type":"ListItem","position":2,"name":"CHI SIAMO"}]},{"@type":"WebSite","@id":"https:\/\/www.linguaholidays.com\/#website","url":"https:\/\/www.linguaholidays.com\/","name":"Lingua Holidays","description":"Experience London. Learn English.","publisher":{"@id":"https:\/\/www.linguaholidays.com\/#organization"},"potentialAction":[{"@type":"SearchAction","target":{"@type":"EntryPoint","urlTemplate":"https:\/\/www.linguaholidays.com\/?s={search_term_string}"},"query-input":"required name=search_term_string"}],"inLanguage":"it-IT"},{"@type":"Organization","@id":"https:\/\/www.linguaholidays.com\/#organization","name":"Lingua Holidays","url":"https:\/\/www.linguaholidays.com\/","logo":{"@type":"ImageObject","inLanguage":"it-IT","@id":"https:\/\/www.linguaholidays.com\/#\/schema\/logo\/image\/","url":"https:\/\/www.linguaholidays.com\/wp-content\/uploads\/2017\/08\/about.jpg","contentUrl":"https:\/\/www.linguaholidays.com\/wp-content\/uploads\/2017\/08\/about.jpg","width":860,"height":500,"caption":"Lingua Holidays"},"image":{"@id":"https:\/\/www.linguaholidays.com\/#\/schema\/logo\/image\/"}}]}},"_links":{"self":[{"href":"https:\/\/www.linguaholidays.com\/it\/wp-json\/wp\/v2\/pages\/664","targetHints":{"allow":["GET"]}}],"collection":[{"href":"https:\/\/www.linguaholidays.com\/it\/wp-json\/wp\/v2\/pages"}],"about":[{"href":"https:\/\/www.linguaholidays.com\/it\/wp-json\/wp\/v2\/types\/page"}],"author":[{"embeddable":true,"href":"https:\/\/www.linguaholidays.com\/it\/wp-json\/wp\/v2\/users\/1"}],"replies":[{"embeddable":true,"href":"https:\/\/www.linguaholidays.com\/it\/wp-json\/wp\/v2\/comments?post=664"}],"version-history":[{"count":3,"href":"https:\/\/www.linguaholidays.com\/it\/wp-json\/wp\/v2\/pages\/664\/revisions"}],"predecessor-version":[{"id":3458,"href":"https:\/\/www.linguaholidays.com\/it\/wp-json\/wp\/v2\/pages\/664\/revisions\/3458"}],"wp:attachment":[{"href":"https:\/\/www.linguaholidays.com\/it\/wp-json\/wp\/v2\/media?parent=664"}],"curies":[{"name":"wp","href":"https:\/\/api.w.org\/{rel}","templated":true}]}}